{"id":12,"date":"2024-04-04T07:35:02","date_gmt":"2024-04-04T04:35:02","guid":{"rendered":"https:\/\/sisu.ut.ee\/mnemus\/people-0\/"},"modified":"2024-04-04T07:37:12","modified_gmt":"2024-04-04T04:37:12","slug":"people-0","status":"publish","type":"page","link":"https:\/\/sisu.ut.ee\/mnemus\/people-0\/","title":{"rendered":"People"},"content":{"rendered":"<table class=\"table table-hover\" align=\"left\" border=\"0\" cellpadding=\"5\" cellspacing=\"1\" style=\"width: 100%\">\n<tbody>\n<tr>\n<td style=\"width: 210px;vertical-align: top\">\n\t\t\t\t<img loading=\"lazy\" decoding=\"async\" width=\"1255\" height=\"1315\" class=\"alignnone wp-image-21\" style=\"width: 200px;height: 210px\" src=\"https:\/\/sisu.ut.ee\/wp-content\/uploads\/sites\/530\/ene_koresaar._f_tammeaid.jpg\" title=\"Prof Ene K\u00f5resaar_Photo by Nele Tammeaid 2021\" alt=\"Ene_Koresaar_Photo N.Tammeaid\" srcset=\"https:\/\/sisu.ut.ee\/wp-content\/uploads\/sites\/530\/ene_koresaar._f_tammeaid.jpg 1255w, https:\/\/sisu.ut.ee\/wp-content\/uploads\/sites\/530\/ene_koresaar._f_tammeaid-286x300.jpg 286w, https:\/\/sisu.ut.ee\/wp-content\/uploads\/sites\/530\/ene_koresaar._f_tammeaid-977x1024.jpg 977w, https:\/\/sisu.ut.ee\/wp-content\/uploads\/sites\/530\/ene_koresaar._f_tammeaid-768x805.jpg 768w\" sizes=\"auto, (max-width: 1255px) 100vw, 1255px\">\n\t\t\t<\/td>\n<td>\n<h3>\n\t\t\t\t\tEne K\u00f5resaar<br>\n\t\t\t\t<\/h3>\n<p>\n\t\t\t\t\tPrincipal Investigator. Professor of Oral History and Memory Studies. University of Tartu, Institute of Cultural Research, Department of Ethnology\n\t\t\t\t<\/p>\n<p>\n\t\t\t\t\tEne K\u00f5resaar has a background in ethnology, oral history and memory studies. She has published on memory of World War II and Stalinism, the post-communist narrative periodization of the 20th century as well as on the dynamics of social and cultural remembering since 1989. She has studied mnemonic processes in oral history, grassroots recognition politics, commemorative journalism and museums. She has served on the board of the Estonian National Museum and on the advisory council of the Estonian Museum of Occupations and Freedom Vabamu. She is a member of the editorial board of the Estonian National Museum Yearbook.\n\t\t\t\t<\/p>\n<p>\n\t\t\t\t\t<a data-url=\"https:\/\/www.etis.ee\/CV\/Ene_K\u00f5resaar\/est?lang=ENG&amp;tabId=CV_ENG\" href=\"https:\/\/www.etis.ee\/CV\/Ene_K%C3%B5resaar\/est?lang=ENG&amp;tabId=CV_ENG\" target=\"_blank\" title=\"\" rel=\"noopener\">Ene K\u00f5resaar\u2019s CV at the Estonian Research Information System<\/a>\n\t\t\t\t<\/p>\n<\/td>\n<\/tr>\n<tr>\n<td style=\"vertical-align: top\">\n\t\t\t\t<img loading=\"lazy\" decoding=\"async\" width=\"1212\" height=\"1236\" class=\"alignnone wp-image-23\" style=\"width: 200px;height: 204px\" src=\"https:\/\/sisu.ut.ee\/wp-content\/uploads\/sites\/530\/kirsti_joesalu._f_tammeaid.jpg\" title=\"Kirsti J\u00f5esalu. Photo by Nele Tammeaid 2021\" alt=\"Kirsti_Joesalu_F_Tammeaid\" srcset=\"https:\/\/sisu.ut.ee\/wp-content\/uploads\/sites\/530\/kirsti_joesalu._f_tammeaid.jpg 1212w, https:\/\/sisu.ut.ee\/wp-content\/uploads\/sites\/530\/kirsti_joesalu._f_tammeaid-294x300.jpg 294w, https:\/\/sisu.ut.ee\/wp-content\/uploads\/sites\/530\/kirsti_joesalu._f_tammeaid-1004x1024.jpg 1004w, https:\/\/sisu.ut.ee\/wp-content\/uploads\/sites\/530\/kirsti_joesalu._f_tammeaid-768x783.jpg 768w\" sizes=\"auto, (max-width: 1212px) 100vw, 1212px\">\n\t\t\t<\/td>\n<td>\n<h3>\n\t\t\t\t\tKirsti J\u00f5esalu<br>\n\t\t\t\t<\/h3>\n<p>\n\t\t\t\t\tResearcher (PhD) at the University of Tartu, Institute of Cultural Research, Department of Ethnology\n\t\t\t\t<\/p>\n<p>\n\t\t\t\t\tKirsti J\u00f5esalu is an ethnologist, she has a background in oral history and memory studies. Her special interest in memory studies is public-private remembering, and she has dealt with remembering late socialism and the post-communist turn. She has studied the memory of late socialism in life stories, novels, documentaries and museums as well as heritagization of the revolutionary 1980s and 1990s in museums. She has experience in museum curatorship in the Estonian History Museum (2014-15, 2018). Kirsti has been awarded a Kone scholarship for a research stay at Helsinki Collegium for Advanced Studies (2020). She is a member of the committee of operating subsidies to museums in the Ministry of Culture of Estonia (since 2018) and research council of Estonian Open Air Museum (2021).\n\t\t\t\t<\/p>\n<p>\n\t\t\t\t\t<a data-url=\"https:\/\/www.etis.ee\/CV\/Kirsti_J\u00f5esalu\/eng?lang=ENG&amp;tabId=CV_ENG\" href=\"https:\/\/www.etis.ee\/CV\/Kirsti_J%C3%B5esalu\/eng?lang=ENG&amp;tabId=CV_ENG\" target=\"_blank\" title=\"\" rel=\"noopener\">Kirsti J\u00f5esalu\u2019s CV at the Estonian Research Information System<\/a>\n\t\t\t\t<\/p>\n<\/td>\n<\/tr>\n<tr>\n<td style=\"vertical-align: top\">\n\t\t\t\t<img loading=\"lazy\" decoding=\"async\" width=\"1229\" height=\"1248\" class=\"alignnone wp-image-24\" style=\"width: 200px;height: 203px\" src=\"https:\/\/sisu.ut.ee\/wp-content\/uploads\/sites\/530\/linara_dovydaityte._f_tammeaid.jpg\" title=\"Linara Dovydaityte. Photo by Nele Tammeaid 2021\" alt=\"Linara_Dovydaityte_F_Tammeaid\" srcset=\"https:\/\/sisu.ut.ee\/wp-content\/uploads\/sites\/530\/linara_dovydaityte._f_tammeaid.jpg 1229w, https:\/\/sisu.ut.ee\/wp-content\/uploads\/sites\/530\/linara_dovydaityte._f_tammeaid-295x300.jpg 295w, https:\/\/sisu.ut.ee\/wp-content\/uploads\/sites\/530\/linara_dovydaityte._f_tammeaid-1008x1024.jpg 1008w, https:\/\/sisu.ut.ee\/wp-content\/uploads\/sites\/530\/linara_dovydaityte._f_tammeaid-768x780.jpg 768w\" sizes=\"auto, (max-width: 1229px) 100vw, 1229px\">\n\t\t\t<\/td>\n<td>\n<h3>\n\t\t\t\t\tLinara Dovydaityte<br>\n\t\t\t\t<\/h3>\n<p>\n\t\t\t\t\tResearcher (PhD) and head of the Department of Art History and Criticism at the Faculty of Arts of the Vytautas Magnus University\n\t\t\t\t<\/p>\n<p>\n\t\t\t\t\tLinara Dovydaityte is a recognized museum scholar and art historian with interest in Lithuanian memory politics, community involvement and public communication. She has profound experience in curating at the Contemporary Art Centre in Vilnius as well as teaching museum studies in the Vytautas Magnus University, Kaunas. She has also a good experience in working in EU funded projects on museum discourse (EDUATOM, INNOCULT).\n\t\t\t\t<\/p>\n<p>\n\t\t\t\t\t<a data-url=\"https:\/\/www.etis.ee\/CV\/Linara_Dovydaityte\/eng\" href=\"https:\/\/www.etis.ee\/CV\/Linara_Dovydaityte\/eng\" target=\"_blank\" title=\"\" rel=\"noopener\">Linara Dovydaityte\u2019s CV at the Estonian Research Information System<\/a>\n\t\t\t\t<\/p>\n<\/td>\n<\/tr>\n<tr>\n<td style=\"vertical-align: top\">\n\t\t\t\t<img loading=\"lazy\" decoding=\"async\" width=\"1057\" height=\"1090\" class=\"alignnone wp-image-22\" style=\"width: 200px;height: 206px\" src=\"https:\/\/sisu.ut.ee\/wp-content\/uploads\/sites\/530\/jana_reidla._f_tammeaid.jpg\" title=\"Jana Reidla. Photo by Nele Tammeaid 2021\" alt=\"Jana_Reidla_f N.Tammeaid\" srcset=\"https:\/\/sisu.ut.ee\/wp-content\/uploads\/sites\/530\/jana_reidla._f_tammeaid.jpg 1057w, https:\/\/sisu.ut.ee\/wp-content\/uploads\/sites\/530\/jana_reidla._f_tammeaid-291x300.jpg 291w, https:\/\/sisu.ut.ee\/wp-content\/uploads\/sites\/530\/jana_reidla._f_tammeaid-993x1024.jpg 993w, https:\/\/sisu.ut.ee\/wp-content\/uploads\/sites\/530\/jana_reidla._f_tammeaid-768x792.jpg 768w\" sizes=\"auto, (max-width: 1057px) 100vw, 1057px\">\n\t\t\t<\/td>\n<td>\n<h3>\n\t\t\t\t\tJana Reidla<br>\n\t\t\t\t<\/h3>\n<p>\n\t\t\t\t\tResearcher (PhD) at the University of Tartu, Institute of Cultural Research, Department of Ethnology\n\t\t\t\t<\/p>\n<p>\n\t\t\t\t\tJana Reidla is an ethnologist, she has a background in museum studies with a focus on museum collection, management, education and curatorship. She is also a museum practitioner who has worked at the Estonian National Museum as a collection keeper and head of the exhibitions department. She has also curated the permanent exhibition of the Estonian Bank museum. Currently (2021-2022) Jana is curating an exhibition on Estonian historical jewellery at the P\u00e4rnu Museum. Her dissertation focused on recent transformations in curatorial work in Estonian, Latvian, Lithuanian and Finnish national museums as a result of implementing ideas of the \u2018new museology\u2019, structural reforms and increasing prioritization of communication function of the museum.\n\t\t\t\t<\/p>\n<p>\n\t\t\t\t\t<a data-url=\"https:\/\/www.etis.ee\/CV\/Jana_Reidla\/est?tabId=CV_ENG\" href=\"https:\/\/www.etis.ee\/CV\/Jana_Reidla\/est?tabId=CV_ENG\" target=\"_blank\" title=\"\" rel=\"noopener\">Jana Reidla\u2019s CV at the\u00a0Estonian Research Information System<\/a><a href=\"https:\/\/www.etis.ee\/CV\/Jana_Reidla\/est?tabId=CV_ENG\"> <\/a>\n\t\t\t\t<\/p>\n<\/td>\n<\/tr>\n<tr>\n<td style=\"vertical-align: top\">\n\t\t\t\t<img loading=\"lazy\" decoding=\"async\" width=\"1187\" height=\"1292\" class=\"alignnone wp-image-25\" style=\"width: 200px;height: 218px\" src=\"https:\/\/sisu.ut.ee\/wp-content\/uploads\/sites\/530\/terje_anepaio._f_tammeaid.jpg\" title=\"Terje Anepaio_Photo by Nele Tammeaid 2021\" alt=\"Terje_Anepaio_F_Tammeaid\" srcset=\"https:\/\/sisu.ut.ee\/wp-content\/uploads\/sites\/530\/terje_anepaio._f_tammeaid.jpg 1187w, https:\/\/sisu.ut.ee\/wp-content\/uploads\/sites\/530\/terje_anepaio._f_tammeaid-276x300.jpg 276w, https:\/\/sisu.ut.ee\/wp-content\/uploads\/sites\/530\/terje_anepaio._f_tammeaid-941x1024.jpg 941w, https:\/\/sisu.ut.ee\/wp-content\/uploads\/sites\/530\/terje_anepaio._f_tammeaid-768x836.jpg 768w\" sizes=\"auto, (max-width: 1187px) 100vw, 1187px\">\n\t\t\t<\/td>\n<td>\n<h3>\n\t\t\t\t\tTerje Anepaio<br>\n\t\t\t\t<\/h3>\n<p>\n\t\t\t\t\tResearcher-curator (<em>MagPhil<\/em>) at the Estonian National Museum\n\t\t\t\t<\/p>\n<p>\n\t\t\t\t\tTerje Anepaio is an experienced curator, oral historian and museum anthropologist who works with different mnemonic communities such as repressed people (NGO Memento) and the Russophone mining community in North East Estonia. She has published on the memory work and practices of commemorating the victims of Soviet mass repressions during the post-Soviet period and has made a documentary on this subject. She is experienced in the museological exposition of everyday life of the late Soviet period (exhibitions about food culture, youth culture). In the team of ENM\u2019s present core exhibition \u201eEncounters\u201c (2016), she curated topics about the everyday life of the Cold War period.\n\t\t\t\t<\/p>\n<p>\n\t\t\t\t\t<a data-url=\"https:\/\/www.etis.ee\/CV\/Terje_Anepaio\/est?tabId=CV_ENG&amp;lang=ENG\" href=\"https:\/\/www.etis.ee\/CV\/Terje_Anepaio\/est?tabId=CV_ENG&amp;lang=ENG\" target=\"_blank\" title=\"\" rel=\"noopener\">Terje Anepaio in Estonian Research Information System<\/a>\n\t\t\t\t<\/p>\n<p>\n\t\t\t\t\t\u00a0\n\t\t\t\t<\/p>\n<\/td>\n<\/tr>\n<\/tbody>\n<\/table>\n<p>\n\t\u00a0\n<\/p>\n<h2>\n\tPhD and MA students involved<br>\n<\/h2>\n<p>\n\t<strong>Paulina Vitu\u0161\u010danka<\/strong>, PhD student and Junior Research Fellow in Ethnology at the University of Tartu, Institute of Cultural Research, Department of Ethnology. Topic of the thesis: \u201c20th Century Narratives in City Museums in rural areas in Estonia, Latvia, and Lithuania, and how state memory policies and local memory practices influence them\u201d, supervisors Ene K\u00f5resaar and Kirsti J\u00f5esalu.\n<\/p>\n<p>\n\t<strong>Ilona Piirim\u00e4gi<\/strong>, MA project (in progress) \u201eBetti Alver museum development plan\u201d, supervisor\u00a0Kirsti J\u00f5esalu.\n<\/p>\n<p>\n\t<strong>Lea Korem<\/strong>, MA project (in progress) \u201cEnlivening the exposition with food-themed programs at the Estonian Open Air Museum\u201d, supervisor Ene K\u00f5resaar.\n<\/p>\n<p>\n\t<strong>Anastasiia Avramenko<\/strong>, MA thesis \u201cRepresentation of Soviet everyday culture in Estonian regional museums\u201d, supervisors\u00a0Elo-Hanna Seljamaa and\u00a0Kirsti J\u00f5esalu, defended in August 2023.\n<\/p>\n<p>\n\t<strong>Eliis Vaino, MA.<\/strong>\u00a0\u201cAutistic child as a museum visitor on the example of the University of Tartu Museum\u201d, MA thesis, defended in January, 2022,\u00a0supervisor\u00a0Kirsti J\u00f5esalu.<strong> <\/strong>\n<\/p>\n<h2>\n\tAdvisory Board<br>\n<\/h2>\n<p>\n\tHellar Lill (Director of the\u00a0<a data-url=\"https:\/\/esm.ee\/en\" href=\"https:\/\/esm.ee\/en\" target=\"_blank\" title=\"\" rel=\"noopener\">Estonian War Museum<\/a>, EE)\n<\/p>\n<p>\n\tMariann Raisma (museologist, Director of the <a data-url=\"https:\/\/www.muuseum.ut.ee\/en\" href=\"https:\/\/www.muuseum.ut.ee\/en\" target=\"_blank\" title=\"\" rel=\"noopener\">University of Tartu Museum<\/a>, EE)\n<\/p>\n<p>\n\tToms \u0136ikuts (Deputy Director in Research, <a data-url=\"http:\/\/lnvm.lv\/en\/\" href=\"http:\/\/lnvm.lv\/en\/\" target=\"_blank\" title=\"\" rel=\"noopener\">National History Museum of Latvia<\/a>, LV)\n<\/p>\n<p>\n\tAgrita Ozola (Director of the <a data-url=\"http:\/\/www.tukumamuzejs.lv\/en\" href=\"http:\/\/www.tukumamuzejs.lv\/en\" target=\"_blank\" title=\"\" rel=\"noopener\">Tukums museum<\/a>, LV)\n<\/p>\n<p>\n\tMaija Spurina (Researcher in museum studies at the <a data-url=\"https:\/\/lka.edu.lv\/en\/\" href=\"https:\/\/lka.edu.lv\/en\/\" target=\"_blank\" title=\"\" rel=\"noopener\">Latvian Academy of Culture<\/a>, LV)\n<\/p>\n<p>\n\tGabrielius Su\u017eied\u0117lis (Director of <a data-url=\"https:\/\/kaunomuziejus.lt\/\" href=\"https:\/\/kaunomuziejus.lt\/\" target=\"_blank\" title=\"\" rel=\"noopener\">Kaunas City Museum<\/a>, LT)\n<\/p>\n<p>\n\tR\u016bta Ka\u010dkut\u0117 (Director of the <a data-url=\"http:\/\/www.lnm.lt\/en\/\" href=\"http:\/\/www.lnm.lt\/en\/\" target=\"_blank\" title=\"\" rel=\"noopener\">National Museum of Lithuania<\/a>, LT)\u00a0\n<\/p>\n<p>\n\tMarius Pe\u010diulis (Director of <a data-url=\"https:\/\/www.9fortomuziejus.lt\/?lang=en\" href=\"https:\/\/www.9fortomuziejus.lt\/?lang=en\" target=\"_blank\" title=\"\" rel=\"noopener\">Kaunas Ninth Fort Museum<\/a>, LT)\u00a0\n<\/p>\n<h2>\n\t<img loading=\"lazy\" decoding=\"async\" width=\"2014\" height=\"1006\" class=\"alignnone wp-image-20\" src=\"https:\/\/sisu.ut.ee\/wp-content\/uploads\/sites\/530\/board_meeting_18.8.21_f_tammeaid.jpg\" title=\"MNEMUS Board meeting in Tartu 18.Aug 2021. Photo by Nele Tammeaid\" alt=\"MNEMUS Board meeting 18.8.21. N. Tammeaid\" srcset=\"https:\/\/sisu.ut.ee\/wp-content\/uploads\/sites\/530\/board_meeting_18.8.21_f_tammeaid.jpg 2014w, https:\/\/sisu.ut.ee\/wp-content\/uploads\/sites\/530\/board_meeting_18.8.21_f_tammeaid-300x150.jpg 300w, https:\/\/sisu.ut.ee\/wp-content\/uploads\/sites\/530\/board_meeting_18.8.21_f_tammeaid-1024x511.jpg 1024w, https:\/\/sisu.ut.ee\/wp-content\/uploads\/sites\/530\/board_meeting_18.8.21_f_tammeaid-768x384.jpg 768w, https:\/\/sisu.ut.ee\/wp-content\/uploads\/sites\/530\/board_meeting_18.8.21_f_tammeaid-1536x767.jpg 1536w, https:\/\/sisu.ut.ee\/wp-content\/uploads\/sites\/530\/board_meeting_18.8.21_f_tammeaid-1920x959.jpg 1920w\" sizes=\"auto, (max-width: 2014px) 100vw, 2014px\"><br>\n<\/h2>\n<p>\n\t<span style=\"font-family:Ariel Black\"><em>Members of MNEMUS project and Advisory Board at the University of Tartu Museum in August 2021. From left: 1) Jana Reidla, 2) Terje Anepaio, 3) Kirsti J\u00f5esalu, 4) Hellar Lill, 5) Maija Spurina, 6) Linara Dovydaityte, 7) Mariann Raisma, 8)\u00a0R\u016bta Ka\u010dkut\u0117, 9)\u00a0Toms \u0136ikuts, 10)\u00a0Agrita Ozola, 11) Ene K\u00f5resaar<\/em><\/span>\n<\/p>\n<h2>\n\t\u00a0<br>\n<\/h2>\n","protected":false},"excerpt":{"rendered":"<p>Ene K\u00f5resaar Principal Investigator. Professor of Oral History and Memory Studies. University of Tartu, Institute of Cultural Research, Department of Ethnology Ene K\u00f5resaar has a background in ethnology, oral history and memory studies. She has published on memory of World &#8230;<\/p>\n","protected":false},"author":271,"featured_media":0,"parent":0,"menu_order":0,"comment_status":"closed","ping_status":"closed","template":"","meta":{"_acf_changed":false,"inline_featured_image":false,"footnotes":""},"class_list":["post-12","page","type-page","status-publish","hentry"],"acf":[],"_links":{"self":[{"href":"https:\/\/sisu.ut.ee\/mnemus\/wp-json\/wp\/v2\/pages\/12","targetHints":{"allow":["GET"]}}],"collection":[{"href":"https:\/\/sisu.ut.ee\/mnemus\/wp-json\/wp\/v2\/pages"}],"about":[{"href":"https:\/\/sisu.ut.ee\/mnemus\/wp-json\/wp\/v2\/types\/page"}],"author":[{"embeddable":true,"href":"https:\/\/sisu.ut.ee\/mnemus\/wp-json\/wp\/v2\/users\/271"}],"replies":[{"embeddable":true,"href":"https:\/\/sisu.ut.ee\/mnemus\/wp-json\/wp\/v2\/comments?post=12"}],"version-history":[{"count":1,"href":"https:\/\/sisu.ut.ee\/mnemus\/wp-json\/wp\/v2\/pages\/12\/revisions"}],"predecessor-version":[{"id":105,"href":"https:\/\/sisu.ut.ee\/mnemus\/wp-json\/wp\/v2\/pages\/12\/revisions\/105"}],"wp:attachment":[{"href":"https:\/\/sisu.ut.ee\/mnemus\/wp-json\/wp\/v2\/media?parent=12"}],"curies":[{"name":"wp","href":"https:\/\/api.w.org\/{rel}","templated":true}]}}