{"id":10,"date":"2024-04-04T07:35:03","date_gmt":"2024-04-04T04:35:03","guid":{"rendered":"https:\/\/sisu.ut.ee\/mnemus\/projekt-mnemus\/"},"modified":"2024-04-25T11:20:36","modified_gmt":"2024-04-25T08:20:36","slug":"projekt-mnemus","status":"publish","type":"page","link":"https:\/\/sisu.ut.ee\/mnemus\/projekt-mnemus\/?lang=et","title":{"rendered":"PROJEKT MNEMUS"},"content":{"rendered":"<h3>\n\tM\u00e4letamise paljusus Balti ajaloomuuseumides: praktikad ja v\u00e4ljakutsed (2021-2025)<br>\n<\/h3>\n<p>\n\tProjekti MNEMUS raames anal\u00fc\u00fcsitakse, kuidas Eesti, L\u00e4ti ja Leedu ajaloomuuseumid tegelevad konkureerivate arusaamade paljususega 20. sajandi t\u00f5lgendamisel muutuvas poliitilises ja sotsiaalmajanduslikus kontekstis.\n<\/p>\n<p>\n\tSelleks keskendub projekt igap\u00e4evapraktikate uurimisele Baltimaade ajaloomuuseumides: kuidas muuseumides m\u00f5istetakse oma rolli ja vastutust t\u00e4nap\u00e4evases arvamuste ja vaadete paljususes; kas ja kuidas l\u00e4htuvad muuseumid materjali kogumisel ja vahendamisel arutleva demokraatia vaatepunktist ja milliseid m\u00e4lut\u00f6\u00f6 praktikaid nad seejuures kasutavad.\n<\/p>\n<p>\n\t<strong>Projekti MNEMUS kolm peamist eesm\u00e4rki on:<\/strong>\n<\/p>\n<p>\n\t1. Anal\u00fc\u00fcsida 20. sajandi m\u00e4letamise paljususe ja kriitilise dialoogi loomise praktikaid.\n<\/p>\n<p>\n\t2. Teha kindlaks, millised tegurid toetavad v\u00f5i takistavad muuseumipraktikas m\u00e4letamise paljususe avaldumist ning reflektiivset ja kriitilist suhestumist keerulise minevikuga.\n<\/p>\n<p>\n\t3. Tuua v\u00e4lja, millised on kriitilise ja pluralistliku m\u00e4lut\u00f6\u00f6 parimad praktikad.\n<\/p>\n<p>\n\tTeoreetilises osas l\u00e4htub MNEMUS-projekt m\u00e4lu- ja muuseumiuuringute vaatest ning tugineb refleksiivsete ja dialoogiliste m\u00e4letamisviiside teooriatele. MNEMUS k\u00e4sitleb eri m\u00e4letamisviise kui v\u00f5imalusi, mitte kui normatiivseid standardeid. Muuseumide valitud m\u00e4letamisviisidel ei ole automaatseid t\u00e4hendusi ja ette antud eesm\u00e4rke; neid kujundatakse vastavalt sellele, kuidas muuseum paigutub konkreetsete m\u00e4lupoliitiliste suhete, struktuursete ja kultuuriliste tingimuste ja strateegiate konteksti.\n<\/p>\n<p>\n\tAnal\u00fc\u00fcsiga tuuakse n\u00e4htavale vastastikused seosed, mis on m\u00e4ludiskursuste, kultuuripoliitika ja m\u00e4lupoliitika vahel, individuaalse ja institutsionaalse agentsuse ja ootuste vahel. Uurimuse fookuses on nimetatud seoste avaldumine muuseumit\u00f6\u00f6s kogude komplekteerimisel ja n\u00e4ituste kureerimisel.\n<\/p>\n<p>\n\t<strong>Projekti finantseerib Eesti Teadusagentuur (PRG1097)<\/strong><\/p>\n","protected":false},"excerpt":{"rendered":"<p>M\u00e4letamise paljusus Balti ajaloomuuseumides: praktikad ja v\u00e4ljakutsed (2021-2025) Projekti MNEMUS raames anal\u00fc\u00fcsitakse, kuidas Eesti, L\u00e4ti ja Leedu ajaloomuuseumid tegelevad konkureerivate arusaamade paljususega 20. sajandi t\u00f5lgendamisel muutuvas poliitilises ja sotsiaalmajanduslikus kontekstis. Selleks keskendub projekt igap\u00e4evapraktikate uurimisele Baltimaade ajaloomuuseumides: kuidas muuseumides m\u00f5istetakse &#8230;<\/p>\n","protected":false},"author":271,"featured_media":0,"parent":0,"menu_order":0,"comment_status":"closed","ping_status":"closed","template":"","meta":{"_acf_changed":false,"inline_featured_image":false,"footnotes":""},"class_list":["post-10","page","type-page","status-publish","hentry"],"acf":[],"_links":{"self":[{"href":"https:\/\/sisu.ut.ee\/mnemus\/wp-json\/wp\/v2\/pages\/10","targetHints":{"allow":["GET"]}}],"collection":[{"href":"https:\/\/sisu.ut.ee\/mnemus\/wp-json\/wp\/v2\/pages"}],"about":[{"href":"https:\/\/sisu.ut.ee\/mnemus\/wp-json\/wp\/v2\/types\/page"}],"author":[{"embeddable":true,"href":"https:\/\/sisu.ut.ee\/mnemus\/wp-json\/wp\/v2\/users\/271"}],"replies":[{"embeddable":true,"href":"https:\/\/sisu.ut.ee\/mnemus\/wp-json\/wp\/v2\/comments?post=10"}],"version-history":[{"count":1,"href":"https:\/\/sisu.ut.ee\/mnemus\/wp-json\/wp\/v2\/pages\/10\/revisions"}],"predecessor-version":[{"id":107,"href":"https:\/\/sisu.ut.ee\/mnemus\/wp-json\/wp\/v2\/pages\/10\/revisions\/107"}],"wp:attachment":[{"href":"https:\/\/sisu.ut.ee\/mnemus\/wp-json\/wp\/v2\/media?parent=10"}],"curies":[{"name":"wp","href":"https:\/\/api.w.org\/{rel}","templated":true}]}}