{"id":9,"date":"2024-04-04T07:01:20","date_gmt":"2024-04-04T04:01:20","guid":{"rendered":"https:\/\/sisu.ut.ee\/mmc\/mereokoloogia-labor\/"},"modified":"2024-04-04T07:01:57","modified_gmt":"2024-04-04T04:01:57","slug":"mereokoloogia-labor","status":"publish","type":"page","link":"https:\/\/sisu.ut.ee\/mmc\/mereokoloogia-labor\/","title":{"rendered":"Mere\u00f6koloogia labor"},"content":{"rendered":"<p style=\"text-align: justify\">\n\t<br><strong>TalTech mere\u00f6koloogia labor<\/strong><\/p>\n<p>Kompetents: f\u00fctoplanktoni anal\u00fc\u00fcs valgusmikrosbii ja keskkonna DNA p\u00f5hjal, f\u00fctoplanktoni puhkestaadiumite identifitseerimine ja anal\u00fc\u00fcs, kasvueksperimendid, populatsioonigeneetika\n<\/p>\n<p style=\"text-align: justify\">\n\t<br>K\u00e4imasolevad projektid:\u00a0f\u00fctoplanktoni kohastumisv\u00f5ime muutuvas keskkonnas (r\u00e4nivetikad ja r\u00e4ni limitatsioon), keskkonna DNA-p\u00f5hise f\u00fctoplanktoni seire arendamine<\/p>\n","protected":false},"excerpt":{"rendered":"<p>TalTech mere\u00f6koloogia labor Kompetents: f\u00fctoplanktoni anal\u00fc\u00fcs valgusmikrosbii ja keskkonna DNA p\u00f5hjal, f\u00fctoplanktoni puhkestaadiumite identifitseerimine ja anal\u00fc\u00fcs, kasvueksperimendid, populatsioonigeneetika K\u00e4imasolevad projektid:\u00a0f\u00fctoplanktoni kohastumisv\u00f5ime muutuvas keskkonnas (r\u00e4nivetikad ja r\u00e4ni limitatsioon), keskkonna DNA-p\u00f5hise f\u00fctoplanktoni seire arendamine<\/p>\n","protected":false},"author":163,"featured_media":0,"parent":0,"menu_order":0,"comment_status":"closed","ping_status":"closed","template":"","meta":{"_acf_changed":false,"inline_featured_image":false,"footnotes":""},"class_list":["post-9","page","type-page","status-publish","hentry"],"acf":[],"_links":{"self":[{"href":"https:\/\/sisu.ut.ee\/mmc\/wp-json\/wp\/v2\/pages\/9","targetHints":{"allow":["GET"]}}],"collection":[{"href":"https:\/\/sisu.ut.ee\/mmc\/wp-json\/wp\/v2\/pages"}],"about":[{"href":"https:\/\/sisu.ut.ee\/mmc\/wp-json\/wp\/v2\/types\/page"}],"author":[{"embeddable":true,"href":"https:\/\/sisu.ut.ee\/mmc\/wp-json\/wp\/v2\/users\/163"}],"replies":[{"embeddable":true,"href":"https:\/\/sisu.ut.ee\/mmc\/wp-json\/wp\/v2\/comments?post=9"}],"version-history":[{"count":1,"href":"https:\/\/sisu.ut.ee\/mmc\/wp-json\/wp\/v2\/pages\/9\/revisions"}],"predecessor-version":[{"id":174,"href":"https:\/\/sisu.ut.ee\/mmc\/wp-json\/wp\/v2\/pages\/9\/revisions\/174"}],"wp:attachment":[{"href":"https:\/\/sisu.ut.ee\/mmc\/wp-json\/wp\/v2\/media?parent=9"}],"curies":[{"name":"wp","href":"https:\/\/api.w.org\/{rel}","templated":true}]}}