{"id":8,"date":"2024-04-04T07:01:20","date_gmt":"2024-04-04T04:01:20","guid":{"rendered":"https:\/\/sisu.ut.ee\/mmc\/keskkonnamikrobioloogia-tooruhm\/"},"modified":"2024-04-04T07:01:57","modified_gmt":"2024-04-04T04:01:57","slug":"keskkonnamikrobioloogia-tooruhm","status":"publish","type":"page","link":"https:\/\/sisu.ut.ee\/mmc\/keskkonnamikrobioloogia-tooruhm\/","title":{"rendered":"Keskkonnamikrobioloogia t\u00f6\u00f6r\u00fchm T\u00dcTI"},"content":{"rendered":"<p style=\"text-align: justify\">\n\t<br><strong>T\u00dc tehnoloogiainstituudi keskkonnamikrobioloogia t\u00f6\u00f6r\u00fchm<\/strong><\/p>\n<p>T\u00f6\u00f6r\u00fchma peamiste uurimissuundade hulka kuulub paleolimnoloogia ja -mikrobioloogia, kus\u00a0vana (fossiilse) DNA p\u00f5hiselt veekogude mikroobse koosluse arengu m\u00f5istmiseks uuritakse\u00a0j\u00e4\u00e4aja j\u00e4rgseid j\u00e4rvesetteid.<br>Uuritakse looduslikult antibiootikumiresistentsete bakterite mitmekesisust, levikut ja resistentsusgeene (resistoomi), veekeskkonna bakterite mitmekesisust, levikumustreid, \u00f6koloogiat, f\u00fcsioloogiat ja f\u00fclogeneesi.\u00a0<br>T\u00dc tehnoloogiainstituudi keskkonnamikrobioloogia t\u00f6\u00f6r\u00fchma teadlased loovad ka reoveel p\u00f5hinevat\u00a0<strong>SARS-CoV-2 seires\u00fcsteem<\/strong>i.<\/p>\n","protected":false},"excerpt":{"rendered":"<p>T\u00dc tehnoloogiainstituudi keskkonnamikrobioloogia t\u00f6\u00f6r\u00fchm T\u00f6\u00f6r\u00fchma peamiste uurimissuundade hulka kuulub paleolimnoloogia ja -mikrobioloogia, kus\u00a0vana (fossiilse) DNA p\u00f5hiselt veekogude mikroobse koosluse arengu m\u00f5istmiseks uuritakse\u00a0j\u00e4\u00e4aja j\u00e4rgseid j\u00e4rvesetteid.Uuritakse looduslikult antibiootikumiresistentsete bakterite mitmekesisust, levikut ja resistentsusgeene (resistoomi), veekeskkonna bakterite mitmekesisust, levikumustreid, \u00f6koloogiat, f\u00fcsioloogiat ja f\u00fclogeneesi.\u00a0T\u00dc &#8230;<\/p>\n","protected":false},"author":163,"featured_media":0,"parent":0,"menu_order":0,"comment_status":"closed","ping_status":"closed","template":"","meta":{"_acf_changed":false,"inline_featured_image":false,"footnotes":""},"class_list":["post-8","page","type-page","status-publish","hentry"],"acf":[],"_links":{"self":[{"href":"https:\/\/sisu.ut.ee\/mmc\/wp-json\/wp\/v2\/pages\/8","targetHints":{"allow":["GET"]}}],"collection":[{"href":"https:\/\/sisu.ut.ee\/mmc\/wp-json\/wp\/v2\/pages"}],"about":[{"href":"https:\/\/sisu.ut.ee\/mmc\/wp-json\/wp\/v2\/types\/page"}],"author":[{"embeddable":true,"href":"https:\/\/sisu.ut.ee\/mmc\/wp-json\/wp\/v2\/users\/163"}],"replies":[{"embeddable":true,"href":"https:\/\/sisu.ut.ee\/mmc\/wp-json\/wp\/v2\/comments?post=8"}],"version-history":[{"count":1,"href":"https:\/\/sisu.ut.ee\/mmc\/wp-json\/wp\/v2\/pages\/8\/revisions"}],"predecessor-version":[{"id":175,"href":"https:\/\/sisu.ut.ee\/mmc\/wp-json\/wp\/v2\/pages\/8\/revisions\/175"}],"wp:attachment":[{"href":"https:\/\/sisu.ut.ee\/mmc\/wp-json\/wp\/v2\/media?parent=8"}],"curies":[{"name":"wp","href":"https:\/\/api.w.org\/{rel}","templated":true}]}}