{"id":742,"date":"2024-09-10T11:34:27","date_gmt":"2024-09-10T08:34:27","guid":{"rendered":"https:\/\/sisu.ut.ee\/mmc\/?page_id=742"},"modified":"2024-09-10T11:34:27","modified_gmt":"2024-09-10T08:34:27","slug":"icsem11","status":"publish","type":"page","link":"https:\/\/sisu.ut.ee\/mmc\/icsem11\/?lang=en","title":{"rendered":"ICSEM11"},"content":{"rendered":"<p><\/p>\n\n\n\n<p>In August, 2023 the eleventh International Congress on Systematics and Ecology of Myxomycetes took place in Tartu, Estonia. We have shared the recordings on our Youtube channel, here\u2019s the information on different presenters and topics:<\/p>\n\n\n\n<div data-wp-interactive=\"core\/file\" class=\"wp-block-file\"><object data-wp-bind--hidden=\"!state.hasPdfPreview\" hidden class=\"wp-block-file__embed\" data=\"https:\/\/sisu.ut.ee\/wp-content\/uploads\/sites\/474\/program_2023_08_16.pdf\" type=\"application\/pdf\" style=\"width:100%;height:600px\" aria-label=\"Lisa program_2023_08_16.pdf.\"><\/object><a id=\"wp-block-file--media-b07a48bd-d2f9-4551-9654-b4ef5d1e108a\" href=\"https:\/\/sisu.ut.ee\/wp-content\/uploads\/sites\/474\/program_2023_08_16.pdf\">program_2023_08_16.pdf<\/a><a href=\"https:\/\/sisu.ut.ee\/wp-content\/uploads\/sites\/474\/program_2023_08_16.pdf\" class=\"wp-block-file__button wp-element-button\" download aria-describedby=\"wp-block-file--media-b07a48bd-d2f9-4551-9654-b4ef5d1e108a\">Laadi alla<\/a><\/div>\n\n\n\n<figure class=\"wp-block-embed is-type-video is-provider-youtube wp-block-embed-youtube wp-embed-aspect-16-9 wp-has-aspect-ratio\"><div class=\"wp-block-embed__wrapper\">\n<div class=\"ratio ratio-16x9 mb-3\"><div class=\"video-placeholder-wrapper video-placeholder-wrapper--16x9\">\n\t\t\t    <div class=\"video-placeholder d-flex justify-content-center align-items-center\">\n\t\t\t        <div class=\"overlay text-white p-2 w-100 text-center d-block justify-content-center align-items-center\">\n\t\t\t            <div>Kolmandate osapoolte sisu n\u00e4gemiseks palun n\u00f5ustu k\u00fcpsistega.<\/div>\n\t\t\t            <button class=\"btn btn-secondary btn-sm mt-1 consent-change\">Muuda n\u00f5usolekut<\/button>\n\t\t\t        <\/div>\n\t\t\t    <\/div>\n\t\t\t<\/div>\n<\/div>\n<\/div><\/figure>\n","protected":false},"excerpt":{"rendered":"<p>In August, 2023 the eleventh International Congress on Systematics and Ecology of Myxomycetes took place in Tartu, Estonia. We have shared the recordings on our Youtube channel, here\u2019s the information on different presenters and topics:<\/p>\n","protected":false},"author":163,"featured_media":0,"parent":0,"menu_order":0,"comment_status":"closed","ping_status":"closed","template":"","meta":{"_acf_changed":false,"inline_featured_image":false,"footnotes":""},"class_list":["post-742","page","type-page","status-publish","hentry"],"acf":[],"_links":{"self":[{"href":"https:\/\/sisu.ut.ee\/mmc\/wp-json\/wp\/v2\/pages\/742","targetHints":{"allow":["GET"]}}],"collection":[{"href":"https:\/\/sisu.ut.ee\/mmc\/wp-json\/wp\/v2\/pages"}],"about":[{"href":"https:\/\/sisu.ut.ee\/mmc\/wp-json\/wp\/v2\/types\/page"}],"author":[{"embeddable":true,"href":"https:\/\/sisu.ut.ee\/mmc\/wp-json\/wp\/v2\/users\/163"}],"replies":[{"embeddable":true,"href":"https:\/\/sisu.ut.ee\/mmc\/wp-json\/wp\/v2\/comments?post=742"}],"version-history":[{"count":1,"href":"https:\/\/sisu.ut.ee\/mmc\/wp-json\/wp\/v2\/pages\/742\/revisions"}],"predecessor-version":[{"id":743,"href":"https:\/\/sisu.ut.ee\/mmc\/wp-json\/wp\/v2\/pages\/742\/revisions\/743"}],"wp:attachment":[{"href":"https:\/\/sisu.ut.ee\/mmc\/wp-json\/wp\/v2\/media?parent=742"}],"curies":[{"name":"wp","href":"https:\/\/api.w.org\/{rel}","templated":true}]}}