{"id":731,"date":"2024-09-10T11:22:37","date_gmt":"2024-09-10T08:22:37","guid":{"rendered":"https:\/\/sisu.ut.ee\/mmc\/?page_id=731"},"modified":"2024-09-10T11:22:38","modified_gmt":"2024-09-10T08:22:38","slug":"uudised","status":"publish","type":"page","link":"https:\/\/sisu.ut.ee\/mmc\/uudised\/","title":{"rendered":"Uudised"},"content":{"rendered":"<p>Siit alamen\u00fc\u00fcst leiab viiteid M\u00fckoloogia ja Mikrobioloogia Keskuses toimuvatele \u00fcritustele, uudistele.<\/p>\n","protected":false},"excerpt":{"rendered":"<p>Siit alamen\u00fc\u00fcst leiab viiteid M\u00fckoloogia ja Mikrobioloogia Keskuses toimuvatele \u00fcritustele, uudistele.<\/p>\n","protected":false},"author":163,"featured_media":0,"parent":0,"menu_order":0,"comment_status":"closed","ping_status":"closed","template":"","meta":{"_acf_changed":false,"inline_featured_image":false,"footnotes":""},"class_list":["post-731","page","type-page","status-publish","hentry"],"acf":[],"_links":{"self":[{"href":"https:\/\/sisu.ut.ee\/mmc\/wp-json\/wp\/v2\/pages\/731","targetHints":{"allow":["GET"]}}],"collection":[{"href":"https:\/\/sisu.ut.ee\/mmc\/wp-json\/wp\/v2\/pages"}],"about":[{"href":"https:\/\/sisu.ut.ee\/mmc\/wp-json\/wp\/v2\/types\/page"}],"author":[{"embeddable":true,"href":"https:\/\/sisu.ut.ee\/mmc\/wp-json\/wp\/v2\/users\/163"}],"replies":[{"embeddable":true,"href":"https:\/\/sisu.ut.ee\/mmc\/wp-json\/wp\/v2\/comments?post=731"}],"version-history":[{"count":2,"href":"https:\/\/sisu.ut.ee\/mmc\/wp-json\/wp\/v2\/pages\/731\/revisions"}],"predecessor-version":[{"id":737,"href":"https:\/\/sisu.ut.ee\/mmc\/wp-json\/wp\/v2\/pages\/731\/revisions\/737"}],"wp:attachment":[{"href":"https:\/\/sisu.ut.ee\/mmc\/wp-json\/wp\/v2\/media?parent=731"}],"curies":[{"name":"wp","href":"https:\/\/api.w.org\/{rel}","templated":true}]}}