{"id":7,"date":"2024-04-04T07:01:20","date_gmt":"2024-04-04T04:01:20","guid":{"rendered":"https:\/\/sisu.ut.ee\/mmc\/taksonoomia-ja-elurikkuse-informaatika-tooruhm\/"},"modified":"2024-04-04T07:01:57","modified_gmt":"2024-04-04T04:01:57","slug":"taksonoomia-ja-elurikkuse-informaatika-tooruhm","status":"publish","type":"page","link":"https:\/\/sisu.ut.ee\/mmc\/taksonoomia-ja-elurikkuse-informaatika-tooruhm\/","title":{"rendered":"Taksonoomia ja elurikkuse informaatika t\u00f6\u00f6r\u00fchm"},"content":{"rendered":"<p style=\"text-align: justify\">\n\t<strong>T\u00dc \u00f6koloogia ja maateaduste instituudi taksonoomia ja elurikkuse informaatika t\u00f6\u00f6r\u00fchm<\/strong><\/p>\n<p>T\u00f6\u00f6r\u00fchm uurib eluslooduse\u00a0liike, nende levikut ja liikidevahelisi suhteid. Selleks kasutatakse\u00a0morfoloogia, biokeemia, geneetika jt meetodeid. Peamiseks uurimisobjektiks on\u00a0seened ja\u00a0samblikud\u00a0ning v\u00e4hemal m\u00e4\u00e4ral ka\u00a0bakterid,\u00a0taimed\u00a0ja\u00a0putukad.<br>T\u00f6\u00f6r\u00fchma uurimisvaldkond on tihedalt seotud andmetega, sh niinimetatud suurandmetega (ingl. k.\u00a0<em>Big Data<\/em>). Andmete\u00a0digiarhiivide arendamisega\u00a0on t\u00f6\u00f6r\u00fchm tegelenud juba \u00fcle 15 aasta. R\u00fchma kuuluvate teadlaste\u00a0digiarenduste tulemuseks on n\u00e4iteks maailma suuruselt teine masinloetavate teadusandmete repositoorium\u00a0<strong><a href=\"https:\/\/plutof.ut.ee\/\">PlutoF<\/a><\/strong>. Ka\u00a0<strong><a href=\"https:\/\/elurikkus.ee\/\">Eesti eElurikkuse portaal<\/a><\/strong>\u00a0saab k\u00f5ik oma andmed automaatselt selle repositooriumi kaudu. T\u00f6\u00f6r\u00fchma poolt on v\u00e4lja arendatud ka \u00fclemaailmne seente geenij\u00e4rjestustel p\u00f5hinev m\u00e4\u00e4raja\u00a0<strong><a href=\"https:\/\/unite.ut.ee\/\">UNITE<\/a><\/strong>, mis\u00a0leiab kasutust nii teaduses kui ka eraettev\u00f5tluses.<\/p>\n","protected":false},"excerpt":{"rendered":"<p>T\u00dc \u00f6koloogia ja maateaduste instituudi taksonoomia ja elurikkuse informaatika t\u00f6\u00f6r\u00fchm T\u00f6\u00f6r\u00fchm uurib eluslooduse\u00a0liike, nende levikut ja liikidevahelisi suhteid. Selleks kasutatakse\u00a0morfoloogia, biokeemia, geneetika jt meetodeid. Peamiseks uurimisobjektiks on\u00a0seened ja\u00a0samblikud\u00a0ning v\u00e4hemal m\u00e4\u00e4ral ka\u00a0bakterid,\u00a0taimed\u00a0ja\u00a0putukad.T\u00f6\u00f6r\u00fchma uurimisvaldkond on tihedalt seotud andmetega, sh niinimetatud suurandmetega (ingl. &#8230;<\/p>\n","protected":false},"author":163,"featured_media":0,"parent":0,"menu_order":0,"comment_status":"closed","ping_status":"closed","template":"","meta":{"_acf_changed":false,"inline_featured_image":false,"footnotes":""},"class_list":["post-7","page","type-page","status-publish","hentry"],"acf":[],"_links":{"self":[{"href":"https:\/\/sisu.ut.ee\/mmc\/wp-json\/wp\/v2\/pages\/7","targetHints":{"allow":["GET"]}}],"collection":[{"href":"https:\/\/sisu.ut.ee\/mmc\/wp-json\/wp\/v2\/pages"}],"about":[{"href":"https:\/\/sisu.ut.ee\/mmc\/wp-json\/wp\/v2\/types\/page"}],"author":[{"embeddable":true,"href":"https:\/\/sisu.ut.ee\/mmc\/wp-json\/wp\/v2\/users\/163"}],"replies":[{"embeddable":true,"href":"https:\/\/sisu.ut.ee\/mmc\/wp-json\/wp\/v2\/comments?post=7"}],"version-history":[{"count":1,"href":"https:\/\/sisu.ut.ee\/mmc\/wp-json\/wp\/v2\/pages\/7\/revisions"}],"predecessor-version":[{"id":176,"href":"https:\/\/sisu.ut.ee\/mmc\/wp-json\/wp\/v2\/pages\/7\/revisions\/176"}],"wp:attachment":[{"href":"https:\/\/sisu.ut.ee\/mmc\/wp-json\/wp\/v2\/media?parent=7"}],"curies":[{"name":"wp","href":"https:\/\/api.w.org\/{rel}","templated":true}]}}