{"id":6,"date":"2024-04-04T07:01:19","date_gmt":"2024-04-04T04:01:19","guid":{"rendered":"https:\/\/sisu.ut.ee\/mmc\/bioloogiliste-interaktsioonide-okoloogia-tooruhm\/"},"modified":"2024-04-04T07:01:57","modified_gmt":"2024-04-04T04:01:57","slug":"bioloogiliste-interaktsioonide-okoloogia-tooruhm","status":"publish","type":"page","link":"https:\/\/sisu.ut.ee\/mmc\/bioloogiliste-interaktsioonide-okoloogia-tooruhm\/","title":{"rendered":"Bioloogiliste interaktsioonide \u00f6koloogia t\u00f6\u00f6r\u00fchm"},"content":{"rendered":"<p style=\"text-align: justify\">\n\t<br><strong>T\u00dc \u00f6koloogia ja maateaduste instituudi bioloogiliste interaktsioonide \u00f6koloogia t\u00f6\u00f6r\u00fchm<\/strong><\/p>\n<p>Bioloogiliste interaktsioonide \u00f6koloogia t\u00f6\u00f6r\u00fchm otsib vastuseid v\u00e4ga erinevatele teadusk\u00fcsimustele. Esialgu keskenduti\u00a0taim-seen interaktsioonidele eelk\u00f5ige ektom\u00fckoriisa n\u00e4ol, t\u00e4naseks tegeleb t\u00f6\u00f6r\u00fchm aga v\u00e4ga laiap\u00f5hjaliste uuringutega, mis h\u00f5lmavad k\u00f5igi\u00a0mulla p\u00e4ristuumsete globaalset biogeograafiat.<\/p>\n<p>Lisaks uuritakse t\u00f6\u00f6r\u00fchmas ka\u00a0taimepatogeenide ja endof\u00fc\u00fctide mitmekesisust ning peremehespetsiifikat. Samuti on t\u00e4helepanu saanud seente suhted mullas elavate loomadega nagu hoogh\u00e4nnalised. Lisaks seente \u00f6koloogia ja biogeograafia tegeleb t\u00f6\u00f6r\u00fchm ka seener\u00fchmade s\u00fcstemaatikaga.<\/p>\n","protected":false},"excerpt":{"rendered":"<p>T\u00dc \u00f6koloogia ja maateaduste instituudi bioloogiliste interaktsioonide \u00f6koloogia t\u00f6\u00f6r\u00fchm Bioloogiliste interaktsioonide \u00f6koloogia t\u00f6\u00f6r\u00fchm otsib vastuseid v\u00e4ga erinevatele teadusk\u00fcsimustele. Esialgu keskenduti\u00a0taim-seen interaktsioonidele eelk\u00f5ige ektom\u00fckoriisa n\u00e4ol, t\u00e4naseks tegeleb t\u00f6\u00f6r\u00fchm aga v\u00e4ga laiap\u00f5hjaliste uuringutega, mis h\u00f5lmavad k\u00f5igi\u00a0mulla p\u00e4ristuumsete globaalset biogeograafiat. Lisaks uuritakse t\u00f6\u00f6r\u00fchmas &#8230;<\/p>\n","protected":false},"author":163,"featured_media":0,"parent":0,"menu_order":0,"comment_status":"closed","ping_status":"closed","template":"","meta":{"_acf_changed":false,"inline_featured_image":false,"footnotes":""},"class_list":["post-6","page","type-page","status-publish","hentry"],"acf":[],"_links":{"self":[{"href":"https:\/\/sisu.ut.ee\/mmc\/wp-json\/wp\/v2\/pages\/6","targetHints":{"allow":["GET"]}}],"collection":[{"href":"https:\/\/sisu.ut.ee\/mmc\/wp-json\/wp\/v2\/pages"}],"about":[{"href":"https:\/\/sisu.ut.ee\/mmc\/wp-json\/wp\/v2\/types\/page"}],"author":[{"embeddable":true,"href":"https:\/\/sisu.ut.ee\/mmc\/wp-json\/wp\/v2\/users\/163"}],"replies":[{"embeddable":true,"href":"https:\/\/sisu.ut.ee\/mmc\/wp-json\/wp\/v2\/comments?post=6"}],"version-history":[{"count":1,"href":"https:\/\/sisu.ut.ee\/mmc\/wp-json\/wp\/v2\/pages\/6\/revisions"}],"predecessor-version":[{"id":177,"href":"https:\/\/sisu.ut.ee\/mmc\/wp-json\/wp\/v2\/pages\/6\/revisions\/177"}],"wp:attachment":[{"href":"https:\/\/sisu.ut.ee\/mmc\/wp-json\/wp\/v2\/media?parent=6"}],"curies":[{"name":"wp","href":"https:\/\/api.w.org\/{rel}","templated":true}]}}