{"id":507,"date":"2024-05-06T13:13:06","date_gmt":"2024-05-06T10:13:06","guid":{"rendered":"https:\/\/sisu.ut.ee\/mmc\/?page_id=507"},"modified":"2024-08-21T16:23:18","modified_gmt":"2024-08-21T13:23:18","slug":"failid","status":"publish","type":"page","link":"https:\/\/sisu.ut.ee\/mmc\/failid\/","title":{"rendered":"Failid"},"content":{"rendered":"<p>Siit leiab valiku faile, mida v\u00f5ib kasutada n\u00e4iteks MMC-ga seotud esitluste loomisel.<br><br>Suur logo<\/p>\n\n\n\n<figure class=\"wp-block-image size-large is-resized\"><img loading=\"lazy\" decoding=\"async\" width=\"1024\" height=\"492\" src=\"https:\/\/sisu.ut.ee\/wp-content\/uploads\/sites\/474\/MMC-green-for-presentations-1024x492.png\" alt=\"\" class=\"wp-image-508\" style=\"width:531px;height:auto\" srcset=\"https:\/\/sisu.ut.ee\/wp-content\/uploads\/sites\/474\/MMC-green-for-presentations-1024x492.png 1024w, https:\/\/sisu.ut.ee\/wp-content\/uploads\/sites\/474\/MMC-green-for-presentations-300x144.png 300w, https:\/\/sisu.ut.ee\/wp-content\/uploads\/sites\/474\/MMC-green-for-presentations-768x369.png 768w, https:\/\/sisu.ut.ee\/wp-content\/uploads\/sites\/474\/MMC-green-for-presentations-1536x739.png 1536w, https:\/\/sisu.ut.ee\/wp-content\/uploads\/sites\/474\/MMC-green-for-presentations.png 1776w\" sizes=\"auto, (max-width: 1024px) 100vw, 1024px\"><\/figure>\n\n\n\n<p>V\u00e4ike logo<\/p>\n\n\n\n<figure class=\"wp-block-image size-full is-resized\"><img loading=\"lazy\" decoding=\"async\" width=\"952\" height=\"952\" src=\"https:\/\/sisu.ut.ee\/wp-content\/uploads\/sites\/474\/MMC-twitter-version1-1.png\" alt=\"\" class=\"wp-image-538\" style=\"width:214px;height:auto\" srcset=\"https:\/\/sisu.ut.ee\/wp-content\/uploads\/sites\/474\/MMC-twitter-version1-1.png 952w, https:\/\/sisu.ut.ee\/wp-content\/uploads\/sites\/474\/MMC-twitter-version1-1-300x300.png 300w, https:\/\/sisu.ut.ee\/wp-content\/uploads\/sites\/474\/MMC-twitter-version1-1-150x150.png 150w, https:\/\/sisu.ut.ee\/wp-content\/uploads\/sites\/474\/MMC-twitter-version1-1-768x768.png 768w\" sizes=\"auto, (max-width: 952px) 100vw, 952px\"><\/figure>\n\n\n\n<p><\/p>\n\n\n\n<p><a href=\"https:\/\/sisu.ut.ee\/wp-content\/uploads\/sites\/474\/for_r_users.pdf\">FungalTraits andmebaasi juhendmaterjal<\/a><\/p>\n","protected":false},"excerpt":{"rendered":"<p>Siit leiab valiku faile, mida v\u00f5ib kasutada n\u00e4iteks MMC-ga seotud esitluste loomisel. Suur logo V\u00e4ike logo FungalTraits andmebaasi juhendmaterjal<\/p>\n","protected":false},"author":163,"featured_media":0,"parent":0,"menu_order":0,"comment_status":"closed","ping_status":"closed","template":"","meta":{"_acf_changed":false,"inline_featured_image":false,"footnotes":""},"class_list":["post-507","page","type-page","status-publish","hentry"],"acf":[],"_links":{"self":[{"href":"https:\/\/sisu.ut.ee\/mmc\/wp-json\/wp\/v2\/pages\/507","targetHints":{"allow":["GET"]}}],"collection":[{"href":"https:\/\/sisu.ut.ee\/mmc\/wp-json\/wp\/v2\/pages"}],"about":[{"href":"https:\/\/sisu.ut.ee\/mmc\/wp-json\/wp\/v2\/types\/page"}],"author":[{"embeddable":true,"href":"https:\/\/sisu.ut.ee\/mmc\/wp-json\/wp\/v2\/users\/163"}],"replies":[{"embeddable":true,"href":"https:\/\/sisu.ut.ee\/mmc\/wp-json\/wp\/v2\/comments?post=507"}],"version-history":[{"count":7,"href":"https:\/\/sisu.ut.ee\/mmc\/wp-json\/wp\/v2\/pages\/507\/revisions"}],"predecessor-version":[{"id":561,"href":"https:\/\/sisu.ut.ee\/mmc\/wp-json\/wp\/v2\/pages\/507\/revisions\/561"}],"wp:attachment":[{"href":"https:\/\/sisu.ut.ee\/mmc\/wp-json\/wp\/v2\/media?parent=507"}],"curies":[{"name":"wp","href":"https:\/\/api.w.org\/{rel}","templated":true}]}}