{"id":5,"date":"2024-04-04T07:01:19","date_gmt":"2024-04-04T04:01:19","guid":{"rendered":"https:\/\/sisu.ut.ee\/mmc\/loputoode-teemad\/"},"modified":"2024-09-11T09:54:04","modified_gmt":"2024-09-11T06:54:04","slug":"loputoode-teemad","status":"publish","type":"page","link":"https:\/\/sisu.ut.ee\/mmc\/loputoode-teemad\/","title":{"rendered":"L\u00f5put\u00f6\u00f6de teemad"},"content":{"rendered":"<p><strong>VALIK BAKALAUREUSE- JA MAGISTRIT\u00d6\u00d6DE TEEMASID<\/strong><br>\nTaksonoomia ja elurikkuse informaatika\u00a0t\u00f6\u00f6r\u00fchm:<\/p>\n<ul>\n<li>Sekundaarsed samblikuained ja nende tuvastamise meetodid samblikes (juhendaja Inga J\u00fcriado <a href=\"mailto:inga.juriado@ut.ee\">inga.juriado@ut.ee<\/a>)<\/li>\n<li>Sekundaarsete samblikuainete varieeruvus samblikes s\u00f5ltuvalt keskkonnateguritest (juhendaja Inga J\u00fcriado <a href=\"mailto:inga.juriado@ut.ee\">inga.juriado@ut.ee<\/a>)<\/li>\n<li>Seente ja vetikate vaheliste suhete mitmekesisusest looduses\u00a0(juhendaja\u00a0Ave Suija\u00a0<a href=\"mailto:ave.suija@ut.ee\">ave.suija@ut.ee<\/a>)<\/li>\n<li>\u00dclevaade samblike s\u00fcnteesist\u00a0<i>in vitro\u00a0<\/i>(juhendaja Ave Suija\u00a0<a href=\"mailto:ave.suija@ut.ee\">ave.suija@ut.ee<\/a>)<\/li>\n<li>Samblike biontide eluj\u00f5ulisuse hindamine erinevate seenparasiitide nakkuse korral\u00a0(juhendaja Ave Suija\u00a0<a href=\"mailto:ave.suija@ut.ee\">ave.suija@ut.ee<\/a>)<\/li>\n<li>M\u00f5nede samblike parasiitide perekonnad ja\u00a0<i>black\u00a0<\/i><i>meristematic\u00a0<\/i><i>fungi<\/i>\u00a0\u2013 sugulased v\u00f5i mitte ? (juhendaja Ave Suija\u00a0<a href=\"mailto:ave.suija@ut.ee\">ave.suija@ut.ee<\/a>)<\/li>\n<li>Veesamblike liigirikkus ja seos keskkonnaparameetritega Eestis\u00a0(juhendaja Ave Suija\u00a0<a href=\"mailto:ave.suija@ut.ee\">ave.suija@ut.ee<\/a>)<\/li>\n<li>Veesamblike levimisbioloogiast\u00a0(juhendaja Ave Suija\u00a0<a href=\"mailto:ave.suija@ut.ee\">ave.suija@ut.ee<\/a>)<\/li>\n<\/ul>\n<p id=\"page-title\">Keskkonnamikrobioloogia t\u00f6\u00f6r\u00fchm GEO t\u00f6\u00f6r\u00fchm:<\/p>\n<ul>\n<li>Mikroobsete protsesside ja mikroobikoosluse seos kasvuhoonegaasidega erinevates keskkondades (metsad, m\u00e4rgalad, tehism\u00e4rgalad, p\u00f5llumaad, rikutud\/reostatud ja taastatud\/korrastatatud alad jm) (juhendaja Mikk Espenberg <a href=\"mailto:mikk.espenberg@ut.ee\">mikk.espenberg@ut.ee<\/a>)<\/li>\n<li>Mikroobse s\u00fcsiniku- ja\/v\u00f5i l\u00e4mmastikuringe uurimine erinevates keskkondades (metsad, m\u00e4rgalad, tehism\u00e4rgalad, p\u00f5llumaad, taastatud alad jm) (juhendaja Mikk Espenberg <a href=\"mailto:mikk.espenberg@ut.ee\">mikk.espenberg@ut.ee<\/a>)<\/li>\n<li>Aineringete uurimine mikrobioloogiliste ja isotoopanal\u00fc\u00fcsi meetoditega laborikatsetes v\u00f5i erinevates keskkondades (metsad, m\u00e4rgalad jm) (juhendaja Mikk Espenberg <a href=\"mailto:mikk.espenberg@ut.ee\">mikk.espenberg@ut.ee<\/a>)<\/li>\n<\/ul>\n","protected":false},"excerpt":{"rendered":"<p>VALIK BAKALAUREUSE- JA MAGISTRIT\u00d6\u00d6DE TEEMASID Taksonoomia ja elurikkuse informaatika\u00a0t\u00f6\u00f6r\u00fchm: Sekundaarsed samblikuained ja nende tuvastamise meetodid samblikes (juhendaja Inga J\u00fcriado inga.juriado@ut.ee) Sekundaarsete samblikuainete varieeruvus samblikes s\u00f5ltuvalt keskkonnateguritest (juhendaja Inga J\u00fcriado inga.juriado@ut.ee) Seente ja vetikate vaheliste suhete mitmekesisusest looduses\u00a0(juhendaja\u00a0Ave Suija\u00a0ave.suija@ut.ee) \u00dclevaade samblike &#8230;<\/p>\n","protected":false},"author":163,"featured_media":0,"parent":0,"menu_order":0,"comment_status":"closed","ping_status":"closed","template":"","meta":{"_acf_changed":false,"inline_featured_image":false,"footnotes":""},"class_list":["post-5","page","type-page","status-publish","hentry"],"acf":[],"_links":{"self":[{"href":"https:\/\/sisu.ut.ee\/mmc\/wp-json\/wp\/v2\/pages\/5","targetHints":{"allow":["GET"]}}],"collection":[{"href":"https:\/\/sisu.ut.ee\/mmc\/wp-json\/wp\/v2\/pages"}],"about":[{"href":"https:\/\/sisu.ut.ee\/mmc\/wp-json\/wp\/v2\/types\/page"}],"author":[{"embeddable":true,"href":"https:\/\/sisu.ut.ee\/mmc\/wp-json\/wp\/v2\/users\/163"}],"replies":[{"embeddable":true,"href":"https:\/\/sisu.ut.ee\/mmc\/wp-json\/wp\/v2\/comments?post=5"}],"version-history":[{"count":3,"href":"https:\/\/sisu.ut.ee\/mmc\/wp-json\/wp\/v2\/pages\/5\/revisions"}],"predecessor-version":[{"id":758,"href":"https:\/\/sisu.ut.ee\/mmc\/wp-json\/wp\/v2\/pages\/5\/revisions\/758"}],"wp:attachment":[{"href":"https:\/\/sisu.ut.ee\/mmc\/wp-json\/wp\/v2\/media?parent=5"}],"curies":[{"name":"wp","href":"https:\/\/api.w.org\/{rel}","templated":true}]}}