{"id":14,"date":"2024-04-04T07:01:20","date_gmt":"2024-04-04T04:01:20","guid":{"rendered":"https:\/\/sisu.ut.ee\/mmc\/publikatsioonid\/"},"modified":"2024-08-23T09:34:40","modified_gmt":"2024-08-23T06:34:40","slug":"publikatsioonid","status":"publish","type":"page","link":"https:\/\/sisu.ut.ee\/mmc\/publikatsioonid\/","title":{"rendered":"Publikatsioonid"},"content":{"rendered":"<p style=\"text-align: justify;\"><strong>Siit leiad valiku MMC liikmete hiljutisi publikatsioone:<\/strong><\/p>\n<p>Dulya, O., Mikryukov, V., Shchepkin, DV., Pent, M., Tamm, H., Guazzini, M., Panagos, P., Jones, A., Orgiazzi, A., Marroni, F., Bahram, M., Tedersoo, L. <strong><a href=\"https:\/\/doi.org\/10.1016\/j.envint.2024.108917\">A trait-based ecological perspective on the soil microbial antibiotic-related genetic machinery<\/a><\/strong>. (2024) <em>Environment International<\/em>, 190, 108917.<\/p>\n<p>Mikryukov, V., Dulya, O., Zizka, A., Bahram, M., Hagh-Doust, N., Anslan, S., Prylutskyi, O., Delgado-Baquerizo, M., Maestre, F.T., Nilsson, H., P\u00e4rn, J., \u00d6pik, M., Moora, M., Zobel, M., Espenberg, M., Mander, \u00dc., Khalid, A.N., Corrales, A., Agan, A., Vasco-Palacios, A.-M., Saitta, A., Rinaldi, A., Verbeken, A., Sulistyo, B., Tamgnoue, B., Furneaux, B., Duarte Ritter, C., Nyamukondiwa, C., Sharp, C., Mar\u00edn, C., Gohar, D., Klavina, D., Sharmah, D., Dai, D.-Q., Nouhra, E., Biersma, E.M., R\u00e4hn, E., Cameron, E., De Crop, E., Otsing, E., Davydov, E., Albornoz, F., Brearley, F., Buegger, F., Zahn, G., Bonito, G., Hiiesalu, I., Barrio, I., Heilmann-Clausen, J., Ankuda, J., Dole\u017eal, J., Kupagme, J., Maci\u00e1-Vicente, J., Djeugap Fovo, J., Geml, J., Alatalo, J., Alvarez-Manjarrez, J., P\u00f5ldmaa, K., Runnel, K., Adamson, K., Br\u00e5then, K.-A., Pritsch, K., Tchan Issifou, K., Armolaitis, K., Hyde, K., Newsham, K.K., Panksep, K., Lateef, A.A., Hansson, L., Lamit, L., Saba, M., Tuomi, M., Gryzenhout, M., Bauters, M., Piepenbring, M., Wijayawardene, N.N., Yorou, N., Kurina, O., Mortimer, P., Meidl, P., Kohout, P., Puusepp, R., Drenkhan, R., Garibay-Orijel, R., Godoy, R., Alkahtani, S., Rahimlou, S., Dudov, S., P\u00f5lme, S., Ghosh, S., Mundra, S., Ahmed, T., Netherway, T., Henkel, T., Roslin, T., Nteziryayo, V., Fedosov, V., Onipchenko, V., Yasanthika, W.A.E., Lim, Y., Van Nuland, M., Soudzilovskaia, N., Antonelli, A., K\u00f5ljalg, U., Abarenkov, K., Tedersoo, L., 2023. <strong><a href=\"https:\/\/doi.org\/10.1126\/sciadv.adj8016\">Connecting the multiple dimensions of global soil fungal diversity<\/a>.<\/strong> Science Advances 9, eadj8016.<\/p>\n<p style=\"text-align: justify;\">Hakimzadeh, A., ASbun, A.A., Albanese, D., Bernard, M., Bucnher, D., Callahan, B., Caporaso, J.G., Curd, E., Djemel, C., Durling, M.B., Elbrecht, V. Gold, Z., Gweon, H.S., Hajibabei, M., Hildebrand, F., Mikryukov, V., Normandeau, E., \u00d6zkurt, E., Palmer, J.M., Pascal, G., Porter, G.P., Straub, D., Vasar, M., V\u011btrovsk\u00fd, T., Zafeiropoulos, H., Anslan, S. (2023). <strong><a title=\"\" href=\"https:\/\/doi.org\/10.1111\/1755-0998.13847\" target=\"_blank\" rel=\"noopener\" data-url=\"https:\/\/doi.org\/10.1111\/1755-0998.13847\">A pile of pipelines: An overview of the bioinformatics software for metabarcoding data analyses<\/a><\/strong>. <em>Molecular Ecology Resources.<\/em><\/p>\n<div class=\"gmail-csl-bib-body\">\n<p class=\"gmail-csl-entry\">Labouyrie, M., Ballabio, C., Romero, F., Panagos, P., Jones, A., Schmid, M.W., Mikryukov, V., Dulya, O., Tedersoo, L., Bahram, M., Lugato, E., van der Heijden, M.G.A., Orgiazzi, A., 2023. <strong><a href=\"https:\/\/doi.org\/10.1038\/s41467-023-37937-4\">Patterns in soil microbial diversity across Europe.<\/a><\/strong> Nat Commun 14, 3311.<\/p>\n<p><span style=\"font-size: revert; text-align: var(--bs-body-text-align);\">Tedersoo, L., Mikryukov, V., Zizka, A., Bahram, M., Hagh-Doust, N., Anslan, S., Prylutskyi, O., Delgado-Baquerizo, M., Maestre, F.T., P\u00e4rn, J., \u00d6pik, M., Moora, M., Zobel, M., Espenberg, M., Mander, \u00dc., Khalid, A.N., Corrales, A., Agan, A., Vasco-Palacios, A.-M., Saitta, A., Rinaldi, A.C., Verbeken, A., Sulistyo, B.P., Tamgnoue, B., Furneaux, B., Ritter, C.D., Nyamukondiwa, C., Sharp, C., Mar\u00edn, C., Gohar, D., Klavina, D., Sharmah, D., Dai, D.Q., Nouhra, E., Biersma, E.M., R\u00e4hn, E., Cameron, E.K., De Crop, E., Otsing, E., Davydov, E.A., Albornoz, F.E., Brearley, F.Q., Buegger, F., Zahn, G., Bonito, G., Hiiesalu, I., Barrio, I.C., Heilmann-Clausen, J., Ankuda, J., Kupagme, J.Y., Maci\u00e1-Vicente, J.G., Fovo, J.D., Geml, J., Alatalo, J.M., Alvarez-Manjarrez, J., P\u00f5ldmaa, K., Runnel, K., Adamson, K., Br\u00e5then, K.A., Pritsch, K., Tchan, K.I., Armolaitis, K., Hyde, K.D., Newsham, K.K., Panksep, K., Lateef, A.A., Tiirmann, L., Hansson, L., Lamit, L.J., Saba, M., Tuomi, M., Gryzenhout, M., Bauters, M., Piepenbring, M., Wijayawardene, N., Yorou, N.S., Kurina, O., Mortimer, P.E., Meidl, P., Kohout, P., Nilsson, R.H., Puusepp, R., Drenkhan, R., Garibay-Orijel, R., Godoy, R., Alkahtani, S., Rahimlou, S., Dudov, S.V., P\u00f5lme, S., Ghosh, S., Mundra, S., Ahmed, T., Netherway, T., Henkel, T.W., Roslin, T., Nteziryayo, V., Fedosov, V.E., Onipchenko, V.G., Yasanthika, W.A.E., Lim, Y.W., Soudzilovskaia, N.A., Antonelli, A., K\u00f5ljalg, U., Abarenkov, K., 2022. <\/span><strong style=\"text-align: var(--bs-body-text-align);\"><a href=\"https:\/\/doi.org\/10.1111\/gcb.16398\">Global patterns in endemicity and vulnerability of soil fungi<\/a><\/strong><span style=\"font-size: revert; text-align: var(--bs-body-text-align);\">. Global Change Biology 28, 6696\u20136710.<\/span><\/p>\n<\/div>\n<p>Tedersoo, L., Bahram, M., Zinger, L., Nilsson, R.H., Kennedy, P.G., Yang, T., Anslan, S., Mikryukov, V., 2022. <strong><a href=\"https:\/\/doi.org\/10.1111\/mec.16460\">Best practices in metabarcoding of fungi: From experimental design to results.<\/a><\/strong> Molecular Ecology 31, 2769\u20132795.<\/p>\n<p style=\"text-align: justify;\">Bahram, M., Espenberg, M., P\u00e4rn, J., Lehtovirta-Morley, L., Anslan, S., Kasak, K., K\u00f5ljalg, U., Liira, J., Maddison, M., Moora, M., Niinemets, \u00dc., \u00d6pik, M., P\u00e4rtel, M., Soosaar, K., Zobel, M., Hildebrand, F., Tedersoo, L., &amp; Mander, \u00dc. (2022). <strong><a href=\"https:\/\/sisu.ut.ee\/wp-content\/uploads\/sites\/474\/bahram_global_wetlands41467-022-29161-3.pdf\" data-fid=\"69087\">Structure and function of the soil microbiome underlying N2O emissions from global wetlands<\/a><\/strong>. <i>Nature Communications, 13<\/i>, article 1430.<\/p>\n<p style=\"text-align: justify;\">Aslani, F., Geisen, S., Ning, D., Tedersoo, L., &amp; Bahram, M. (2022). <strong><a href=\"https:\/\/sisu.ut.ee\/wp-content\/uploads\/sites\/474\/aslani_ecology_letters_-_2021_-_aslani_-_towards_revealing_the_global_diversity_and_community_assembly_of_soil_eukaryotes_1.pdf\" data-fid=\"69085\">Towards revealing the global diversity and community assembly of soil eukaryotes<\/a><\/strong>. <i>Ecology Letters, 25<\/i>(1), 65-76.<\/p>\n<p style=\"text-align: justify;\">Mikryukov, V. S., Dulya, O. V., Bergman, I. E., Lihodeevskiy, G. A., Loginova, A. D., &amp; Tedersoo, L. (2021). <strong><a href=\"https:\/\/sisu.ut.ee\/wp-content\/uploads\/sites\/474\/mikryukov_fmicb-12-729244_1.pdf\" data-fid=\"69088\">Sheltering role of well-decayed conifer logs for forest floor fungi in long-term polluted boreal forests<\/a><\/strong>. <i>Frontiers in Microbiology, 12<\/i>, article 729244.<\/p>\n<p style=\"text-align: justify;\">P\u00f5lme, S., Abarenkov, K., Nilsson, R. H., Lindahl, B. D., Engelbrecht Clemmensen, K., Kauserud, H., Nguyen, N., Kj\u00f8ller, R., Bates, S. T., Baldrian, P., Guldberg Fr\u00f8slev, T., Adojaan, K., Vizzini, A., Suija, A., Pfister, D., Baral, H. O., J\u00e4rv, H., Madrid, H., Nord\u00e9n, J., &amp; Tedersoo, L. (2020).<strong> <a href=\"https:\/\/sisu.ut.ee\/wp-content\/uploads\/sites\/474\/polme2020_article_fungaltraitsauser-friendlytrai.pdf\" data-fid=\"69095\">FungalTraits: a user-friendly traits database of fungi and fungus-like stramenopiles<\/a><\/strong>. <i>Fungal Diversity, 105<\/i>, 1-16.<\/p>\n<p style=\"text-align: justify;\">Soudzilovskaia, N. A., Vaessen, S., Barcelo, M., He, J., Rahimlou, S., Abarenkov, K., Brundrett, M. C., Gomes, S. I. F., Merckx, V., &amp; Tedersoo, L. (2020). <strong><a href=\"https:\/\/sisu.ut.ee\/wp-content\/uploads\/sites\/474\/soudzilovskaia_new_phytologist_-_2020_-_soudzilovskaia_-_fungalroot_global_online_database_of_plant_mycorrhizal_associations.pdf\" data-fid=\"69090\">FungalRoot: global online database of plant mycorrhizal associations<\/a><\/strong>. <i>New Phytologist, 220<\/i>(3), 955-966.<\/p>\n<p style=\"text-align: justify;\">Tedersoo, L., Bahram, M., Zobel, M. (2020). <strong><a href=\"https:\/\/sisu.ut.ee\/wp-content\/uploads\/sites\/474\/tedersoo2020_science.aba1223.pdf\" data-fid=\"69086\">How mycorrhizal associations drive plant population and community biology<\/a><\/strong>. <i>Science, 367<\/i>(6480).<\/p>\n<p style=\"text-align: justify;\">Loit, K., Adamson, K., Bahram, M., Puusepp, R., Anslan, S., Kiiker, R., Drenkhan, R., &amp; Tedersoo, L. (2019). <strong><a href=\"https:\/\/sisu.ut.ee\/wp-content\/uploads\/sites\/474\/loit_aem.01368-19.pdf\" data-fid=\"69093\">Relative Performance of MinION (Oxford Nanopore Technologies) versus Sequel (Pacific Biosciences) Third-Generation Sequencing Instruments in Identification of Agricultural and Forest Fungal Pathogens<\/a><\/strong>. <i>Applied and Environmental Microbiology, 85<\/i>(21), e01368-19.<\/p>\n<p style=\"text-align: justify;\">Nilsson, R. H., Anslan, S., Bahram, M., Wurzbacher, C., Baldrian, P., Tedersoo, L. (2019). <strong><a href=\"https:\/\/sisu.ut.ee\/wp-content\/uploads\/sites\/474\/nilsson_s41579-018-0116-y.pdf\" data-fid=\"69092\">Mycobiome diversity: high-throughput sequencing and identification of fungi<\/a><\/strong>. <i>Nature Reviews Microbiology, 17<\/i>(2), 95-109.<\/p>\n<p style=\"text-align: justify;\">Soudzilovskaia, N. A., van Bodegom, P. M., Terrer, C., van\u2019t Zelfde, M., McCallum, I., McCormack, M. L., Fisher, J. B., Brundrett, M. C., de S\u00e1, N. C., Tedersoo, L. (2019). <strong><a href=\"https:\/\/sisu.ut.ee\/wp-content\/uploads\/sites\/474\/soudzilovskaia_naturecommunications_s41467-019-13019-2.pdf\" data-fid=\"69091\">Global mycorrhizal plant distribution linked to terrestrial carbon stocks<\/a><\/strong>. <i>Nature Communications, 10<\/i>(1), 1-10.<\/p>\n<p style=\"text-align: justify;\">Tedersoo, L., &amp; Bahram, M. (2019). <strong><a href=\"https:\/\/sisu.ut.ee\/wp-content\/uploads\/sites\/474\/tedersoobahram_biological_reviews_-_2019_-_tedersoo_-_mycorrhizal_types_differ_in_ecophysiology_and_alter_plant_nutrition_and_soil.pdf\" data-fid=\"69094\">Mycorrhizal types differ in ecophysiology and alter plant nutrition and soil processes<\/a><\/strong>. <i>Biological Reviews, 94<\/i>(5), 1857\u20131880.<\/p>\n<p style=\"text-align: justify;\">Anslan, S., Nilsson, R. H., Wurzbacher, C., Baldrian, P., Tedersoo, L., &amp; Bahram, M. (2018). <strong><a href=\"https:\/\/sisu.ut.ee\/wp-content\/uploads\/sites\/474\/anslan_mc_article_28109_en_1.pdf\" data-fid=\"69101\">Great differences in performance and outcome of high-throughput sequencing data analysis platforms for fungal metabarcoding<\/a><\/strong>. <i>MycoKeys, 39<\/i>, 29-40.<\/p>\n<p style=\"text-align: justify;\">Bahram M., Hildebrand, F., Forslund, S. K., Anderson, J. L., Soudzilovskaia, N. A., Bodegom, P. M., Bengtsson-Palme, J., Anslan, S., Coelho, L. P., Harend, H., Huerta-Cepas, J., Medema, M. H., Maltz, M. R., Mundra, S., Olsson, P. A., Pent, M., P\u00f5lme, S., Sunagawa, S., Ryberg, M., Tedersoo, L., Bork, P. (2018). <strong><a href=\"https:\/\/sisu.ut.ee\/wp-content\/uploads\/sites\/474\/bahramnatures41586-018-0386-6.pdf\" data-fid=\"69100\">Structure and function of the global topsoil microbiome<\/a><\/strong>. <i>Nature, 560<\/i>(7717), 233-237.<\/p>\n<p style=\"text-align: justify;\">Brundrett, M., &amp; Tedersoo, L. (2018). <strong><a href=\"https:\/\/sisu.ut.ee\/wp-content\/uploads\/sites\/474\/brundretttedersoonew_phytologist_-_2018_-_brundrett_-_evolutionary_history_of_mycorrhizal_symbioses_and_global_host_plant_diversity.pdf\" data-fid=\"69097\">Evolutionary history of mycorrhizal symbioses and global host plant diversity<\/a><\/strong>. <i>New Phytologist, 220<\/i>(4), 1108-1115.<\/p>\n<p style=\"text-align: justify;\">P\u00f5lme, S., Bahram, M., Jacquemyn, H., Kennedy, P., Kohout, P., Moora, M., Oja, J., \u00d6pik, M., Pecoraro, L., &amp; Tedersoo, L. (2018). <strong><a href=\"https:\/\/sisu.ut.ee\/wp-content\/uploads\/sites\/474\/polme_new_phytologist_-_2017_-_p_lme_-_host_preference_and_network_properties_in_biotrophic_plant_fungal_associations.pdf\" data-fid=\"69096\">Host preference and network properties in biotrophic plant\u2013fungal associations<\/a><\/strong>. <i>New Phytologist, 217<\/i>(3), 1230-1239.<\/p>\n<p style=\"text-align: justify;\">P\u00e4rn, J., Verhoeven, J. T., Butterbach-Bahl, K., Dise, N. B., Ullah, S., Aasa, A., Egorov, S., Espenberg, M., J\u00e4rveoja, J., Jauhiainen, J., Kasak, K., Klemedtsson, L., Kull, A., Laggoun-D\u00e9farge, F., Lapshina, E. D., Lohila, A., L\u00f5hmus, K., Maddison, M., Mitsch,\u2026 Mander, \u00dc. (2018). <strong><a href=\"https:\/\/sisu.ut.ee\/wp-content\/uploads\/sites\/474\/parns41467-018-03540-1.pdf\" data-fid=\"69089\">Nitrogen-rich organic soils under warm well-drained conditions are global nitrous oxide emission hotspots<\/a><\/strong>. <i>Nature Communications, 9<\/i>(1), 1-8.<\/p>\n<p style=\"text-align: justify;\">Anslan, S., Bahram, M., Hiiesalu, I., &amp; Tedersoo, L. (2017). <strong><a href=\"https:\/\/sisu.ut.ee\/wp-content\/uploads\/sites\/474\/molecular_ecology_resources_-_2017_-_anslan_-_pipecraft_flexible_open-source_toolkit_for_bioinformatics_analysis_of_custom.pdf\" data-fid=\"69098\">PipeCraft: Flexible open-source toolkit for bioinformatics analysis of custom high-throughput amplicon sequencing data<\/a><\/strong>. <i>Molecular Ecology Resources, 17<\/i>(6), e234-e240.<\/p>\n<p style=\"text-align: justify;\">Tedersoo, L., Bahram, M., P\u00f5lme, S., K\u00f5ljalg, U., Yorou, N. S., Wijesundera, R., Ruiz, L. V., Vasco-Palacios, A. M., Thu, P. Q., Suija, A., Smith, M. E., Sharp, C., Saluveer, E., Saitta, A., Rosas, M., Riit, T., Ratkowsky, D., Pritsch, K., P\u00f5ldmaa, \u2026 Abarenkov, K. (2014). <strong><a href=\"https:\/\/sisu.ut.ee\/wp-content\/uploads\/sites\/474\/tedersoo2014science.1256688.pdf\" data-fid=\"69099\">Global diversity and geography of soil fungi<\/a><\/strong>.<b> <\/b><i>Science, 346<\/i>(6213).<\/p>\n<div class=\"gmail-csl-bib-body\">\n<p class=\"gmail-csl-entry\">\n<\/p><\/div>\n","protected":false},"excerpt":{"rendered":"<p>Siit leiad valiku MMC liikmete hiljutisi publikatsioone: Dulya, O., Mikryukov, V., Shchepkin, DV., Pent, M., Tamm, H., Guazzini, M., Panagos, P., Jones, A., Orgiazzi, A., Marroni, F., Bahram, M., Tedersoo, L. A trait-based ecological perspective on the soil microbial antibiotic-related &#8230;<\/p>\n","protected":false},"author":163,"featured_media":0,"parent":0,"menu_order":0,"comment_status":"closed","ping_status":"closed","template":"","meta":{"_acf_changed":false,"inline_featured_image":false,"footnotes":""},"class_list":["post-14","page","type-page","status-publish","hentry"],"acf":[],"_links":{"self":[{"href":"https:\/\/sisu.ut.ee\/mmc\/wp-json\/wp\/v2\/pages\/14","targetHints":{"allow":["GET"]}}],"collection":[{"href":"https:\/\/sisu.ut.ee\/mmc\/wp-json\/wp\/v2\/pages"}],"about":[{"href":"https:\/\/sisu.ut.ee\/mmc\/wp-json\/wp\/v2\/types\/page"}],"author":[{"embeddable":true,"href":"https:\/\/sisu.ut.ee\/mmc\/wp-json\/wp\/v2\/users\/163"}],"replies":[{"embeddable":true,"href":"https:\/\/sisu.ut.ee\/mmc\/wp-json\/wp\/v2\/comments?post=14"}],"version-history":[{"count":9,"href":"https:\/\/sisu.ut.ee\/mmc\/wp-json\/wp\/v2\/pages\/14\/revisions"}],"predecessor-version":[{"id":567,"href":"https:\/\/sisu.ut.ee\/mmc\/wp-json\/wp\/v2\/pages\/14\/revisions\/567"}],"wp:attachment":[{"href":"https:\/\/sisu.ut.ee\/mmc\/wp-json\/wp\/v2\/media?parent=14"}],"curies":[{"name":"wp","href":"https:\/\/api.w.org\/{rel}","templated":true}]}}