{"id":13,"date":"2024-04-04T07:01:20","date_gmt":"2024-04-04T04:01:20","guid":{"rendered":"https:\/\/sisu.ut.ee\/mmc\/tegevused\/"},"modified":"2024-08-29T15:07:11","modified_gmt":"2024-08-29T12:07:11","slug":"tegevused","status":"publish","type":"page","link":"https:\/\/sisu.ut.ee\/mmc\/tegevused\/","title":{"rendered":"T\u00f6\u00f6r\u00fchmad"},"content":{"rendered":"<p style=\"text-align: justify\">\n\tMMC \u00fchendab paljusid erinevate valdkondade teadlasi, kellel k\u00f5igil on siiski midagi \u00fchist. Siit leiad valiku MMC teadlaste\u00a0tegevusi.<\/p>\n","protected":false},"excerpt":{"rendered":"<p>MMC \u00fchendab paljusid erinevate valdkondade teadlasi, kellel k\u00f5igil on siiski midagi \u00fchist. Siit leiad valiku MMC teadlaste\u00a0tegevusi.<\/p>\n","protected":false},"author":163,"featured_media":0,"parent":0,"menu_order":0,"comment_status":"closed","ping_status":"closed","template":"","meta":{"_acf_changed":false,"inline_featured_image":false,"footnotes":""},"class_list":["post-13","page","type-page","status-publish","hentry"],"acf":[],"_links":{"self":[{"href":"https:\/\/sisu.ut.ee\/mmc\/wp-json\/wp\/v2\/pages\/13","targetHints":{"allow":["GET"]}}],"collection":[{"href":"https:\/\/sisu.ut.ee\/mmc\/wp-json\/wp\/v2\/pages"}],"about":[{"href":"https:\/\/sisu.ut.ee\/mmc\/wp-json\/wp\/v2\/types\/page"}],"author":[{"embeddable":true,"href":"https:\/\/sisu.ut.ee\/mmc\/wp-json\/wp\/v2\/users\/163"}],"replies":[{"embeddable":true,"href":"https:\/\/sisu.ut.ee\/mmc\/wp-json\/wp\/v2\/comments?post=13"}],"version-history":[{"count":2,"href":"https:\/\/sisu.ut.ee\/mmc\/wp-json\/wp\/v2\/pages\/13\/revisions"}],"predecessor-version":[{"id":570,"href":"https:\/\/sisu.ut.ee\/mmc\/wp-json\/wp\/v2\/pages\/13\/revisions\/570"}],"wp:attachment":[{"href":"https:\/\/sisu.ut.ee\/mmc\/wp-json\/wp\/v2\/media?parent=13"}],"curies":[{"name":"wp","href":"https:\/\/api.w.org\/{rel}","templated":true}]}}