{"id":12,"date":"2024-04-04T07:01:20","date_gmt":"2024-04-04T04:01:20","guid":{"rendered":"https:\/\/sisu.ut.ee\/mmc\/esileht\/"},"modified":"2024-04-04T07:01:57","modified_gmt":"2024-04-04T04:01:57","slug":"esileht","status":"publish","type":"page","link":"https:\/\/sisu.ut.ee\/mmc\/","title":{"rendered":"Esileht"},"content":{"rendered":"<p style=\"text-align: justify\">\n\t\u00a0\n<\/p>\n<p style=\"text-align: justify\">\n\t<span lang=\"EN-US\" style=\"background:white\"><span style=\",serif\"><span style=\"color:black\"><strong>M\u00fckoloogia ja Mikrobioloogia keskus (MMC)<\/strong> on erinevates Eesti teadusasutustes t\u00f6\u00f6tavaid teadlasi \u00fchendav organisatsioon. Tartu \u00dclikooliga seotud MMC rajati 2021. aastal ja selle eesm\u00e4rk on arendada ja edendada tipptasemel teadustegevust. Keskuse peamised tegevused h\u00f5lmavad keskkonnamikrobioloogia alase teadust\u00f6\u00f6 meetodite, protokollide ja anal\u00fc\u00fctiliste kogemuste jagamist. MMC peamine eesm\u00e4rk on erinevate Eesti \u00fclikoolide t\u00f6\u00f6r\u00fchmade vahelise koost\u00f6\u00f6 parendamine ja Keskuse liikmetele rahvusvaheliste kontaktide pakkumine. <\/span><\/span><\/span>\n<\/p>\n<p style=\"text-align: justify\">\n\t<span lang=\"EN-US\" style=\"background:white\"><span style=\",serif\"><span style=\"color:black\">MMC-ga seotud teadlased keskenduvad m\u00fckoloogiale, bakterioloogiale, protistoloogiale ja mikrobioloogilisele \u00f6koloogiale. Uurimissuundade hulka kuuluvad erinevate organismide \u00f6koloogia, f\u00fcsioloogia, taksonoomia, mitmekesisus ja biootiline vastastikm\u00f5ju. N\u00e4iteks uuritakse seente ja erinevate makroskoopiliste ning mikroskoopiliste organismide vastastikm\u00f5ju (kaasa arvatud m\u00fckoriisat, samblikke, juurem\u00fcgaraid, s\u00fcmbionte jne). \u00dcheks peamistest uurimissuundadest on ka maismaal ja vees elavate mikroorganismide patoloogia ja nende seotus erinevate keskkonnaparameetritega. <\/span><\/span><\/span>\n<\/p>\n<p style=\"text-align: justify\">\n\t<span lang=\"EN-US\" style=\"background:white\"><span style=\",serif\"><span style=\"color:black\">Keskuse uurimisr\u00fchmad arendavad seente ja teiste eukar\u00fcootiliste organismide talletamiseks digitaalseid andmearhiive. \u00dcleilmselt k\u00f5ige levinumate teadusanal\u00fc\u00fcsi teenuste hulka kuuluvad PlutoF ja UNITE platvormid. <\/span><\/span><\/span>\n<\/p>\n<p style=\"text-align: justify\">\n\t\u00a0<\/p>\n","protected":false},"excerpt":{"rendered":"<p>\u00a0 M\u00fckoloogia ja Mikrobioloogia keskus (MMC) on erinevates Eesti teadusasutustes t\u00f6\u00f6tavaid teadlasi \u00fchendav organisatsioon. Tartu \u00dclikooliga seotud MMC rajati 2021. aastal ja selle eesm\u00e4rk on arendada ja edendada tipptasemel teadustegevust. Keskuse peamised tegevused h\u00f5lmavad keskkonnamikrobioloogia alase teadust\u00f6\u00f6 meetodite, protokollide ja &#8230;<\/p>\n","protected":false},"author":163,"featured_media":0,"parent":0,"menu_order":0,"comment_status":"closed","ping_status":"closed","template":"","meta":{"_acf_changed":false,"inline_featured_image":false,"footnotes":""},"class_list":["post-12","page","type-page","status-publish","hentry"],"acf":[],"_links":{"self":[{"href":"https:\/\/sisu.ut.ee\/mmc\/wp-json\/wp\/v2\/pages\/12","targetHints":{"allow":["GET"]}}],"collection":[{"href":"https:\/\/sisu.ut.ee\/mmc\/wp-json\/wp\/v2\/pages"}],"about":[{"href":"https:\/\/sisu.ut.ee\/mmc\/wp-json\/wp\/v2\/types\/page"}],"author":[{"embeddable":true,"href":"https:\/\/sisu.ut.ee\/mmc\/wp-json\/wp\/v2\/users\/163"}],"replies":[{"embeddable":true,"href":"https:\/\/sisu.ut.ee\/mmc\/wp-json\/wp\/v2\/comments?post=12"}],"version-history":[{"count":1,"href":"https:\/\/sisu.ut.ee\/mmc\/wp-json\/wp\/v2\/pages\/12\/revisions"}],"predecessor-version":[{"id":171,"href":"https:\/\/sisu.ut.ee\/mmc\/wp-json\/wp\/v2\/pages\/12\/revisions\/171"}],"wp:attachment":[{"href":"https:\/\/sisu.ut.ee\/mmc\/wp-json\/wp\/v2\/media?parent=12"}],"curies":[{"name":"wp","href":"https:\/\/api.w.org\/{rel}","templated":true}]}}