{"id":11,"date":"2024-04-04T07:01:20","date_gmt":"2024-04-04T04:01:20","guid":{"rendered":"https:\/\/sisu.ut.ee\/mmc\/mikroobse-okofusioloogia-tooruhm\/"},"modified":"2024-04-04T07:01:57","modified_gmt":"2024-04-04T04:01:57","slug":"mikroobse-okofusioloogia-tooruhm","status":"publish","type":"page","link":"https:\/\/sisu.ut.ee\/mmc\/mikroobse-okofusioloogia-tooruhm\/","title":{"rendered":"Mikroobse \u00f6kof\u00fcsioloogia t\u00f6\u00f6r\u00fchm"},"content":{"rendered":"<p style=\"text-align: justify\">\n\t<br><strong>Eesti Maa\u00fclikooli limnoloogiakeskuse mikroobse \u00f6kof\u00fcsioloogia t\u00f6\u00f6r\u00fchm<\/strong><\/p>\n<p>Soolsus t\u00e4idab maa elustiku kujunemisel v\u00e4ga olulist rolli. Mikroobse\u00a0\u00f6kof\u00fcsioloogia t\u00f6\u00f6r\u00fchm\u00a0Eesti Maa\u00fclikoolis uurib soolsuse m\u00f5ju mikroobide koosluse struktuurile ja funktsioonidele, keskendudes peremeesorganismiga seotud s\u00fcmbiontidele ja nende vastastikm\u00f5judele. Uurimisr\u00fchmas kasutatakse t\u00e4nap\u00e4evaseid molekulaarbioloogilisi vahendeid ja klassikalisi mikrobioloogilisi l\u00e4henemisviise, et uurida bakterikooslust\u00a0L\u00e4\u00e4nemere soolsusgradiendis ja tehistingimustes loodud soolsusega keskkondades.<\/p>\n","protected":false},"excerpt":{"rendered":"<p>Eesti Maa\u00fclikooli limnoloogiakeskuse mikroobse \u00f6kof\u00fcsioloogia t\u00f6\u00f6r\u00fchm Soolsus t\u00e4idab maa elustiku kujunemisel v\u00e4ga olulist rolli. Mikroobse\u00a0\u00f6kof\u00fcsioloogia t\u00f6\u00f6r\u00fchm\u00a0Eesti Maa\u00fclikoolis uurib soolsuse m\u00f5ju mikroobide koosluse struktuurile ja funktsioonidele, keskendudes peremeesorganismiga seotud s\u00fcmbiontidele ja nende vastastikm\u00f5judele. Uurimisr\u00fchmas kasutatakse t\u00e4nap\u00e4evaseid molekulaarbioloogilisi vahendeid ja klassikalisi mikrobioloogilisi &#8230;<\/p>\n","protected":false},"author":163,"featured_media":0,"parent":0,"menu_order":0,"comment_status":"closed","ping_status":"closed","template":"","meta":{"_acf_changed":false,"inline_featured_image":false,"footnotes":""},"class_list":["post-11","page","type-page","status-publish","hentry"],"acf":[],"_links":{"self":[{"href":"https:\/\/sisu.ut.ee\/mmc\/wp-json\/wp\/v2\/pages\/11","targetHints":{"allow":["GET"]}}],"collection":[{"href":"https:\/\/sisu.ut.ee\/mmc\/wp-json\/wp\/v2\/pages"}],"about":[{"href":"https:\/\/sisu.ut.ee\/mmc\/wp-json\/wp\/v2\/types\/page"}],"author":[{"embeddable":true,"href":"https:\/\/sisu.ut.ee\/mmc\/wp-json\/wp\/v2\/users\/163"}],"replies":[{"embeddable":true,"href":"https:\/\/sisu.ut.ee\/mmc\/wp-json\/wp\/v2\/comments?post=11"}],"version-history":[{"count":1,"href":"https:\/\/sisu.ut.ee\/mmc\/wp-json\/wp\/v2\/pages\/11\/revisions"}],"predecessor-version":[{"id":172,"href":"https:\/\/sisu.ut.ee\/mmc\/wp-json\/wp\/v2\/pages\/11\/revisions\/172"}],"wp:attachment":[{"href":"https:\/\/sisu.ut.ee\/mmc\/wp-json\/wp\/v2\/media?parent=11"}],"curies":[{"name":"wp","href":"https:\/\/api.w.org\/{rel}","templated":true}]}}