{"id":10,"date":"2024-04-04T07:01:20","date_gmt":"2024-04-04T04:01:20","guid":{"rendered":"https:\/\/sisu.ut.ee\/mmc\/keskkonnamikrobioloogia-tooruhm-geo\/"},"modified":"2024-04-04T07:01:57","modified_gmt":"2024-04-04T04:01:57","slug":"keskkonnamikrobioloogia-tooruhm-geo","status":"publish","type":"page","link":"https:\/\/sisu.ut.ee\/mmc\/keskkonnamikrobioloogia-tooruhm-geo\/","title":{"rendered":"Keskkonnamikrobioloogia t\u00f6\u00f6r\u00fchm GEO"},"content":{"rendered":"<p style=\"text-align: justify\">\n\t<br><strong>T\u00dc geograafia osakonna keskkonnamikrobioloogia t\u00f6\u00f6r\u00fchm<\/strong><\/p>\n<p>Peamisene\u00a0eesm\u00e4rk on uurida tehislikes ja looduslikes \u00f6kos\u00fcsteemides toimuvaid\u00a0 biogeokeemilisi protsesse. Olulisemad uurimisvaldkonnad on mikroobide poolt vahendatud protsessid l\u00e4mmastiku-, fosfori- ja s\u00fcsinikuringes tehislikes ning looduslikes \u00f6kos\u00fcsteemides. Paljud uurimisprojektid on koost\u00f6\u00f6s v\u00e4lis\u00fclikoolide ja teiste partneritega.<\/p>\n<p>Erinevate keskkondade mikroobikoosluse mitmekesisust, aktiivsust ja funktsionaalsust uuritakse kaasaaegselt sisustatud laboris kasutades v\u00e4ga erinevaid molekulaarseid meetodeid (nt kvantitatiivne PCR, metagenoomika). T\u00f6\u00f6r\u00fchma igap\u00e4evat\u00f6\u00f6s on ka v\u00e4ga olulisel kohal nii uute molekulaarsete kui ka bioinformaatiliste metoodikate v\u00e4ljat\u00f6\u00f6tamine.<\/p>\n","protected":false},"excerpt":{"rendered":"<p>T\u00dc geograafia osakonna keskkonnamikrobioloogia t\u00f6\u00f6r\u00fchm Peamisene\u00a0eesm\u00e4rk on uurida tehislikes ja looduslikes \u00f6kos\u00fcsteemides toimuvaid\u00a0 biogeokeemilisi protsesse. Olulisemad uurimisvaldkonnad on mikroobide poolt vahendatud protsessid l\u00e4mmastiku-, fosfori- ja s\u00fcsinikuringes tehislikes ning looduslikes \u00f6kos\u00fcsteemides. Paljud uurimisprojektid on koost\u00f6\u00f6s v\u00e4lis\u00fclikoolide ja teiste partneritega. Erinevate keskkondade &#8230;<\/p>\n","protected":false},"author":163,"featured_media":0,"parent":0,"menu_order":0,"comment_status":"closed","ping_status":"closed","template":"","meta":{"_acf_changed":false,"inline_featured_image":false,"footnotes":""},"class_list":["post-10","page","type-page","status-publish","hentry"],"acf":[],"_links":{"self":[{"href":"https:\/\/sisu.ut.ee\/mmc\/wp-json\/wp\/v2\/pages\/10","targetHints":{"allow":["GET"]}}],"collection":[{"href":"https:\/\/sisu.ut.ee\/mmc\/wp-json\/wp\/v2\/pages"}],"about":[{"href":"https:\/\/sisu.ut.ee\/mmc\/wp-json\/wp\/v2\/types\/page"}],"author":[{"embeddable":true,"href":"https:\/\/sisu.ut.ee\/mmc\/wp-json\/wp\/v2\/users\/163"}],"replies":[{"embeddable":true,"href":"https:\/\/sisu.ut.ee\/mmc\/wp-json\/wp\/v2\/comments?post=10"}],"version-history":[{"count":1,"href":"https:\/\/sisu.ut.ee\/mmc\/wp-json\/wp\/v2\/pages\/10\/revisions"}],"predecessor-version":[{"id":173,"href":"https:\/\/sisu.ut.ee\/mmc\/wp-json\/wp\/v2\/pages\/10\/revisions\/173"}],"wp:attachment":[{"href":"https:\/\/sisu.ut.ee\/mmc\/wp-json\/wp\/v2\/media?parent=10"}],"curies":[{"name":"wp","href":"https:\/\/api.w.org\/{rel}","templated":true}]}}