{"id":130,"date":"2025-11-13T14:21:15","date_gmt":"2025-11-13T12:21:15","guid":{"rendered":"https:\/\/sisu.ut.ee\/mkm-pol23\/?page_id=130"},"modified":"2026-01-27T11:54:12","modified_gmt":"2026-01-27T09:54:12","slug":"projekti-meeskond","status":"publish","type":"page","link":"https:\/\/sisu.ut.ee\/mkm-pol23\/projekti-meeskond\/","title":{"rendered":"Projekti meeskond"},"content":{"rendered":"<div style=\"height:26px\" aria-hidden=\"true\" class=\"wp-block-spacer\"><\/div>\n\n\n\n<p><\/p>\n\n\n<div class=\"person-card border rounded p-2 pb-4 mb-4\">\n\t<div class=\"d-flex \">\n\t\t\t\t\t<img loading=\"lazy\" decoding=\"async\" width=\"150\" height=\"150\" src=\"https:\/\/sisu.ut.ee\/wp-content\/uploads\/sites\/873\/Helen-Poltimae_0-150x150.jpg\" class=\"flex-shrink-0 object-fit-cover person-card__image img-fluid rounded mb-2 me-2\" alt=\"\">\n\t\t\t\t<div class=\"person-card__info\">\n\t\t\t\t\t\t\t<h3 class=\"h4 mb-2\">Helen Poltim\u00e4e<\/h3>\n\t\t\t\t\t\t\t\t\t\t<div class=\"mb-2\">\n\t\t\t\t\t<p>majanduse modelleerimise lektor 0,8 k<br>\nPhD (majandusteadus)<br>\nTartu, Narva mnt 18\u20134018<\/p>\n\n\t\t\t\t<\/div>\n\t\t\t\t\t\t\t\t\t\t<p class=\"mb-0\">+372 737 6346<\/p>\n\t\t\t\t\t\t\t\t\t\t\t\t\t<a href=\"mailto:helen.poltimae@ut.ee\" class=\"mb-0\">helen.poltimae@ut.ee<\/a>\n\t\t\t\t\t<\/div>\n\t<\/div>\n\t\t\t<div class=\"person-card__description mt-2\">\n\t\t\t<p>Helen Poltim\u00e4e on projekti vastutav t\u00e4itja, vastutades projekti \u00fcldise koordineerimise, administratsiooni ja aruandluse eest. Samuti osaleb Helen\u00a0olemasoleva kirjanduse \u00fclevaadete koostamises ning intervjuude protokolli ja k\u00fcsimustiku koostamises ning nende l\u00e4biviimises ja anal\u00fc\u00fcsis.<\/p>\n\n\t\t<\/div>\n\t<\/div>\n\n\n<div class=\"person-card border rounded p-2 pb-4 mb-4\">\n\t<div class=\"d-flex \">\n\t\t\t\t\t<img loading=\"lazy\" decoding=\"async\" width=\"150\" height=\"150\" src=\"https:\/\/sisu.ut.ee\/wp-content\/uploads\/sites\/873\/Annela-Anger-Kraavi-150x150.jpg\" class=\"flex-shrink-0 object-fit-cover person-card__image img-fluid rounded mb-2 me-2\" alt=\"\">\n\t\t\t\t<div class=\"person-card__info\">\n\t\t\t\t\t\t\t<h3 class=\"h4 mb-2\">Annela Anger-Kraavi<\/h3>\n\t\t\t\t\t\t\t\t\t\t<div class=\"mb-2\">\n\t\t\t\t\t<p>k\u00fclalisprofessor<br>\nPhD<\/p>\n\n\t\t\t\t<\/div>\n\t\t\t\t\t\t\t\t\t\t\t\t\t\t\t\t<a href=\"mailto:annela.anger-kraavi@ut.ee\" class=\"mb-0\">annela.anger-kraavi@ut.ee<\/a>\n\t\t\t\t\t<\/div>\n\t<\/div>\n\t\t\t<div class=\"person-card__description mt-2\">\n\t\t\t<p>Annela Anger-Kraavi on projekti p\u00f5hit\u00e4itja, vastutades teadusuuringu kontseptsiooni, t\u00e4itmise ja kvaliteedi eest ning on ise ka \u00fcks uuringu l\u00e4biviijatest. Annela vastutab ka rahvusvahelise n\u00f5ukoja koostamise ja t\u00f6\u00f6korralduse eest.<\/p>\n\n\t\t<\/div>\n\t<\/div>\n\n\n<div class=\"person-card border rounded p-2 pb-4 mb-4\">\n\t<div class=\"d-flex \">\n\t\t\t\t\t<img loading=\"lazy\" decoding=\"async\" width=\"150\" height=\"150\" src=\"https:\/\/sisu.ut.ee\/wp-content\/uploads\/sites\/873\/Jaan-Masso-150x150.jpg\" class=\"flex-shrink-0 object-fit-cover person-card__image img-fluid rounded mb-2 me-2\" alt=\"\">\n\t\t\t\t<div class=\"person-card__info\">\n\t\t\t\t\t\t\t<h3 class=\"h4 mb-2\">Jaan Masso<\/h3>\n\t\t\t\t\t\t\t\t\t\t<div class=\"mb-2\">\n\t\t\t\t\t<p>rakendus\u00f6konomeetria kaasprofessor<br>\nPhD (majandusteadus)<br>\nTartu, Narva mnt 18\u20134021<\/p>\n\n\t\t\t\t<\/div>\n\t\t\t\t\t\t\t\t\t\t<p class=\"mb-0\">+372 737 6395<\/p>\n\t\t\t\t\t\t\t\t\t\t\t\t\t<a href=\"mailto:jaan.masso@ut.ee\" class=\"mb-0\">jaan.masso@ut.ee<\/a>\n\t\t\t\t\t<\/div>\n\t<\/div>\n\t\t\t<div class=\"person-card__description mt-2\">\n\t\t\t<p>Jaan Masso panustab projektis ettev\u00f5tete konkurentsiv\u00f5ime uurimise osas. Jaani roll projektis on olla p\u00f5hit\u00e4itja, vastutades kvantitatiivse konkurentsiv\u00f5ime anal\u00fc\u00fcsi ja kommunikatsiooni eest.<\/p>\n\n\t\t<\/div>\n\t<\/div>\n\n\n<div class=\"person-card border rounded p-2 pb-4 mb-4\">\n\t<div class=\"d-flex \">\n\t\t\t\t\t<img loading=\"lazy\" decoding=\"async\" width=\"150\" height=\"150\" src=\"https:\/\/sisu.ut.ee\/wp-content\/uploads\/sites\/873\/Jiahao-150x150.png\" class=\"flex-shrink-0 object-fit-cover person-card__image img-fluid rounded mb-2 me-2\" alt=\"\">\n\t\t\t\t<div class=\"person-card__info\">\n\t\t\t\t\t\t\t<h3 class=\"h4 mb-2\">Jiahao Zhu <\/h3>\n\t\t\t\t\t\t\t\t\t\t\t\t\t\t\t\t\t\t\t<a href=\"mailto:jiahao.zhu@ut.ee\" class=\"mb-0\">jiahao.zhu@ut.ee<\/a>\n\t\t\t\t\t<\/div>\n\t<\/div>\n\t\t\t<div class=\"person-card__description mt-2\">\n\t\t\t<p>Jiahao Zhu on matemaatilise majandusteaduse magistrikava esimese aasta magistrant. Ta on varasemalt osalenud Eesti t\u00f6\u00f6tush\u00fcvitiste m\u00f5jusid t\u00f6\u00f6tutele anal\u00fc\u00fcsinud uuringu koostamises. K\u00e4esolevas projektis osaleb ta kvantitatiivses anal\u00fc\u00fcsis rohep\u00f6\u00f6rde m\u00f5judest Eesti ettev\u00f5tete konkurentsiv\u00f5imele, kasutades Eesti ettev\u00f5ttetaseme andmeid, eriti k\u00e4ibedeklaratsioonide andmeid ettev\u00f5tete-vaheliste tehingute kohta.<\/p>\n\n\t\t<\/div>\n\t<\/div>\n\n\n<div class=\"person-card border rounded p-2 pb-4 mb-4\">\n\t<div class=\"d-flex \">\n\t\t\t\t\t<img loading=\"lazy\" decoding=\"async\" width=\"150\" height=\"150\" src=\"https:\/\/sisu.ut.ee\/wp-content\/uploads\/sites\/873\/Brigita-Veronika-Pahn-150x150.jpg\" class=\"flex-shrink-0 object-fit-cover person-card__image img-fluid rounded mb-2 me-2\" alt=\"\">\n\t\t\t\t<div class=\"person-card__info\">\n\t\t\t\t\t\t\t<h3 class=\"h4 mb-2\">Brigita-Veronika P\u00e4hn<\/h3>\n\t\t\t\t\t\t\t\t\t\t\t\t\t\t\t\t\t\t\t<a href=\"mailto:brigita.pahn@gmail.com\" class=\"mb-0\">brigita.pahn@gmail.com<\/a>\n\t\t\t\t\t<\/div>\n\t<\/div>\n\t\t\t<div class=\"person-card__description mt-2\">\n\t\t\t<p>Brigita-Veronika P\u00e4hn on kaasaegse majanduse magistri\u00f5ppe \u00fcli\u00f5pilane. Projektis Brigita-Veronika hindab rohe\u00fclemineku poliitikate m\u00f5ju majandussektoritele.<\/p>\n\n\t\t<\/div>\n\t<\/div>\n\n\n<div class=\"person-card border rounded p-2 pb-4 mb-4\">\n\t<div class=\"d-flex \">\n\t\t\t\t\t<img loading=\"lazy\" decoding=\"async\" width=\"150\" height=\"150\" src=\"https:\/\/sisu.ut.ee\/wp-content\/uploads\/sites\/873\/Aron-Fruhling-150x150.jpg\" class=\"flex-shrink-0 object-fit-cover person-card__image img-fluid rounded mb-2 me-2\" alt=\"\">\n\t\t\t\t<div class=\"person-card__info\">\n\t\t\t\t\t\t\t<h3 class=\"h4 mb-2\">Aron Aivar Fr\u00fchling<\/h3>\n\t\t\t\t\t\t\t\t\t\t\t\t\t\t\t\t\t\t\t<a href=\"mailto:aron.aivar.fruhling@ut.ee\" class=\"mb-0\">aron.aivar.fruhling@ut.ee<\/a>\n\t\t\t\t\t<\/div>\n\t<\/div>\n\t\t\t<div class=\"person-card__description mt-2\">\n\t\t\t<p>Aron Aivar Fr\u00fchling on kaasaegse majanduse magistri\u00f5ppe \u00fcli\u00f5pilane. Projektis osaleb Aron valitud valdkondade ettev\u00f5tete intervjuude ettevalmistamises, l\u00e4biviimises ja anal\u00fc\u00fcsimises.<\/p>\n\n\t\t<\/div>\n\t<\/div>\n\n\n\n<div class=\"wp-block-group is-layout-grid wp-container-core-group-is-layout-9649a0d9 wp-block-group-is-layout-grid\"><\/div>\n\n\n\n<hr class=\"wp-block-separator has-alpha-channel-opacity\">\n","protected":false},"excerpt":{"rendered":"","protected":false},"author":254,"featured_media":0,"parent":0,"menu_order":0,"comment_status":"closed","ping_status":"closed","template":"","meta":{"_acf_changed":false,"inline_featured_image":false,"footnotes":""},"class_list":["post-130","page","type-page","status-publish","hentry"],"acf":[],"_links":{"self":[{"href":"https:\/\/sisu.ut.ee\/mkm-pol23\/wp-json\/wp\/v2\/pages\/130","targetHints":{"allow":["GET"]}}],"collection":[{"href":"https:\/\/sisu.ut.ee\/mkm-pol23\/wp-json\/wp\/v2\/pages"}],"about":[{"href":"https:\/\/sisu.ut.ee\/mkm-pol23\/wp-json\/wp\/v2\/types\/page"}],"author":[{"embeddable":true,"href":"https:\/\/sisu.ut.ee\/mkm-pol23\/wp-json\/wp\/v2\/users\/254"}],"replies":[{"embeddable":true,"href":"https:\/\/sisu.ut.ee\/mkm-pol23\/wp-json\/wp\/v2\/comments?post=130"}],"version-history":[{"count":10,"href":"https:\/\/sisu.ut.ee\/mkm-pol23\/wp-json\/wp\/v2\/pages\/130\/revisions"}],"predecessor-version":[{"id":173,"href":"https:\/\/sisu.ut.ee\/mkm-pol23\/wp-json\/wp\/v2\/pages\/130\/revisions\/173"}],"wp:attachment":[{"href":"https:\/\/sisu.ut.ee\/mkm-pol23\/wp-json\/wp\/v2\/media?parent=130"}],"curies":[{"name":"wp","href":"https:\/\/api.w.org\/{rel}","templated":true}]}}