{"id":808,"date":"2025-05-05T15:53:16","date_gmt":"2025-05-05T12:53:16","guid":{"rendered":"https:\/\/sisu.ut.ee\/mitmekeelsus\/?page_id=808"},"modified":"2025-11-07T11:12:14","modified_gmt":"2025-11-07T09:12:14","slug":"teadus","status":"publish","type":"page","link":"https:\/\/sisu.ut.ee\/mitmekeelsus\/teadus\/","title":{"rendered":"Teadus"},"content":{"rendered":"<p class=\"has-text-align-right has-extra-small-font-size\"><em>P\u00e4isepilt: Henn Roode \u201cLilleturg\u201d (1961)<\/em><\/p>\n\n\n\n<div style=\"height:55px\" aria-hidden=\"true\" class=\"wp-block-spacer\"><\/div>\n\n\n\n<h2 class=\"wp-block-heading has-primary-color has-text-color has-link-color wp-elements-1e3c8332e2bfeb413eba84adabcd104c\">Teadus<\/h2>\n\n\n\n<div style=\"height:25px\" aria-hidden=\"true\" class=\"wp-block-spacer\"><\/div>\n\n\n\n<p class=\"has-large-font-size\">Mitmekeelsuse uurimisega on Eestis tegeletud juba aastak\u00fcmneid, seekaudu on ka uurimisvaldkond temaatiliselt mitmekesine. Siit lehelt leiab \u00fclevaate uuematest mitmekeelsust ja keele\u00f5pet k\u00e4sitlevatest teadusprojektidest, populaarteaduslikest artiklitest ning teadus\u00fcritustest.<\/p>\n\n\n\n<div style=\"height:32px\" aria-hidden=\"true\" class=\"wp-block-spacer\"><\/div>\n\n\n\n<h3 class=\"wp-block-heading has-text-align-center\">Teadusprojektid<\/h3>\n\n\n\n<hr class=\"wp-block-separator has-alpha-channel-opacity\">\n\n\n<section class=\"page-cards-block page-section page-section--wide\">\n    <h2 class=\"visually-hidden\">Lehed<\/h2>\n    <div class=\"container-fluid g-0\">\n      <div class=\"row g-0\">\n                  <div class=\"col-md-4\">\n            <div class=\"page-card d-flex justify-content-center align-items-end w-100 position-relative\" style=\"background-image: url(https:\/\/sisu.ut.ee\/wp-content\/uploads\/sites\/885\/pexels-pavel-danilyuk-6340696-scaled-e1758028302255-1024x578.jpg);\">\n  <div class=\"page-card__content text-center w-100 p-2 p-lg-4\">\n          <h3 class=\"h4 text-white mb-2\">Mitmekeelse \u00f5pilase koost\u00f6ine toetamine eesti keele oskuse arendamisel: p\u00f5hikooli\u00f5petajad, lapsevanemad, koolijuhid ja koolipidajad<\/h3>\n        <a href=\"https:\/\/www.etis.ee\/Portal\/Projects\/Display\/6400bc33-5d31-4900-86e5-8d19ab53a311\" class=\"btn btn-outline-light btn-icon\" target=\"_blank\">Loe edasi<\/a>\n  <\/div>\n<\/div>\n          <\/div>\n                  <div class=\"col-md-4\">\n            <div class=\"page-card d-flex justify-content-center align-items-end w-100 position-relative\" style=\"background-image: url(https:\/\/sisu.ut.ee\/wp-content\/uploads\/sites\/885\/pexels-pixabay-159865-scaled-e1758028629975-1024x577.jpg);\">\n  <div class=\"page-card__content text-center w-100 p-2 p-lg-4\">\n          <h3 class=\"h4 text-white mb-2\">Keeleteadliku aine\u00f5ppe metoodika v\u00e4ljat\u00f6\u00f6tamine eesti keelt teise keelena omandavatele II kooliastme HEV-\u00f5pilastele<\/h3>\n        <a href=\"https:\/\/www.etis.ee\/Portal\/Projects\/Display\/d2237039-7cc9-40c5-871f-ec0e5885d7d3\" class=\"btn btn-outline-light btn-icon\" target=\"_blank\">Loe edasi<\/a>\n  <\/div>\n<\/div>\n          <\/div>\n                  <div class=\"col-md-4\">\n            <div class=\"page-card d-flex justify-content-center align-items-end w-100 position-relative\" style=\"background-image: url(https:\/\/sisu.ut.ee\/wp-content\/uploads\/sites\/885\/denis-cherkashin-qIKSsOMIhpM-unsplash-scaled-e1758027986150-1024x577.jpg);\">\n  <div class=\"page-card__content text-center w-100 p-2 p-lg-4\">\n          <h3 class=\"h4 text-white mb-2\">Digiajastu keel: suulised ja t\u0161\u00e4tivestlused<\/h3>\n        <a href=\"https:\/\/www.etis.ee\/Portal\/Projects\/Display\/7025a6c7-050b-4051-9b0c-fb2526c24751\" class=\"btn btn-outline-light btn-icon\" target=\"_blank\">Loe l\u00e4hemalt<\/a>\n  <\/div>\n<\/div>\n          <\/div>\n              <\/div>\n    <\/div>\n  <\/section>\n\n\n<section class=\"page-cards-block page-section page-section--wide\">\n    <h2 class=\"visually-hidden\">Lehed<\/h2>\n    <div class=\"container-fluid g-0\">\n      <div class=\"row g-0\">\n                  <div class=\"col-md-4\">\n            <div class=\"page-card d-flex justify-content-center align-items-end w-100 position-relative\" style=\"background-image: url(https:\/\/sisu.ut.ee\/wp-content\/uploads\/sites\/885\/MicrosoftTeams-image-18-1024x576.jpg);\">\n  <div class=\"page-card__content text-center w-100 p-2 p-lg-4\">\n          <h3 class=\"h4 text-white mb-2\">Eesti L2 h\u00e4\u00e4lduse verifitseerija loomine ja mobiilirakenduse SayEst arendamine<\/h3>\n        <a href=\"https:\/\/www.etis.ee\/Portal\/Projects\/Display\/f0a0e845-fdd3-49c0-9753-4d4c423d8e6c\" class=\"btn btn-outline-light btn-icon\" target=\"_blank\">Loe l\u00e4hemalt<\/a>\n  <\/div>\n<\/div>\n          <\/div>\n                  <div class=\"col-md-4\">\n            <div class=\"page-card d-flex justify-content-center align-items-end w-100 position-relative\" style=\"background-image: url(https:\/\/sisu.ut.ee\/wp-content\/uploads\/sites\/885\/priscilla-du-preez-ggeZ9oyI-PE-unsplash-scaled-e1758028028653-1024x577.jpg);\">\n  <div class=\"page-card__content text-center w-100 p-2 p-lg-4\">\n          <h3 class=\"h4 text-white mb-2\">Kodul\u00e4hedase kvaliteetse hariduse lubadus: ruumistrateegiad lahendamas g\u00fcmnaasiumide ligip\u00e4\u00e4su- ja keelek\u00fcsimusi<\/h3>\n        <a href=\"https:\/\/www.etis.ee\/Portal\/Projects\/Display\/8ccd5feb-5225-4551-b24e-689b0df99513\" class=\"btn btn-outline-light btn-icon\" target=\"_blank\">Loe l\u00e4hemalt<\/a>\n  <\/div>\n<\/div>\n          <\/div>\n                  <div class=\"col-md-4\">\n            <div class=\"page-card d-flex justify-content-center align-items-end w-100 position-relative\" style=\"background-image: url(https:\/\/sisu.ut.ee\/wp-content\/uploads\/sites\/885\/pexels-mikhail-nilov-8923969-scaled-e1758030626569-1024x576.jpg);\">\n  <div class=\"page-card__content text-center w-100 p-2 p-lg-4\">\n          <h3 class=\"h4 text-white mb-2\">Kakskeelsete laste keeleliste oskuste hindamisvahendite v\u00e4ljat\u00f6\u00f6tamine <\/h3>\n        <a href=\"https:\/\/www.etis.ee\/Portal\/Projects\/Display\/4ade159a-91fd-4abe-8b7e-1cd57182131c\" class=\"btn btn-outline-light btn-icon\" target=\"_blank\">Loe l\u00e4hemalt<\/a>\n  <\/div>\n<\/div>\n          <\/div>\n              <\/div>\n    <\/div>\n  <\/section>\n\n\n\n<h3 class=\"wp-block-heading has-text-align-center\">Valik populaarteaduslikke artikleid<\/h3>\n\n\n\n<hr class=\"wp-block-separator has-alpha-channel-opacity\">\n\n\n\n<p><\/p>\n\n\n<section class=\"page-cards-block page-section page-section--wide\">\n    <h2 class=\"visually-hidden\">Lehed<\/h2>\n    <div class=\"container-fluid g-0\">\n      <div class=\"row g-0\">\n                  <div class=\"col-md-6 col-lg-3\">\n            <div class=\"page-card d-flex justify-content-center align-items-end w-100 position-relative\" style=\"background-image: url(https:\/\/sisu.ut.ee\/wp-content\/uploads\/sites\/885\/pexels-ds-stories-9227500-1024x683.jpg);\">\n  <div class=\"page-card__content text-center w-100 p-2 p-lg-4\">\n          <h3 class=\"h4 text-white mb-2\">Keelte p\u00f5imimine suurendab kakskeelse v\u00e4ikelapse v\u00e4ljendusvabadust<\/h3>\n        <a href=\"https:\/\/novaator.err.ee\/1609595087\/keelte-poimimine-suurendab-kakskeelse-vaikelapse-valjendusvabadust\" class=\"btn btn-outline-light btn-icon\" target=\"_blank\">Loe edasi<\/a>\n  <\/div>\n<\/div>\n          <\/div>\n                  <div class=\"col-md-6 col-lg-3\">\n            <div class=\"page-card d-flex justify-content-center align-items-end w-100 position-relative\" style=\"background-image: url(https:\/\/sisu.ut.ee\/wp-content\/uploads\/sites\/885\/pexels-lukegreenwood-34092362-1024x683.jpg);\">\n  <div class=\"page-card__content text-center w-100 p-2 p-lg-4\">\n          <h3 class=\"h4 text-white mb-2\">Keeleteadlased: p\u00e4randkeele kirevus k\u00f5neleb eesti keele eluj\u00f5ulisusest<\/h3>\n        <a href=\"https:\/\/novaator.err.ee\/1609362212\/keeleteadlased-parandkeele-kirevus-koneleb-eesti-keele-elujoulisusest\" class=\"btn btn-outline-light btn-icon\" target=\"_blank\">Loe edasi<\/a>\n  <\/div>\n<\/div>\n          <\/div>\n                  <div class=\"col-md-6 col-lg-3\">\n            <div class=\"page-card d-flex justify-content-center align-items-end w-100 position-relative\" style=\"background-image: url(https:\/\/sisu.ut.ee\/wp-content\/uploads\/sites\/885\/resize-1024x682.jpg);\">\n  <div class=\"page-card__content text-center w-100 p-2 p-lg-4\">\n          <h3 class=\"h4 text-white mb-2\">Keeleteadlased: eestivenelased v\u00f5ivad end rahuga kakskeelseks pidada<\/h3>\n        <a href=\"https:\/\/novaator.err.ee\/1609285545\/keeleteadlased-eestivenelased-voivad-end-rahuga-kakskeelseks-pidada\" class=\"btn btn-outline-light btn-icon\" target=\"_blank\">Loe edasi<\/a>\n  <\/div>\n<\/div>\n          <\/div>\n                  <div class=\"col-md-6 col-lg-3\">\n            <div class=\"page-card d-flex justify-content-center align-items-end w-100 position-relative\" style=\"background-image: url(https:\/\/sisu.ut.ee\/wp-content\/uploads\/sites\/885\/resize-1.jpg);\">\n  <div class=\"page-card__content text-center w-100 p-2 p-lg-4\">\n          <h3 class=\"h4 text-white mb-2\">Doktorit\u00f6\u00f6: kakskeelse k\u00f5neleja keelekasutust m\u00f5jutab isiklik valik<\/h3>\n        <a href=\"https:\/\/novaator.err.ee\/1609265460\/doktoritoo-kakskeelse-koneleja-keelekasutust-mojutab-isiklik-valik\" class=\"btn btn-outline-light btn-icon\" target=\"_blank\">Loe edasi<\/a>\n  <\/div>\n<\/div>\n          <\/div>\n              <\/div>\n    <\/div>\n  <\/section>\n\n\n<div class=\"posts-cards-block page-section\">\n\t\t\t<h2 class=\"section-title\">Konverentsid<\/h2>\n\t\t\t\t\t\t\t<div class=\"row justify-content-center justify-content-md-start\">\n\t\t\t\t\t\t\t\t\t\t\t\t\t\t<div class=\"col-sm-6 col-xl-3 mb-3\">\n\t\t\t\t\t\t\t\t\t\t\t\t\t\t\t\t\t\t\t\t\t<article class=\"h-100 post-1362 post type-post status-publish format-standard has-post-thumbnail hentry category-konverents category-mitmekeelsus category-sundmused category-teadlasele category-uudised\">\n  <div class=\"article-card article-card--small d-flex flex-column h-100\">\n    <div class=\"article-card__categories d-flex flex-wrap fw-bold\">\n      <a href=\"https:\/\/sisu.ut.ee\/mitmekeelsus\/category\/konverents\/\" class=\"\">#konverents<\/a>\n      <a href=\"https:\/\/sisu.ut.ee\/mitmekeelsus\/category\/mitmekeelsus\/\" class=\"\">#mitmekeelsus<\/a>\n      <a href=\"https:\/\/sisu.ut.ee\/mitmekeelsus\/category\/sundmused\/\" class=\"\">#s\u00fcndmused<\/a>\n      <a href=\"https:\/\/sisu.ut.ee\/mitmekeelsus\/category\/teadlasele\/\" class=\"\">#teadlasele<\/a>\n      <a href=\"https:\/\/sisu.ut.ee\/mitmekeelsus\/category\/uudised\/\" class=\"\">#uudised<\/a>\n      <\/div>\n    <a href=\"https:\/\/sisu.ut.ee\/mitmekeelsus\/humanitaarteaduste-aastakonverentsil-raagiti-mitmekeelsusest-mitme-nurga-alt\/\" class=\"article-card__link d-flex flex-column\">\n              <img loading=\"lazy\" decoding=\"async\" width=\"1024\" height=\"683\" src=\"https:\/\/sisu.ut.ee\/wp-content\/uploads\/sites\/885\/EHAK_Banner_1920x1280px.webp\" class=\"img-fluid article-card__img mb-3 wp-post-image\" alt=\"\" srcset=\"https:\/\/sisu.ut.ee\/wp-content\/uploads\/sites\/885\/EHAK_Banner_1920x1280px.webp 1024w, https:\/\/sisu.ut.ee\/wp-content\/uploads\/sites\/885\/EHAK_Banner_1920x1280px-300x200.webp 300w, https:\/\/sisu.ut.ee\/wp-content\/uploads\/sites\/885\/EHAK_Banner_1920x1280px-768x512.webp 768w\" sizes=\"auto, (max-width: 1024px) 100vw, 1024px\">\n      \n      <h3 class=\"article-card__title mt-auto mb-1\">Humanitaarteaduste aastakonverentsil r\u00e4\u00e4giti mitmekeelsusest mitme nurga alt<\/h3>\n    <\/a>\n          <div class=\"d-flex justify-space-between text-xs\">\n        \n                  <time class=\"post-date\" datetime=\"2026-04-15T11:14:32+00:00\">\n            15.04.2026\n          <\/time>\n              <\/div>\n      <\/div>\n<\/article>\n\t\t\t\t\t\t\t\t\t\t\t\t\t\t\t\t\t\t<\/div>\n\t\t\t\t\t\t\t\t\t\t\t\t\t\t<div class=\"col-sm-6 col-xl-3 mb-3\">\n\t\t\t\t\t\t\t\t\t\t\t\t\t\t\t\t\t\t\t\t\t<article class=\"h-100 post-1025 post type-post status-publish format-standard has-post-thumbnail hentry category-konverents category-mitmekeelsus category-sundmused category-teadlasele category-uhiskonnale\">\n  <div class=\"article-card article-card--small d-flex flex-column h-100\">\n    <div class=\"article-card__categories d-flex flex-wrap fw-bold\">\n      <a href=\"https:\/\/sisu.ut.ee\/mitmekeelsus\/category\/konverents\/\" class=\"\">#konverents<\/a>\n      <a href=\"https:\/\/sisu.ut.ee\/mitmekeelsus\/category\/mitmekeelsus\/\" class=\"\">#mitmekeelsus<\/a>\n      <a href=\"https:\/\/sisu.ut.ee\/mitmekeelsus\/category\/sundmused\/\" class=\"\">#s\u00fcndmused<\/a>\n      <a href=\"https:\/\/sisu.ut.ee\/mitmekeelsus\/category\/teadlasele\/\" class=\"\">#teadlasele<\/a>\n      <a href=\"https:\/\/sisu.ut.ee\/mitmekeelsus\/category\/uhiskonnale\/\" class=\"\">#\u00fchiskonnale<\/a>\n      <\/div>\n    <a href=\"https:\/\/sisu.ut.ee\/mitmekeelsus\/ettekandepaneel-kas-mitmekeelsus-toetab-voi-lohestab-uhiskonna-sidusust-eesti-humanitaarteaduste-konverentsi\/\" class=\"article-card__link d-flex flex-column\">\n              <img loading=\"lazy\" decoding=\"async\" width=\"1024\" height=\"683\" src=\"https:\/\/sisu.ut.ee\/wp-content\/uploads\/sites\/885\/EHAK_Banner_1920x1280px.webp\" class=\"img-fluid article-card__img mb-3 wp-post-image\" alt=\"\" srcset=\"https:\/\/sisu.ut.ee\/wp-content\/uploads\/sites\/885\/EHAK_Banner_1920x1280px.webp 1024w, https:\/\/sisu.ut.ee\/wp-content\/uploads\/sites\/885\/EHAK_Banner_1920x1280px-300x200.webp 300w, https:\/\/sisu.ut.ee\/wp-content\/uploads\/sites\/885\/EHAK_Banner_1920x1280px-768x512.webp 768w\" sizes=\"auto, (max-width: 1024px) 100vw, 1024px\">\n      \n      <h3 class=\"article-card__title mt-auto mb-1\">Ettekandepaneel \u201cKas mitmekeelsus toetab v\u00f5i l\u00f5hestab \u00fchiskonna sidusust?\u201d Eesti humanitaarteaduste konverentsil<\/h3>\n    <\/a>\n          <div class=\"d-flex justify-space-between text-xs\">\n        \n                  <time class=\"post-date\" datetime=\"2025-11-02T16:24:43+00:00\">\n            02.11.2025\n          <\/time>\n              <\/div>\n      <\/div>\n<\/article>\n\t\t\t\t\t\t\t\t\t\t\t\t\t\t\t\t\t\t<\/div>\n\t\t\t\t\t\t\t\t\t\t\t\t\t\t<div class=\"col-sm-6 col-xl-3 mb-3\">\n\t\t\t\t\t\t\t\t\t\t\t\t\t\t\t\t\t\t\t\t\t<article class=\"h-100 post-678 post type-post status-publish format-standard has-post-thumbnail hentry category-esinemised category-konverents category-teadlasele category-uudised\">\n  <div class=\"article-card article-card--small d-flex flex-column h-100\">\n    <div class=\"article-card__categories d-flex flex-wrap fw-bold\">\n      <a href=\"https:\/\/sisu.ut.ee\/mitmekeelsus\/category\/esinemised\/\" class=\"\">#esinemised<\/a>\n      <a href=\"https:\/\/sisu.ut.ee\/mitmekeelsus\/category\/konverents\/\" class=\"\">#konverents<\/a>\n      <a href=\"https:\/\/sisu.ut.ee\/mitmekeelsus\/category\/teadlasele\/\" class=\"\">#teadlasele<\/a>\n      <a href=\"https:\/\/sisu.ut.ee\/mitmekeelsus\/category\/uudised\/\" class=\"\">#uudised<\/a>\n      <\/div>\n    <a href=\"https:\/\/sisu.ut.ee\/mitmekeelsus\/vorgustiku-bilingualism-matters-sumpoosiumil-tutvustati-eesti-parandkeeli\/\" class=\"article-card__link d-flex flex-column\">\n              <img loading=\"lazy\" decoding=\"async\" width=\"1024\" height=\"768\" src=\"https:\/\/sisu.ut.ee\/wp-content\/uploads\/sites\/885\/IMG_4899-1024x768.jpg\" class=\"img-fluid article-card__img mb-3 wp-post-image\" alt=\"\" srcset=\"https:\/\/sisu.ut.ee\/wp-content\/uploads\/sites\/885\/IMG_4899-1024x768.jpg 1024w, https:\/\/sisu.ut.ee\/wp-content\/uploads\/sites\/885\/IMG_4899-300x225.jpg 300w, https:\/\/sisu.ut.ee\/wp-content\/uploads\/sites\/885\/IMG_4899-768x576.jpg 768w, https:\/\/sisu.ut.ee\/wp-content\/uploads\/sites\/885\/IMG_4899-1536x1152.jpg 1536w, https:\/\/sisu.ut.ee\/wp-content\/uploads\/sites\/885\/IMG_4899-2048x1536.jpg 2048w, https:\/\/sisu.ut.ee\/wp-content\/uploads\/sites\/885\/IMG_4899-1920x1440.jpg 1920w\" sizes=\"auto, (max-width: 1024px) 100vw, 1024px\">\n      \n      <h3 class=\"article-card__title mt-auto mb-1\">V\u00f5rgustiku Bilingualism Matters s\u00fcmpoosiumil tutvustati eesti p\u00e4randkeeli<\/h3>\n    <\/a>\n          <div class=\"d-flex justify-space-between text-xs\">\n        \n                  <time class=\"post-date\" datetime=\"2025-03-26T15:34:14+00:00\">\n            26.03.2025\n          <\/time>\n              <\/div>\n      <\/div>\n<\/article>\n\t\t\t\t\t\t\t\t\t\t\t\t\t\t\t\t\t\t<\/div>\n\t\t\t\t\t\t\t<\/div>\n\t\t\t\t\t\t<\/div>\n\n\n\n<div style=\"height:25px\" aria-hidden=\"true\" class=\"wp-block-spacer\"><\/div>\n\n\n<section class=\"cta-block page-section\">\n\t<div class=\"container-fluid g-0\">\n\t\t<div class=\"row\">\n\t\t\t<div class=\"col-lg-7 offset-lg-2 col-xl-6 offset-xl-3\">\n\t\t\t\t<h2 class=\"h3\">Kutsu meid kooli!<\/h2>\n\t\t\t\t\t\t\t\t\t<p>Kui soovid mitmekesistada oma \u00f5ppet\u00f6\u00f6d p\u00f5neva k\u00fclalistunni v\u00f5rra, siis kutsu meid enda kooli r\u00e4\u00e4kima! Pakume k\u00fclalistunde ja t\u00f6\u00f6tube eri \u00f5ppeastmetele, tunde viivad l\u00e4bi Tartu \u00dclikooli eesti ja \u00fcldkeeleteaduse instituudi keeleteadlased. K\u00fclalistunnid toimuvad Haridus- ja Teadusministeeriumi toel koolides tasuta. Valiku v\u00f5imalikest teemadest leiab Tartu \u00dclikooli eesti keele \u00f5ppe ja keeleteadlikkuse keskuse kodulehelt (vt allolev link). Soovi korral saame pakkuda ka muid teemasid l\u00e4htuvalt kooli huvidest ning vajadustest \u2013 sel juhul v\u00f5ta meiega otse \u00fchendust aadressil mitmekeelsus@ut.ee.<\/p>\n\n\t\t\t\t\t\t\t\t\t\t\t\t\t<a href=\"https:\/\/keeleteadlikkus.ut.ee\/kulalistunnid-ja-tootoad-koolides\/\" class=\"btn btn-outline-dark btn-icon mb-0\" target=\"_blank\">Loe edasi<\/a>\n\t\t\t\t\t\t\t<\/div>\n\t\t<\/div>\n\t<\/div>\n<\/section>\n\n\n\n<div style=\"height:23px\" aria-hidden=\"true\" class=\"wp-block-spacer\"><\/div>\n","protected":false},"excerpt":{"rendered":"<p>P\u00e4isepilt: Henn Roode \u201cLilleturg\u201d (1961) Teadus Mitmekeelsuse uurimisega on Eestis tegeletud juba aastak\u00fcmneid, seekaudu on ka uurimisvaldkond temaatiliselt mitmekesine. Siit lehelt leiab \u00fclevaate uuematest mitmekeelsust ja keele\u00f5pet k\u00e4sitlevatest teadusprojektidest, populaarteaduslikest artiklitest ning teadus\u00fcritustest. Teadusprojektid Valik populaarteaduslikke artikleid<\/p>\n","protected":false},"author":828,"featured_media":0,"parent":0,"menu_order":0,"comment_status":"closed","ping_status":"closed","template":"","meta":{"_acf_changed":false,"inline_featured_image":false,"footnotes":""},"class_list":["post-808","page","type-page","status-publish","hentry"],"acf":[],"_links":{"self":[{"href":"https:\/\/sisu.ut.ee\/mitmekeelsus\/wp-json\/wp\/v2\/pages\/808","targetHints":{"allow":["GET"]}}],"collection":[{"href":"https:\/\/sisu.ut.ee\/mitmekeelsus\/wp-json\/wp\/v2\/pages"}],"about":[{"href":"https:\/\/sisu.ut.ee\/mitmekeelsus\/wp-json\/wp\/v2\/types\/page"}],"author":[{"embeddable":true,"href":"https:\/\/sisu.ut.ee\/mitmekeelsus\/wp-json\/wp\/v2\/users\/828"}],"replies":[{"embeddable":true,"href":"https:\/\/sisu.ut.ee\/mitmekeelsus\/wp-json\/wp\/v2\/comments?post=808"}],"version-history":[{"count":30,"href":"https:\/\/sisu.ut.ee\/mitmekeelsus\/wp-json\/wp\/v2\/pages\/808\/revisions"}],"predecessor-version":[{"id":1241,"href":"https:\/\/sisu.ut.ee\/mitmekeelsus\/wp-json\/wp\/v2\/pages\/808\/revisions\/1241"}],"wp:attachment":[{"href":"https:\/\/sisu.ut.ee\/mitmekeelsus\/wp-json\/wp\/v2\/media?parent=808"}],"curies":[{"name":"wp","href":"https:\/\/api.w.org\/{rel}","templated":true}]}}