{"id":20,"date":"2025-02-03T16:45:20","date_gmt":"2025-02-03T14:45:20","guid":{"rendered":"https:\/\/sisu.ut.ee\/mitmekeelsus\/?page_id=20"},"modified":"2025-09-29T17:19:06","modified_gmt":"2025-09-29T14:19:06","slug":"keskusest","status":"publish","type":"page","link":"https:\/\/sisu.ut.ee\/mitmekeelsus\/keskusest\/","title":{"rendered":"Keskusest"},"content":{"rendered":"<p class=\"has-text-align-right has-extra-small-font-size\"><em>P\u00e4isepilt: Henn Roode \u201cLilleturg\u201d (1961)<\/em><\/p>\n\n\n\n<div style=\"height:55px\" aria-hidden=\"true\" class=\"wp-block-spacer\"><\/div>\n\n\n\n<h2 class=\"wp-block-heading has-primary-color has-text-color has-link-color wp-elements-c82e70c74851149ddd51f0e6d901ef5b\">Keskusest<\/h2>\n\n\n\n<div style=\"height:25px\" aria-hidden=\"true\" class=\"wp-block-spacer\"><\/div>\n\n\n\n<p class=\"has-large-font-size\"><strong>Mitmekeelsuse keskus<\/strong> on Tartu \u00dclikooli eesti ja \u00fcldkeeleteaduse instituudi teabekeskus, mis levitab mitmekeelsusega seotud teadustulemusi, tutvustab neid huvir\u00fchmadele ja t\u00f5stab seel\u00e4bi teadlikkust mitmekeelsuse kohta. Keskus asutati 2025. aasta veebruaris. Sama aasta aprillis liitus keskus rahvusvahelise v\u00f5rgustikuga <a href=\"https:\/\/www.bilingualism-matters.org\/\"><strong>Bilingualism Matters<\/strong><\/a>, mille eesm\u00e4rk on teadusp\u00f5hiselt tutvustada mitmekeelsuse ning keele\u00f5ppega seotud teemasid eri sihtr\u00fchmade seas. K\u00fcsimuste korral v\u00f5tta \u00fchendust aadressil <a href=\"mailto:mitmekeelsus@ut.ee\">mitmekeelsus@ut.ee<\/a>.<\/p>\n\n\n\n<div style=\"height:25px\" aria-hidden=\"true\" class=\"wp-block-spacer\"><\/div>\n\n\n\n<h4 class=\"wp-block-heading has-text-align-center\">Mitmekeelsuse keskuse eesm\u00e4rgid<\/h4>\n\n\n\n<div style=\"height:15px\" aria-hidden=\"true\" class=\"wp-block-spacer\"><\/div>\n\n\n\n<div class=\"wp-block-columns is-layout-flex wp-container-core-columns-is-layout-9d6595d7 wp-block-columns-is-layout-flex\">\n<div class=\"wp-block-column is-layout-flow wp-block-column-is-layout-flow\">\n<div class=\"wp-block-cover is-light has-parallax\" style=\"min-height:250px;aspect-ratio:unset;\"><div class=\"wp-block-cover__image-background wp-image-555 has-parallax\" style=\"background-position:50% 50%;background-image:url(https:\/\/sisu.ut.ee\/wp-content\/uploads\/sites\/885\/mitmekeelsus_taust_varviline.png)\"><\/div><span aria-hidden=\"true\" class=\"wp-block-cover__background has-dark-background-color has-background-dim-30 has-background-dim\"><\/span><div class=\"wp-block-cover__inner-container is-layout-constrained wp-block-cover-is-layout-constrained\">\n<p class=\"has-text-align-center has-large-font-size\">Koondada veebilehel <strong>mitmekeelsusega seotud uurimistulemusi<\/strong>, samuti jagada veebis kasulikke praktilisi ja teoreetilisi materjale.<\/p>\n<\/div><\/div>\n<\/div>\n\n\n\n<div class=\"wp-block-column is-layout-flow wp-block-column-is-layout-flow\">\n<div class=\"wp-block-cover is-light has-parallax\" style=\"min-height:250px;aspect-ratio:unset;\"><div class=\"wp-block-cover__image-background wp-image-555 has-parallax\" style=\"background-position:50% 50%;background-image:url(https:\/\/sisu.ut.ee\/wp-content\/uploads\/sites\/885\/mitmekeelsus_taust_varviline.png)\"><\/div><span aria-hidden=\"true\" class=\"wp-block-cover__background has-dark-background-color has-background-dim-30 has-background-dim\"><\/span><div class=\"wp-block-cover__inner-container is-layout-constrained wp-block-cover-is-layout-constrained\">\n<p class=\"has-text-align-center has-large-font-size\">Luua <strong>virtuaalne teabepunkt<\/strong>, kust huvilised saavad k\u00fcsida infot mitmekeelsuse kohta.<\/p>\n<\/div><\/div>\n<\/div>\n\n\n\n<div class=\"wp-block-column is-layout-flow wp-block-column-is-layout-flow\">\n<div class=\"wp-block-cover is-light has-parallax\" style=\"min-height:250px;aspect-ratio:unset;\"><div class=\"wp-block-cover__image-background wp-image-555 has-parallax\" style=\"background-position:50% 50%;background-image:url(https:\/\/sisu.ut.ee\/wp-content\/uploads\/sites\/885\/mitmekeelsus_taust_varviline.png)\"><\/div><span aria-hidden=\"true\" class=\"wp-block-cover__background has-dark-background-color has-background-dim-30 has-background-dim\"><\/span><div class=\"wp-block-cover__inner-container is-layout-constrained wp-block-cover-is-layout-constrained\">\n<p class=\"has-text-align-center has-large-font-size\">Korraldada koolidele ja lapsevanematele <strong>t\u00f6\u00f6tubasid<\/strong> ja <strong>seminare<\/strong>, et kummutada mitmekeelsuse kohta k\u00e4ivaid m\u00fc\u00fcte.<\/p>\n<\/div><\/div>\n<\/div>\n\n\n\n<div class=\"wp-block-column is-layout-flow wp-block-column-is-layout-flow\">\n<div class=\"wp-block-cover is-light has-parallax\" style=\"min-height:250px;aspect-ratio:unset;\"><div class=\"wp-block-cover__image-background wp-image-555 has-parallax\" style=\"background-position:50% 50%;background-image:url(https:\/\/sisu.ut.ee\/wp-content\/uploads\/sites\/885\/mitmekeelsus_taust_varviline.png)\"><\/div><span aria-hidden=\"true\" class=\"wp-block-cover__background has-dark-background-color has-background-dim-30 has-background-dim\"><\/span><div class=\"wp-block-cover__inner-container is-layout-constrained wp-block-cover-is-layout-constrained\">\n<p class=\"has-text-align-center has-large-font-size\">Luua <strong>\u00fchine inforuum\u00a0uurijatele<\/strong>, kes tegelevad mitmekeelsuse eri aspektidega.<\/p>\n<\/div><\/div>\n<\/div>\n<\/div>\n\n\n\n<div style=\"height:32px\" aria-hidden=\"true\" class=\"wp-block-spacer\"><\/div>\n\n\n\n<figure class=\"wp-block-image size-medium is-resized\"><img loading=\"lazy\" decoding=\"async\" width=\"300\" height=\"174\" src=\"https:\/\/sisu.ut.ee\/wp-content\/uploads\/sites\/885\/Kaasrahastanud_EL_kaksiklogod_EST_hor_color_RGB-300x174.jpg\" alt=\"\" class=\"wp-image-1100\" style=\"width:305px;height:auto\" srcset=\"https:\/\/sisu.ut.ee\/wp-content\/uploads\/sites\/885\/Kaasrahastanud_EL_kaksiklogod_EST_hor_color_RGB-300x174.jpg 300w, https:\/\/sisu.ut.ee\/wp-content\/uploads\/sites\/885\/Kaasrahastanud_EL_kaksiklogod_EST_hor_color_RGB-768x446.jpg 768w, https:\/\/sisu.ut.ee\/wp-content\/uploads\/sites\/885\/Kaasrahastanud_EL_kaksiklogod_EST_hor_color_RGB.jpg 1022w\" sizes=\"auto, (max-width: 300px) 100vw, 300px\"><\/figure>\n\n\n\n<hr class=\"wp-block-separator has-alpha-channel-opacity\">\n\n\n\n<div style=\"height:32px\" aria-hidden=\"true\" class=\"wp-block-spacer\"><\/div>\n\n\n\n<h3 class=\"wp-block-heading\">T\u00f6\u00f6tajad<\/h3>\n\n\n\n<div style=\"height:25px\" aria-hidden=\"true\" class=\"wp-block-spacer\"><\/div>\n\n\n<div class=\"person-card person-card--wide border-bottom py-2 mb-4\">\n\t\t<div class=\"row px-2 px-lg-1\">\n\t\t\t<div class=\"col-md-4\">\n\t\t\t\t\t\t\t\t\t<h3 class=\"h4 mb-2\">Virve Vihman<\/h3>\n\t\t\t\t\t\t\t<\/div>\n\t\t\t<div class=\"col-md-4\">\n\t\t\t\t\t\t\t\t\t<div class=\"person-card__description mb-2 mb-md-0\">\n\t\t\t\t\t\t<p>juhataja, Tartu \u00dclikooli ps\u00fchholingvistika professor<\/p>\n\n\t\t\t\t\t<\/div>\n\t\t\t\t\t\t\t<\/div>\n\t\t\t<div class=\"col-md-4\">\n\t\t\t\t\t\t\t\t\t<div class=\"person-card__info text-md-end\">\n\t\t\t\t\t\t\t\t\t\t\t\t\t\t\t\t\t\t\t\t\t\t\t\t\t<a href=\"mailto:virve.vihman@ut.ee\" class=\"mb-0\">virve.vihman@ut.ee<\/a>\n\t\t\t\t\t\t\t\t\t\t\t<\/div>\n\t\t\t\t\t\t\t<\/div>\n\t\t<\/div>\n\t<\/div>\n\n\n<div class=\"person-card person-card--wide border-bottom py-2 mb-4\">\n\t\t<div class=\"row px-2 px-lg-1\">\n\t\t\t<div class=\"col-md-4\">\n\t\t\t\t\t\t\t\t\t<h3 class=\"h4 mb-2\">Kerttu Rozenvalde<\/h3>\n\t\t\t\t\t\t\t<\/div>\n\t\t\t<div class=\"col-md-4\">\n\t\t\t\t\t\t\t\t\t<div class=\"person-card__description mb-2 mb-md-0\">\n\t\t\t\t\t\t<p>asejuhataja, Tartu \u00dclikooli keelepoliitika ja eesti keele teise keelena kaasprofessor<\/p>\n\n\t\t\t\t\t<\/div>\n\t\t\t\t\t\t\t<\/div>\n\t\t\t<div class=\"col-md-4\">\n\t\t\t\t\t\t\t\t\t<div class=\"person-card__info text-md-end\">\n\t\t\t\t\t\t\t\t\t\t\t\t\t\t\t\t\t\t\t\t\t\t\t\t\t<a href=\"mailto:kerttu.rozenvalde@ut.ee\" class=\"mb-0\">kerttu.rozenvalde@ut.ee<\/a>\n\t\t\t\t\t\t\t\t\t\t\t<\/div>\n\t\t\t\t\t\t\t<\/div>\n\t\t<\/div>\n\t<\/div>\n\n\n<div class=\"person-card person-card--wide border-bottom py-2 mb-4\">\n\t\t<div class=\"row px-2 px-lg-1\">\n\t\t\t<div class=\"col-md-4\">\n\t\t\t\t\t\t\t\t\t<h3 class=\"h4 mb-2\">Mari-Liis Korkus<\/h3>\n\t\t\t\t\t\t\t<\/div>\n\t\t\t<div class=\"col-md-4\">\n\t\t\t\t\t\t\t\t\t<div class=\"person-card__description mb-2 mb-md-0\">\n\t\t\t\t\t\t<p>teadmussiirde koordinaator<\/p>\n\n\t\t\t\t\t<\/div>\n\t\t\t\t\t\t\t<\/div>\n\t\t\t<div class=\"col-md-4\">\n\t\t\t\t\t\t\t\t\t<div class=\"person-card__info text-md-end\">\n\t\t\t\t\t\t\t\t\t\t\t\t\t\t\t\t\t\t\t\t\t\t\t\t\t<a href=\"mailto:mari-liis.korkus@ut.ee\" class=\"mb-0\">mari-liis.korkus@ut.ee<\/a>\n\t\t\t\t\t\t\t\t\t\t\t<\/div>\n\t\t\t\t\t\t\t<\/div>\n\t\t<\/div>\n\t<\/div>\n\n\n<div class=\"person-card person-card--wide border-bottom py-2 mb-4\">\n\t\t<div class=\"row px-2 px-lg-1\">\n\t\t\t<div class=\"col-md-4\">\n\t\t\t\t\t\t\t\t\t<h3 class=\"h4 mb-2\">Moon Meier<\/h3>\n\t\t\t\t\t\t\t<\/div>\n\t\t\t<div class=\"col-md-4\">\n\t\t\t\t\t\t\t\t\t<div class=\"person-card__description mb-2 mb-md-0\">\n\t\t\t\t\t\t<p>MiKo projekti assistent<\/p>\n\n\t\t\t\t\t<\/div>\n\t\t\t\t\t\t\t<\/div>\n\t\t\t<div class=\"col-md-4\">\n\t\t\t\t\t\t\t\t\t<div class=\"person-card__info text-md-end\">\n\t\t\t\t\t\t\t\t\t\t\t\t\t\t\t\t\t\t\t\t\t\t\t\t\t<a href=\"mailto:moon.meier@ut.ee\" class=\"mb-0\">moon.meier@ut.ee<\/a>\n\t\t\t\t\t\t\t\t\t\t\t<\/div>\n\t\t\t\t\t\t\t<\/div>\n\t\t<\/div>\n\t<\/div>\n\n\n\n<p><\/p>\n\n\n\n<div style=\"height:32px\" aria-hidden=\"true\" class=\"wp-block-spacer\"><\/div>\n\n\n\n<h3 class=\"wp-block-heading\">N\u00f5ukoda<\/h3>\n\n\n\n<div style=\"height:25px\" aria-hidden=\"true\" class=\"wp-block-spacer\"><\/div>\n\n\n\n<h4 class=\"wp-block-heading has-primary-color has-text-color has-link-color wp-elements-dab4a69c28b81bee19f5c9c8469a3049\">Tartu \u00dclikooli eesti ja \u00fcldkeeleteaduse instituut<\/h4>\n\n\n\n<div style=\"height:25px\" aria-hidden=\"true\" class=\"wp-block-spacer\"><\/div>\n\n\n<div class=\"person-card person-card--wide border-bottom py-2 mb-4\">\n\t\t<div class=\"row px-2 px-lg-1\">\n\t\t\t<div class=\"col-md-4\">\n\t\t\t\t\t\t\t\t\t<h3 class=\"h4 mb-2\">Birute Klaas-Lang<\/h3>\n\t\t\t\t\t\t\t<\/div>\n\t\t\t<div class=\"col-md-4\">\n\t\t\t\t\t\t\t\t\t<div class=\"person-card__description mb-2 mb-md-0\">\n\t\t\t\t\t\t<p>Tartu \u00dclikooli eesti keele v\u00f5\u00f5rkeelena professor<\/p>\n\n\t\t\t\t\t<\/div>\n\t\t\t\t\t\t\t<\/div>\n\t\t\t<div class=\"col-md-4\">\n\t\t\t\t\t\t\t<\/div>\n\t\t<\/div>\n\t<\/div>\n\n\n<div class=\"person-card person-card--wide border-bottom py-2 mb-4\">\n\t\t<div class=\"row px-2 px-lg-1\">\n\t\t\t<div class=\"col-md-4\">\n\t\t\t\t\t\t\t\t\t<h3 class=\"h4 mb-2\">Renate Pajusalu<\/h3>\n\t\t\t\t\t\t\t<\/div>\n\t\t\t<div class=\"col-md-4\">\n\t\t\t\t\t\t\t\t\t<div class=\"person-card__description mb-2 mb-md-0\">\n\t\t\t\t\t\t<p>Tartu \u00dclikooli \u00fcldkeeleteaduse professor<\/p>\n\n\t\t\t\t\t<\/div>\n\t\t\t\t\t\t\t<\/div>\n\t\t\t<div class=\"col-md-4\">\n\t\t\t\t\t\t\t<\/div>\n\t\t<\/div>\n\t<\/div>\n\n\n<div class=\"person-card person-card--wide border-bottom py-2 mb-4\">\n\t\t<div class=\"row px-2 px-lg-1\">\n\t\t\t<div class=\"col-md-4\">\n\t\t\t\t\t\t\t\t\t<h3 class=\"h4 mb-2\">Kadri Koreinik<\/h3>\n\t\t\t\t\t\t\t<\/div>\n\t\t\t<div class=\"col-md-4\">\n\t\t\t\t\t\t\t\t\t<div class=\"person-card__description mb-2 mb-md-0\">\n\t\t\t\t\t\t<p>Tartu \u00dclikooli keelesotsioloogia kaasprofessor<\/p>\n\n\t\t\t\t\t<\/div>\n\t\t\t\t\t\t\t<\/div>\n\t\t\t<div class=\"col-md-4\">\n\t\t\t\t\t\t\t<\/div>\n\t\t<\/div>\n\t<\/div>\n\n\n<div class=\"person-card person-card--wide border-bottom py-2 mb-4\">\n\t\t<div class=\"row px-2 px-lg-1\">\n\t\t\t<div class=\"col-md-4\">\n\t\t\t\t\t\t\t\t\t<h3 class=\"h4 mb-2\">Kristiina Praakli<\/h3>\n\t\t\t\t\t\t\t<\/div>\n\t\t\t<div class=\"col-md-4\">\n\t\t\t\t\t\t\t\t\t<div class=\"person-card__description mb-2 mb-md-0\">\n\t\t\t\t\t\t<p>Tartu \u00dclikooli rakenduslingvistika kaasprofessor<\/p>\n\n\t\t\t\t\t<\/div>\n\t\t\t\t\t\t\t<\/div>\n\t\t\t<div class=\"col-md-4\">\n\t\t\t\t\t\t\t<\/div>\n\t\t<\/div>\n\t<\/div>\n\n\n\n<div style=\"height:32px\" aria-hidden=\"true\" class=\"wp-block-spacer\"><\/div>\n\n\n\n<h4 class=\"wp-block-heading has-primary-color has-text-color has-link-color wp-elements-185d802a6a4df0f51889bd644e2a9ca2\">Tartu \u00dclikooli maailma keelte ja kultuuride kolled\u017e<\/h4>\n\n\n\n<div style=\"height:25px\" aria-hidden=\"true\" class=\"wp-block-spacer\"><\/div>\n\n\n<div class=\"person-card person-card--wide border-bottom py-2 mb-4\">\n\t\t<div class=\"row px-2 px-lg-1\">\n\t\t\t<div class=\"col-md-4\">\n\t\t\t\t\t\t\t\t\t<h3 class=\"h4 mb-2\">Terje Loogus<\/h3>\n\t\t\t\t\t\t\t<\/div>\n\t\t\t<div class=\"col-md-4\">\n\t\t\t\t\t\t\t\t\t<div class=\"person-card__description mb-2 mb-md-0\">\n\t\t\t\t\t\t<p>Tartu \u00dclikooli maailma keelte ja kultuuride kolled\u017ei direktor, t\u00f5lke\u00f5petuse kaasprofessor<\/p>\n\n\t\t\t\t\t<\/div>\n\t\t\t\t\t\t\t<\/div>\n\t\t\t<div class=\"col-md-4\">\n\t\t\t\t\t\t\t<\/div>\n\t\t<\/div>\n\t<\/div>\n\n\n\n<div style=\"height:32px\" aria-hidden=\"true\" class=\"wp-block-spacer\"><\/div>\n\n\n\n<h4 class=\"wp-block-heading has-primary-color has-text-color has-link-color wp-elements-9ad43a0f07749b7b1e62f0953af7070a\">Tartu \u00dclikooli haridusteaduste instituut<\/h4>\n\n\n\n<div style=\"height:25px\" aria-hidden=\"true\" class=\"wp-block-spacer\"><\/div>\n\n\n<div class=\"person-card person-card--wide border-bottom py-2 mb-4\">\n\t\t<div class=\"row px-2 px-lg-1\">\n\t\t\t<div class=\"col-md-4\">\n\t\t\t\t\t\t\t\t\t<h3 class=\"h4 mb-2\">Marika Padrik<\/h3>\n\t\t\t\t\t\t\t<\/div>\n\t\t\t<div class=\"col-md-4\">\n\t\t\t\t\t\t\t\t\t<div class=\"person-card__description mb-2 mb-md-0\">\n\t\t\t\t\t\t<p>Tartu \u00dclikooli logopeedia kaasprofessor<\/p>\n\n\t\t\t\t\t<\/div>\n\t\t\t\t\t\t\t<\/div>\n\t\t\t<div class=\"col-md-4\">\n\t\t\t\t\t\t\t<\/div>\n\t\t<\/div>\n\t<\/div>\n\n\n\n<div style=\"height:32px\" aria-hidden=\"true\" class=\"wp-block-spacer\"><\/div>\n\n\n\n<h4 class=\"wp-block-heading has-primary-color has-text-color has-link-color wp-elements-0e90beb2e3c2fdfcf58fb2137ba88b24\">Tartu \u00dclikooli Narva kolled\u017e<\/h4>\n\n\n\n<div style=\"height:25px\" aria-hidden=\"true\" class=\"wp-block-spacer\"><\/div>\n\n\n<div class=\"person-card person-card--wide border-bottom py-2 mb-4\">\n\t\t<div class=\"row px-2 px-lg-1\">\n\t\t\t<div class=\"col-md-4\">\n\t\t\t\t\t\t\t\t\t<h3 class=\"h4 mb-2\">Piret K\u00e4rtner<\/h3>\n\t\t\t\t\t\t\t<\/div>\n\t\t\t<div class=\"col-md-4\">\n\t\t\t\t\t\t\t\t\t<div class=\"person-card__description mb-2 mb-md-0\">\n\t\t\t\t\t\t<p>Tartu \u00dclikooli Narva kolled\u017ei \u00f5ppedirektor<\/p>\n\n\t\t\t\t\t<\/div>\n\t\t\t\t\t\t\t<\/div>\n\t\t\t<div class=\"col-md-4\">\n\t\t\t\t\t\t\t<\/div>\n\t\t<\/div>\n\t<\/div>\n\n\n\n<div style=\"height:32px\" aria-hidden=\"true\" class=\"wp-block-spacer\"><\/div>\n\n\n\n<h4 class=\"wp-block-heading has-primary-color has-text-color has-link-color wp-elements-2b8e00b67b86e4a24a5bfdc862bd1d8c\">Tallinna \u00dclikooli humanitaarteaduste instituut<\/h4>\n\n\n\n<div style=\"height:25px\" aria-hidden=\"true\" class=\"wp-block-spacer\"><\/div>\n\n\n<div class=\"person-card person-card--wide border-bottom py-2 mb-4\">\n\t\t<div class=\"row px-2 px-lg-1\">\n\t\t\t<div class=\"col-md-4\">\n\t\t\t\t\t\t\t\t\t<h3 class=\"h4 mb-2\">Anna Verschik<\/h3>\n\t\t\t\t\t\t\t<\/div>\n\t\t\t<div class=\"col-md-4\">\n\t\t\t\t\t\t\t\t\t<div class=\"person-card__description mb-2 mb-md-0\">\n\t\t\t\t\t\t<p>Tallinna \u00dclikooli \u00fcldkeeleteaduse professor<\/p>\n\n\t\t\t\t\t<\/div>\n\t\t\t\t\t\t\t<\/div>\n\t\t\t<div class=\"col-md-4\">\n\t\t\t\t\t\t\t<\/div>\n\t\t<\/div>\n\t<\/div>\n\n\n\n<div style=\"height:32px\" aria-hidden=\"true\" class=\"wp-block-spacer\"><\/div>\n\n\n\n<h4 class=\"wp-block-heading has-primary-color has-text-color has-link-color wp-elements-d087ea19ab2cb1a00c3a5b9e42f249aa\">Eesti Keele Instituut<\/h4>\n\n\n\n<div style=\"height:25px\" aria-hidden=\"true\" class=\"wp-block-spacer\"><\/div>\n\n\n<div class=\"person-card person-card--wide border-bottom py-2 mb-4\">\n\t\t<div class=\"row px-2 px-lg-1\">\n\t\t\t<div class=\"col-md-4\">\n\t\t\t\t\t\t\t\t\t<h3 class=\"h4 mb-2\">Sirli Zupping<\/h3>\n\t\t\t\t\t\t\t<\/div>\n\t\t\t<div class=\"col-md-4\">\n\t\t\t\t\t\t\t\t\t<div class=\"person-card__description mb-2 mb-md-0\">\n\t\t\t\t\t\t<p>Eesti Keele Instituudi t\u00e4nap\u00e4eva eesti keele osakonna juhataja<\/p>\n\n\t\t\t\t\t<\/div>\n\t\t\t\t\t\t\t<\/div>\n\t\t\t<div class=\"col-md-4\">\n\t\t\t\t\t\t\t<\/div>\n\t\t<\/div>\n\t<\/div>\n\n\n<div class=\"person-card person-card--wide border-bottom py-2 mb-4\">\n\t\t<div class=\"row px-2 px-lg-1\">\n\t\t\t<div class=\"col-md-4\">\n\t\t\t\t\t\t\t\t\t<h3 class=\"h4 mb-2\">Jelena Kallas<\/h3>\n\t\t\t\t\t\t\t<\/div>\n\t\t\t<div class=\"col-md-4\">\n\t\t\t\t\t\t\t\t\t<div class=\"person-card__description mb-2 mb-md-0\">\n\t\t\t\t\t\t<p>Eesti Keele Instituudi t\u00e4nap\u00e4eva eesti keele osakonna vanemteadur-projektijuht<\/p>\n\n\t\t\t\t\t<\/div>\n\t\t\t\t\t\t\t<\/div>\n\t\t\t<div class=\"col-md-4\">\n\t\t\t\t\t\t\t<\/div>\n\t\t<\/div>\n\t<\/div>\n\n\n\n<div style=\"height:23px\" aria-hidden=\"true\" class=\"wp-block-spacer\"><\/div>\n","protected":false},"excerpt":{"rendered":"<p>P\u00e4isepilt: Henn Roode \u201cLilleturg\u201d (1961) Keskusest Mitmekeelsuse keskus on Tartu \u00dclikooli eesti ja \u00fcldkeeleteaduse instituudi teabekeskus, mis levitab mitmekeelsusega seotud teadustulemusi, tutvustab neid huvir\u00fchmadele ja t\u00f5stab seel\u00e4bi teadlikkust mitmekeelsuse kohta. Keskus asutati 2025. aasta veebruaris. Sama aasta aprillis liitus keskus &#8230;<\/p>\n","protected":false},"author":308,"featured_media":0,"parent":0,"menu_order":0,"comment_status":"closed","ping_status":"closed","template":"","meta":{"_acf_changed":false,"inline_featured_image":false,"footnotes":""},"class_list":["post-20","page","type-page","status-publish","hentry"],"acf":[],"_links":{"self":[{"href":"https:\/\/sisu.ut.ee\/mitmekeelsus\/wp-json\/wp\/v2\/pages\/20","targetHints":{"allow":["GET"]}}],"collection":[{"href":"https:\/\/sisu.ut.ee\/mitmekeelsus\/wp-json\/wp\/v2\/pages"}],"about":[{"href":"https:\/\/sisu.ut.ee\/mitmekeelsus\/wp-json\/wp\/v2\/types\/page"}],"author":[{"embeddable":true,"href":"https:\/\/sisu.ut.ee\/mitmekeelsus\/wp-json\/wp\/v2\/users\/308"}],"replies":[{"embeddable":true,"href":"https:\/\/sisu.ut.ee\/mitmekeelsus\/wp-json\/wp\/v2\/comments?post=20"}],"version-history":[{"count":29,"href":"https:\/\/sisu.ut.ee\/mitmekeelsus\/wp-json\/wp\/v2\/pages\/20\/revisions"}],"predecessor-version":[{"id":1181,"href":"https:\/\/sisu.ut.ee\/mitmekeelsus\/wp-json\/wp\/v2\/pages\/20\/revisions\/1181"}],"wp:attachment":[{"href":"https:\/\/sisu.ut.ee\/mitmekeelsus\/wp-json\/wp\/v2\/media?parent=20"}],"curies":[{"name":"wp","href":"https:\/\/api.w.org\/{rel}","templated":true}]}}