{"id":2,"date":"2025-02-03T13:46:03","date_gmt":"2025-02-03T13:46:03","guid":{"rendered":"https:\/\/sisu.ut.ee\/mitmekeelsus\/?page_id=2"},"modified":"2026-01-11T21:15:49","modified_gmt":"2026-01-11T19:15:49","slug":"sample-page","status":"publish","type":"page","link":"https:\/\/sisu.ut.ee\/mitmekeelsus\/","title":{"rendered":"Avaleht"},"content":{"rendered":"<p class=\"has-text-align-right has-extra-small-font-size\"><em>P\u00e4isepilt: Henn Roode \u201cLilleturg\u201d (1961)<\/em><\/p>\n\n\n\n<div style=\"height:55px\" aria-hidden=\"true\" class=\"wp-block-spacer\"><\/div>\n\n\n\n<h2 class=\"wp-block-heading has-primary-color has-text-color has-link-color wp-elements-b82525b6e460e61fd8b95f30d84c7f44\">Avaleht<\/h2>\n\n\n\n<div style=\"height:25px\" aria-hidden=\"true\" class=\"wp-block-spacer\"><\/div>\n\n\n\n<p class=\"has-text-align-left has-large-font-size\">2025. aasta veebruarist tegutseb Tartu \u00dclikoolis <strong>mitmekeelsuse keskus<\/strong>, mis asub eesti ja \u00fcldkeeleteaduse instituudis ning kuulub rahvusvahelisse v\u00f5rgustikku <em><a href=\"https:\/\/www.bilingualism-matters.org\/\">Bilingualism Matters<\/a><\/em>. Keskuse eesm\u00e4rk on levitada mitmekeelsusega seotud teadustulemusi, tutvustada neid huvir\u00fchmadele ja t\u00f5sta seel\u00e4bi teadlikkust mitmekeelsuse kohta.<\/p>\n\n\n<section class=\"page-cards-block page-section page-section--wide\">\n    <h2 class=\"visually-hidden\">Lehed<\/h2>\n    <div class=\"container-fluid g-0\">\n      <div class=\"row g-0\">\n                  <div class=\"col-md-6 col-lg-3\">\n            <div class=\"page-card d-flex justify-content-center align-items-end w-100 position-relative\" style=\"background-image: url(https:\/\/sisu.ut.ee\/wp-content\/uploads\/sites\/885\/Jakobi_2_TU_humanitaarteaduste_ja_kunstide_valdkond-1024x768.jpg);\">\n  <div class=\"page-card__content text-center w-100 p-2 p-lg-4\">\n          <h3 class=\"h4 text-white mb-2\">Keskusest<\/h3>\n        <a href=\"https:\/\/sisu.ut.ee\/mitmekeelsus\/keskusest\/\" class=\"btn btn-outline-light btn-icon\" target=\"_self\">Loe edasi<\/a>\n  <\/div>\n<\/div>\n          <\/div>\n                  <div class=\"col-md-6 col-lg-3\">\n            <div class=\"page-card d-flex justify-content-center align-items-end w-100 position-relative\" style=\"background-image: url(https:\/\/sisu.ut.ee\/wp-content\/uploads\/sites\/885\/pexels-pixabay-159711-1024x681.jpg);\">\n  <div class=\"page-card__content text-center w-100 p-2 p-lg-4\">\n          <h3 class=\"h4 text-white mb-2\">Materjalid<\/h3>\n        <a href=\"https:\/\/sisu.ut.ee\/mitmekeelsus\/materjalid\/\" class=\"btn btn-outline-light btn-icon\" target=\"_self\">Loe edasi<\/a>\n  <\/div>\n<\/div>\n          <\/div>\n                  <div class=\"col-md-6 col-lg-3\">\n            <div class=\"page-card d-flex justify-content-center align-items-end w-100 position-relative\" style=\"background-image: url(https:\/\/sisu.ut.ee\/wp-content\/uploads\/sites\/885\/pexels-zen-chung-5745174-scaled-e1758039281103-794x1024.jpg);\">\n  <div class=\"page-card__content text-center w-100 p-2 p-lg-4\">\n          <h3 class=\"h4 text-white mb-2\">Koolitused<\/h3>\n        <a href=\"https:\/\/sisu.ut.ee\/mitmekeelsus\/koolitused\/\" class=\"btn btn-outline-light btn-icon\" target=\"_self\">Loe edasi<\/a>\n  <\/div>\n<\/div>\n          <\/div>\n                  <div class=\"col-md-6 col-lg-3\">\n            <div class=\"page-card d-flex justify-content-center align-items-end w-100 position-relative\" style=\"background-image: url(https:\/\/sisu.ut.ee\/wp-content\/uploads\/sites\/885\/pexels-cottonbro-4065617-scaled-e1758040062630-1024x910.jpg);\">\n  <div class=\"page-card__content text-center w-100 p-2 p-lg-4\">\n          <h3 class=\"h4 text-white mb-2\">Teadus<\/h3>\n        <a href=\"https:\/\/sisu.ut.ee\/mitmekeelsus\/teadus\/\" class=\"btn btn-outline-light btn-icon\" target=\"_self\">Loe edasi<\/a>\n  <\/div>\n<\/div>\n          <\/div>\n              <\/div>\n    <\/div>\n  <\/section>\n\n\n<section class=\"cta-block page-section\">\n\t<div class=\"container-fluid g-0\">\n\t\t<div class=\"row\">\n\t\t\t<div class=\"col-lg-7 offset-lg-2 col-xl-6 offset-xl-3\">\n\t\t\t\t<h2 class=\"h3\">Mis on mitmekeelsus?<\/h2>\n\t\t\t\t\t\t\t\t\t<p>\u201cKuigi v\u00f5ib tunduda, et mitmekeelsus on iseloomulik just viimasele ajale, pole see nii. Ilmselt on mitmekeelsus sama vana, nagu keel kui selline [\u2014]. Mitmekeelsus ei t\u00e4henda seda, et k\u00f5iki keeli osatakse v\u00f5rdselt v\u00f5i ideaalselt. [\u2014] Samuti ei t\u00e4henda mitmekeelsus mitme keele omandamist varajases lapsep\u00f5lves v\u00f5i et identiteet oleks seotud k\u00f5igi keeltega, mida osatakse. T\u00e4nap\u00e4evased definitsioonid r\u00f5hutavad, et mitmekeelsus on v\u00f5ime kasutada mitut keelt, mitte midagi muud.\u201d (Anna Verschik)<\/p>\n\n\t\t\t\t\t\t\t\t\t\t\t\t\t<a href=\"https:\/\/sisu.ut.ee\/mitmekeelsus\/materjalid\/\" class=\"btn btn-outline-dark btn-icon mb-0\" target=\"_blank\">Loe edasi<\/a>\n\t\t\t\t\t\t\t<\/div>\n\t\t<\/div>\n\t<\/div>\n<\/section>\n\n\n<div class=\"posts-cards-block page-section\">\n\t\t\t<h2 class=\"section-title\">Viimased uudised<\/h2>\n\t\t\t\t\t\t\t<div class=\"row justify-content-center justify-content-md-start\">\n\t\t\t\t\t\t\t\t\t\t\t\t\t\t<div class=\"col-sm-6 col-xl-3 mb-3\">\n\t\t\t\t\t\t\t\t\t\t\t\t\t\t\t\t\t\t\t\t\t<article class=\"h-100 post-1370 post type-post status-publish format-standard has-post-thumbnail hentry category-doktoritoo category-keeleope category-mitmekeelsus category-teadlasele category-uhiskonnale category-uudised\">\n  <div class=\"article-card article-card--small d-flex flex-column h-100\">\n    <div class=\"article-card__categories d-flex flex-wrap fw-bold\">\n      <a href=\"https:\/\/sisu.ut.ee\/mitmekeelsus\/category\/doktoritoo\/\" class=\"\">#doktorit\u00f6\u00f6<\/a>\n      <a href=\"https:\/\/sisu.ut.ee\/mitmekeelsus\/category\/keeleope\/\" class=\"\">#keele\u00f5pe<\/a>\n      <a href=\"https:\/\/sisu.ut.ee\/mitmekeelsus\/category\/mitmekeelsus\/\" class=\"\">#mitmekeelsus<\/a>\n      <a href=\"https:\/\/sisu.ut.ee\/mitmekeelsus\/category\/teadlasele\/\" class=\"\">#teadlasele<\/a>\n      <a href=\"https:\/\/sisu.ut.ee\/mitmekeelsus\/category\/uhiskonnale\/\" class=\"\">#\u00fchiskonnale<\/a>\n      <a href=\"https:\/\/sisu.ut.ee\/mitmekeelsus\/category\/uudised\/\" class=\"\">#uudised<\/a>\n      <\/div>\n    <a href=\"https:\/\/sisu.ut.ee\/mitmekeelsus\/anna-branets-suhtlemise-juures-ei-ole-koige-tahtsam-mitte-keeleoskus-ise-vaid-motivatsioon\/\" class=\"article-card__link d-flex flex-column\">\n              <img loading=\"lazy\" decoding=\"async\" width=\"1024\" height=\"683\" src=\"https:\/\/sisu.ut.ee\/wp-content\/uploads\/sites\/885\/priscilla-du-preez-K8XYGbw4Ahg-unsplash-1024x683.jpg\" class=\"img-fluid article-card__img mb-3 wp-post-image\" alt=\"\" srcset=\"https:\/\/sisu.ut.ee\/wp-content\/uploads\/sites\/885\/priscilla-du-preez-K8XYGbw4Ahg-unsplash-1024x683.jpg 1024w, https:\/\/sisu.ut.ee\/wp-content\/uploads\/sites\/885\/priscilla-du-preez-K8XYGbw4Ahg-unsplash-300x200.jpg 300w, https:\/\/sisu.ut.ee\/wp-content\/uploads\/sites\/885\/priscilla-du-preez-K8XYGbw4Ahg-unsplash-768x512.jpg 768w, https:\/\/sisu.ut.ee\/wp-content\/uploads\/sites\/885\/priscilla-du-preez-K8XYGbw4Ahg-unsplash-1920x1280.jpg 1920w\" sizes=\"auto, (max-width: 1024px) 100vw, 1024px\">\n      \n      <h3 class=\"article-card__title mt-auto mb-1\">Anna Branets: suhtlemise juures ei ole k\u00f5ige t\u00e4htsam mitte keeleoskus ise, vaid motivatsioon<\/h3>\n    <\/a>\n          <div class=\"d-flex justify-space-between text-xs\">\n        \n                  <time class=\"post-date\" datetime=\"2026-04-17T10:01:33+00:00\">\n            17.04.2026\n          <\/time>\n              <\/div>\n      <\/div>\n<\/article>\n\t\t\t\t\t\t\t\t\t\t\t\t\t\t\t\t\t\t<\/div>\n\t\t\t\t\t\t\t\t\t\t\t\t\t\t<div class=\"col-sm-6 col-xl-3 mb-3\">\n\t\t\t\t\t\t\t\t\t\t\t\t\t\t\t\t\t\t\t\t\t<article class=\"h-100 post-1362 post type-post status-publish format-standard has-post-thumbnail hentry category-konverents category-mitmekeelsus category-sundmused category-teadlasele category-uudised\">\n  <div class=\"article-card article-card--small d-flex flex-column h-100\">\n    <div class=\"article-card__categories d-flex flex-wrap fw-bold\">\n      <a href=\"https:\/\/sisu.ut.ee\/mitmekeelsus\/category\/konverents\/\" class=\"\">#konverents<\/a>\n      <a href=\"https:\/\/sisu.ut.ee\/mitmekeelsus\/category\/mitmekeelsus\/\" class=\"\">#mitmekeelsus<\/a>\n      <a href=\"https:\/\/sisu.ut.ee\/mitmekeelsus\/category\/sundmused\/\" class=\"\">#s\u00fcndmused<\/a>\n      <a href=\"https:\/\/sisu.ut.ee\/mitmekeelsus\/category\/teadlasele\/\" class=\"\">#teadlasele<\/a>\n      <a href=\"https:\/\/sisu.ut.ee\/mitmekeelsus\/category\/uudised\/\" class=\"\">#uudised<\/a>\n      <\/div>\n    <a href=\"https:\/\/sisu.ut.ee\/mitmekeelsus\/humanitaarteaduste-aastakonverentsil-raagiti-mitmekeelsusest-mitme-nurga-alt\/\" class=\"article-card__link d-flex flex-column\">\n              <img loading=\"lazy\" decoding=\"async\" width=\"1024\" height=\"683\" src=\"https:\/\/sisu.ut.ee\/wp-content\/uploads\/sites\/885\/EHAK_Banner_1920x1280px.webp\" class=\"img-fluid article-card__img mb-3 wp-post-image\" alt=\"\" srcset=\"https:\/\/sisu.ut.ee\/wp-content\/uploads\/sites\/885\/EHAK_Banner_1920x1280px.webp 1024w, https:\/\/sisu.ut.ee\/wp-content\/uploads\/sites\/885\/EHAK_Banner_1920x1280px-300x200.webp 300w, https:\/\/sisu.ut.ee\/wp-content\/uploads\/sites\/885\/EHAK_Banner_1920x1280px-768x512.webp 768w\" sizes=\"auto, (max-width: 1024px) 100vw, 1024px\">\n      \n      <h3 class=\"article-card__title mt-auto mb-1\">Humanitaarteaduste aastakonverentsil r\u00e4\u00e4giti mitmekeelsusest mitme nurga alt<\/h3>\n    <\/a>\n          <div class=\"d-flex justify-space-between text-xs\">\n        \n                  <time class=\"post-date\" datetime=\"2026-04-15T11:14:32+00:00\">\n            15.04.2026\n          <\/time>\n              <\/div>\n      <\/div>\n<\/article>\n\t\t\t\t\t\t\t\t\t\t\t\t\t\t\t\t\t\t<\/div>\n\t\t\t\t\t\t\t\t\t\t\t\t\t\t<div class=\"col-sm-6 col-xl-3 mb-3\">\n\t\t\t\t\t\t\t\t\t\t\t\t\t\t\t\t\t\t\t\t\t<article class=\"h-100 post-1313 post type-post status-publish format-standard has-post-thumbnail hentry category-keeleomandamine category-keeleope category-koolikulastused category-koostoo category-mitmekeelsus category-teadlasele category-uhiskonnale category-uudised\">\n  <div class=\"article-card article-card--small d-flex flex-column h-100\">\n    <div class=\"article-card__categories d-flex flex-wrap fw-bold\">\n      <a href=\"https:\/\/sisu.ut.ee\/mitmekeelsus\/category\/keeleomandamine\/\" class=\"\">#keeleomandamine<\/a>\n      <a href=\"https:\/\/sisu.ut.ee\/mitmekeelsus\/category\/keeleope\/\" class=\"\">#keele\u00f5pe<\/a>\n      <a href=\"https:\/\/sisu.ut.ee\/mitmekeelsus\/category\/koolikulastused\/\" class=\"\">#koolik\u00fclastused<\/a>\n      <a href=\"https:\/\/sisu.ut.ee\/mitmekeelsus\/category\/koostoo\/\" class=\"\">#koost\u00f6\u00f6<\/a>\n      <a href=\"https:\/\/sisu.ut.ee\/mitmekeelsus\/category\/mitmekeelsus\/\" class=\"\">#mitmekeelsus<\/a>\n      <a href=\"https:\/\/sisu.ut.ee\/mitmekeelsus\/category\/teadlasele\/\" class=\"\">#teadlasele<\/a>\n      <a href=\"https:\/\/sisu.ut.ee\/mitmekeelsus\/category\/uhiskonnale\/\" class=\"\">#\u00fchiskonnale<\/a>\n      <a href=\"https:\/\/sisu.ut.ee\/mitmekeelsus\/category\/uudised\/\" class=\"\">#uudised<\/a>\n      <\/div>\n    <a href=\"https:\/\/sisu.ut.ee\/mitmekeelsus\/uleminek-latikeelsele-oppele-on-eestis-toimuvast-oppekeelereformist-intensiivsem\/\" class=\"article-card__link d-flex flex-column\">\n              <img loading=\"lazy\" decoding=\"async\" width=\"1024\" height=\"576\" src=\"https:\/\/sisu.ut.ee\/wp-content\/uploads\/sites\/885\/IMG_0222-2-edited-1-1024x576.jpeg\" class=\"img-fluid article-card__img mb-3 wp-post-image\" alt=\"\" srcset=\"https:\/\/sisu.ut.ee\/wp-content\/uploads\/sites\/885\/IMG_0222-2-edited-1-1024x576.jpeg 1024w, https:\/\/sisu.ut.ee\/wp-content\/uploads\/sites\/885\/IMG_0222-2-edited-1-300x169.jpeg 300w, https:\/\/sisu.ut.ee\/wp-content\/uploads\/sites\/885\/IMG_0222-2-edited-1-768x432.jpeg 768w, https:\/\/sisu.ut.ee\/wp-content\/uploads\/sites\/885\/IMG_0222-2-edited-1-1920x1080.jpeg 1920w\" sizes=\"auto, (max-width: 1024px) 100vw, 1024px\">\n      \n      <h3 class=\"article-card__title mt-auto mb-1\">\u00dcleminek l\u00e4tikeelsele \u00f5ppele on Eestis toimuvast \u00f5ppekeelereformist intensiivsem<\/h3>\n    <\/a>\n          <div class=\"d-flex justify-space-between text-xs\">\n        \n                  <time class=\"post-date\" datetime=\"2026-04-11T17:55:49+00:00\">\n            11.04.2026\n          <\/time>\n              <\/div>\n      <\/div>\n<\/article>\n\t\t\t\t\t\t\t\t\t\t\t\t\t\t\t\t\t\t<\/div>\n\t\t\t\t\t\t\t\t\t\t\t\t\t\t<div class=\"col-sm-6 col-xl-3 mb-3\">\n\t\t\t\t\t\t\t\t\t\t\t\t\t\t\t\t\t\t\t\t\t<article class=\"h-100 post-1322 post type-post status-publish format-standard has-post-thumbnail hentry category-keeleomandamine category-keeleope category-mitmekeelsus category-uhiskonnale category-uudised tag-arvamus tag-uhiskond\">\n  <div class=\"article-card article-card--small d-flex flex-column h-100\">\n    <div class=\"article-card__categories d-flex flex-wrap fw-bold\">\n      <a href=\"https:\/\/sisu.ut.ee\/mitmekeelsus\/category\/keeleomandamine\/\" class=\"\">#keeleomandamine<\/a>\n      <a href=\"https:\/\/sisu.ut.ee\/mitmekeelsus\/category\/keeleope\/\" class=\"\">#keele\u00f5pe<\/a>\n      <a href=\"https:\/\/sisu.ut.ee\/mitmekeelsus\/category\/mitmekeelsus\/\" class=\"\">#mitmekeelsus<\/a>\n      <a href=\"https:\/\/sisu.ut.ee\/mitmekeelsus\/category\/uhiskonnale\/\" class=\"\">#\u00fchiskonnale<\/a>\n      <a href=\"https:\/\/sisu.ut.ee\/mitmekeelsus\/category\/uudised\/\" class=\"\">#uudised<\/a>\n      <\/div>\n    <a href=\"https:\/\/sisu.ut.ee\/mitmekeelsus\/anna-verschik-keeleoskus-on-osa-julgeolekust\/\" class=\"article-card__link d-flex flex-column\">\n              <img loading=\"lazy\" decoding=\"async\" width=\"1024\" height=\"683\" src=\"https:\/\/sisu.ut.ee\/wp-content\/uploads\/sites\/885\/pexels-lukegreenwood-34092362-1024x683.jpg\" class=\"img-fluid article-card__img mb-3 wp-post-image\" alt=\"\" srcset=\"https:\/\/sisu.ut.ee\/wp-content\/uploads\/sites\/885\/pexels-lukegreenwood-34092362-1024x683.jpg 1024w, https:\/\/sisu.ut.ee\/wp-content\/uploads\/sites\/885\/pexels-lukegreenwood-34092362-300x200.jpg 300w, https:\/\/sisu.ut.ee\/wp-content\/uploads\/sites\/885\/pexels-lukegreenwood-34092362-768x512.jpg 768w, https:\/\/sisu.ut.ee\/wp-content\/uploads\/sites\/885\/pexels-lukegreenwood-34092362-1536x1024.jpg 1536w, https:\/\/sisu.ut.ee\/wp-content\/uploads\/sites\/885\/pexels-lukegreenwood-34092362-2048x1365.jpg 2048w, https:\/\/sisu.ut.ee\/wp-content\/uploads\/sites\/885\/pexels-lukegreenwood-34092362-1920x1280.jpg 1920w\" sizes=\"auto, (max-width: 1024px) 100vw, 1024px\">\n      \n      <h3 class=\"article-card__title mt-auto mb-1\">Anna Verschik: keeleoskus on osa julgeolekust<\/h3>\n    <\/a>\n          <div class=\"d-flex justify-space-between text-xs\">\n        \n                  <time class=\"post-date\" datetime=\"2026-04-08T07:34:44+00:00\">\n            08.04.2026\n          <\/time>\n              <\/div>\n      <\/div>\n<\/article>\n\t\t\t\t\t\t\t\t\t\t\t\t\t\t\t\t\t\t<\/div>\n\t\t\t\t\t\t\t<\/div>\n\t\t\t\t\t\t<\/div>\n\n\n\n<div class=\"wp-block-buttons is-content-justification-right is-layout-flex wp-container-core-buttons-is-layout-765c4724 wp-block-buttons-is-layout-flex\">\n<div class=\"wp-block-button is-style-outline is-style-outline--1\"><a class=\"wp-block-button__link wp-element-button\">Rohkem uudiseid<\/a><\/div>\n<\/div>\n\n\n<div class=\"posts-cards-block page-section\">\n\t\t\t<h2 class=\"section-title\">Tulevased s\u00fcndmused<\/h2>\n\t\t\t\t\t\t\t<div class=\"row justify-content-center justify-content-md-start\">\n\t\t\t\t\t\t\t\t\t\t\t\t\t\t<div class=\"col-sm-6 col-xl-3 mb-3\">\n\t\t\t\t\t\t\t\t\t\t\t\t\t\t\t\t\t\t\t\t\t<article class=\"h-100 post-1362 post type-post status-publish format-standard has-post-thumbnail hentry category-konverents category-mitmekeelsus category-sundmused category-teadlasele category-uudised\">\n  <div class=\"article-card article-card--small d-flex flex-column h-100\">\n    <div class=\"article-card__categories d-flex flex-wrap fw-bold\">\n      <a href=\"https:\/\/sisu.ut.ee\/mitmekeelsus\/category\/konverents\/\" class=\"\">#konverents<\/a>\n      <a href=\"https:\/\/sisu.ut.ee\/mitmekeelsus\/category\/mitmekeelsus\/\" class=\"\">#mitmekeelsus<\/a>\n      <a href=\"https:\/\/sisu.ut.ee\/mitmekeelsus\/category\/sundmused\/\" class=\"\">#s\u00fcndmused<\/a>\n      <a href=\"https:\/\/sisu.ut.ee\/mitmekeelsus\/category\/teadlasele\/\" class=\"\">#teadlasele<\/a>\n      <a href=\"https:\/\/sisu.ut.ee\/mitmekeelsus\/category\/uudised\/\" class=\"\">#uudised<\/a>\n      <\/div>\n    <a href=\"https:\/\/sisu.ut.ee\/mitmekeelsus\/humanitaarteaduste-aastakonverentsil-raagiti-mitmekeelsusest-mitme-nurga-alt\/\" class=\"article-card__link d-flex flex-column\">\n              <img loading=\"lazy\" decoding=\"async\" width=\"1024\" height=\"683\" src=\"https:\/\/sisu.ut.ee\/wp-content\/uploads\/sites\/885\/EHAK_Banner_1920x1280px.webp\" class=\"img-fluid article-card__img mb-3 wp-post-image\" alt=\"\" srcset=\"https:\/\/sisu.ut.ee\/wp-content\/uploads\/sites\/885\/EHAK_Banner_1920x1280px.webp 1024w, https:\/\/sisu.ut.ee\/wp-content\/uploads\/sites\/885\/EHAK_Banner_1920x1280px-300x200.webp 300w, https:\/\/sisu.ut.ee\/wp-content\/uploads\/sites\/885\/EHAK_Banner_1920x1280px-768x512.webp 768w\" sizes=\"auto, (max-width: 1024px) 100vw, 1024px\">\n      \n      <h3 class=\"article-card__title mt-auto mb-1\">Humanitaarteaduste aastakonverentsil r\u00e4\u00e4giti mitmekeelsusest mitme nurga alt<\/h3>\n    <\/a>\n          <div class=\"d-flex justify-space-between text-xs\">\n        \n                  <time class=\"post-date\" datetime=\"2026-04-15T11:14:32+00:00\">\n            15.04.2026\n          <\/time>\n              <\/div>\n      <\/div>\n<\/article>\n\t\t\t\t\t\t\t\t\t\t\t\t\t\t\t\t\t\t<\/div>\n\t\t\t\t\t\t\t\t\t\t\t\t\t\t<div class=\"col-sm-6 col-xl-3 mb-3\">\n\t\t\t\t\t\t\t\t\t\t\t\t\t\t\t\t\t\t\t\t\t<article class=\"h-100 post-1025 post type-post status-publish format-standard has-post-thumbnail hentry category-konverents category-mitmekeelsus category-sundmused category-teadlasele category-uhiskonnale\">\n  <div class=\"article-card article-card--small d-flex flex-column h-100\">\n    <div class=\"article-card__categories d-flex flex-wrap fw-bold\">\n      <a href=\"https:\/\/sisu.ut.ee\/mitmekeelsus\/category\/konverents\/\" class=\"\">#konverents<\/a>\n      <a href=\"https:\/\/sisu.ut.ee\/mitmekeelsus\/category\/mitmekeelsus\/\" class=\"\">#mitmekeelsus<\/a>\n      <a href=\"https:\/\/sisu.ut.ee\/mitmekeelsus\/category\/sundmused\/\" class=\"\">#s\u00fcndmused<\/a>\n      <a href=\"https:\/\/sisu.ut.ee\/mitmekeelsus\/category\/teadlasele\/\" class=\"\">#teadlasele<\/a>\n      <a href=\"https:\/\/sisu.ut.ee\/mitmekeelsus\/category\/uhiskonnale\/\" class=\"\">#\u00fchiskonnale<\/a>\n      <\/div>\n    <a href=\"https:\/\/sisu.ut.ee\/mitmekeelsus\/ettekandepaneel-kas-mitmekeelsus-toetab-voi-lohestab-uhiskonna-sidusust-eesti-humanitaarteaduste-konverentsi\/\" class=\"article-card__link d-flex flex-column\">\n              <img loading=\"lazy\" decoding=\"async\" width=\"1024\" height=\"683\" src=\"https:\/\/sisu.ut.ee\/wp-content\/uploads\/sites\/885\/EHAK_Banner_1920x1280px.webp\" class=\"img-fluid article-card__img mb-3 wp-post-image\" alt=\"\" srcset=\"https:\/\/sisu.ut.ee\/wp-content\/uploads\/sites\/885\/EHAK_Banner_1920x1280px.webp 1024w, https:\/\/sisu.ut.ee\/wp-content\/uploads\/sites\/885\/EHAK_Banner_1920x1280px-300x200.webp 300w, https:\/\/sisu.ut.ee\/wp-content\/uploads\/sites\/885\/EHAK_Banner_1920x1280px-768x512.webp 768w\" sizes=\"auto, (max-width: 1024px) 100vw, 1024px\">\n      \n      <h3 class=\"article-card__title mt-auto mb-1\">Ettekandepaneel \u201cKas mitmekeelsus toetab v\u00f5i l\u00f5hestab \u00fchiskonna sidusust?\u201d Eesti humanitaarteaduste konverentsil<\/h3>\n    <\/a>\n          <div class=\"d-flex justify-space-between text-xs\">\n        \n                  <time class=\"post-date\" datetime=\"2025-11-02T16:24:43+00:00\">\n            02.11.2025\n          <\/time>\n              <\/div>\n      <\/div>\n<\/article>\n\t\t\t\t\t\t\t\t\t\t\t\t\t\t\t\t\t\t<\/div>\n\t\t\t\t\t\t\t<\/div>\n\t\t\t\t\t\t<\/div>\n\n\n\n<div style=\"height:23px\" aria-hidden=\"true\" class=\"wp-block-spacer\"><\/div>\n\n\n\n<hr class=\"wp-block-separator has-alpha-channel-opacity\">\n\n\n<section class=\"cta-block page-section\">\n\t<div class=\"container-fluid g-0\">\n\t\t<div class=\"row\">\n\t\t\t<div class=\"col-lg-7 offset-lg-2 col-xl-6 offset-xl-3\">\n\t\t\t\t<h2 class=\"h3\">Mitmekeelsuse keskuse uudiskiri<\/h2>\n\t\t\t\t\t\t\t\t\t<p>Listi kaudu vahendame T\u00dc eesti ja \u00fcldkeeleteaduse instituudi mitmekeelsuse keskuse uudiseid: mitmekeelsusega seotud s\u00fcndmusi, avalikke esinemisi, artikleid meedias jmt. <\/p>\n\n\t\t\t\t\t\t\t\t\t\t\t\t\t<a href=\"https:\/\/lists.ut.ee\/wws\/info\/mitmekeelsus.uudiskiri\" class=\"btn btn-outline-dark btn-icon mb-0\" target=\"_self\">Liitu siin<\/a>\n\t\t\t\t\t\t\t<\/div>\n\t\t<\/div>\n\t<\/div>\n<\/section>\n\n\n\n<div style=\"height:23px\" aria-hidden=\"true\" class=\"wp-block-spacer\"><\/div>\n\n\n\n<p><\/p>\n","protected":false},"excerpt":{"rendered":"<p>P\u00e4isepilt: Henn Roode \u201cLilleturg\u201d (1961) Avaleht 2025. aasta veebruarist tegutseb Tartu \u00dclikoolis mitmekeelsuse keskus, mis asub eesti ja \u00fcldkeeleteaduse instituudis ning kuulub rahvusvahelisse v\u00f5rgustikku Bilingualism Matters. Keskuse eesm\u00e4rk on levitada mitmekeelsusega seotud teadustulemusi, tutvustada neid huvir\u00fchmadele ja t\u00f5sta seel\u00e4bi teadlikkust &#8230;<\/p>\n","protected":false},"author":308,"featured_media":0,"parent":0,"menu_order":0,"comment_status":"closed","ping_status":"open","template":"","meta":{"_acf_changed":false,"inline_featured_image":false,"footnotes":""},"class_list":["post-2","page","type-page","status-publish","hentry"],"acf":[],"_links":{"self":[{"href":"https:\/\/sisu.ut.ee\/mitmekeelsus\/wp-json\/wp\/v2\/pages\/2","targetHints":{"allow":["GET"]}}],"collection":[{"href":"https:\/\/sisu.ut.ee\/mitmekeelsus\/wp-json\/wp\/v2\/pages"}],"about":[{"href":"https:\/\/sisu.ut.ee\/mitmekeelsus\/wp-json\/wp\/v2\/types\/page"}],"author":[{"embeddable":true,"href":"https:\/\/sisu.ut.ee\/mitmekeelsus\/wp-json\/wp\/v2\/users\/308"}],"replies":[{"embeddable":true,"href":"https:\/\/sisu.ut.ee\/mitmekeelsus\/wp-json\/wp\/v2\/comments?post=2"}],"version-history":[{"count":29,"href":"https:\/\/sisu.ut.ee\/mitmekeelsus\/wp-json\/wp\/v2\/pages\/2\/revisions"}],"predecessor-version":[{"id":1256,"href":"https:\/\/sisu.ut.ee\/mitmekeelsus\/wp-json\/wp\/v2\/pages\/2\/revisions\/1256"}],"wp:attachment":[{"href":"https:\/\/sisu.ut.ee\/mitmekeelsus\/wp-json\/wp\/v2\/media?parent=2"}],"curies":[{"name":"wp","href":"https:\/\/api.w.org\/{rel}","templated":true}]}}