{"id":1175,"date":"2025-10-01T12:52:49","date_gmt":"2025-10-01T09:52:49","guid":{"rendered":"https:\/\/sisu.ut.ee\/mitmekeelsus\/?page_id=1175"},"modified":"2025-11-02T09:59:19","modified_gmt":"2025-11-02T07:59:19","slug":"kusi-meilt","status":"publish","type":"page","link":"https:\/\/sisu.ut.ee\/mitmekeelsus\/kusi-meilt\/","title":{"rendered":"K\u00fcsi meilt!"},"content":{"rendered":"<p class=\"has-text-align-right has-extra-small-font-size\"><em>P\u00e4isepilt: Henn Roode \u201cLilleturg\u201d (1961)<\/em><\/p>\n\n\n\n<div style=\"height:55px\" aria-hidden=\"true\" class=\"wp-block-spacer\"><\/div>\n\n\n\n<h2 class=\"wp-block-heading has-primary-color has-text-color has-link-color wp-elements-54c080cfc10f781a723fca8695e9747f\">K\u00fcsi meilt!<\/h2>\n\n\n\n<div style=\"height:25px\" aria-hidden=\"true\" class=\"wp-block-spacer\"><\/div>\n\n\n\n<p class=\"has-large-font-size\">Kui Sul tekkinud m\u00f5ni mitmekeelsusega seotud k\u00fcsimus, siis v\u00f5ta meie keskusega \u00fchendust. Keeleteadlaste toel anname Sulle n\u00f5u mitmesugustel teemadel, nagu n\u00e4iteks:<\/p>\n\n\n\n<ul class=\"wp-block-list\">\n<li class=\"has-large-font-size\">Mitmekeelse lapse areng<\/li>\n\n\n\n<li class=\"has-large-font-size\">Mitmekeelsuse m\u00f5jud<\/li>\n\n\n\n<li class=\"has-large-font-size\">Mitmekeelne keelekasutus<\/li>\n\n\n\n<li class=\"has-large-font-size\">Muu emakeelega laps eestikeelses koolis<\/li>\n\n\n\n<li class=\"has-large-font-size\">Kodukeele hoidmine teises keelekeskkonnas<\/li>\n<\/ul>\n\n\n\n<p class=\"has-large-font-size\">S\u00f5ltuvalt k\u00fcsimusest vastame Sulle m\u00f5ne t\u00f6\u00f6p\u00e4eva jooksul. Tutvu kindlasti ka mitmekeelsust k\u00e4sitlevate materjalidega, mille leiad <a href=\"https:\/\/sisu.ut.ee\/mitmekeelsus\/materjalid\/\" data-type=\"page\" data-id=\"1005\">siit<\/a>.<\/p>\n\n\n\n<div class=\"wp-block-buttons is-layout-flex wp-block-buttons-is-layout-flex\">\n<div class=\"wp-block-button\"><a class=\"wp-block-button__link wp-element-button\" href=\"mailto:mitmekeelsus@ut.ee\">V\u00f5ta meiega \u00fchendust<\/a><\/div>\n<\/div>\n\n\n\n<div style=\"height:23px\" aria-hidden=\"true\" class=\"wp-block-spacer\"><\/div>\n","protected":false},"excerpt":{"rendered":"<p>P\u00e4isepilt: Henn Roode \u201cLilleturg\u201d (1961) K\u00fcsi meilt! Kui Sul tekkinud m\u00f5ni mitmekeelsusega seotud k\u00fcsimus, siis v\u00f5ta meie keskusega \u00fchendust. Keeleteadlaste toel anname Sulle n\u00f5u mitmesugustel teemadel, nagu n\u00e4iteks: S\u00f5ltuvalt k\u00fcsimusest vastame Sulle m\u00f5ne t\u00f6\u00f6p\u00e4eva jooksul. Tutvu kindlasti ka mitmekeelsust k\u00e4sitlevate &#8230;<\/p>\n","protected":false},"author":308,"featured_media":0,"parent":0,"menu_order":0,"comment_status":"closed","ping_status":"closed","template":"","meta":{"_acf_changed":false,"inline_featured_image":false,"footnotes":""},"class_list":["post-1175","page","type-page","status-publish","hentry"],"acf":[],"_links":{"self":[{"href":"https:\/\/sisu.ut.ee\/mitmekeelsus\/wp-json\/wp\/v2\/pages\/1175","targetHints":{"allow":["GET"]}}],"collection":[{"href":"https:\/\/sisu.ut.ee\/mitmekeelsus\/wp-json\/wp\/v2\/pages"}],"about":[{"href":"https:\/\/sisu.ut.ee\/mitmekeelsus\/wp-json\/wp\/v2\/types\/page"}],"author":[{"embeddable":true,"href":"https:\/\/sisu.ut.ee\/mitmekeelsus\/wp-json\/wp\/v2\/users\/308"}],"replies":[{"embeddable":true,"href":"https:\/\/sisu.ut.ee\/mitmekeelsus\/wp-json\/wp\/v2\/comments?post=1175"}],"version-history":[{"count":6,"href":"https:\/\/sisu.ut.ee\/mitmekeelsus\/wp-json\/wp\/v2\/pages\/1175\/revisions"}],"predecessor-version":[{"id":1223,"href":"https:\/\/sisu.ut.ee\/mitmekeelsus\/wp-json\/wp\/v2\/pages\/1175\/revisions\/1223"}],"wp:attachment":[{"href":"https:\/\/sisu.ut.ee\/mitmekeelsus\/wp-json\/wp\/v2\/media?parent=1175"}],"curies":[{"name":"wp","href":"https:\/\/api.w.org\/{rel}","templated":true}]}}