{"id":19,"date":"2024-04-04T03:43:51","date_gmt":"2024-04-04T00:43:51","guid":{"rendered":"https:\/\/sisu.ut.ee\/minuandmed\/kokkuvote\/"},"modified":"2024-04-04T03:43:56","modified_gmt":"2024-04-04T00:43:56","slug":"kokkuvote","status":"publish","type":"page","link":"https:\/\/sisu.ut.ee\/minuandmed\/kokkuvote\/","title":{"rendered":"Kokkuv\u00f5te"},"content":{"rendered":"<p><span>Enne andmete jagamist m\u00f5tle l\u00e4bi ja vasta j\u00e4rgmistele k\u00fcsimustele:<\/span><\/p>\n<ul>\n<li>Kas on vajalik jagada?<\/li>\n<li>Mida plaanid jagada?<\/li>\n<li>Kellele plaanid jagada?<\/li>\n<\/ul>\n<p><span>Andmete hoidmisel ja varukoopiate tegemisel l\u00e4htu j\u00e4rgmistest p\u00f5him\u00f5tetest:<\/span><\/p>\n<ul>\n<li>Hoia oma andmeid mitmes erinevas f\u00fc\u00fcsilises kohas.<\/li>\n<li>Tee regulaarselt varukoopiaid.<\/li>\n<li>Veendu, et varukoopiaid tehakse ja varukoopiad on taastatavad.<\/li>\n<li>Keela volitamata ligip\u00e4\u00e4s andmetele.<\/li>\n<\/ul>\n<p>Turvalist andmete hoidmist ja kasutamist!<\/p>\n<p><img loading=\"lazy\" decoding=\"async\" width=\"1280\" height=\"720\" class=\"alignnone wp-image-23\" src=\"https:\/\/sisu.ut.ee\/wp-content\/uploads\/sites\/252\/er_pilt_ball-457334_1280.jpg\" title=\"Sinu andmed on oluline infovara, mida hoida\" alt=\"Sinu andmed on oluline infovara, mida hoida\" srcset=\"https:\/\/sisu.ut.ee\/wp-content\/uploads\/sites\/252\/er_pilt_ball-457334_1280.jpg 1280w, https:\/\/sisu.ut.ee\/wp-content\/uploads\/sites\/252\/er_pilt_ball-457334_1280-300x169.jpg 300w, https:\/\/sisu.ut.ee\/wp-content\/uploads\/sites\/252\/er_pilt_ball-457334_1280-1024x576.jpg 1024w, https:\/\/sisu.ut.ee\/wp-content\/uploads\/sites\/252\/er_pilt_ball-457334_1280-768x432.jpg 768w\" sizes=\"auto, (max-width: 1280px) 100vw, 1280px\"><\/p>\n<p><a href=\"https:\/\/pixabay.com\/en\/ball-about-binary-ball-hand-keep-457334\/\" target=\"_blank\" rel=\"noopener\">Allikas<\/a><\/p>\n","protected":false},"excerpt":{"rendered":"<p>Enne andmete jagamist m\u00f5tle l\u00e4bi ja vasta j\u00e4rgmistele k\u00fcsimustele: Kas on vajalik jagada? Mida plaanid jagada? Kellele plaanid jagada? Andmete hoidmisel ja varukoopiate tegemisel l\u00e4htu j\u00e4rgmistest p\u00f5him\u00f5tetest: Hoia oma andmeid mitmes erinevas f\u00fc\u00fcsilises kohas. Tee regulaarselt varukoopiaid. Veendu, et varukoopiaid &#8230;<\/p>\n","protected":false},"author":6,"featured_media":0,"parent":0,"menu_order":0,"comment_status":"closed","ping_status":"closed","template":"","meta":{"_acf_changed":false,"inline_featured_image":false,"footnotes":""},"class_list":["post-19","page","type-page","status-publish","hentry"],"acf":[],"_links":{"self":[{"href":"https:\/\/sisu.ut.ee\/minuandmed\/wp-json\/wp\/v2\/pages\/19","targetHints":{"allow":["GET"]}}],"collection":[{"href":"https:\/\/sisu.ut.ee\/minuandmed\/wp-json\/wp\/v2\/pages"}],"about":[{"href":"https:\/\/sisu.ut.ee\/minuandmed\/wp-json\/wp\/v2\/types\/page"}],"author":[{"embeddable":true,"href":"https:\/\/sisu.ut.ee\/minuandmed\/wp-json\/wp\/v2\/users\/6"}],"replies":[{"embeddable":true,"href":"https:\/\/sisu.ut.ee\/minuandmed\/wp-json\/wp\/v2\/comments?post=19"}],"version-history":[{"count":1,"href":"https:\/\/sisu.ut.ee\/minuandmed\/wp-json\/wp\/v2\/pages\/19\/revisions"}],"predecessor-version":[{"id":54,"href":"https:\/\/sisu.ut.ee\/minuandmed\/wp-json\/wp\/v2\/pages\/19\/revisions\/54"}],"wp:attachment":[{"href":"https:\/\/sisu.ut.ee\/minuandmed\/wp-json\/wp\/v2\/media?parent=19"}],"curies":[{"name":"wp","href":"https:\/\/api.w.org\/{rel}","templated":true}]}}