{"id":16,"date":"2024-04-04T03:43:51","date_gmt":"2024-04-04T00:43:51","guid":{"rendered":"https:\/\/sisu.ut.ee\/minuandmed\/andmete-hoidmine-oma-seadmes\/"},"modified":"2024-04-04T03:43:56","modified_gmt":"2024-04-04T00:43:56","slug":"andmete-hoidmine-oma-seadmes","status":"publish","type":"page","link":"https:\/\/sisu.ut.ee\/minuandmed\/andmete-hoidmine-oma-seadmes\/","title":{"rendered":"Andmete hoidmine oma seadmes"},"content":{"rendered":"<p><span style=\"font-size: 10.5pt;line-height: 107%\">Andmete hoidmine enda seadmes on \u00fcsna levinud andmete hoiustamise viis. Selle hoiustamisviisi eeliseks on, et andmetele saab kohe ligi, pole vaja interneti\u00fchendust. Kui rakendada oma seadmes andmetele ligip\u00e4\u00e4semiseks turvameetmeid (n\u00e4iteks ligip\u00e4\u00e4supiirang parooliga, tulem\u00fc\u00fcr ja viiruset\u00f5rjetarkvara), siis v\u00f5id ennast \u00fcsna kindlalt tunda, sest teised Sinu andmetele ligi ei p\u00e4\u00e4se.<\/span><\/p>\n<h2><span>Ohud andmete hoidmisel ainult oma seadmes<\/span><\/h2>\n<p><span style=\"font-size: 10.5pt;line-height: 107%\">Andmete hoidmisega ainult oma seadmes kaasnevad ohud. Kui seadme sees olev <strong>k\u00f5vaketas v\u00f5i v\u00e4lkm\u00e4luseade l\u00e4heb katki<\/strong>, siis v\u00f5ivad andmed h\u00e4vida ja nendele enam ligi ei p\u00e4\u00e4se. Andmete taastamise teenus on suhteliselt kallis ja sageli ei suudeta sel viisil k\u00f5iki andmeid taastada.<\/span><\/p>\n<p><span style=\"font-size: 10.5pt;line-height: 107%\">Kui Sinu seadmes pole viiruset\u00f5rjetarkvara ja tarkvara on pikka aega uuendamata, siis kasvab t\u00f5en\u00e4osus, et v\u00f5id mingil viisil saada enda arvutisse viiruse v\u00f5i pahavara. Pahavara v\u00f5ib Su failid kustutada v\u00f5i kr\u00fcpteerida ning n\u00f5uda andmete lahti kr\u00fcpteerimise eest tasu.\u00a0<\/span><\/p>\n<p><span style=\"font-size: 10.5pt;line-height: 107%\"><span style=\"font-size: 10.5pt;line-height: 107%\"><span style=\"font-size: 10.5pt;line-height: 107%\">Kr\u00fcpteerimine t\u00e4hendab loetaval kujul oleva informatsiooni muutmist loetamatuks. Ilma kr\u00fcpteerimisel kasutatud v\u00f5tit teadmata ei saa kr\u00fcpteeritud infot dekr\u00fcpteerida ehk esialgsele kujule viia.<\/span><\/span><\/span><\/p>\n<p><span style=\"font-size: 10.5pt;line-height: 107%\">Samuti on suureks <strong>ohuks arvutikasutaja m\u00f5tteviis<\/strong>, et seade on siiani t\u00f6\u00f6tanud h\u00e4sti ja pole midagi juhtunud, j\u00e4relikult ei juhtu ka tulevikus. See m\u00f5tteviis on v\u00e4ga ohtlik, sest tekitab <strong>vale turvatunde<\/strong>. Seadme komponendid vananevad aja jooksul v\u00e4liskeskkonna m\u00f5jul (temperatuur, vibratsioon, niiskus) ja <strong>rikkimineku t\u00f5en\u00e4osus kasvab<\/strong>. Sageli kasvab ajaga seadmes hoitava infovara hulk ja v\u00e4\u00e4rtus.<\/span><\/p>\n<p><span style=\"font-size: 10.5pt;line-height: 107%\">\u00dcks oht on <strong>seadme kaotamine v\u00f5i varastamine<\/strong>. Varastamise korral saab pahalane \u00fcsna p\u00f5hjalikult tutvuda Sinu ja Su l\u00e4hedaste digitaalse eluga ning <strong>planeerida n\u00e4iteks Sinu vara r\u00f6\u00f6vi<\/strong> v\u00f5i raha andmete tagasisaamise eest. Muuhulgas ei v\u00e4lista andmete tagasisaamine seda, et pahalane on teinud andmetest koopiaid ja k\u00fcsib j\u00e4rgmist <strong>lunaraha<\/strong> andmete mitte-avalikustamise eest. Selle vastu aitab seadmes olevate andmete <strong>kr\u00fcpteerimine<\/strong>.<\/span><\/p>\n<p>Alates Windows Vistast on v\u00f5imalus t\u00f6\u00f6le h\u00e4\u00e4lestada kogu ketta kr\u00fcpteerimine t\u00f6\u00f6vahendi BitLocker abil. Juhised selleks leiab <a href=\"https:\/\/wiki.itcollege.ee\/index.php\/BitLocker\" target=\"_blank\" rel=\"noopener\">siit<\/a>\u00a0(IT Kolled\u017e, 2013). Soovitav on lasta seda tegevust l\u00e4bi viia IT-spetsialistil.\u00a0<\/p>\n<p><span style=\"font-size: 10.5pt;line-height: 107%\">Seega tuleb kasutusele v\u00f5tta turvameetmed, et Sinu andmed ei h\u00e4viks v\u00f5i ei satuks soovimatu osapoole k\u00e4tte.<\/span><\/p>\n<h2>Varukoopiate tegemine v\u00e4lisele andmekandjale<\/h2>\n<p><span style=\"font-size: 10.5pt;line-height: 107%\">&lt;img class=\"alignnone wp-image-24\" style=\"\" src=\"https:\/\/sisu.ut.ee\/wp-content\/uploads\/sites\/252\/er_pilt_data-bearer-1313000_640.jpg\" title=\"Pildil: m\u00e4lukaart, m\u00e4lupulk, v\u00e4line k\u00f5vaketas <br>[val=Allikas href=https:\/\/pixabay.com\/en\/data-bearer-pendrive-memory-1313000\/]\u201d alt=\u201dPildil: m\u00e4lukaart, m\u00e4lupulk, v\u00e4line k\u00f5vaketas\u201d&gt;<\/span><\/p>\n<p><span style=\"font-size: 10.5pt;line-height: 107%\">\u00dcks moodus varukoopiate tegemiseks on <strong>failide kopeerimine v\u00e4lisele andmekandjale<\/strong>. Soovitav on varukoopia kataloogi nimena kasutada kuup\u00e4eva, mil varukoopia tehtud. Sel viisil andmetest koopia tegemine ei n\u00f5ua erilisi tehnilisi oskusi, aga see, et andmetest on vaja teha varukoopiaid, kipub ununema.<\/span><\/p>\n<p><span style=\"font-size: 10.5pt;line-height: 107%\">Kui andmeid on v\u00e4he, siis v\u00f5ib varukoopiate meediaks kasutada m\u00e4lupulki v\u00f5i CD\/DVD-plaate.<\/span><\/p>\n<p><span style=\"font-size: 10.5pt;line-height: 107%\">Teine v\u00f5imalus on kasutada <strong>arvutiga kaasasolevaid programme andmetest varukoopia tegemiseks<\/strong>.<\/span><\/p>\n<p><span style=\"font-size: 10.5pt;line-height: 107%\">Windows 10 pakub v\u00f5imalust <strong>teha varukoopiat kogu s\u00fcsteemist<\/strong>: Juhtpaneel &gt; S\u00fcsteem ja hooldus &gt; Varundus ja taaste (Control Panel &gt; System and Security &gt; Backup and Restore (Windows 7)).<\/span><\/p>\n<p><span style=\"font-size: 10.5pt;line-height: 107%\">Samuti on v\u00f5imalus <strong>sisse l\u00fclitada failide ajalugu<\/strong> \u2013 \u00a0saad faile taastada varasemale versioonile, kui fail on rikutud: Juhtpaneel &gt; S\u00fcsteem ja hooldus &gt; Failiajalugu (Control Panel &gt; System and Security &gt; File history) (Pik, 2013).<\/span><\/p>\n<p><span style=\"font-size: 10.5pt;line-height: 107%\">M\u00f5lema teenuse kasutamiseks on vaja v\u00e4list andmekandjat: n\u00e4iteks v\u00e4list k\u00f5vaketast v\u00f5i v\u00e4lkm\u00e4luseadet. <strong>Oluline on v\u00e4line andmekandja arvuti tagant lahti \u00fchendada,<\/strong> kui varukoopiat parasjagu ei tehta. Seda eelk\u00f5ige sellep\u00e4rast, et pahavara, mis v\u00f5ib kr\u00fcpteerida arvutis olevaid faile, ei saaks kr\u00fcpteerida v\u00e4lisel andmekandjal olevaid faile.<\/span><\/p>\n<p><span style=\"font-size: 10.5pt;line-height: 107%\">Kui andmeid ja seadmeid on rohkem, siis on v\u00f5imalik soetada <strong>v\u00f5rguliidesega k\u00f5vakettalahendus<\/strong>. Sellist lahendust nimetatakse <strong>NAS<\/strong>-iks\u00a0<\/span>(Network Attached Storage) ehk\u00a0 v\u00f5rku \u00fchendatud talletusseade. Seade paigaldatakse kodu v\u00f5i ettev\u00f5tte v\u00f5rku ja h\u00e4\u00e4lestatakse t\u00f6\u00f6le. Samuti h\u00e4\u00e4lestatakse t\u00f6\u00f6le varukoopiate tegemine k\u00f5igis seadmetes. NAS-server v\u00f5imaldab jagada sinna paigutatud meediasisu ja muid faile kohalikus v\u00f5rgus ja ka internetis. Sisuliselt on tegemist <strong>isikliku v\u00e4ikse pilvelahendusega<\/strong>.<\/p>\n<p>&lt;img class=\"alignnone wp-image-25\" style=\"\" src=\"https:\/\/sisu.ut.ee\/wp-content\/uploads\/sites\/252\/er_pilt_839px-netgear_readynas_nv.jpg\" title=\"NAS-seade <br>[val=Allikas href=https:\/\/et.wikipedia.org\/wiki\/V%C3%B5rgum%C3%A4lu#\/media\/File:Netgear_ReadyNAS_NV%2B.jpg]\u201d alt=\u201dNAS-seade\u201d&gt;\u00a0\u00a0<\/p>\n<p><span style=\"font-size: 10.5pt;line-height: 107%\">Kasutada saab ka arvutiprogramme, mis v\u00f5imaldavad andmetest varukoopiaid teha.<\/span><\/p>\n<ul>\n<li>\n<p><span style=\"font-size: 10.5pt;line-height: 107%\"><a href=\"https:\/\/www.microsoft.com\/en-us\/download\/details.aspx?id=15155\" target=\"_blank\" rel=\"noopener\">SyncToy 2.1<\/a>\u00a0(Microsoft, kuup\u00e4ev puudub)<\/span><span style=\"font-size: 10.5pt;line-height: 107%\"><\/span><\/p>\n<\/li>\n<li>\n<p><span style=\"font-size: 10.5pt;line-height: 107%\"><a href=\"https:\/\/allwaysync.com\/\" target=\"_blank\" rel=\"noopener\">Allway Sync<\/a>\u00a0(Allway Sync, kuup\u00e4ev puudub)<\/span><\/p>\n<\/li>\n<\/ul>\n<p>Juhendi andmete varundamiseks leiab <a href=\"https:\/\/netsec.ee\/andmete-automaatne-varundamine-arvutist\/\" target=\"_blank\" rel=\"noopener\">siit<\/a>\u00a0(Gr\u00fcner, kuup\u00e4ev puudub).\u00a0<\/p>\n<h2>Kuidas varukoopiaid hoida?<\/h2>\n<ul><\/ul>\n<ul>\n<li>Mitmes erinevas f\u00fc\u00fcsilises kohas.<\/li>\n<li>Teha regulaarselt varukoopiaid.<\/li>\n<li>Veenduda, et varukoopiaid tehakse ja varukoopiad on taastatavad.<\/li>\n<li>Keela volitamata ligip\u00e4\u00e4s andmetele.<\/li>\n<\/ul>\n","protected":false},"excerpt":{"rendered":"<p>Andmete hoidmine enda seadmes on \u00fcsna levinud andmete hoiustamise viis. Selle hoiustamisviisi eeliseks on, et andmetele saab kohe ligi, pole vaja interneti\u00fchendust. Kui rakendada oma seadmes andmetele ligip\u00e4\u00e4semiseks turvameetmeid (n\u00e4iteks ligip\u00e4\u00e4supiirang parooliga, tulem\u00fc\u00fcr ja viiruset\u00f5rjetarkvara), siis v\u00f5id ennast \u00fcsna kindlalt &#8230;<\/p>\n","protected":false},"author":6,"featured_media":0,"parent":0,"menu_order":0,"comment_status":"closed","ping_status":"closed","template":"","meta":{"_acf_changed":false,"inline_featured_image":false,"footnotes":""},"class_list":["post-16","page","type-page","status-publish","hentry"],"acf":[],"_links":{"self":[{"href":"https:\/\/sisu.ut.ee\/minuandmed\/wp-json\/wp\/v2\/pages\/16","targetHints":{"allow":["GET"]}}],"collection":[{"href":"https:\/\/sisu.ut.ee\/minuandmed\/wp-json\/wp\/v2\/pages"}],"about":[{"href":"https:\/\/sisu.ut.ee\/minuandmed\/wp-json\/wp\/v2\/types\/page"}],"author":[{"embeddable":true,"href":"https:\/\/sisu.ut.ee\/minuandmed\/wp-json\/wp\/v2\/users\/6"}],"replies":[{"embeddable":true,"href":"https:\/\/sisu.ut.ee\/minuandmed\/wp-json\/wp\/v2\/comments?post=16"}],"version-history":[{"count":1,"href":"https:\/\/sisu.ut.ee\/minuandmed\/wp-json\/wp\/v2\/pages\/16\/revisions"}],"predecessor-version":[{"id":51,"href":"https:\/\/sisu.ut.ee\/minuandmed\/wp-json\/wp\/v2\/pages\/16\/revisions\/51"}],"wp:attachment":[{"href":"https:\/\/sisu.ut.ee\/minuandmed\/wp-json\/wp\/v2\/media?parent=16"}],"curies":[{"name":"wp","href":"https:\/\/api.w.org\/{rel}","templated":true}]}}