{"id":15,"date":"2024-04-04T03:43:51","date_gmt":"2024-04-04T00:43:51","guid":{"rendered":"https:\/\/sisu.ut.ee\/minuandmed\/moisted\/"},"modified":"2024-04-04T03:43:56","modified_gmt":"2024-04-04T00:43:56","slug":"moisted","status":"publish","type":"page","link":"https:\/\/sisu.ut.ee\/minuandmed\/moisted\/","title":{"rendered":"Andmete hoidmine pilves"},"content":{"rendered":"<p>Viimasel ajal on hakatud r\u00e4\u00e4kima <strong>pilvandmet\u00f6\u00f6tlusest<\/strong> ja sellest, et <strong>andmed on pilves<\/strong>.<\/p>\n<p><strong>Pilvandmet\u00f6\u00f6tlus<\/strong>\u00a0(<em>cloud computing<\/em>) v\u00f5imaldab pakkuda andmet\u00f6\u00f6tlusv\u00f5imekust kliendi soovil alates konkreetsetest rakendustest (n\u00e4iteks andmebaasirakendus) kuni suurte andmekeskusteni v\u00e4lja, maksa-nii-palju-kui-tarbid p\u00f5him\u00f5ttel.\u00a0Neid teenuseid kasutavad enamasti ettev\u00f5tted, kes loovad nende ressurside abil l\u00f5ppkasutajale sobilikke teenuseid.<\/p>\n<p>Pilvandmet\u00f6\u00f6tluse korral kasutaja salvestab, varundab v\u00f5i t\u00f6\u00f6tleb andmeid <strong>kaugarvutites<\/strong> (serverites). Tavaliselt p\u00e4\u00e4seb kasutaja serverisse ligi veebilehitseja kaudu (Moreau, 2017).\u00a0<\/p>\n<p>Lisaks andmete salvestamisele ja t\u00f6\u00f6tlemisele v\u00f5imaldab pilvetehnoloogia kasutada ka pilves (internetis) kasutatavaid teenuseid (<strong>pilveteenuseid<\/strong>) nagu n\u00e4iteks internetip\u00f5hised e-postiteenused, \u00fchist\u00f6\u00f6vahendid ja suhtlusplatvormid. Andmet\u00f6\u00f6tlusv\u00f5imsuse tagavad sadadest serveritest\u00a0 ja andmesalvestuss\u00fcsteemidest koosnevad <strong>andmekeskused<\/strong>.\u00a0<\/p>\n<p><\/p><div class=\"ratio ratio-16x9 mb-3\"><div class=\"video-placeholder-wrapper video-placeholder-wrapper--16x9\">\n\t\t\t    <div class=\"video-placeholder d-flex justify-content-center align-items-center\">\n\t\t\t        <div class=\"overlay text-white p-2 w-100 text-center d-block justify-content-center align-items-center\">\n\t\t\t            <div>Kolmandate osapoolte sisu n\u00e4gemiseks palun n\u00f5ustu k\u00fcpsistega.<\/div>\n\t\t\t            <button class=\"btn btn-secondary btn-sm mt-1 consent-change\">Muuda n\u00f5usolekut<\/button>\n\t\t\t        <\/div>\n\t\t\t    <\/div>\n\t\t\t<\/div>\n<\/div>\n<p class=\"text-muted\"><em>Google andmekeskus<\/em><\/p>\n<p><a href=\"https:\/\/www.youtube.com\/watch?v=avP5d16wEp0\" target=\"_blank\" rel=\"noopener\">Allikas<\/a><\/p>\n<p>Maailma suurimad pilveteenuste pakkujad on\u00a0<a href=\"https:\/\/aws.amazon.com\/\" target=\"_blank\" rel=\"noopener\">Amazon Web Services<\/a>\u00a0(Amazon Web Services, kuup\u00e4ev puudub),\u00a0<a href=\"https:\/\/azure.microsoft.com\/\" target=\"_blank\" rel=\"noopener\">Microsoft Azure<\/a>\u00a0(Microsoft, kuup\u00e4ev puudub), ja\u00a0<a href=\"https:\/\/cloud.google.com\/\" target=\"_blank\" rel=\"noopener\">Google Cloud<\/a>\u00a0(Google, kuup\u00e4ev puudub). 2016. aasta seisuga oli nendes teenustes alla 10% maailma andmetest.<\/p>\n<h2>N\u00e4ited pilveteenustest<\/h2>\n<ul style=\"margin-top: 0pt;margin-bottom: 0pt\">\n<li style=\"list-style-type: disc;font-size: 10.5pt;font-family: Arial;color: #565656;background-color: transparent;font-weight: 400;font-style: normal;font-variant: normal;text-decoration: none;vertical-align: baseline\">\n<p style=\"line-height: 1.38;margin-top: 0pt;margin-bottom: 0pt\"><a href=\"https:\/\/www.dropbox.com\/\" target=\"_blank\" rel=\"noopener\"><strong>Dropbox<\/strong><\/a>: Dropbox v\u00f5imaldab s\u00fcnkroniseerida \u00fche arvutis oleva kausta pilve n\u00f5nda, et saad oma failidele ligi veebilehitseja kaudu k\u00f5ikjal, kus on interneti\u00fchendus (Dropbox, kuup\u00e4ev puudub).\u00a0<\/p>\n<\/li>\n<li style=\"list-style-type: disc;font-size: 10.5pt;font-family: Arial;color: #565656;background-color: transparent;font-weight: 400;font-style: normal;font-variant: normal;text-decoration: none;vertical-align: baseline\">\n<p style=\"line-height: 1.38;margin-top: 0pt;margin-bottom: 0pt\"><a href=\"https:\/\/drive.google.com\/\" target=\"_blank\" rel=\"noopener\"><strong>Google Drive<\/strong><\/a>: Google Drive sarnaneb Dropboxiga, aga \u00fchildub lisaks Google\u2019i teise pilveteenustega (Google Dokumendid, Arvutustabelid, Esitlused, Gmail) (Google, kuup\u00e4ev puudub).<\/p>\n<\/li>\n<li style=\"list-style-type: disc;font-size: 10.5pt;font-family: Arial;color: #565656;background-color: transparent;font-weight: 400;font-style: normal;font-variant: normal;text-decoration: none;vertical-align: baseline\">\n<p style=\"line-height: 1.38;margin-top: 0pt;margin-bottom: 0pt\"><a href=\"https:\/\/www.spotify.com\/\" target=\"_blank\" rel=\"noopener\"><strong style=\"background-color: transparent;font-size: 10.5pt\">Spotify<\/strong><\/a>: Spotify on muusika striimimise (interneti kaudu edastamise) teenus, mis v\u00f5imaldab v\u00e4ikse igakuise tasu eest kuulata miljoneid lugusid (Spotify, kuup\u00e4ev puudub).<\/p>\n<\/li>\n<li style=\"list-style-type: disc;font-size: 10.5pt;font-family: Arial;color: #565656;background-color: transparent;font-weight: 400;font-style: normal;font-variant: normal;text-decoration: none;vertical-align: baseline\">\n<p style=\"line-height: 1.38;margin-top: 0pt;margin-bottom: 8pt\"><a href=\"https:\/\/www.facebook.com\/\" target=\"_blank\" rel=\"noopener\"><strong style=\"background-color: transparent;font-size: 10.5pt\">Facebook<\/strong><\/a>: Suhtlusv\u00f5rgustik, mis kasutab pilvandmet\u00f6\u00f6tlust, et v\u00f5imaldada inimestel interneti vahendusel suhelda ja pakkuda neile suunatud reklaami (Facebook, kuup\u00e4ev puudub).<\/p>\n<\/li>\n<\/ul>\n<h2>Pilvandmet\u00f6\u00f6tluse eelised<\/h2>\n<ul>\n<li>Teenuste kasutuselev\u00f5tt on lihtne.<\/li>\n<li>Teenuse hind on oluliselt soodsam, kui osta ise vastav riistvara ja tarkvara ning see t\u00f6\u00f6le h\u00e4\u00e4lestada ja hallata.<\/li>\n<li>Teenus on lihtsalt skaleeritav \u2013 saab juurde osta salvestusmahtu, arvutusj\u00f5udlust ja interneti\u00fchenduse kiirust.<\/li>\n<li>On t\u00f5en\u00e4oliselt t\u00f6\u00f6kindlam, kui enda lahenduse t\u00f6\u00f6s hoidmine.<\/li>\n<li>Toetab innovaatiliste lahenduste kasutuselev\u00f5tmist (sisenemisbarj\u00e4\u00e4r on madal).\u00a0(Saks, 2017)<\/li>\n<\/ul>\n<p>L\u00e4htuvalt pilvandmet\u00f6\u00f6tluse eelistest pakutakse ka l\u00f5ppkasutajale <strong>pilveteenused<\/strong> tasuta v\u00f5i v\u00e4ga soodsa hinna eest.<\/p>\n<p>N\u00e4iteks kui Sa soovid oma andmetele internetist ligi p\u00e4\u00e4seda ja ei soovi kasutada pilveteenust, siis tuleks Sul endal luua serverilahendus, mis hoiab Sinu andmeid, haldab andmetele ligip\u00e4\u00e4suandmeid, peab logisid andmetega sooritatud tegevustest. Sul on vaja teha andmetest varukoopiaid ja testida nende taastamist. Elektrikatkestuse ajal t\u00f6\u00f6tamiseks on vaja varutoidet. Lisaks on vaja teada, kuidas serveri tarkvara uuendada. Samuti on vaja uuendada teatud aja tagant riistvara. Lisakuluks on tasu piisavalt kiire interneti\u00fchenduse ja tarbitud elektrienergia eest.<\/p>\n<h2>Millised on ohud pilveteenuste kasutamisel?<\/h2>\n<p>Andmelekked<\/p>\n<ul>\n<li>Kuna andmehoidlates on palju v\u00e4\u00e4rt infot, siis muutuvad need j\u00e4rjest ahvatlevamateks sihtm\u00e4rkideks.<\/li>\n<\/ul>\n<p>Ebaturvalise autentimise kasutamine<\/p>\n<ul>\n<li>N\u00f5rkade paroolide kasutamine.<\/li>\n<li><a href=\"https:\/\/sisu.ut.ee\/autentimine\/m%C3%B5isted\" target=\"_blank\" rel=\"noopener\">Kaheastmelise autentimise<\/a> (Hani, 2017) mittekasutamine.<\/li>\n<li>Paroolide k\u00e4ttesaadavaks tegemine teistele.<\/li>\n<\/ul>\n<p>Ebaturvalise arvuti v\u00f5i seadme kasutamine<\/p>\n<ul>\n<li>Viiruset\u00f5rje mittekasutamine.<\/li>\n<li>Ebapiisavate turvameetmete kasutamine andmetele ligip\u00e4\u00e4su \u00e4rahoidmiseks.<\/li>\n<\/ul>\n<p>Kasutaja ps\u00fchholoogiline manipuleerimine<\/p>\n<ul>\n<li>Kontode \u00fclev\u00f5tmine kasutades lollitamistehnikaid nii, et kasutaja annab ligip\u00e4\u00e4su oma andmetele. Selle vastu aitab kaheastmelise autentimise kasutamine ja kasutajate teadlikkuse t\u00f5stmine \u00f5ngitsemistehnikatest.<\/li>\n<\/ul>\n<p>Suhete muutmine partneritega<\/p>\n<ul>\n<li>Inimesed ja asutused v\u00f5ivad muutuda ja nende eesm\u00e4rgid v\u00f5ivad muutuda ning need ei pruugi sobida enam seniste kokkulepetega.<\/li>\n<\/ul>\n<p>Andmete kustumine v\u00f5i rikkumine<\/p>\n<ul>\n<li>Ka pilves olevaid andmeid tuleb varundada ja testida taastamist.<\/li>\n<\/ul>\n<p>Kasutaja hoolimatu suhtumine andmetesse<\/p>\n<ul>\n<li>M\u00f5tteviis, et minu ja teiste andmed pole oluline infovara, mida kaitsta.<\/li>\n<\/ul>\n<p>Piiratud kontroll oma andmete \u00fcle<\/p>\n<ul>\n<li>Pole f\u00fc\u00fcsilist ligip\u00e4\u00e4su andmetele.<\/li>\n<li>Ligip\u00e4\u00e4s s\u00f5ltub interneti\u00fchenduse olemasolust.\u00a0<\/li>\n<li>Teenusepakkuja suutmatus kokkulepitud teenuse taset tagada.\u00a0<\/li>\n<\/ul>\n<p>Teenusepakkuja peatab \u00fchepoolselt ligip\u00e4\u00e4su kliendi andmetele<\/p>\n<ul>\n<li>Mitmete tasuta pakutavate pilveteenuste kasutustingimustes on kirjas, et teenusepakkuja v\u00f5ib suvalisel hetkel keelata ligip\u00e4\u00e4su Sinu andmetele (assortedStuff, 2017).<\/li>\n<\/ul>\n<h2>Kuidas pilveteenuste pakkujad Sinu andmeid hoiavad?<\/h2>\n<ul>\n<li>\n<p>Andmeid hoitakse kr\u00fcpteeritud kujul ja edastatakse kr\u00fcpteeritud kujul. N\u00e4iteks Amazon pakub v\u00f5imalust hoida kr\u00fcpteerimisv\u00f5tmeid kliendi juures.<\/p>\n<\/li>\n<li>\n<p>Oluline on ka andmete kr\u00fcpteerimise viis serverites. N\u00e4iteks Dropbox teeb andmed v\u00e4ikesteks t\u00fckkideks ja kr\u00fcpteerib t\u00fckid eraldi. Kr\u00fcpteerimisv\u00f5tme teadasaamise korral on pahalasel ligip\u00e4\u00e4s ainult suvalistele t\u00fckikestele failidest.<\/p>\n<\/li>\n<li>\n<p>Pilveteenuste pakkujad soovivad kasutada kaheastmelist autentimist andmetele ligip\u00e4\u00e4suks.<\/p>\n<\/li>\n<li>\n<p>Pilves olevaid andmeid hoitakse samaaegselt mitmetes andmehoidlats \u00fcle maailma \u2013 kui \u00fcks andmehoidla h\u00e4vib n\u00e4iteks maav\u00e4rina t\u00f5ttu, siis j\u00e4\u00e4vad klientide andmed alles.<\/p>\n<\/li>\n<li>\n<p>Euroopa Liidu liikmesriikidel on oluline teada, et EL n\u00f5uab, et liikmesriikide andmed hoitaks ainult nende regioonis.\u00a0(Wall, 2016)<\/p>\n<\/li>\n<\/ul>\n<h2>V\u00f5imalikud kahjud pilveteenuste kasutamisel<\/h2>\n<ul>\n<li>\n<p>Andmete h\u00e4vimisega seotud kahjud.<\/p>\n<\/li>\n<li>\n<p>Andmete taastamisega seotud kulud.<\/p>\n<\/li>\n<li>\n<p>Andmete lekkimisega seotud kahjud.<\/p>\n<\/li>\n<li>\n<p>Andmetele ligip\u00e4\u00e4su kaotamisega seotud kahjud.<\/p>\n<\/li>\n<\/ul>\n<p>Viimase viie aasta suurima hulga kasutaja andmete lekkimise juhud on olnud just <strong>mitte-pilvandmet\u00f6\u00f6tlust kasutanud ettev\u00f5ttes<\/strong>: <a style=\"background-color: #ffffff\" href=\"https:\/\/en.wikipedia.org\/wiki\/Sony_Pictures_hack\" target=\"_blank\" rel=\"noopener\">Sony Pictures<\/a>\u00a0(Wikipedia, 2017) h\u00e4kkimine, <a style=\"background-color: #ffffff\" href=\"https:\/\/en.wikipedia.org\/wiki\/Ashley_Madison_data_breach\" target=\"_blank\" rel=\"noopener\">Ashley Madison<\/a>i (Wikipedia, 2017) andmeleke, <a style=\"background-color: #ffffff\" href=\"https:\/\/www.forbes.com\/sites\/maggiemcgrath\/2014\/01\/10\/target-data-breach-spilled-info-on-as-many-as-70-million-customers\/\" target=\"_blank\" rel=\"noopener\">Targeti andmeleke<\/a>\u00a0(McGrath, 2014).<\/p>\n<h2 style=\"line-height: 1.38;margin-top: 8pt;margin-bottom: 0pt\">Andmete s\u00fcnkroniseerimine pilve<\/h2>\n<p>\u00dcks v\u00f5imalus andmete varundamisel on andmete <strong>s\u00fcnkroniseerimine pilve<\/strong>. Selleks saab arvutisse v\u00f5i nutiseadmesse <strong>paigaldada vastava rakenduse<\/strong>. Kui p\u00e4ris t\u00e4pne olla, siis pole see varukoopiate tegemine, vaid andmete s\u00fcnkroniseerimine pilve. Enamasti <strong>s\u00fcnkroniseerimisel ei hoita alles faili mitut eelnevat versiooni<\/strong>, vaid viimast ja seegi asendatakse esimesel v\u00f5imalusel uuema versiooniga. Samuti, kui fail kustutatakse \u00fches asukohas, siis kustutatakse see s\u00fcnkroonimise tulemusel ka teises kohas. Aga v\u00e4hemalt pakub see \u00fcht v\u00f5imalust taastada andmed kui oma seade kaob, varastatakse v\u00f5i l\u00e4heb katki. Siinkohal tuleb m\u00e4rkida, et kui pahavara kr\u00fcpteerib Sinu arvuti failid ja need s\u00fcnkroniseeritakse automaatselt pilve, siis pole pilves olevast koopiast mingit kasu.<\/p>\n<h2>Failide pilve s\u00fcnkroniseerimise teenused<\/h2>\n<ul>\n<li>Arvutisse saab paigaldada <a href=\"https:\/\/www.google.com\/intl\/et_ALL\/drive\/download\/\" target=\"_blank\" rel=\"noopener\">Google Backup and Sync programm<\/a>i, mis v\u00f5imaldab s\u00fcnkroniseerida pilve arvutis olevaid kaustu ja faile. Selle teenuse tasuta versiooni pilvehoidla mahupiirang on 15GB (Google, kuup\u00e4ev puudub).<\/li>\n<li>Samuti saab arvutisse paigaldada programmi <a href=\"https:\/\/www.dropbox.com\/install\" target=\"_blank\" rel=\"noopener\">Dropbox<\/a>, mis v\u00f5imaldab Dropboxi kaustas olevaid faile pilve s\u00fcnkroniseerida, kusjuures tasuta versioonis hoitakse alles ka failide eelnevad versioonid kuni 30 p\u00e4eva. Tasuta versioonis saab 2GB pilveruumi (Dropbox, kuup\u00e4ev puudub) (Telia, kuup\u00e4ev puudub).<\/li>\n<li>Sarnast lahendust eelnevatega pakub ka <a href=\"https:\/\/onedrive.live.com\/about\/et-ee\/\" target=\"_blank\" rel=\"noopener\">Microsoft OneDrive<\/a>. Vaba pilveruumi on tasuta versioonis 5GB (Microsoft, kuup\u00e4ev puudub).<\/li>\n<li>Eestis pakub pilveteenust Telia\u00a0<a href=\"https:\/\/www.telia.ee\/era\/muud-teenused\/online\" target=\"_blank\" rel=\"noopener\">Online.ee<\/a> kaubam\u00e4rgi all. Tasuta paketis saab pilveruumi 2GB.<\/li>\n<li>Androidi ja iOSi nutiseadmes saab piltide ja videote pilve s\u00fcnkroniseerimiseks kasutada <a href=\"https:\/\/photos.google.com\/\" target=\"_blank\" rel=\"noopener\">Google Photos<\/a> \u00e4ppi. Alla 16 megapiksliste piltide ja kuni FullHD kvaliteedis videote \u00fcleslaadimine k\u00f5rge kvaliteediga on piiramatu. Originaalkvaliteedis materjali \u00fcleslaadimise maht l\u00e4heb Google Drive konto arvelt (Google, kuup\u00e4ev puudub).\u00a0<\/li>\n<\/ul>\n<h2>Kuidas hoida oma andmeid?<\/h2>\n<ul>\n<li>Mitmes erinevas f\u00fc\u00fcsilises kohas.<\/li>\n<li>Teha regulaarselt varukoopiaid.<\/li>\n<li>Veenduda, et varukoopiaid tehakse ja varukoopiad on taastatavad.<\/li>\n<li>Keela volitamata ligip\u00e4\u00e4s andmetele.<\/li>\n<\/ul>\n<p>T\u00e4nap\u00e4eval on oluline teha koost\u00f6\u00f6d ja sellest tulenevalt tekib vajadus andmeid jagada. Seega on vaja andmeid saata teistele v\u00f5i teha need teistele k\u00e4ttesaadavaks. J\u00e4rgnevalt uurime l\u00e4hemalt andmete jagamist.<\/p>\n<p><\/p><div class=\"accordion mb-3\">\n        <div class=\"accordion-item accordion-item--white\">\n        <h2 class=\"accordion-header\" id=\"accordion-69da282ea423b-heading\">\n            <button class=\"accordion-button collapsed\" type=\"button\" data-bs-toggle=\"collapse\" data-bs-target=\"#accordion-69da282ea423b-collapse\" aria-expanded=\"true\" aria-controls=\"accordion-69da282ea423b-collapse\">M\u00f5tisklus\u00fclesanne<\/button>\n        <\/h2>\n        <div id=\"accordion-69da282ea423b-collapse\" class=\"accordion-collapse collapse\" aria-labelledby=\"accordion-69da282ea423b-heading\">\n            <div class=\"accordion-body\">Millal Sina viimati tegid oma andmetest varukoopiaid? Kus need asuvad? Kas andmed on taastatavad? Kui Sinu seade lakkab t\u00e4na t\u00f6\u00f6tamast ja peaksid andmed taastama, siis kui suurest hulgast andmetest sa ilma j\u00e4\u00e4ks?<\/div>\n        <\/div>\n        <\/div>\n    <\/div>\n","protected":false},"excerpt":{"rendered":"<p>Viimasel ajal on hakatud r\u00e4\u00e4kima pilvandmet\u00f6\u00f6tlusest ja sellest, et andmed on pilves. Pilvandmet\u00f6\u00f6tlus\u00a0(cloud computing) v\u00f5imaldab pakkuda andmet\u00f6\u00f6tlusv\u00f5imekust kliendi soovil alates konkreetsetest rakendustest (n\u00e4iteks andmebaasirakendus) kuni suurte andmekeskusteni v\u00e4lja, maksa-nii-palju-kui-tarbid p\u00f5him\u00f5ttel.\u00a0Neid teenuseid kasutavad enamasti ettev\u00f5tted, kes loovad nende ressurside abil l\u00f5ppkasutajale &#8230;<\/p>\n","protected":false},"author":6,"featured_media":0,"parent":0,"menu_order":0,"comment_status":"closed","ping_status":"closed","template":"","meta":{"_acf_changed":false,"inline_featured_image":false,"footnotes":""},"class_list":["post-15","page","type-page","status-publish","hentry"],"acf":[],"_links":{"self":[{"href":"https:\/\/sisu.ut.ee\/minuandmed\/wp-json\/wp\/v2\/pages\/15","targetHints":{"allow":["GET"]}}],"collection":[{"href":"https:\/\/sisu.ut.ee\/minuandmed\/wp-json\/wp\/v2\/pages"}],"about":[{"href":"https:\/\/sisu.ut.ee\/minuandmed\/wp-json\/wp\/v2\/types\/page"}],"author":[{"embeddable":true,"href":"https:\/\/sisu.ut.ee\/minuandmed\/wp-json\/wp\/v2\/users\/6"}],"replies":[{"embeddable":true,"href":"https:\/\/sisu.ut.ee\/minuandmed\/wp-json\/wp\/v2\/comments?post=15"}],"version-history":[{"count":1,"href":"https:\/\/sisu.ut.ee\/minuandmed\/wp-json\/wp\/v2\/pages\/15\/revisions"}],"predecessor-version":[{"id":50,"href":"https:\/\/sisu.ut.ee\/minuandmed\/wp-json\/wp\/v2\/pages\/15\/revisions\/50"}],"wp:attachment":[{"href":"https:\/\/sisu.ut.ee\/minuandmed\/wp-json\/wp\/v2\/media?parent=15"}],"curies":[{"name":"wp","href":"https:\/\/api.w.org\/{rel}","templated":true}]}}