{"id":11,"date":"2024-04-04T03:43:50","date_gmt":"2024-04-04T00:43:50","guid":{"rendered":"https:\/\/sisu.ut.ee\/minuandmed\/avaleht\/"},"modified":"2024-04-11T20:24:07","modified_gmt":"2024-04-11T17:24:07","slug":"avaleht","status":"publish","type":"page","link":"https:\/\/sisu.ut.ee\/minuandmed\/","title":{"rendered":"Avaleht"},"content":{"rendered":"<h2>\u00d5piobjekt \u201cKus on minu andmed?\u201d<\/h2>\n<p><strong>Autor:<\/strong>\u00a0Veiko Hani (Eduring O\u00dc)<\/p>\n<p><strong>Eesm\u00e4rk:<\/strong>\u00a0\u00f5piobjekti eesm\u00e4rk on toetada \u00f5ppija teadmisi ja oskusi veebip\u00f5histe andmete teadlikuks ja eesm\u00e4rgip\u00e4raseks s\u00e4ilitamiseks, jagamiseks ja h\u00e4vitamiseks ning ka kaasnevate riskide \u00e4ratundmiseks.<\/p>\n<p><strong>Sihtr\u00fchm:<\/strong>\u00a0k\u00f5ikide haridusastmete \u00f5petajad ja teised huvilised.<\/p>\n<p><strong>Maht:<\/strong>\u00a01 akadeemiline tund.<\/p>\n<p><strong>\u00d5piv\u00e4ljundid: <\/strong>\u00f5ppija on teadlik andmete eesm\u00e4rgip\u00e4rasest s\u00e4ilitamisest, jagamisest ja h\u00e4vitamisest ning tunneb sellega kaasnevaid riske, oskab valida sobivaid t\u00f6\u00f6vahendeid ja k\u00e4itumisviise riskide maandamiseks.<\/p>\n<p><strong>\u00d5pijuhised<\/strong><\/p>\n<p>K\u00e4esolev \u00f5ppematerjal on m\u00f5eldud iseseisvaks l\u00e4bimiseks. Materjal koosneb sissejuhtavast osast, kus p\u00fcstitatakse k\u00fcsimused, millele leitakse j\u00e4rgmistes peat\u00fckkides vastused. Teadmiste kinnistamiseks ja rakendamiseks on koostatud m\u00f5tisklus\u00fclesanded.<\/p>\n<p><strong>\u00d5piobjekti loomise aeg:<\/strong>\u00a0september 2017<\/p>\n<p><a style=\"background-color: #ffffff;\" href=\"http:\/\/creativecommons.org\/licenses\/by-sa\/4.0\/\"><img decoding=\"async\" src=\"https:\/\/i.creativecommons.org\/l\/by-sa\/4.0\/88x31.png\"><\/a><\/p>\n<p>This work is licensed under a\u00a0<a href=\"http:\/\/creativecommons.org\/licenses\/by-sa\/4.0\/\" target=\"_blank\" rel=\"noopener\">Creative Commons Attribution-ShareAlike 4.0 International License<\/a>.<\/p>\n<p>\u00d5piobjektide loomist projekti \u201eTargalt internetis\u201c raames kaasrahastab 50% ulatuses Euroopa Komisjoni Euroopa \u00dchendamise Rahastu.<\/p>\n<p><img loading=\"lazy\" decoding=\"async\" width=\"522\" height=\"59\" class=\"alignnone wp-image-20\" title=\"ee_cef_0.png\" src=\"https:\/\/sisu.ut.ee\/wp-content\/uploads\/sites\/252\/ee_cef_0.png\" alt=\"rahastaja logo\" srcset=\"https:\/\/sisu.ut.ee\/wp-content\/uploads\/sites\/252\/ee_cef_0.png 522w, https:\/\/sisu.ut.ee\/wp-content\/uploads\/sites\/252\/ee_cef_0-300x34.png 300w\" sizes=\"auto, (max-width: 522px) 100vw, 522px\">\u00a0<img loading=\"lazy\" decoding=\"async\" width=\"450\" height=\"87\" class=\"alignnone wp-image-21\" title=\"targalt-internetis-logo.jpg\" src=\"https:\/\/sisu.ut.ee\/wp-content\/uploads\/sites\/252\/targalt-internetis-logo.jpg\" alt=\"Targalt internetis logo\" srcset=\"https:\/\/sisu.ut.ee\/wp-content\/uploads\/sites\/252\/targalt-internetis-logo.jpg 450w, https:\/\/sisu.ut.ee\/wp-content\/uploads\/sites\/252\/targalt-internetis-logo-300x58.jpg 300w\" sizes=\"auto, (max-width: 450px) 100vw, 450px\">\u00a0<img loading=\"lazy\" decoding=\"async\" class=\"alignnone wp-image-22\" title=\"hitsa_logo.jpg\" src=\"https:\/\/sisu.ut.ee\/wp-content\/uploads\/sites\/252\/hitsa_logo.jpg\" alt=\"HITSA logo\" width=\"425\" height=\"169\" srcset=\"https:\/\/sisu.ut.ee\/wp-content\/uploads\/sites\/252\/hitsa_logo.jpg 1081w, https:\/\/sisu.ut.ee\/wp-content\/uploads\/sites\/252\/hitsa_logo-300x119.jpg 300w, https:\/\/sisu.ut.ee\/wp-content\/uploads\/sites\/252\/hitsa_logo-1024x407.jpg 1024w, https:\/\/sisu.ut.ee\/wp-content\/uploads\/sites\/252\/hitsa_logo-768x305.jpg 768w\" sizes=\"auto, (max-width: 425px) 100vw, 425px\"><\/p>\n<p><strong>Vaata ka teisi projekti \u201cTargalt internetis\u201d raames loodud \u00f5piobjekte:\u00a0<\/strong><\/p>\n<ul>\n<li><a style=\"background-color: #ffffff;\" href=\"https:\/\/sisu.ut.ee\/viitamiseabc\" target=\"_blank\" rel=\"noopener\">Viitamise ABC<\/a><\/li>\n<li><a style=\"background-color: #ffffff;\" href=\"https:\/\/sisu.ut.ee\/autorioigused\" target=\"_blank\" rel=\"noopener\">Teiste autorite t\u00f6\u00f6de ja litsentside kasutamine \u00f5ppet\u00f6\u00f6s<\/a><\/li>\n<li><a style=\"background-color: #ffffff;\" href=\"https:\/\/sisu.ut.ee\/nutiturva\" target=\"_blank\" rel=\"noopener\">Nutiseadmete turvalisus<\/a><\/li>\n<li><a style=\"background-color: #ffffff;\" href=\"https:\/\/sisu.ut.ee\/autentimine\" target=\"_blank\" rel=\"noopener\">Erinevad autentimisviisid<\/a><\/li>\n<\/ul>\n","protected":false},"excerpt":{"rendered":"<p>\u00d5piobjekt \u201cKus on minu andmed?\u201d Autor:\u00a0Veiko Hani (Eduring O\u00dc) Eesm\u00e4rk:\u00a0\u00f5piobjekti eesm\u00e4rk on toetada \u00f5ppija teadmisi ja oskusi veebip\u00f5histe andmete teadlikuks ja eesm\u00e4rgip\u00e4raseks s\u00e4ilitamiseks, jagamiseks ja h\u00e4vitamiseks ning ka kaasnevate riskide \u00e4ratundmiseks. Sihtr\u00fchm:\u00a0k\u00f5ikide haridusastmete \u00f5petajad ja teised huvilised. Maht:\u00a01 akadeemiline tund. &#8230;<\/p>\n","protected":false},"author":6,"featured_media":0,"parent":0,"menu_order":0,"comment_status":"closed","ping_status":"closed","template":"","meta":{"_acf_changed":false,"inline_featured_image":false,"footnotes":""},"class_list":["post-11","page","type-page","status-publish","hentry"],"acf":[],"_links":{"self":[{"href":"https:\/\/sisu.ut.ee\/minuandmed\/wp-json\/wp\/v2\/pages\/11","targetHints":{"allow":["GET"]}}],"collection":[{"href":"https:\/\/sisu.ut.ee\/minuandmed\/wp-json\/wp\/v2\/pages"}],"about":[{"href":"https:\/\/sisu.ut.ee\/minuandmed\/wp-json\/wp\/v2\/types\/page"}],"author":[{"embeddable":true,"href":"https:\/\/sisu.ut.ee\/minuandmed\/wp-json\/wp\/v2\/users\/6"}],"replies":[{"embeddable":true,"href":"https:\/\/sisu.ut.ee\/minuandmed\/wp-json\/wp\/v2\/comments?post=11"}],"version-history":[{"count":2,"href":"https:\/\/sisu.ut.ee\/minuandmed\/wp-json\/wp\/v2\/pages\/11\/revisions"}],"predecessor-version":[{"id":83,"href":"https:\/\/sisu.ut.ee\/minuandmed\/wp-json\/wp\/v2\/pages\/11\/revisions\/83"}],"wp:attachment":[{"href":"https:\/\/sisu.ut.ee\/minuandmed\/wp-json\/wp\/v2\/media?parent=11"}],"curies":[{"name":"wp","href":"https:\/\/api.w.org\/{rel}","templated":true}]}}