{"id":95,"date":"2024-04-04T06:11:43","date_gmt":"2024-04-04T03:11:43","guid":{"rendered":"https:\/\/sisu.ut.ee\/mineraalid-ja-kivimid\/ooid\/"},"modified":"2024-04-04T06:13:04","modified_gmt":"2024-04-04T03:13:04","slug":"ooid","status":"publish","type":"page","link":"https:\/\/sisu.ut.ee\/mineraalid-ja-kivimid\/ooid\/","title":{"rendered":"Ooid"},"content":{"rendered":"<p><b>Ooid<\/b>\u00a0on settekivimeis leiduv ellipsoidne v\u00f5i kerajad moodustis (l\u00e4bim\u00f5\u00f5duga kuni 25 mm). Ooid koosneb rauamineraalidest, karbonaatidest, r\u00e4nist v\u00f5i boksiidist. Ooidid moodustuvad liikuvas vees keemilise v\u00f5i biokeemilise protsessi tagaj\u00e4rjel mineraaliterade v\u00f5i skeletiosade \u00fcmber.<\/p>\n","protected":false},"excerpt":{"rendered":"<p>Ooid\u00a0on settekivimeis leiduv ellipsoidne v\u00f5i kerajad moodustis (l\u00e4bim\u00f5\u00f5duga kuni 25 mm). Ooid koosneb rauamineraalidest, karbonaatidest, r\u00e4nist v\u00f5i boksiidist. Ooidid moodustuvad liikuvas vees keemilise v\u00f5i biokeemilise protsessi tagaj\u00e4rjel mineraaliterade v\u00f5i skeletiosade \u00fcmber.<\/p>\n","protected":false},"author":226,"featured_media":0,"parent":0,"menu_order":0,"comment_status":"closed","ping_status":"closed","template":"","meta":{"_acf_changed":false,"inline_featured_image":false,"footnotes":""},"class_list":["post-95","page","type-page","status-publish","hentry"],"acf":[],"_links":{"self":[{"href":"https:\/\/sisu.ut.ee\/mineraalid-ja-kivimid\/wp-json\/wp\/v2\/pages\/95","targetHints":{"allow":["GET"]}}],"collection":[{"href":"https:\/\/sisu.ut.ee\/mineraalid-ja-kivimid\/wp-json\/wp\/v2\/pages"}],"about":[{"href":"https:\/\/sisu.ut.ee\/mineraalid-ja-kivimid\/wp-json\/wp\/v2\/types\/page"}],"author":[{"embeddable":true,"href":"https:\/\/sisu.ut.ee\/mineraalid-ja-kivimid\/wp-json\/wp\/v2\/users\/226"}],"replies":[{"embeddable":true,"href":"https:\/\/sisu.ut.ee\/mineraalid-ja-kivimid\/wp-json\/wp\/v2\/comments?post=95"}],"version-history":[{"count":1,"href":"https:\/\/sisu.ut.ee\/mineraalid-ja-kivimid\/wp-json\/wp\/v2\/pages\/95\/revisions"}],"predecessor-version":[{"id":762,"href":"https:\/\/sisu.ut.ee\/mineraalid-ja-kivimid\/wp-json\/wp\/v2\/pages\/95\/revisions\/762"}],"wp:attachment":[{"href":"https:\/\/sisu.ut.ee\/mineraalid-ja-kivimid\/wp-json\/wp\/v2\/media?parent=95"}],"curies":[{"name":"wp","href":"https:\/\/api.w.org\/{rel}","templated":true}]}}