{"id":93,"date":"2024-04-04T06:11:43","date_gmt":"2024-04-04T03:11:43","guid":{"rendered":"https:\/\/sisu.ut.ee\/mineraalid-ja-kivimid\/kristallide-kuju\/"},"modified":"2024-04-04T06:13:04","modified_gmt":"2024-04-04T03:13:04","slug":"kristallide-kuju","status":"publish","type":"page","link":"https:\/\/sisu.ut.ee\/mineraalid-ja-kivimid\/kristallide-kuju\/","title":{"rendered":"Kristallide kuju"},"content":{"rendered":"<p>\n\t<font face=\"Arial\"><font style=\"medium;font-style:normal;font-weight:400;letter-spacing:normal;text-align:start;text-indent:0px;text-transform:none\"><b>Kristallide kuju<\/b>\u00a0on paljudele mineraalidele \u00fcheks t\u00e4htsamaks v\u00e4liseks tunnuseks. Nii on\u00a0<\/font><\/font><a data-url=\"https:\/\/sisu.ut.ee\/mineraalid-ja-kivimid\/kvarts\" href=\"https:\/\/sisu.ut.ee\/mineraalid-ja-kivimid\/kvarts\" target=\"_blank\" title=\"\" rel=\"noopener\">kvartsile (m\u00e4ekristallile)<\/a><font face=\"Arial\"><font style=\"medium;font-style:normal;font-weight:400;letter-spacing:normal;text-align:start;text-indent:0px;text-transform:none\">\u00a0iseloomulikud prismalised kristallid,\u00a0<\/font><\/font><a data-url=\"https:\/\/sisu.ut.ee\/mineraalid-ja-kivimid\/pyriit\" href=\"https:\/\/sisu.ut.ee\/mineraalid-ja-kivimid\/pyriit\" target=\"_blank\" title=\"\" rel=\"noopener\">p\u00fcriidile<\/a><font face=\"Arial\"><font style=\"medium;font-style:normal;font-weight:400;letter-spacing:normal;text-align:start;text-indent:0px;text-transform:none\">\u00a0kuubilised kristallid,\u00a0<\/font><\/font><a data-url=\"https:\/\/sisu.ut.ee\/mineraalid-ja-kivimid\/magnetiit\" href=\"https:\/\/sisu.ut.ee\/mineraalid-ja-kivimid\/magnetiit\" target=\"_blank\" title=\"\" rel=\"noopener\">magnetiidile<\/a><font face=\"Arial\"><font style=\"medium;font-style:normal;font-weight:400;letter-spacing:normal;text-align:start;text-indent:0px;text-transform:none\">\u00a0oktaeedrid,\u00a0<\/font><\/font><a data-url=\"https:\/\/sisu.ut.ee\/mineraalid-ja-kivimid\/granaat\" href=\"https:\/\/sisu.ut.ee\/mineraalid-ja-kivimid\/granaat\" target=\"_blank\" title=\"\" rel=\"noopener\">granaadile<\/a><font face=\"Arial\"><font style=\"medium;font-style:normal;font-weight:400;letter-spacing:normal;text-align:start;text-indent:0px;text-transform:none\">\u00a0romboeedrid jne. V\u00e4lise kuju (haabituse) j\u00e4rgi eristatakse isomeetrilisi kristalle (n\u00e4iteks teemant, granaat), piklikke kristalle (<\/font><\/font><a data-url=\"https:\/\/sisu.ut.ee\/mineraalid-ja-kivimid\/turmaliin\" href=\"https:\/\/sisu.ut.ee\/mineraalid-ja-kivimid\/turmaliin\" target=\"_blank\" title=\"\" rel=\"noopener\">turmaliin<\/a><font face=\"Arial\"><font style=\"medium;font-style:normal;font-weight:400;letter-spacing:normal;text-align:start;text-indent:0px;text-transform:none\">), tahveljaid kristalle (<\/font><\/font><a data-url=\"https:\/\/sisu.ut.ee\/mineraalid-ja-kivimid\/baryyt\" href=\"https:\/\/sisu.ut.ee\/mineraalid-ja-kivimid\/baryyt\" target=\"_blank\" title=\"\" rel=\"noopener\">bar\u00fc\u00fct<\/a><font face=\"Arial\"><font style=\"medium;font-style:normal;font-weight:400;letter-spacing:normal;text-align:start;text-indent:0px;text-transform:none\">,\u00a0<\/font><\/font><a data-url=\"https:\/\/sisu.ut.ee\/mineraalid-ja-kivimid\/kips\" href=\"https:\/\/sisu.ut.ee\/mineraalid-ja-kivimid\/kips\" target=\"_blank\" title=\"\" rel=\"noopener\">kips<\/a><font face=\"Arial\"><font style=\"medium;font-style:normal;font-weight:400;letter-spacing:normal;text-align:start;text-indent:0px;text-transform:none\">), lehelisi (<\/font><\/font><a data-url=\"https:\/\/sisu.ut.ee\/mineraalid-ja-kivimid\/vilgud\" href=\"https:\/\/sisu.ut.ee\/mineraalid-ja-kivimid\/vilgud\" target=\"_blank\" title=\"\" rel=\"noopener\">vilgud<\/a><font face=\"Arial\"><font style=\"medium;font-style:normal;font-weight:400;letter-spacing:normal;text-align:start;text-indent:0px;text-transform:none\">), ja \u00fcleminekulisi vorme, n\u00e4iteks vaadikujulised kristallid (safiir). Kivimites esinevatel mineraalidel on aga harva v\u00f5imalik m\u00e4\u00e4rata kristallide kuju palja silmaga. Selleks kasutatakse optilisi uurimismeetodeid.<\/font><\/font>\n<\/p>\n<p>\n\t<font face=\"Arial\">Morfoloogiliste tunnuste hulka kuuluvad ka kahe v\u00f5i enama kristalli seadusp\u00e4rased kokku- ja l\u00e4bikasved ehk\u00a0<b>kaksikud<\/b>\u00a0(n\u00e4iteks\u00a0<\/font><a data-url=\"https:\/\/sisu.ut.ee\/mineraalid-ja-kivimid\/ortoklass\" href=\"https:\/\/sisu.ut.ee\/mineraalid-ja-kivimid\/ortoklass\" target=\"_blank\" title=\"\" rel=\"noopener\">ortoklassil<\/a><font face=\"Arial\">, stauroliidil,\u00a0<\/font><a data-url=\"https:\/\/sisu.ut.ee\/mineraalid-ja-kivimid\/kips\" href=\"https:\/\/sisu.ut.ee\/mineraalid-ja-kivimid\/kips\" target=\"_blank\" title=\"\" rel=\"noopener\">kipsil<\/a><font face=\"Arial\">). Looduses on kristallide v\u00e4liskuju siiski enamasti ebat\u00e4iuslik.<\/font>\n<\/p>\n<p>\n\t<font face=\"Arial\">Peale kristalliindiviidide kuju on m\u00f5nedele mineraalagregaatidele omane samuti iseloomulik v\u00e4liskuju. Nii esineb\u00a0<\/font><a data-url=\"https:\/\/sisu.ut.ee\/mineraalid-ja-kivimid\/malahhiit\" href=\"https:\/\/sisu.ut.ee\/mineraalid-ja-kivimid\/malahhiit\" target=\"_blank\" title=\"\" rel=\"noopener\">malahhiit<\/a><font face=\"Arial\">\u00a0sageli neerukujuliste kobaratena,\u00a0<\/font><a data-url=\"https:\/\/sisu.ut.ee\/mineraalid-ja-kivimid\/kuld\" href=\"https:\/\/sisu.ut.ee\/mineraalid-ja-kivimid\/kuld\" target=\"_blank\" title=\"\" rel=\"noopener\">ehe kuld<\/a><font face=\"Arial\">,\u00a0<\/font><a data-url=\"https:\/\/sisu.ut.ee\/mineraalid-ja-kivimid\/hqbe\" href=\"https:\/\/sisu.ut.ee\/mineraalid-ja-kivimid\/hqbe\" target=\"_blank\" title=\"\" rel=\"noopener\">h\u00f5be<\/a><font face=\"Arial\">\u00a0ja\u00a0<\/font><a data-url=\"https:\/\/sisu.ut.ee\/mineraalid-ja-kivimid\/vask\" href=\"https:\/\/sisu.ut.ee\/mineraalid-ja-kivimid\/vask\" target=\"_blank\" title=\"\" rel=\"noopener\">vask<\/a><font face=\"Arial\">\u00a0puuoksi meenutavate dendriitidena,\u00a0<\/font><a data-url=\"https:\/\/sisu.ut.ee\/mineraalid-ja-kivimid\/kips\" href=\"https:\/\/sisu.ut.ee\/mineraalid-ja-kivimid\/kips\" target=\"_blank\" title=\"\" rel=\"noopener\">kips<\/a><font face=\"Arial\">\u00a0kiuliste kristallide kogumikena,\u00a0<\/font><a data-url=\"https:\/\/sisu.ut.ee\/mineraalid-ja-kivimid\/aragoniit\" href=\"https:\/\/sisu.ut.ee\/mineraalid-ja-kivimid\/aragoniit\" target=\"_blank\" title=\"\" rel=\"noopener\">aragoniit herneteralaadse ehk<\/a><font face=\"Arial\">\u00a0<\/font><a data-url=\"https:\/\/sisu.ut.ee\/mineraalid-ja-kivimid\/ooliit\" href=\"https:\/\/sisu.ut.ee\/mineraalid-ja-kivimid\/ooliit\" target=\"_blank\" title=\"\" rel=\"noopener\">ooliitsena<\/a><font face=\"Arial\">, n\u00f5rgvormidena esinevad\u00a0<\/font><a data-url=\"https:\/\/sisu.ut.ee\/mineraalid-ja-kivimid\/stalaktiit\" href=\"https:\/\/sisu.ut.ee\/mineraalid-ja-kivimid\/stalaktiit\" target=\"_blank\" title=\"\" rel=\"noopener\">stalaktiidid<\/a><font face=\"Arial\">\u00a0jne.<\/font>\n<\/p>\n<p>\n\t\u00a0\n<\/p>\n<p style=\"text-align:start\">\n\t<br><span><span style=\"color:#000000\"><span><span style=\"font-style:normal\"><span><span><span style=\"font-weight:400\"><span style=\"letter-spacing:normal\"><span><span style=\"text-transform:none\"><span><span><span><span><span>Koostanud \u00a9 2003 Mare Isakar<\/span><\/span><\/span><\/span><\/span><\/span><\/span><\/span><\/span><\/span><\/span><\/span><\/span><\/span><\/span><\/p>\n","protected":false},"excerpt":{"rendered":"<p>Kristallide kuju\u00a0on paljudele mineraalidele \u00fcheks t\u00e4htsamaks v\u00e4liseks tunnuseks. Nii on\u00a0kvartsile (m\u00e4ekristallile)\u00a0iseloomulikud prismalised kristallid,\u00a0p\u00fcriidile\u00a0kuubilised kristallid,\u00a0magnetiidile\u00a0oktaeedrid,\u00a0granaadile\u00a0romboeedrid jne. V\u00e4lise kuju (haabituse) j\u00e4rgi eristatakse isomeetrilisi kristalle (n\u00e4iteks teemant, granaat), piklikke kristalle (turmaliin), tahveljaid kristalle (bar\u00fc\u00fct,\u00a0kips), lehelisi (vilgud), ja \u00fcleminekulisi vorme, n\u00e4iteks vaadikujulised kristallid (safiir). &#8230;<\/p>\n","protected":false},"author":226,"featured_media":0,"parent":0,"menu_order":0,"comment_status":"closed","ping_status":"closed","template":"","meta":{"_acf_changed":false,"inline_featured_image":false,"footnotes":""},"class_list":["post-93","page","type-page","status-publish","hentry"],"acf":[],"_links":{"self":[{"href":"https:\/\/sisu.ut.ee\/mineraalid-ja-kivimid\/wp-json\/wp\/v2\/pages\/93","targetHints":{"allow":["GET"]}}],"collection":[{"href":"https:\/\/sisu.ut.ee\/mineraalid-ja-kivimid\/wp-json\/wp\/v2\/pages"}],"about":[{"href":"https:\/\/sisu.ut.ee\/mineraalid-ja-kivimid\/wp-json\/wp\/v2\/types\/page"}],"author":[{"embeddable":true,"href":"https:\/\/sisu.ut.ee\/mineraalid-ja-kivimid\/wp-json\/wp\/v2\/users\/226"}],"replies":[{"embeddable":true,"href":"https:\/\/sisu.ut.ee\/mineraalid-ja-kivimid\/wp-json\/wp\/v2\/comments?post=93"}],"version-history":[{"count":1,"href":"https:\/\/sisu.ut.ee\/mineraalid-ja-kivimid\/wp-json\/wp\/v2\/pages\/93\/revisions"}],"predecessor-version":[{"id":760,"href":"https:\/\/sisu.ut.ee\/mineraalid-ja-kivimid\/wp-json\/wp\/v2\/pages\/93\/revisions\/760"}],"wp:attachment":[{"href":"https:\/\/sisu.ut.ee\/mineraalid-ja-kivimid\/wp-json\/wp\/v2\/media?parent=93"}],"curies":[{"name":"wp","href":"https:\/\/api.w.org\/{rel}","templated":true}]}}