{"id":92,"date":"2024-04-04T06:11:43","date_gmt":"2024-04-04T03:11:43","guid":{"rendered":"https:\/\/sisu.ut.ee\/mineraalid-ja-kivimid\/mineraalide-fyysikalised-omadused\/"},"modified":"2024-04-04T06:13:04","modified_gmt":"2024-04-04T03:13:04","slug":"mineraalide-fyysikalised-omadused","status":"publish","type":"page","link":"https:\/\/sisu.ut.ee\/mineraalid-ja-kivimid\/mineraalide-fyysikalised-omadused\/","title":{"rendered":"Mineraalide f\u00fc\u00fcsikalised omadused"},"content":{"rendered":"<p>\n\t<font face=\"Arial\"><font style=\"medium;font-style:normal;font-weight:400;letter-spacing:normal;text-align:start;text-indent:0px;text-transform:none\">Kivimite ja mineraalide silmaga n\u00e4htavatest m\u00e4\u00e4ratavatest omadustest on olulisemad kristallide kuju v\u00f5i mineraalide v\u00e4line vorm, v\u00e4rvus, kriipsu v\u00e4rvus, l\u00e4ige, l\u00e4bipaistvus, l\u00f5henevus\/murdepinna iseloom, k\u00f5vadus, tihedus ja m\u00f5ned erilised omadused.<\/font><\/font>\n<\/p>\n<p>\n\t\u00a0\n<\/p>\n<p style=\"text-align: center\">\n\t\t<a data-url=\"https:\/\/sisu.ut.ee\/mineraalid-ja-kivimid\/kristallide-kuju\" href=\"https:\/\/sisu.ut.ee\/mineraalid-ja-kivimid\/kristallide-kuju\" target=\"_blank\" title=\"\" rel=\"noopener\">Kristallide kuju<\/a>\n\t<\/p>\n<p style=\"text-align: center\">\n\t\t\u00a0\n\t<\/p>\n<p style=\"text-align: center\">\n\t\t<a data-url=\"https:\/\/sisu.ut.ee\/mineraalid-ja-kivimid\/v2rvus\" href=\"https:\/\/sisu.ut.ee\/mineraalid-ja-kivimid\/v2rvus\" target=\"_blank\" title=\"\" rel=\"noopener\">V\u00e4rvus<\/a>\n\t<\/p>\n<p style=\"text-align: center\">\n\t\t\u00a0\n\t<\/p>\n<p style=\"text-align: center\">\n\t\t<a data-url=\"https:\/\/sisu.ut.ee\/mineraalid-ja-kivimid\/lqhenevus-ja-murre\" href=\"https:\/\/sisu.ut.ee\/mineraalid-ja-kivimid\/lqhenevus-ja-murre\" target=\"_blank\" title=\"\" rel=\"noopener\">L\u00f5henevus ja murre<\/a>\n\t<\/p>\n<p style=\"text-align: center\">\n\t\t\u00a0\n\t<\/p>\n<p style=\"text-align: center\">\n\t\t<a data-url=\"https:\/\/sisu.ut.ee\/mineraalid-ja-kivimid\/l2ige\" href=\"https:\/\/sisu.ut.ee\/mineraalid-ja-kivimid\/l2ige\" target=\"_blank\" title=\"\" rel=\"noopener\">L\u00e4ige<\/a>\n\t<\/p>\n<p style=\"text-align: center\">\n\t\t\u00a0\n\t<\/p>\n<p style=\"text-align: center\">\n\t\t<a data-url=\"https:\/\/sisu.ut.ee\/mineraalid-ja-kivimid\/l2bipaistvus\" href=\"https:\/\/sisu.ut.ee\/mineraalid-ja-kivimid\/l2bipaistvus\" target=\"_blank\" title=\"\" rel=\"noopener\">L\u00e4bipaistvus<\/a>\n\t<\/p>\n<p style=\"text-align: center\">\n\t\t\u00a0\n\t<\/p>\n<p style=\"text-align: center\">\n\t\t<a data-url=\"https:\/\/sisu.ut.ee\/mineraalid-ja-kivimid\/kqvadus\" href=\"https:\/\/sisu.ut.ee\/mineraalid-ja-kivimid\/kqvadus\" target=\"_blank\" title=\"\" rel=\"noopener\">K\u00f5vadus<\/a>\n\t<\/p>\n<p style=\"text-align: center\">\n\t\t\u00a0\n\t<\/p>\n<p style=\"text-align: center\">\n\t\t<a data-url=\"https:\/\/sisu.ut.ee\/mineraalid-ja-kivimid\/tihedus\" href=\"https:\/\/sisu.ut.ee\/mineraalid-ja-kivimid\/tihedus\" target=\"_blank\" title=\"\" rel=\"noopener\">Tihedus<\/a>\n\t<\/p>\n<p style=\"text-align: center\">\n\t\t\u00a0\n\t<\/p>\n<p style=\"text-align: center\">\n\t\t<a data-url=\"https:\/\/sisu.ut.ee\/mineraalid-ja-kivimid\/teised-omadused\" href=\"https:\/\/sisu.ut.ee\/mineraalid-ja-kivimid\/teised-omadused\" target=\"_blank\" title=\"\" rel=\"noopener\">Teised omadused<\/a>\n\t<\/p>\n","protected":false},"excerpt":{"rendered":"<p>Kivimite ja mineraalide silmaga n\u00e4htavatest m\u00e4\u00e4ratavatest omadustest on olulisemad kristallide kuju v\u00f5i mineraalide v\u00e4line vorm, v\u00e4rvus, kriipsu v\u00e4rvus, l\u00e4ige, l\u00e4bipaistvus, l\u00f5henevus\/murdepinna iseloom, k\u00f5vadus, tihedus ja m\u00f5ned erilised omadused. \u00a0 Kristallide kuju \u00a0 V\u00e4rvus \u00a0 L\u00f5henevus ja murre \u00a0 L\u00e4ige \u00a0 &#8230;<\/p>\n","protected":false},"author":226,"featured_media":0,"parent":0,"menu_order":0,"comment_status":"closed","ping_status":"closed","template":"","meta":{"_acf_changed":false,"inline_featured_image":false,"footnotes":""},"class_list":["post-92","page","type-page","status-publish","hentry"],"acf":[],"_links":{"self":[{"href":"https:\/\/sisu.ut.ee\/mineraalid-ja-kivimid\/wp-json\/wp\/v2\/pages\/92","targetHints":{"allow":["GET"]}}],"collection":[{"href":"https:\/\/sisu.ut.ee\/mineraalid-ja-kivimid\/wp-json\/wp\/v2\/pages"}],"about":[{"href":"https:\/\/sisu.ut.ee\/mineraalid-ja-kivimid\/wp-json\/wp\/v2\/types\/page"}],"author":[{"embeddable":true,"href":"https:\/\/sisu.ut.ee\/mineraalid-ja-kivimid\/wp-json\/wp\/v2\/users\/226"}],"replies":[{"embeddable":true,"href":"https:\/\/sisu.ut.ee\/mineraalid-ja-kivimid\/wp-json\/wp\/v2\/comments?post=92"}],"version-history":[{"count":1,"href":"https:\/\/sisu.ut.ee\/mineraalid-ja-kivimid\/wp-json\/wp\/v2\/pages\/92\/revisions"}],"predecessor-version":[{"id":759,"href":"https:\/\/sisu.ut.ee\/mineraalid-ja-kivimid\/wp-json\/wp\/v2\/pages\/92\/revisions\/759"}],"wp:attachment":[{"href":"https:\/\/sisu.ut.ee\/mineraalid-ja-kivimid\/wp-json\/wp\/v2\/media?parent=92"}],"curies":[{"name":"wp","href":"https:\/\/api.w.org\/{rel}","templated":true}]}}