{"id":91,"date":"2024-04-04T06:11:43","date_gmt":"2024-04-04T03:11:43","guid":{"rendered":"https:\/\/sisu.ut.ee\/mineraalid-ja-kivimid\/heksagonaalne-syngoonia\/"},"modified":"2024-04-04T06:13:04","modified_gmt":"2024-04-04T03:13:04","slug":"heksagonaalne-syngoonia","status":"publish","type":"page","link":"https:\/\/sisu.ut.ee\/mineraalid-ja-kivimid\/heksagonaalne-syngoonia\/","title":{"rendered":"Heksagonaalne s\u00fcngoonia"},"content":{"rendered":"<p>\n\t<font face=\"Arial\"><font style=\"medium;font-style:normal;font-weight:400;letter-spacing:normal;text-align:start;text-indent:0px;text-transform:none\"><b>Heksagonaalse<\/b>\u00a0s\u00fcngoonia kristalle iseloomustab kuuekandiline ristl\u00f5ige. Heksagonaalsesse s\u00fcngooniasse kuuluvad\u00a0<\/font><\/font><a data-url=\"https:\/\/sisu.ut.ee\/mineraalid-ja-kivimid\/ber%C3%BCll\" href=\"https:\/\/sisu.ut.ee\/mineraalid-ja-kivimid\/ber%C3%BCll\" target=\"_blank\" title=\"\" rel=\"noopener\">berull<\/a><font face=\"Arial\"><font style=\"medium;font-style:normal;font-weight:400;letter-spacing:normal;text-align:start;text-indent:0px;text-transform:none\">\u00a0ja\u00a0<\/font><\/font><a data-url=\"https:\/\/sisu.ut.ee\/mineraalid-ja-kivimid\/apatiit\" href=\"https:\/\/sisu.ut.ee\/mineraalid-ja-kivimid\/apatiit\" target=\"_blank\" title=\"\" rel=\"noopener\">apatiit<\/a><font face=\"Arial\"><font style=\"medium;font-style:normal;font-weight:400;letter-spacing:normal;text-align:start;text-indent:0px;text-transform:none\">.<\/font><\/font>\n<\/p>\n<p>\n\t<br><img loading=\"lazy\" decoding=\"async\" width=\"157\" height=\"250\" class=\"alignnone wp-image-350\" src=\"https:\/\/sisu.ut.ee\/wp-content\/uploads\/sites\/431\/heksagon1.jpg\" title=\"heksagon1.jpg\" alt=\"heksagon\"><font face=\"Arial\">\u00a0a\u00a0<\/font><img loading=\"lazy\" decoding=\"async\" width=\"193\" height=\"250\" class=\"alignnone wp-image-351\" src=\"https:\/\/sisu.ut.ee\/wp-content\/uploads\/sites\/431\/heksagon2.jpg\" title=\"heksagon2.jpg\" alt=\"heksagon\"><font face=\"Arial\">\u00a0b<br>Joonis 5. Heksagonaalne s\u00fcngoonia: a \u2013 p\u00f5hivorm telgedega; b \u2013 apatiidi kristall<\/font>\n<\/p>\n<p style=\"text-align:start\">\n\t<br><span><span style=\"color:#000000\"><span><span style=\"font-style:normal\"><span><span><span style=\"font-weight:400\"><span style=\"letter-spacing:normal\"><span><span style=\"text-transform:none\"><span><span><span><span><span>Koostanud \u00a9 2003 Mare Isakar<\/span><\/span><\/span><\/span><\/span><\/span><\/span><\/span><\/span><\/span><\/span><\/span><\/span><\/span><\/span><\/p>\n","protected":false},"excerpt":{"rendered":"<p>Heksagonaalse\u00a0s\u00fcngoonia kristalle iseloomustab kuuekandiline ristl\u00f5ige. Heksagonaalsesse s\u00fcngooniasse kuuluvad\u00a0berull\u00a0ja\u00a0apatiit. \u00a0a\u00a0\u00a0bJoonis 5. Heksagonaalne s\u00fcngoonia: a \u2013 p\u00f5hivorm telgedega; b \u2013 apatiidi kristall Koostanud \u00a9 2003 Mare Isakar<\/p>\n","protected":false},"author":226,"featured_media":0,"parent":0,"menu_order":0,"comment_status":"closed","ping_status":"closed","template":"","meta":{"_acf_changed":false,"inline_featured_image":false,"footnotes":""},"class_list":["post-91","page","type-page","status-publish","hentry"],"acf":[],"_links":{"self":[{"href":"https:\/\/sisu.ut.ee\/mineraalid-ja-kivimid\/wp-json\/wp\/v2\/pages\/91","targetHints":{"allow":["GET"]}}],"collection":[{"href":"https:\/\/sisu.ut.ee\/mineraalid-ja-kivimid\/wp-json\/wp\/v2\/pages"}],"about":[{"href":"https:\/\/sisu.ut.ee\/mineraalid-ja-kivimid\/wp-json\/wp\/v2\/types\/page"}],"author":[{"embeddable":true,"href":"https:\/\/sisu.ut.ee\/mineraalid-ja-kivimid\/wp-json\/wp\/v2\/users\/226"}],"replies":[{"embeddable":true,"href":"https:\/\/sisu.ut.ee\/mineraalid-ja-kivimid\/wp-json\/wp\/v2\/comments?post=91"}],"version-history":[{"count":1,"href":"https:\/\/sisu.ut.ee\/mineraalid-ja-kivimid\/wp-json\/wp\/v2\/pages\/91\/revisions"}],"predecessor-version":[{"id":758,"href":"https:\/\/sisu.ut.ee\/mineraalid-ja-kivimid\/wp-json\/wp\/v2\/pages\/91\/revisions\/758"}],"wp:attachment":[{"href":"https:\/\/sisu.ut.ee\/mineraalid-ja-kivimid\/wp-json\/wp\/v2\/media?parent=91"}],"curies":[{"name":"wp","href":"https:\/\/api.w.org\/{rel}","templated":true}]}}