{"id":90,"date":"2024-04-04T06:11:43","date_gmt":"2024-04-04T03:11:43","guid":{"rendered":"https:\/\/sisu.ut.ee\/mineraalid-ja-kivimid\/trigonaalne-syngoonia\/"},"modified":"2024-04-04T06:13:04","modified_gmt":"2024-04-04T03:13:04","slug":"trigonaalne-syngoonia","status":"publish","type":"page","link":"https:\/\/sisu.ut.ee\/mineraalid-ja-kivimid\/trigonaalne-syngoonia\/","title":{"rendered":"Trigonaalne s\u00fcngoonia"},"content":{"rendered":"<p>\n\t<b>Trigonaalse<\/b>\u00a0s\u00fcngoonia kristallidele on iseloomulik kolmnurga kujuline ristl\u00f5ige, sagedased on ka rombi kujuliste tahkudega romboeedrid. Trigonaalse s\u00fcngoonia t\u00fc\u00fcpilised esindajad on\u00a0<a data-url=\"https:\/\/sisu.ut.ee\/mineraalid-ja-kivimid\/turmaliin\" href=\"https:\/\/sisu.ut.ee\/mineraalid-ja-kivimid\/turmaliin\" target=\"_blank\" title=\"\" rel=\"noopener\">turmaliin<\/a>,\u00a0<a data-url=\"https:\/\/sisu.ut.ee\/mineraalid-ja-kivimid\/kvarts\" href=\"https:\/\/sisu.ut.ee\/mineraalid-ja-kivimid\/kvarts\" target=\"_blank\" title=\"\" rel=\"noopener\">kvarts<\/a>,\u00a0<a data-url=\"https:\/\/sisu.ut.ee\/mineraalid-ja-kivimid\/kaltsiit\" href=\"https:\/\/sisu.ut.ee\/mineraalid-ja-kivimid\/kaltsiit\" target=\"_blank\" title=\"\" rel=\"noopener\">kaltsiit<\/a>\u00a0ja\u00a0<a data-url=\"https:\/\/sisu.ut.ee\/mineraalid-ja-kivimid\/korund\" href=\"https:\/\/sisu.ut.ee\/mineraalid-ja-kivimid\/korund\" target=\"_blank\" title=\"\" rel=\"noopener\">korund<\/a>.\n<\/p>\n<p>\n\t<br><img loading=\"lazy\" decoding=\"async\" width=\"189\" height=\"250\" class=\"alignnone wp-image-348\" src=\"https:\/\/sisu.ut.ee\/wp-content\/uploads\/sites\/431\/trigonaal.jpg\" title=\"trigonaal.jpg\" alt=\"trigonaal\">\u00a0a\u00a0<img loading=\"lazy\" decoding=\"async\" width=\"236\" height=\"250\" class=\"alignnone wp-image-349\" src=\"https:\/\/sisu.ut.ee\/wp-content\/uploads\/sites\/431\/trigonaal1.jpg\" title=\"trigonaal1.jpg\" alt=\"trigonaal\">\u00a0b<br>Joonis 6. Trigonaalne s\u00fcngoonia: a \u2013 romboeeder telgedega; b \u2013 turmaliini kristall<\/p>\n","protected":false},"excerpt":{"rendered":"<p>Trigonaalse\u00a0s\u00fcngoonia kristallidele on iseloomulik kolmnurga kujuline ristl\u00f5ige, sagedased on ka rombi kujuliste tahkudega romboeedrid. Trigonaalse s\u00fcngoonia t\u00fc\u00fcpilised esindajad on\u00a0turmaliin,\u00a0kvarts,\u00a0kaltsiit\u00a0ja\u00a0korund. \u00a0a\u00a0\u00a0bJoonis 6. Trigonaalne s\u00fcngoonia: a \u2013 romboeeder telgedega; b \u2013 turmaliini kristall<\/p>\n","protected":false},"author":226,"featured_media":0,"parent":0,"menu_order":0,"comment_status":"closed","ping_status":"closed","template":"","meta":{"_acf_changed":false,"inline_featured_image":false,"footnotes":""},"class_list":["post-90","page","type-page","status-publish","hentry"],"acf":[],"_links":{"self":[{"href":"https:\/\/sisu.ut.ee\/mineraalid-ja-kivimid\/wp-json\/wp\/v2\/pages\/90","targetHints":{"allow":["GET"]}}],"collection":[{"href":"https:\/\/sisu.ut.ee\/mineraalid-ja-kivimid\/wp-json\/wp\/v2\/pages"}],"about":[{"href":"https:\/\/sisu.ut.ee\/mineraalid-ja-kivimid\/wp-json\/wp\/v2\/types\/page"}],"author":[{"embeddable":true,"href":"https:\/\/sisu.ut.ee\/mineraalid-ja-kivimid\/wp-json\/wp\/v2\/users\/226"}],"replies":[{"embeddable":true,"href":"https:\/\/sisu.ut.ee\/mineraalid-ja-kivimid\/wp-json\/wp\/v2\/comments?post=90"}],"version-history":[{"count":1,"href":"https:\/\/sisu.ut.ee\/mineraalid-ja-kivimid\/wp-json\/wp\/v2\/pages\/90\/revisions"}],"predecessor-version":[{"id":757,"href":"https:\/\/sisu.ut.ee\/mineraalid-ja-kivimid\/wp-json\/wp\/v2\/pages\/90\/revisions\/757"}],"wp:attachment":[{"href":"https:\/\/sisu.ut.ee\/mineraalid-ja-kivimid\/wp-json\/wp\/v2\/media?parent=90"}],"curies":[{"name":"wp","href":"https:\/\/api.w.org\/{rel}","templated":true}]}}