{"id":86,"date":"2024-04-04T06:11:42","date_gmt":"2024-04-04T03:11:42","guid":{"rendered":"https:\/\/sisu.ut.ee\/mineraalid-ja-kivimid\/monokliinne-syngoonia\/"},"modified":"2024-04-04T06:13:05","modified_gmt":"2024-04-04T03:13:05","slug":"monokliinne-syngoonia","status":"publish","type":"page","link":"https:\/\/sisu.ut.ee\/mineraalid-ja-kivimid\/monokliinne-syngoonia\/","title":{"rendered":"Monokliinne s\u00fcngoonia"},"content":{"rendered":"<p>\n\tSuurim arv mineraale kristalliseerub\u00a0<b>monokliinses s\u00fcngoonias<\/b>. Tavalised vormid on plaatjad v\u00f5i kaldprisma kujulised. S\u00fcngoonia t\u00fc\u00fcpilisteks esindajateks on\u00a0<a data-url=\"https:\/\/sisu.ut.ee\/mineraalid-ja-kivimid\/kips\" href=\"https:\/\/sisu.ut.ee\/mineraalid-ja-kivimid\/kips\" target=\"_blank\" title=\"\" rel=\"noopener\">kips<\/a>,\u00a0<a data-url=\"https:\/\/sisu.ut.ee\/mineraalid-ja-kivimid\/ortoklass\" href=\"https:\/\/sisu.ut.ee\/mineraalid-ja-kivimid\/ortoklass\" target=\"_blank\" title=\"\" rel=\"noopener\">ortoklass<\/a>,\u00a0<a data-url=\"https:\/\/sisu.ut.ee\/mineraalid-ja-kivimid\/pyrokseenid\" href=\"https:\/\/sisu.ut.ee\/mineraalid-ja-kivimid\/pyrokseenid\" target=\"_blank\" title=\"\" rel=\"noopener\">p\u00fcrokseenid<\/a>\u00a0ja\u00a0<a data-url=\"https:\/\/sisu.ut.ee\/mineraalid-ja-kivimid\/amfibool\" href=\"https:\/\/sisu.ut.ee\/mineraalid-ja-kivimid\/amfibool\" target=\"_blank\" title=\"\" rel=\"noopener\">amfiboolid<\/a>.\n<\/p>\n<p>\n\t<br><img loading=\"lazy\" decoding=\"async\" width=\"125\" height=\"250\" class=\"alignnone wp-image-341\" src=\"https:\/\/sisu.ut.ee\/wp-content\/uploads\/sites\/431\/monoklin1.jpg\" title=\"monoklin1.jpg\" alt=\"monokliinne\">\u00a0a\u00a0<img loading=\"lazy\" decoding=\"async\" width=\"196\" height=\"250\" class=\"alignnone wp-image-342\" src=\"https:\/\/sisu.ut.ee\/wp-content\/uploads\/sites\/431\/monoklin2.jpg\" title=\"monoklin2.jpg\" alt=\"monoklin\">\u00a0b<br>Joonis 2. Monokliinne s\u00fcngoonia: a \u2013 kipsi kristall telgedega; b \u2013 ortoklassi kristall<\/p>\n","protected":false},"excerpt":{"rendered":"<p>Suurim arv mineraale kristalliseerub\u00a0monokliinses s\u00fcngoonias. Tavalised vormid on plaatjad v\u00f5i kaldprisma kujulised. S\u00fcngoonia t\u00fc\u00fcpilisteks esindajateks on\u00a0kips,\u00a0ortoklass,\u00a0p\u00fcrokseenid\u00a0ja\u00a0amfiboolid. \u00a0a\u00a0\u00a0bJoonis 2. Monokliinne s\u00fcngoonia: a \u2013 kipsi kristall telgedega; b \u2013 ortoklassi kristall<\/p>\n","protected":false},"author":226,"featured_media":0,"parent":0,"menu_order":0,"comment_status":"closed","ping_status":"closed","template":"","meta":{"_acf_changed":false,"inline_featured_image":false,"footnotes":""},"class_list":["post-86","page","type-page","status-publish","hentry"],"acf":[],"_links":{"self":[{"href":"https:\/\/sisu.ut.ee\/mineraalid-ja-kivimid\/wp-json\/wp\/v2\/pages\/86","targetHints":{"allow":["GET"]}}],"collection":[{"href":"https:\/\/sisu.ut.ee\/mineraalid-ja-kivimid\/wp-json\/wp\/v2\/pages"}],"about":[{"href":"https:\/\/sisu.ut.ee\/mineraalid-ja-kivimid\/wp-json\/wp\/v2\/types\/page"}],"author":[{"embeddable":true,"href":"https:\/\/sisu.ut.ee\/mineraalid-ja-kivimid\/wp-json\/wp\/v2\/users\/226"}],"replies":[{"embeddable":true,"href":"https:\/\/sisu.ut.ee\/mineraalid-ja-kivimid\/wp-json\/wp\/v2\/comments?post=86"}],"version-history":[{"count":1,"href":"https:\/\/sisu.ut.ee\/mineraalid-ja-kivimid\/wp-json\/wp\/v2\/pages\/86\/revisions"}],"predecessor-version":[{"id":774,"href":"https:\/\/sisu.ut.ee\/mineraalid-ja-kivimid\/wp-json\/wp\/v2\/pages\/86\/revisions\/774"}],"wp:attachment":[{"href":"https:\/\/sisu.ut.ee\/mineraalid-ja-kivimid\/wp-json\/wp\/v2\/media?parent=86"}],"curies":[{"name":"wp","href":"https:\/\/api.w.org\/{rel}","templated":true}]}}