{"id":84,"date":"2024-04-04T06:11:42","date_gmt":"2024-04-04T03:11:42","guid":{"rendered":"https:\/\/sisu.ut.ee\/mineraalid-ja-kivimid\/muskoviit\/"},"modified":"2024-04-04T06:13:05","modified_gmt":"2024-04-04T03:13:05","slug":"muskoviit","status":"publish","type":"page","link":"https:\/\/sisu.ut.ee\/mineraalid-ja-kivimid\/muskoviit\/","title":{"rendered":"Muskoviit"},"content":{"rendered":"<p>\n\t<font face=\"Arial\"><font style=\"medium;font-style:normal;font-weight:400;letter-spacing:normal;text-align:start;text-indent:0px;text-transform:none\"><b>Muskoviit<\/b>\u00a0\u2013 K, Al<sub>2<\/sub>[AlSi<sub>3<\/sub>O<sub>10<\/sub>][OH]<sub>2<\/sub>. Esineb kuuekandilise v\u00f5i rombilise ristl\u00f5ikega tahveljate v\u00f5i plaatjate kristallidena (foto 3). V\u00e4rvitu v\u00f5i kollaka, hallika, roheka v\u00f5i punaka varjundiga. L\u00e4ige klaasjas, l\u00f5henevuspindadel p\u00e4rlmutriline. L\u00f5heneb v\u00e4ga \u00f5hukesteks pinduvateks l\u00e4bipaistvateks kiledeks (foto 1, 2).<\/font><\/font>\n<\/p>\n<p>\n\t<font face=\"Arial\"><b>K\u00f5vadus 2 \u2013 3<\/b><\/font>\n<\/p>\n<p>\n\t<font face=\"Arial\">Muskoviit on alumiiniumirikas\u00a0<\/font><a data-url=\"https:\/\/sisu.ut.ee\/mineraalid-ja-kivimid\/vilgud\" href=\"https:\/\/sisu.ut.ee\/mineraalid-ja-kivimid\/vilgud\" target=\"_blank\" title=\"\" rel=\"noopener\">vilk<\/a><font face=\"Arial\">, mis on tavaline kiltades ja gneissides.<\/font>\n<\/p>\n<p>\n\t<img loading=\"lazy\" decoding=\"async\" width=\"120\" height=\"92\" class=\"alignnone wp-image-335\" src=\"https:\/\/sisu.ut.ee\/wp-content\/uploads\/sites\/431\/muskoviit1a.jpg\" title=\"muskoviit1a.jpg\" alt=\"muskoviit\">\u00a0<img loading=\"lazy\" decoding=\"async\" width=\"115\" height=\"120\" class=\"alignnone wp-image-336\" src=\"https:\/\/sisu.ut.ee\/wp-content\/uploads\/sites\/431\/muskoviit3a.jpg\" title=\"muskoviit3a.jpg\" alt=\"muskoviit\">\n<\/p>\n<p>\n\t<font face=\"Arial\">Foto 1, 2. Hallikas-valge muskoviit<\/font>\n<\/p>\n<p>\n\t\u00a0\n<\/p>\n<p>\n\t<img loading=\"lazy\" decoding=\"async\" width=\"120\" height=\"105\" class=\"alignnone wp-image-339\" src=\"https:\/\/sisu.ut.ee\/wp-content\/uploads\/sites\/431\/vilk2a.jpg\" title=\"vilk2a.jpg\" alt=\"vilk\">\n<\/p>\n<p>\n\t<font face=\"Arial\">Foto 3. Muskoviidi kristallid<\/font>\n<\/p>\n<p style=\"text-align:start\">\n\t<br><span><span style=\"color:#000000\"><span><span style=\"font-style:normal\"><span><span><span style=\"font-weight:400\"><span style=\"letter-spacing:normal\"><span><span style=\"text-transform:none\"><span><span><span><span><span>Koostanud ja fotografeerinud \u00a9 2003 Mare Isakar<\/span><\/span><\/span><\/span><\/span><\/span><\/span><\/span><\/span><\/span><\/span><\/span><\/span><\/span><\/span><\/p>\n","protected":false},"excerpt":{"rendered":"<p>Muskoviit\u00a0\u2013 K, Al2[AlSi3O10][OH]2. Esineb kuuekandilise v\u00f5i rombilise ristl\u00f5ikega tahveljate v\u00f5i plaatjate kristallidena (foto 3). V\u00e4rvitu v\u00f5i kollaka, hallika, roheka v\u00f5i punaka varjundiga. L\u00e4ige klaasjas, l\u00f5henevuspindadel p\u00e4rlmutriline. L\u00f5heneb v\u00e4ga \u00f5hukesteks pinduvateks l\u00e4bipaistvateks kiledeks (foto 1, 2). K\u00f5vadus 2 \u2013 3 Muskoviit &#8230;<\/p>\n","protected":false},"author":226,"featured_media":0,"parent":0,"menu_order":0,"comment_status":"closed","ping_status":"closed","template":"","meta":{"_acf_changed":false,"inline_featured_image":false,"footnotes":""},"class_list":["post-84","page","type-page","status-publish","hentry"],"acf":[],"_links":{"self":[{"href":"https:\/\/sisu.ut.ee\/mineraalid-ja-kivimid\/wp-json\/wp\/v2\/pages\/84","targetHints":{"allow":["GET"]}}],"collection":[{"href":"https:\/\/sisu.ut.ee\/mineraalid-ja-kivimid\/wp-json\/wp\/v2\/pages"}],"about":[{"href":"https:\/\/sisu.ut.ee\/mineraalid-ja-kivimid\/wp-json\/wp\/v2\/types\/page"}],"author":[{"embeddable":true,"href":"https:\/\/sisu.ut.ee\/mineraalid-ja-kivimid\/wp-json\/wp\/v2\/users\/226"}],"replies":[{"embeddable":true,"href":"https:\/\/sisu.ut.ee\/mineraalid-ja-kivimid\/wp-json\/wp\/v2\/comments?post=84"}],"version-history":[{"count":1,"href":"https:\/\/sisu.ut.ee\/mineraalid-ja-kivimid\/wp-json\/wp\/v2\/pages\/84\/revisions"}],"predecessor-version":[{"id":772,"href":"https:\/\/sisu.ut.ee\/mineraalid-ja-kivimid\/wp-json\/wp\/v2\/pages\/84\/revisions\/772"}],"wp:attachment":[{"href":"https:\/\/sisu.ut.ee\/mineraalid-ja-kivimid\/wp-json\/wp\/v2\/media?parent=84"}],"curies":[{"name":"wp","href":"https:\/\/api.w.org\/{rel}","templated":true}]}}