{"id":76,"date":"2024-04-04T06:11:42","date_gmt":"2024-04-04T03:11:42","guid":{"rendered":"https:\/\/sisu.ut.ee\/mineraalid-ja-kivimid\/berull\/"},"modified":"2024-04-04T06:13:04","modified_gmt":"2024-04-04T03:13:04","slug":"berull","status":"publish","type":"page","link":"https:\/\/sisu.ut.ee\/mineraalid-ja-kivimid\/berull\/","title":{"rendered":"Ber\u00fcll"},"content":{"rendered":"<p>\n\t<font face=\"Arial\"><font style=\"medium;font-style:normal;font-weight:400;letter-spacing:normal;text-align:start;text-indent:0px;text-transform:none\"><b>Ber\u00fcll<\/b>\u00a0\u2013 Be<sub>3<\/sub>Al<sub>2<\/sub>[SiO<sub>3<\/sub>]<sub>6<\/sub>. Ber\u00fcll kristallid on kuuetahulised prismad (fotod 1, 2). V\u00e4rvuselt smaragdroheline, sinine, harva roosa. L\u00e4bipaistvaid sinakasrohelisi erimeid tuntakse\u00a0<b>akvamariinina<\/b>\u00a0(foto 3), erkrohelisi\u00a0<b>smaragdina<\/b>\u00a0(foto 4), m\u00f5lemad on tuntud kui v\u00e4\u00e4rismineraalid.<\/font><\/font>\n<\/p>\n<p>\n\t<font face=\"Arial\">Esineb\u00a0<\/font><a data-url=\"https:\/\/sisu.ut.ee\/mineraalid-ja-kivimid\/pegmatiit\" href=\"https:\/\/sisu.ut.ee\/mineraalid-ja-kivimid\/pegmatiit\" target=\"_blank\" title=\"\" rel=\"noopener\">pegmatiitides<\/a><font face=\"Arial\">.<\/font>\n<\/p>\n<p>\n\t<font face=\"Arial\"><b>K\u00f5vadus 7,5 \u2013 8<\/b><\/font>\n<\/p>\n<p>\n\t<img loading=\"lazy\" decoding=\"async\" width=\"120\" height=\"85\" class=\"alignnone wp-image-316\" src=\"https:\/\/sisu.ut.ee\/wp-content\/uploads\/sites\/431\/beryll1a.jpg\" title=\"beryll1a.jpg\" alt=\"beryll\">\u00a0<img loading=\"lazy\" decoding=\"async\" width=\"120\" height=\"90\" class=\"alignnone wp-image-317\" src=\"https:\/\/sisu.ut.ee\/wp-content\/uploads\/sites\/431\/beryll2a.jpg\" title=\"beryll2a.jpg\" alt=\"beryll\"><br><font face=\"Arial\">Foto 1, 2. Ber\u00fcll, Evje, Norra<\/font>\n<\/p>\n<p>\n\t<img loading=\"lazy\" decoding=\"async\" width=\"76\" height=\"120\" class=\"alignnone wp-image-318\" src=\"https:\/\/sisu.ut.ee\/wp-content\/uploads\/sites\/431\/akvamariin1a_01.jpg\" title=\"akvamariin1a_01.jpg\" alt=\"akvamariin\"><br><font face=\"Arial\">Foto 3. Akvamariin<\/font>\n<\/p>\n<p>\n\t<img loading=\"lazy\" decoding=\"async\" width=\"120\" height=\"107\" class=\"alignnone wp-image-319\" src=\"https:\/\/sisu.ut.ee\/wp-content\/uploads\/sites\/431\/smaragd1a.jpg\" title=\"smaragd1a.jpg\" alt=\"smaragd\"><br><font face=\"Arial\">Foto 4. Smaragd<\/font>\n<\/p>\n<p style=\"text-align:start\">\n\t<br><span><span style=\"color:#000000\"><span><span style=\"font-style:normal\"><span><span><span style=\"font-weight:400\"><span style=\"letter-spacing:normal\"><span><span style=\"text-transform:none\"><span><span><span><span><span>Koostanud ja fotografeerinud \u00a9 2003 Mare Isakar<\/span><\/span><\/span><\/span><\/span><\/span><\/span><\/span><\/span><\/span><\/span><\/span><\/span><\/span><\/span><\/p>\n","protected":false},"excerpt":{"rendered":"<p>Ber\u00fcll\u00a0\u2013 Be3Al2[SiO3]6. Ber\u00fcll kristallid on kuuetahulised prismad (fotod 1, 2). V\u00e4rvuselt smaragdroheline, sinine, harva roosa. L\u00e4bipaistvaid sinakasrohelisi erimeid tuntakse\u00a0akvamariinina\u00a0(foto 3), erkrohelisi\u00a0smaragdina\u00a0(foto 4), m\u00f5lemad on tuntud kui v\u00e4\u00e4rismineraalid. Esineb\u00a0pegmatiitides. K\u00f5vadus 7,5 \u2013 8 \u00a0Foto 1, 2. Ber\u00fcll, Evje, Norra Foto 3. &#8230;<\/p>\n","protected":false},"author":226,"featured_media":0,"parent":0,"menu_order":0,"comment_status":"closed","ping_status":"closed","template":"","meta":{"_acf_changed":false,"inline_featured_image":false,"footnotes":""},"class_list":["post-76","page","type-page","status-publish","hentry"],"acf":[],"_links":{"self":[{"href":"https:\/\/sisu.ut.ee\/mineraalid-ja-kivimid\/wp-json\/wp\/v2\/pages\/76","targetHints":{"allow":["GET"]}}],"collection":[{"href":"https:\/\/sisu.ut.ee\/mineraalid-ja-kivimid\/wp-json\/wp\/v2\/pages"}],"about":[{"href":"https:\/\/sisu.ut.ee\/mineraalid-ja-kivimid\/wp-json\/wp\/v2\/types\/page"}],"author":[{"embeddable":true,"href":"https:\/\/sisu.ut.ee\/mineraalid-ja-kivimid\/wp-json\/wp\/v2\/users\/226"}],"replies":[{"embeddable":true,"href":"https:\/\/sisu.ut.ee\/mineraalid-ja-kivimid\/wp-json\/wp\/v2\/comments?post=76"}],"version-history":[{"count":1,"href":"https:\/\/sisu.ut.ee\/mineraalid-ja-kivimid\/wp-json\/wp\/v2\/pages\/76\/revisions"}],"predecessor-version":[{"id":764,"href":"https:\/\/sisu.ut.ee\/mineraalid-ja-kivimid\/wp-json\/wp\/v2\/pages\/76\/revisions\/764"}],"wp:attachment":[{"href":"https:\/\/sisu.ut.ee\/mineraalid-ja-kivimid\/wp-json\/wp\/v2\/media?parent=76"}],"curies":[{"name":"wp","href":"https:\/\/api.w.org\/{rel}","templated":true}]}}