{"id":74,"date":"2024-04-04T06:11:41","date_gmt":"2024-04-04T03:11:41","guid":{"rendered":"https:\/\/sisu.ut.ee\/mineraalid-ja-kivimid\/register\/"},"modified":"2024-04-04T06:13:05","modified_gmt":"2024-04-04T03:13:05","slug":"register","status":"publish","type":"page","link":"https:\/\/sisu.ut.ee\/mineraalid-ja-kivimid\/register\/","title":{"rendered":"Register pildistatud mineraalidest ja kivimitest"},"content":{"rendered":"<p>\t\u00a0<\/p>\n<p style=\"text-align:start\">\n\t\u00a0\n<\/p>\n<table class=\"table table-hover\" style=\"border:undefined\">\n<tbody>\n<tr>\n<td>\n\t\t\t\t\tAhhaat\u00a0<a href=\"https:\/\/sisu.ut.ee\/mineraalid-ja-kivimid\/kaltsedon\">https:\/\/sisu.ut.ee\/mineraalid-ja-kivimid\/kaltsedon<\/a>\n<p>\n\t\t\t\t\t\tAkvamariin\u00a0<a href=\"https:\/\/sisu.ut.ee\/mineraalid-ja-kivimid\/ber%C3%BCll\">https:\/\/sisu.ut.ee\/mineraalid-ja-kivimid\/ber%C3%BCll<\/a>\n\t\t\t\t\t<\/p>\n<p>\n\t\t\t\t\t\tAlbiit\u00a0<a href=\"https:\/\/sisu.ut.ee\/mineraalid-ja-kivimid\/plagioklassid\">https:\/\/sisu.ut.ee\/mineraalid-ja-kivimid\/plagioklassid<\/a>\n\t\t\t\t\t<\/p>\n<p>\n\t\t\t\t\t\tAlmandiin\u00a0<a href=\"https:\/\/sisu.ut.ee\/mineraalid-ja-kivimid\/granaat\">https:\/\/sisu.ut.ee\/mineraalid-ja-kivimid\/granaat<\/a>\n\t\t\t\t\t<\/p>\n<p>\n\t\t\t\t\t\tAluseline laava\u00a0<a href=\"https:\/\/sisu.ut.ee\/mineraalid-ja-kivimid\/laava\">https:\/\/sisu.ut.ee\/mineraalid-ja-kivimid\/laava<\/a>\n\t\t\t\t\t<\/p>\n<p>\n\t\t\t\t\t\tAmasoniit\u00a0<a href=\"https:\/\/sisu.ut.ee\/mineraalid-ja-kivimid\/mikrokliin\">https:\/\/sisu.ut.ee\/mineraalid-ja-kivimid\/mikrokliin<\/a>\n\t\t\t\t\t<\/p>\n<p>\n\t\t\t\t\t\tAmet\u00fcst\u00a0<a href=\"https:\/\/sisu.ut.ee\/mineraalid-ja-kivimid\/kvarts\">https:\/\/sisu.ut.ee\/mineraalid-ja-kivimid\/kvarts<\/a>\n\t\t\t\t\t<\/p>\n<p>\n\t\t\t\t\t\tAmfiboliit\u00a0<a href=\"https:\/\/sisu.ut.ee\/mineraalid-ja-kivimid\/amfiboliidid\">https:\/\/sisu.ut.ee\/mineraalid-ja-kivimid\/amfiboliidid<\/a>\n\t\t\t\t\t<\/p>\n<p>\n\t\t\t\t\t\tAndesiin\u00a0<a href=\"https:\/\/sisu.ut.ee\/mineraalid-ja-kivimid\/plagioklassid\">https:\/\/sisu.ut.ee\/mineraalid-ja-kivimid\/plagioklassid<\/a>\n\t\t\t\t\t<\/p>\n<p>\n\t\t\t\t\t\tApatiit\u00a0<a href=\"https:\/\/sisu.ut.ee\/mineraalid-ja-kivimid\/apatiit\">https:\/\/sisu.ut.ee\/mineraalid-ja-kivimid\/apatiit<\/a>\n\t\t\t\t\t<\/p>\n<p>\n\t\t\t\t\t\tAragoniit\u00a0<a href=\"https:\/\/sisu.ut.ee\/mineraalid-ja-kivimid\/aragoniit\">https:\/\/sisu.ut.ee\/mineraalid-ja-kivimid\/aragoniit<\/a>\n\t\t\t\t\t<\/p>\n<p>\n\t\t\t\t\t\tAugiit\u00a0<a href=\"https:\/\/sisu.ut.ee\/mineraalid-ja-kivimid\/pyrokseenid\">https:\/\/sisu.ut.ee\/mineraalid-ja-kivimid\/pyrokseenid<\/a>\n\t\t\t\t\t<\/p>\n<p>\n\t\t\t\t\t\tBar\u00fc\u00fct\u00a0<a href=\"https:\/\/sisu.ut.ee\/mineraalid-ja-kivimid\/baryyt\">https:\/\/sisu.ut.ee\/mineraalid-ja-kivimid\/baryyt<\/a>\n\t\t\t\t\t<\/p>\n<p>\n\t\t\t\t\t\tBasalt\u00a0<a href=\"https:\/\/sisu.ut.ee\/mineraalid-ja-kivimid\/basalt\">https:\/\/sisu.ut.ee\/mineraalid-ja-kivimid\/basalt<\/a>\n\t\t\t\t\t<\/p>\n<p>\n\t\t\t\t\t\tBer\u00fcll\u00a0<a href=\"https:\/\/sisu.ut.ee\/mineraalid-ja-kivimid\/ber%C3%BCll\">https:\/\/sisu.ut.ee\/mineraalid-ja-kivimid\/ber%C3%BCll<\/a>\n\t\t\t\t\t<\/p>\n<p>\n\t\t\t\t\t\tBiotiit\u00a0<a href=\"https:\/\/sisu.ut.ee\/mineraalid-ja-kivimid\/biotiit\">https:\/\/sisu.ut.ee\/mineraalid-ja-kivimid\/biotiit<\/a>\n\t\t\t\t\t<\/p>\n<p>\n\t\t\t\t\t\tBiotiitkilt\u00a0<a href=\"https:\/\/sisu.ut.ee\/mineraalid-ja-kivimid\/kristallilised-kildad?\">https:\/\/sisu.ut.ee\/mineraalid-ja-kivimid\/kristallilised-kildad?<\/a>\n\t\t\t\t\t<\/p>\n<p>\n\t\t\t\t\t\tDiabaas\u00a0<a href=\"https:\/\/sisu.ut.ee\/mineraalid-ja-kivimid\/diabaas\">https:\/\/sisu.ut.ee\/mineraalid-ja-kivimid\/diabaas<\/a>\n\t\t\t\t\t<\/p>\n<p>\n\t\t\t\t\t\tDiopsiid\u00a0<a href=\"https:\/\/sisu.ut.ee\/mineraalid-ja-kivimid\/pyrokseenid\">https:\/\/sisu.ut.ee\/mineraalid-ja-kivimid\/pyrokseenid<\/a>\n\t\t\t\t\t<\/p>\n<p>\n\t\t\t\t\t\tDioriit\u00a0<a href=\"https:\/\/sisu.ut.ee\/mineraalid-ja-kivimid\/dioriit\">https:\/\/sisu.ut.ee\/mineraalid-ja-kivimid\/dioriit<\/a>\n\t\t\t\t\t<\/p>\n<p>\n\t\t\t\t\t\tDisteen\u00a0<a href=\"https:\/\/sisu.ut.ee\/mineraalid-ja-kivimid\/disteen\">https:\/\/sisu.ut.ee\/mineraalid-ja-kivimid\/disteen<\/a>\n\t\t\t\t\t<\/p>\n<p>\n\t\t\t\t\t\tDolokivi\u00a0<a href=\"https:\/\/sisu.ut.ee\/mineraalid-ja-kivimid\/dolokivi\">https:\/\/sisu.ut.ee\/mineraalid-ja-kivimid\/dolokivi<\/a>\n\t\t\t\t\t<\/p>\n<p>\n\t\t\t\t\t\tDolomiit\u00a0<a href=\"https:\/\/sisu.ut.ee\/mineraalid-ja-kivimid\/dolomiit-0\">https:\/\/sisu.ut.ee\/mineraalid-ja-kivimid\/dolomiit-0<\/a>\n\t\t\t\t\t<\/p>\n<p>\n\t\t\t\t\t\tFluoriit\u00a0<a href=\"https:\/\/sisu.ut.ee\/mineraalid-ja-kivimid\/fluoriit\">https:\/\/sisu.ut.ee\/mineraalid-ja-kivimid\/fluoriit<\/a>\n\t\t\t\t\t<\/p>\n<p>\n\t\t\t\t\t\tGabro\u00a0<a href=\"https:\/\/sisu.ut.ee\/mineraalid-ja-kivimid\/gabro\">https:\/\/sisu.ut.ee\/mineraalid-ja-kivimid\/gabro<\/a>\n\t\t\t\t\t<\/p>\n<p>\n\t\t\t\t\t\tGaleniit\u00a0<a href=\"https:\/\/sisu.ut.ee\/mineraalid-ja-kivimid\/galeniit\">https:\/\/sisu.ut.ee\/mineraalid-ja-kivimid\/galeniit<\/a>\n\t\t\t\t\t<\/p>\n<p>\n\t\t\t\t\t\tGlaukoniit\u00a0<a href=\"https:\/\/sisu.ut.ee\/mineraalid-ja-kivimid\/glaukoniit\">https:\/\/sisu.ut.ee\/mineraalid-ja-kivimid\/glaukoniit<\/a>\n\t\t\t\t\t<\/p>\n<p>\n\t\t\t\t\t\tGneiss\u00a0<a href=\"https:\/\/sisu.ut.ee\/mineraalid-ja-kivimid\/gneiss\">https:\/\/sisu.ut.ee\/mineraalid-ja-kivimid\/gneiss<\/a>\n\t\t\t\t\t<\/p>\n<p>\n\t\t\t\t\t\tG\u00f6tiit\u00a0<a href=\"https:\/\/sisu.ut.ee\/mineraalid-ja-kivimid\/gqtiit\">https:\/\/sisu.ut.ee\/mineraalid-ja-kivimid\/gqtiit<\/a>\n\t\t\t\t\t<\/p>\n<p>\n\t\t\t\t\t\tGrafiit\u00a0<a href=\"https:\/\/sisu.ut.ee\/mineraalid-ja-kivimid\/grafiit\">https:\/\/sisu.ut.ee\/mineraalid-ja-kivimid\/grafiit<\/a>\n\t\t\t\t\t<\/p>\n<p>\n\t\t\t\t\t\tGranaat\u00a0<a href=\"https:\/\/sisu.ut.ee\/mineraalid-ja-kivimid\/granaat\">https:\/\/sisu.ut.ee\/mineraalid-ja-kivimid\/granaat<\/a>\n\t\t\t\t\t<\/p>\n<p>\n\t\t\t\t\t\tGranaatkilt\u00a0<a href=\"https:\/\/sisu.ut.ee\/mineraalid-ja-kivimid\/kristallilised-kildad?\">https:\/\/sisu.ut.ee\/mineraalid-ja-kivimid\/kristallilised-kildad?<\/a>\n\t\t\t\t\t<\/p>\n<p>\n\t\t\t\t\t\tGranaat-vilgukilt\u00a0<a href=\"https:\/\/sisu.ut.ee\/mineraalid-ja-kivimid\/kristallilised-kildad?\">https:\/\/sisu.ut.ee\/mineraalid-ja-kivimid\/kristallilised-kildad?<\/a>\n\t\t\t\t\t<\/p>\n<p>\n\t\t\t\t\t\tGraniitgneiss\u00a0<a href=\"https:\/\/sisu.ut.ee\/mineraalid-ja-kivimid\/graniitgneiss-jpg\">https:\/\/sisu.ut.ee\/mineraalid-ja-kivimid\/graniitgneiss-jpg<\/a>\n\t\t\t\t\t<\/p>\n<p>\n\t\t\t\t\t\tGraniit-pegmatiit\u00a0<a href=\"https:\/\/sisu.ut.ee\/mineraalid-ja-kivimid\/graniit-pegmatiit-jpg\">https:\/\/sisu.ut.ee\/mineraalid-ja-kivimid\/graniit-pegmatiit-jpg<\/a>\n\t\t\t\t\t<\/p>\n<p>\n\t\t\t\t\t\tGraniitporf\u00fc\u00fcr\u00a0<a href=\"https:\/\/sisu.ut.ee\/mineraalid-ja-kivimid\/graniitporfyyr-jpg\">https:\/\/sisu.ut.ee\/mineraalid-ja-kivimid\/graniitporfyyr-jpg<\/a>\n\t\t\t\t\t<\/p>\n<p>\n\t\t\t\t\t\tGraniit\u00a0<a href=\"https:\/\/sisu.ut.ee\/mineraalid-ja-kivimid\/graniit\">https:\/\/sisu.ut.ee\/mineraalid-ja-kivimid\/graniit<\/a>\n\t\t\t\t\t<\/p>\n<p>\n\t\t\t\t\t\tGrossulaar\u00a0<a href=\"https:\/\/sisu.ut.ee\/mineraalid-ja-kivimid\/granaat\">https:\/\/sisu.ut.ee\/mineraalid-ja-kivimid\/granaat<\/a>\n\t\t\t\t\t<\/p>\n<p>\n\t\t\t\t\t\tGranodioriit\u00a0<a href=\"https:\/\/sisu.ut.ee\/mineraalid-ja-kivimid\/granodioriidid\">https:\/\/sisu.ut.ee\/mineraalid-ja-kivimid\/granodioriidid<\/a>\n\t\t\t\t\t<\/p>\n<p>\n\t\t\t\t\t\tHaliit\u00a0<a href=\"https:\/\/sisu.ut.ee\/mineraalid-ja-kivimid\/haliit\">https:\/\/sisu.ut.ee\/mineraalid-ja-kivimid\/haliit<\/a>\n\t\t\t\t\t<\/p>\n<p>\n\t\t\t\t\t\tHematiit\u00a0<a href=\"https:\/\/sisu.ut.ee\/mineraalid-ja-kivimid\/hematiit\">https:\/\/sisu.ut.ee\/mineraalid-ja-kivimid\/hematiit<\/a>\n\t\t\t\t\t<\/p>\n<p>\n\t\t\t\t\t\tH\u00f5be\u00a0<a href=\"https:\/\/sisu.ut.ee\/mineraalid-ja-kivimid\/hqbe\">https:\/\/sisu.ut.ee\/mineraalid-ja-kivimid\/hqbe<\/a>\n\t\t\t\t\t<\/p>\n<p>\n\t\t\t\t\t\tJotnia arkoosliivakivi\u00a0<a href=\"https:\/\/sisu.ut.ee\/mineraalid-ja-kivimid\/kvartsiit\">https:\/\/sisu.ut.ee\/mineraalid-ja-kivimid\/kvartsiit<\/a>\n\t\t\t\t\t<\/p>\n<p>\n\t\t\t\t\t\tJotnia liivakivi\u00a0<a href=\"https:\/\/sisu.ut.ee\/mineraalid-ja-kivimid\/kvartsiit\">https:\/\/sisu.ut.ee\/mineraalid-ja-kivimid\/kvartsiit<\/a>\n\t\t\t\t\t<\/p>\n<p>\n\t\t\t\t\t\tIslandi pagu\u00a0<a href=\"https:\/\/sisu.ut.ee\/mineraalid-ja-kivimid\/kaltsiit\">https:\/\/sisu.ut.ee\/mineraalid-ja-kivimid\/kaltsiit<\/a>\n\t\t\t\t\t<\/p>\n<p>\n\t\t\t\t\t\tJaspis\u00a0<a href=\"https:\/\/sisu.ut.ee\/mineraalid-ja-kivimid\/kaltsedon\">https:\/\/sisu.ut.ee\/mineraalid-ja-kivimid\/kaltsedon<\/a>\n\t\t\t\t\t<\/p>\n<p>\n\t\t\t\t\t\tKaalium p\u00e4evakivid\u00a0<a href=\"https:\/\/sisu.ut.ee\/mineraalid-ja-kivimid\/p2evakivid\">https:\/\/sisu.ut.ee\/mineraalid-ja-kivimid\/p2evakivid<\/a>\n\t\t\t\t\t<\/p>\n<p>\n\t\t\t\t\t\tKaltsedon\u00a0<a href=\"https:\/\/sisu.ut.ee\/mineraalid-ja-kivimid\/kaltsedon\">https:\/\/sisu.ut.ee\/mineraalid-ja-kivimid\/kaltsedon<\/a>\n\t\t\t\t\t<\/p>\n<p>\n\t\t\t\t\t\tKaltsiit\u00a0<a href=\"https:\/\/sisu.ut.ee\/mineraalid-ja-kivimid\/kaltsiit\">https:\/\/sisu.ut.ee\/mineraalid-ja-kivimid\/kaltsiit<\/a>\n\t\t\t\t\t<\/p>\n<p>\n\t\t\t\t\t\tKaoliin\u00a0<a href=\"https:\/\/sisu.ut.ee\/mineraalid-ja-kivimid\/kaoliniit\">https:\/\/sisu.ut.ee\/mineraalid-ja-kivimid\/kaoliniit<\/a>\n\t\t\t\t\t<\/p>\n<p>\n\t\t\t\t\t\tKarneol\u00a0<a href=\"https:\/\/sisu.ut.ee\/mineraalid-ja-kivimid\/kaltsedon\">https:\/\/sisu.ut.ee\/mineraalid-ja-kivimid\/kaltsedon<\/a>\n\t\t\t\t\t<\/p>\n<p>\n\t\t\t\t\t\tKips\u00a0<a href=\"https:\/\/sisu.ut.ee\/mineraalid-ja-kivimid\/kips\">https:\/\/sisu.ut.ee\/mineraalid-ja-kivimid\/kips<\/a>\n\t\t\t\t\t<\/p>\n<p>\n\t\t\t\t\t\tKarbonaadid\u00a0<a href=\"https:\/\/sisu.ut.ee\/mineraalid-ja-kivimid\/karb\">https:\/\/sisu.ut.ee\/mineraalid-ja-kivimid\/karb<\/a>\n\t\t\t\t\t<\/p>\n<p>\n\t\t\t\t\t\tKildad\u00a0<a href=\"https:\/\/sisu.ut.ee\/mineraalid-ja-kivimid\/kildad\">https:\/\/sisu.ut.ee\/mineraalid-ja-kivimid\/kildad<\/a>\n\t\t\t\t\t<\/p>\n<p>\n\t\t\t\t\t\tKivisool\u00a0<a href=\"https:\/\/sisu.ut.ee\/mineraalid-ja-kivimid\/haliit\">https:\/\/sisu.ut.ee\/mineraalid-ja-kivimid\/haliit<\/a>\n\t\t\t\t\t<\/p>\n<p>\n\t\t\t\t\t\tKloriitkilt\u00a0<a href=\"https:\/\/sisu.ut.ee\/mineraalid-ja-kivimid\/kildad\">https:\/\/sisu.ut.ee\/mineraalid-ja-kivimid\/kildad<\/a>\n\t\t\t\t\t<\/p>\n<p>\n\t\t\t\t\t\tKordieriitkilt\u00a0<a href=\"https:\/\/sisu.ut.ee\/mineraalid-ja-kivimid\/kristallilised-kildad?\">https:\/\/sisu.ut.ee\/mineraalid-ja-kivimid\/kristallilised-kildad?<\/a>\n\t\t\t\t\t<\/p>\n<p>\n\t\t\t\t\t\tKordieriit-seritsiitkilt\u00a0<a href=\"https:\/\/sisu.ut.ee\/mineraalid-ja-kivimid\/kristallilised-kildad?\">https:\/\/sisu.ut.ee\/mineraalid-ja-kivimid\/kristallilised-kildad?<\/a>\n\t\t\t\t\t<\/p>\n<p>\n\t\t\t\t\t\tKorund\u00a0<a href=\"https:\/\/sisu.ut.ee\/mineraalid-ja-kivimid\/korund\">https:\/\/sisu.ut.ee\/mineraalid-ja-kivimid\/korund<\/a>\n\t\t\t\t\t<\/p>\n<p>\n\t\t\t\t\t\tKristallilised kildad\u00a0<a href=\"https:\/\/sisu.ut.ee\/mineraalid-ja-kivimid\/kristallilised-kildad?\">https:\/\/sisu.ut.ee\/mineraalid-ja-kivimid\/kristallilised-kildad?<\/a>\n\t\t\t\t\t<\/p>\n<p>\n\t\t\t\t\t\tKuld\u00a0<a href=\"https:\/\/sisu.ut.ee\/mineraalid-ja-kivimid\/kuld\">https:\/\/sisu.ut.ee\/mineraalid-ja-kivimid\/kuld<\/a>\n\t\t\t\t\t<\/p>\n<p>\n\t\t\t\t\t\tKvarts\u00a0<a href=\"https:\/\/sisu.ut.ee\/mineraalid-ja-kivimid\/kvarts\">https:\/\/sisu.ut.ee\/mineraalid-ja-kivimid\/kvarts<\/a>\n\t\t\t\t\t<\/p>\n<p>\n\t\t\t\t\t\tKvartsiit\u00a0<a href=\"https:\/\/sisu.ut.ee\/mineraalid-ja-kivimid\/kvartsiit\">https:\/\/sisu.ut.ee\/mineraalid-ja-kivimid\/kvartsiit<\/a>\n\t\t\t\t\t<\/p>\n<p>\n\t\t\t\t\t\tK\u00fcaniit\u00a0<a href=\"https:\/\/sisu.ut.ee\/mineraalid-ja-kivimid\/disteen\">https:\/\/sisu.ut.ee\/mineraalid-ja-kivimid\/disteen<\/a>\n\t\t\t\t\t<\/p>\n<p>\n\t\t\t\t\t\tK\u00fc\u00fcnekivi\u00a0<a href=\"https:\/\/sisu.ut.ee\/mineraalid-ja-kivimid\/kyynekivi\">https:\/\/sisu.ut.ee\/mineraalid-ja-kivimid\/kyynekivi<\/a>\n\t\t\t\t\t<\/p>\n<p>\n\t\t\t\t\t\tLaava\u00a0<a href=\"https:\/\/sisu.ut.ee\/mineraalid-ja-kivimid\/laava\">https:\/\/sisu.ut.ee\/mineraalid-ja-kivimid\/laava<\/a>\n\t\t\t\t\t<\/p>\n<p>\n\t\t\t\t\t\tLabrador\u00a0<a href=\"https:\/\/sisu.ut.ee\/mineraalid-ja-kivimid\/plagioklassid\">https:\/\/sisu.ut.ee\/mineraalid-ja-kivimid\/plagioklassid<\/a>\n\t\t\t\t\t<\/p>\n<p>\n\t\t\t\t\t\tLabradoriit\u00a0<a href=\"https:\/\/sisu.ut.ee\/mineraalid-ja-kivimid\/labradoriit1-jpg\">https:\/\/sisu.ut.ee\/mineraalid-ja-kivimid\/labradoriit1-jpg<\/a>\n\t\t\t\t\t<\/p>\n<p>\n\t\t\t\t\t\tLeuko-gabro\u00a0<a href=\"https:\/\/sisu.ut.ee\/mineraalid-ja-kivimid\/leuko-gabro1-jpg\">https:\/\/sisu.ut.ee\/mineraalid-ja-kivimid\/leuko-gabro1-jpg<\/a>\n\t\t\t\t\t<\/p>\n<p>\n\t\t\t\t\t\tLiiv\u00a0<a href=\"https:\/\/sisu.ut.ee\/mineraalid-ja-kivimid\/sete\">https:\/\/sisu.ut.ee\/mineraalid-ja-kivimid\/sete<\/a>\n\t\t\t\t\t<\/p>\n<p>\n\t\t\t\t\t\tLiivakivi\u00a0<a href=\"https:\/\/sisu.ut.ee\/mineraalid-ja-kivimid\/liivakivi\">https:\/\/sisu.ut.ee\/mineraalid-ja-kivimid\/liivakivi<\/a>\n\t\t\t\t\t<\/p>\n<p>\n\t\t\t\t\t\tLiivaroos\u00a0<a href=\"https:\/\/sisu.ut.ee\/mineraalid-ja-kivimid\/kips\">https:\/\/sisu.ut.ee\/mineraalid-ja-kivimid\/kips<\/a>\n\t\t\t\t\t<\/p>\n<p>\n\t\t\t\t\t\tLimoniit\u00a0<a href=\"https:\/\/sisu.ut.ee\/mineraalid-ja-kivimid\/limoniit\">https:\/\/sisu.ut.ee\/mineraalid-ja-kivimid\/limoniit<\/a>\n\t\t\t\t\t<\/p>\n<p>\n\t\t\t\t\t\tLubjakivi\u00a0<a href=\"https:\/\/sisu.ut.ee\/mineraalid-ja-kivimid\/lubjakivi\">https:\/\/sisu.ut.ee\/mineraalid-ja-kivimid\/lubjakivi<\/a>\n\t\t\t\t\t<\/p>\n<p>\n\t\t\t\t\t\tL\u00e4\u00e4nemere kvartsporf\u00fc\u00fcr\u00a0<a href=\"https:\/\/sisu.ut.ee\/mineraalid-ja-kivimid\/vulkaanilised-kivimid\">https:\/\/sisu.ut.ee\/mineraalid-ja-kivimid\/vulkaanilised-kivimid<\/a>\n\t\t\t\t\t<\/p>\n<p>\n\t\t\t\t\t\tMagnetiit\u00a0<a href=\"https:\/\/sisu.ut.ee\/mineraalid-ja-kivimid\/magnetiit\">https:\/\/sisu.ut.ee\/mineraalid-ja-kivimid\/magnetiit<\/a>\n\t\t\t\t\t<\/p>\n<p>\n\t\t\t\t\t\tMalahhiit\u00a0<a href=\"https:\/\/sisu.ut.ee\/mineraalid-ja-kivimid\/malahhiit\">https:\/\/sisu.ut.ee\/mineraalid-ja-kivimid\/malahhiit<\/a>\n\t\t\t\t\t<\/p>\n<p>\n\t\t\t\t\t\tMarkasiit\u00a0<a href=\"https:\/\/sisu.ut.ee\/mineraalid-ja-kivimid\/pyriit\">https:\/\/sisu.ut.ee\/mineraalid-ja-kivimid\/pyriit<\/a>\n\t\t\t\t\t<\/p>\n<p>\n\t\t\t\t\t\tMarmor\u00a0<a href=\"https:\/\/sisu.ut.ee\/mineraalid-ja-kivimid\/marmor\">https:\/\/sisu.ut.ee\/mineraalid-ja-kivimid\/marmor<\/a>\n\t\t\t\t\t<\/p>\n<p>\n\t\t\t\t\t\tMerevaik\u00a0<a href=\"https:\/\/sisu.ut.ee\/eluarengmaal\/merevaik\">https:\/\/sisu.ut.ee\/eluarengmaal\/merevaik<\/a>\n\t\t\t\t\t<\/p>\n<p>\n\t\t\t\t\t\tMergel\u00a0<a href=\"https:\/\/sisu.ut.ee\/mineraalid-ja-kivimid\/mergel\">https:\/\/sisu.ut.ee\/mineraalid-ja-kivimid\/mergel<\/a>\n\t\t\t\t\t<\/p>\n<p>\n\t\t\t\t\t\tMigmatiit\u00a0<a href=\"https:\/\/sisu.ut.ee\/mineraalid-ja-kivimid\/moondekivimid\">https:\/\/sisu.ut.ee\/mineraalid-ja-kivimid\/moondekivimid<\/a>\n\t\t\t\t\t<\/p>\n<p>\n\t\t\t\t\t\tMikrokliin\u00a0<a href=\"https:\/\/sisu.ut.ee\/mineraalid-ja-kivimid\/mikrokliin\">https:\/\/sisu.ut.ee\/mineraalid-ja-kivimid\/mikrokliin<\/a>\n\t\t\t\t\t<\/p>\n<p>\n\t\t\t\t\t\tMuskoviit\u00a0<a href=\"https:\/\/sisu.ut.ee\/mineraalid-ja-kivimid\/muskoviit\">https:\/\/sisu.ut.ee\/mineraalid-ja-kivimid\/muskoviit<\/a>\n\t\t\t\t\t<\/p>\n<p>\n\t\t\t\t\t\tM\u00e4ekristall\u00a0<a href=\"https:\/\/sisu.ut.ee\/mineraalid-ja-kivimid\/kvarts\">https:\/\/sisu.ut.ee\/mineraalid-ja-kivimid\/kvarts<\/a>\n\t\t\t\t\t<\/p>\n<p>\n\t\t\t\t\t\tNefeliin\u00a0<a href=\"https:\/\/sisu.ut.ee\/mineraalid-ja-kivimid\/nefeliin\">https:\/\/sisu.ut.ee\/mineraalid-ja-kivimid\/nefeliin<\/a>\n\t\t\t\t\t<\/p>\n<p>\n\t\t\t\t\t\tNefeliins\u00fceniit\u00a0<a href=\"https:\/\/sisu.ut.ee\/mineraalid-ja-kivimid\/nef_syen1-jpg\">https:\/\/sisu.ut.ee\/mineraalid-ja-kivimid\/nef_syen1-jpg<\/a>\n\t\t\t\t\t<\/p>\n<p>\n\t\t\t\t\t\tOliviin\u00a0<a href=\"https:\/\/sisu.ut.ee\/mineraalid-ja-kivimid\/oliviin\">https:\/\/sisu.ut.ee\/mineraalid-ja-kivimid\/oliviin<\/a>\n\t\t\t\t\t<\/p>\n<p>\n\t\t\t\t\t\tOliviindiabaas\u00a0<a href=\"https:\/\/sisu.ut.ee\/mineraalid-ja-kivimid\/diabaas\">https:\/\/sisu.ut.ee\/mineraalid-ja-kivimid\/diabaas<\/a>\n\t\t\t\t\t<\/p>\n<p>\n\t\t\t\t\t\tOon\u00fcks\u00a0<a href=\"https:\/\/sisu.ut.ee\/mineraalid-ja-kivimid\/kaltsedon\">https:\/\/sisu.ut.ee\/mineraalid-ja-kivimid\/kaltsedon<\/a>\n\t\t\t\t\t<\/p>\n<p>\n\t\t\t\t\t\tOpaal\u00a0<a href=\"https:\/\/sisu.ut.ee\/mineraalid-ja-kivimid\/opaal\">https:\/\/sisu.ut.ee\/mineraalid-ja-kivimid\/opaal<\/a>\n\t\t\t\t\t<\/p>\n<p>\n\t\t\t\t\t\tOrtoklass\u00a0<a href=\"https:\/\/sisu.ut.ee\/mineraalid-ja-kivimid\/ortoklass\">https:\/\/sisu.ut.ee\/mineraalid-ja-kivimid\/ortoklass<\/a>\n\t\t\t\t\t<\/p>\n<p>\n\t\t\t\t\t\tObsidiaan\u00a0<a href=\"https:\/\/sisu.ut.ee\/mineraalid-ja-kivimid\/laava\">https:\/\/sisu.ut.ee\/mineraalid-ja-kivimid\/laava<\/a>\n\t\t\t\t\t<\/p>\n<p>\n\t\t\t\t\t\tPegmatiit\u00a0<a href=\"https:\/\/sisu.ut.ee\/mineraalid-ja-kivimid\/pegmatiit\">https:\/\/sisu.ut.ee\/mineraalid-ja-kivimid\/pegmatiit<\/a>\n\t\t\t\t\t<\/p>\n<p>\n\t\t\t\t\t\tPlagioklass\u00a0<a href=\"https:\/\/sisu.ut.ee\/mineraalid-ja-kivimid\/plagioklassid\">https:\/\/sisu.ut.ee\/mineraalid-ja-kivimid\/plagioklassid<\/a>\n\t\t\t\t\t<\/p>\n<p>\n\t\t\t\t\t\tPlasma\u00a0<a href=\"https:\/\/sisu.ut.ee\/mineraalid-ja-kivimid\/kaltsedon\">https:\/\/sisu.ut.ee\/mineraalid-ja-kivimid\/kaltsedon<\/a>\n\t\t\t\t\t<\/p>\n<p>\n\t\t\t\t\t\tPorf\u00fcriit\u00a0<a href=\"https:\/\/sisu.ut.ee\/mineraalid-ja-kivimid\/porf%C3%BCriit\">https:\/\/sisu.ut.ee\/mineraalid-ja-kivimid\/porf%C3%BCriit<\/a>\n\t\t\t\t\t<\/p>\n<p>\n\t\t\t\t\t\tPsilomelaan\u00a0<a href=\"https:\/\/sisu.ut.ee\/mineraalid-ja-kivimid\/psilomelaan\">https:\/\/sisu.ut.ee\/mineraalid-ja-kivimid\/psilomelaan<\/a>\n\t\t\t\t\t<\/p>\n<p>\n\t\t\t\t\t\tP\u00e4evakivid\u00a0<a href=\"https:\/\/sisu.ut.ee\/mineraalid-ja-kivimid\/p2evakivid\">https:\/\/sisu.ut.ee\/mineraalid-ja-kivimid\/p2evakivid<\/a>\n\t\t\t\t\t<\/p>\n<p>\n\t\t\t\t\t\tP\u00fcriit\u00a0<a href=\"https:\/\/sisu.ut.ee\/mineraalid-ja-kivimid\/pyriit\">https:\/\/sisu.ut.ee\/mineraalid-ja-kivimid\/pyriit<\/a>\n\t\t\t\t\t<\/p>\n<p>\n\t\t\t\t\t\tP\u00fcroop\u00a0<a href=\"https:\/\/sisu.ut.ee\/mineraalid-ja-kivimid\/granaat\">https:\/\/sisu.ut.ee\/mineraalid-ja-kivimid\/granaat<\/a>\n\t\t\t\t\t<\/p>\n<p>\n\t\t\t\t\t\tP\u00fcrokseen\u00a0<a href=\"https:\/\/sisu.ut.ee\/mineraalid-ja-kivimid\/pyrokseenid\">https:\/\/sisu.ut.ee\/mineraalid-ja-kivimid\/pyrokseenid<\/a>\n\t\t\t\t\t<\/p>\n<p>\n\t\t\t\t\t\tRabakivi\u00a0<a href=\"https:\/\/sisu.ut.ee\/mineraalid-ja-kivimid\/graniit\">https:\/\/sisu.ut.ee\/mineraalid-ja-kivimid\/graniit<\/a>\n\t\t\t\t\t<\/p>\n<p>\n\t\t\t\t\t\tRodoniit\u00a0<a href=\"https:\/\/sisu.ut.ee\/mineraalid-ja-kivimid\/rodoniit\">https:\/\/sisu.ut.ee\/mineraalid-ja-kivimid\/rodoniit<\/a>\n\t\t\t\t\t<\/p>\n<p>\n\t\t\t\t\t\tRubiin\u00a0<a href=\"https:\/\/sisu.ut.ee\/mineraalid-ja-kivimid\/korund\">https:\/\/sisu.ut.ee\/mineraalid-ja-kivimid\/korund<\/a>\n\t\t\t\t\t<\/p>\n<p>\n\t\t\t\t\t\tR\u00e4nistunud puu\u00a0<a href=\"https:\/\/sisu.ut.ee\/mineraalid-ja-kivimid\/opaal\">https:\/\/sisu.ut.ee\/mineraalid-ja-kivimid\/opaal<\/a>\n\t\t\t\t\t<\/p>\n<p>\n\t\t\t\t\t\tSardoon\u00fcks\u00a0<a href=\"https:\/\/sisu.ut.ee\/mineraalid-ja-kivimid\/kaltsedon\">https:\/\/sisu.ut.ee\/mineraalid-ja-kivimid\/kaltsedon<\/a>\n\t\t\t\t\t<\/p>\n<p>\n\t\t\t\t\t\tSavikilt\u00a0<a href=\"https:\/\/sisu.ut.ee\/mineraalid-ja-kivimid\/kildad\">https:\/\/sisu.ut.ee\/mineraalid-ja-kivimid\/kildad<\/a>\n\t\t\t\t\t<\/p>\n<p>\n\t\t\t\t\t\tSavimineraalid\u00a0<a href=\"https:\/\/sisu.ut.ee\/mineraalid-ja-kivimid\/savimineraalid\">https:\/\/sisu.ut.ee\/mineraalid-ja-kivimid\/savimineraalid<\/a>\n\t\t\t\t\t<\/p>\n<p>\n\t\t\t\t\t\tSete\u00a0<a href=\"https:\/\/sisu.ut.ee\/mineraalid-ja-kivimid\/sete\">https:\/\/sisu.ut.ee\/mineraalid-ja-kivimid\/sete<\/a>\n\t\t\t\t\t<\/p>\n<p>\n\t\t\t\t\t\tSetend\u00a0<a href=\"https:\/\/sisu.ut.ee\/mineraalid-ja-kivimid\/setend\">https:\/\/sisu.ut.ee\/mineraalid-ja-kivimid\/setend<\/a>\n\t\t\t\t\t<\/p>\n<p>\n\t\t\t\t\t\tSettekivimid\u00a0<a href=\"https:\/\/sisu.ut.ee\/mineraalid-ja-kivimid\/settekivimid\">https:\/\/sisu.ut.ee\/mineraalid-ja-kivimid\/settekivimid<\/a>\n\t\t\t\t\t<\/p>\n<p>\n\t\t\t\t\t\tSfaleriit\u00a0<a href=\"https:\/\/sisu.ut.ee\/mineraalid-ja-kivimid\/sfaleriit\">https:\/\/sisu.ut.ee\/mineraalid-ja-kivimid\/sfaleriit<\/a>\n\t\t\t\t\t<\/p>\n<p>\n\t\t\t\t\t\tSkarn\u00a0<a href=\"https:\/\/sisu.ut.ee\/mineraalid-ja-kivimid\/skarn\">https:\/\/sisu.ut.ee\/mineraalid-ja-kivimid\/skarn<\/a>\n\t\t\t\t\t<\/p>\n<p>\n\t\t\t\t\t\tSmaragd\u00a0<a href=\"https:\/\/sisu.ut.ee\/mineraalid-ja-kivimid\/ber%C3%BCll\">https:\/\/sisu.ut.ee\/mineraalid-ja-kivimid\/ber%C3%BCll<\/a>\n\t\t\t\t\t<\/p>\n<p>\n\t\t\t\t\t\tSoon-diabaas\u00a0<a href=\"https:\/\/sisu.ut.ee\/mineraalid-ja-kivimid\/soonkivimid\">https:\/\/sisu.ut.ee\/mineraalid-ja-kivimid\/soonkivimid<\/a>\n\t\t\t\t\t<\/p>\n<p>\n\t\t\t\t\t\tSoonkivimid\u00a0<a href=\"https:\/\/sisu.ut.ee\/mineraalid-ja-kivimid\/soonkivimid\">https:\/\/sisu.ut.ee\/mineraalid-ja-kivimid\/soonkivimid<\/a>\n\t\t\t\t\t<\/p>\n<p>\n\t\t\t\t\t\tSpektroliit\u00a0<a href=\"https:\/\/sisu.ut.ee\/mineraalid-ja-kivimid\/plagioklassid\">https:\/\/sisu.ut.ee\/mineraalid-ja-kivimid\/plagioklassid<\/a>\n\t\t\t\t\t<\/p>\n<p>\n\t\t\t\t\t\tStalaktiit\u00a0<a href=\"https:\/\/sisu.ut.ee\/mineraalid-ja-kivimid\/stalaktiit\">https:\/\/sisu.ut.ee\/mineraalid-ja-kivimid\/stalaktiit<\/a>\n\t\t\t\t\t<\/p>\n<p>\n\t\t\t\t\t\tS\u00fceniit\u00a0<a href=\"https:\/\/sisu.ut.ee\/mineraalid-ja-kivimid\/syeniit\">https:\/\/sisu.ut.ee\/mineraalid-ja-kivimid\/syeniit<\/a>\n\t\t\t\t\t<\/p>\n<p>\n\t\t\t\t\t\tS\u00fclviin\u00a0<a href=\"https:\/\/sisu.ut.ee\/mineraalid-ja-kivimid\/sylviin\">https:\/\/sisu.ut.ee\/mineraalid-ja-kivimid\/sylviin<\/a>\n\t\t\t\t\t<\/p>\n<p>\n\t\t\t\t\t\tSuitsukvarts\u00a0<a href=\"https:\/\/sisu.ut.ee\/mineraalid-ja-kivimid\/kvarts\">https:\/\/sisu.ut.ee\/mineraalid-ja-kivimid\/kvarts<\/a>\n\t\t\t\t\t<\/p>\n<p>\n\t\t\t\t\t\tTalk\u00a0<a href=\"https:\/\/sisu.ut.ee\/mineraalid-ja-kivimid\/talk\">https:\/\/sisu.ut.ee\/mineraalid-ja-kivimid\/talk<\/a>\n\t\t\t\t\t<\/p>\n<p>\n\t\t\t\t\t\tTiigrisilm\u00a0<a href=\"https:\/\/sisu.ut.ee\/mineraalid-ja-kivimid\/tiigrisilm\">https:\/\/sisu.ut.ee\/mineraalid-ja-kivimid\/tiigrisilm<\/a>\n\t\t\t\t\t<\/p>\n<p>\n\t\t\t\t\t\tTopaas\u00a0<a href=\"https:\/\/sisu.ut.ee\/mineraalid-ja-kivimid\/topaas\">https:\/\/sisu.ut.ee\/mineraalid-ja-kivimid\/topaas<\/a>\n\t\t\t\t\t<\/p>\n<p>\n\t\t\t\t\t\tTurmaliin\u00a0<a href=\"https:\/\/sisu.ut.ee\/mineraalid-ja-kivimid\/turmaliin\">https:\/\/sisu.ut.ee\/mineraalid-ja-kivimid\/turmaliin<\/a>\n\t\t\t\t\t<\/p>\n<p>\n\t\t\t\t\t\tVask\u00a0<a href=\"https:\/\/sisu.ut.ee\/mineraalid-ja-kivimid\/vask\">https:\/\/sisu.ut.ee\/mineraalid-ja-kivimid\/vask<\/a>\n\t\t\t\t\t<\/p>\n<p>\n\t\t\t\t\t\tVesuviaan\u00a0<a href=\"https:\/\/sisu.ut.ee\/mineraalid-ja-kivimid\/moondekivimid\">https:\/\/sisu.ut.ee\/mineraalid-ja-kivimid\/moondekivimid<\/a>\n\t\t\t\t\t<\/p>\n<p>\n\t\t\t\t\t\tViiburgiit\u00a0<a href=\"https:\/\/sisu.ut.ee\/mineraalid-ja-kivimid\/graniit\">https:\/\/sisu.ut.ee\/mineraalid-ja-kivimid\/graniit<\/a>\n\t\t\t\t\t<\/p>\n<p>\n\t\t\t\t\t\tV\u00e4\u00e4vel\u00a0<a href=\"https:\/\/sisu.ut.ee\/mineraalid-ja-kivimid\/v%C3%A4%C3%A4vel\">https:\/\/sisu.ut.ee\/mineraalid-ja-kivimid\/v%C3%A4%C3%A4vel<\/a>\n\t\t\t\t\t<\/p>\n<\/td>\n<\/tr>\n<\/tbody>\n<\/table>\n","protected":false},"excerpt":{"rendered":"<p>\u00a0 \u00a0 Ahhaat\u00a0https:\/\/sisu.ut.ee\/mineraalid-ja-kivimid\/kaltsedon Akvamariin\u00a0https:\/\/sisu.ut.ee\/mineraalid-ja-kivimid\/ber%C3%BCll Albiit\u00a0https:\/\/sisu.ut.ee\/mineraalid-ja-kivimid\/plagioklassid Almandiin\u00a0https:\/\/sisu.ut.ee\/mineraalid-ja-kivimid\/granaat Aluseline laava\u00a0https:\/\/sisu.ut.ee\/mineraalid-ja-kivimid\/laava Amasoniit\u00a0https:\/\/sisu.ut.ee\/mineraalid-ja-kivimid\/mikrokliin Amet\u00fcst\u00a0https:\/\/sisu.ut.ee\/mineraalid-ja-kivimid\/kvarts Amfiboliit\u00a0https:\/\/sisu.ut.ee\/mineraalid-ja-kivimid\/amfiboliidid Andesiin\u00a0https:\/\/sisu.ut.ee\/mineraalid-ja-kivimid\/plagioklassid Apatiit\u00a0https:\/\/sisu.ut.ee\/mineraalid-ja-kivimid\/apatiit Aragoniit\u00a0https:\/\/sisu.ut.ee\/mineraalid-ja-kivimid\/aragoniit Augiit\u00a0https:\/\/sisu.ut.ee\/mineraalid-ja-kivimid\/pyrokseenid Bar\u00fc\u00fct\u00a0https:\/\/sisu.ut.ee\/mineraalid-ja-kivimid\/baryyt Basalt\u00a0https:\/\/sisu.ut.ee\/mineraalid-ja-kivimid\/basalt Ber\u00fcll\u00a0https:\/\/sisu.ut.ee\/mineraalid-ja-kivimid\/ber%C3%BCll Biotiit\u00a0https:\/\/sisu.ut.ee\/mineraalid-ja-kivimid\/biotiit Biotiitkilt\u00a0https:\/\/sisu.ut.ee\/mineraalid-ja-kivimid\/kristallilised-kildad? Diabaas\u00a0https:\/\/sisu.ut.ee\/mineraalid-ja-kivimid\/diabaas Diopsiid\u00a0https:\/\/sisu.ut.ee\/mineraalid-ja-kivimid\/pyrokseenid Dioriit\u00a0https:\/\/sisu.ut.ee\/mineraalid-ja-kivimid\/dioriit Disteen\u00a0https:\/\/sisu.ut.ee\/mineraalid-ja-kivimid\/disteen Dolokivi\u00a0https:\/\/sisu.ut.ee\/mineraalid-ja-kivimid\/dolokivi Dolomiit\u00a0https:\/\/sisu.ut.ee\/mineraalid-ja-kivimid\/dolomiit-0 Fluoriit\u00a0https:\/\/sisu.ut.ee\/mineraalid-ja-kivimid\/fluoriit Gabro\u00a0https:\/\/sisu.ut.ee\/mineraalid-ja-kivimid\/gabro Galeniit\u00a0https:\/\/sisu.ut.ee\/mineraalid-ja-kivimid\/galeniit Glaukoniit\u00a0https:\/\/sisu.ut.ee\/mineraalid-ja-kivimid\/glaukoniit Gneiss\u00a0https:\/\/sisu.ut.ee\/mineraalid-ja-kivimid\/gneiss G\u00f6tiit\u00a0https:\/\/sisu.ut.ee\/mineraalid-ja-kivimid\/gqtiit Grafiit\u00a0https:\/\/sisu.ut.ee\/mineraalid-ja-kivimid\/grafiit Granaat\u00a0https:\/\/sisu.ut.ee\/mineraalid-ja-kivimid\/granaat Granaatkilt\u00a0https:\/\/sisu.ut.ee\/mineraalid-ja-kivimid\/kristallilised-kildad? Granaat-vilgukilt\u00a0https:\/\/sisu.ut.ee\/mineraalid-ja-kivimid\/kristallilised-kildad? Graniitgneiss\u00a0https:\/\/sisu.ut.ee\/mineraalid-ja-kivimid\/graniitgneiss-jpg Graniit-pegmatiit\u00a0https:\/\/sisu.ut.ee\/mineraalid-ja-kivimid\/graniit-pegmatiit-jpg Graniitporf\u00fc\u00fcr\u00a0https:\/\/sisu.ut.ee\/mineraalid-ja-kivimid\/graniitporfyyr-jpg Graniit\u00a0https:\/\/sisu.ut.ee\/mineraalid-ja-kivimid\/graniit &#8230;<\/p>\n","protected":false},"author":226,"featured_media":0,"parent":0,"menu_order":0,"comment_status":"closed","ping_status":"closed","template":"","meta":{"_acf_changed":false,"inline_featured_image":false,"footnotes":""},"class_list":["post-74","page","type-page","status-publish","hentry"],"acf":[],"_links":{"self":[{"href":"https:\/\/sisu.ut.ee\/mineraalid-ja-kivimid\/wp-json\/wp\/v2\/pages\/74","targetHints":{"allow":["GET"]}}],"collection":[{"href":"https:\/\/sisu.ut.ee\/mineraalid-ja-kivimid\/wp-json\/wp\/v2\/pages"}],"about":[{"href":"https:\/\/sisu.ut.ee\/mineraalid-ja-kivimid\/wp-json\/wp\/v2\/types\/page"}],"author":[{"embeddable":true,"href":"https:\/\/sisu.ut.ee\/mineraalid-ja-kivimid\/wp-json\/wp\/v2\/users\/226"}],"replies":[{"embeddable":true,"href":"https:\/\/sisu.ut.ee\/mineraalid-ja-kivimid\/wp-json\/wp\/v2\/comments?post=74"}],"version-history":[{"count":1,"href":"https:\/\/sisu.ut.ee\/mineraalid-ja-kivimid\/wp-json\/wp\/v2\/pages\/74\/revisions"}],"predecessor-version":[{"id":783,"href":"https:\/\/sisu.ut.ee\/mineraalid-ja-kivimid\/wp-json\/wp\/v2\/pages\/74\/revisions\/783"}],"wp:attachment":[{"href":"https:\/\/sisu.ut.ee\/mineraalid-ja-kivimid\/wp-json\/wp\/v2\/media?parent=74"}],"curies":[{"name":"wp","href":"https:\/\/api.w.org\/{rel}","templated":true}]}}