{"id":72,"date":"2024-04-04T06:11:41","date_gmt":"2024-04-04T03:11:41","guid":{"rendered":"https:\/\/sisu.ut.ee\/mineraalid-ja-kivimid\/kasutatud-kirjandus\/"},"modified":"2024-04-04T06:13:05","modified_gmt":"2024-04-04T03:13:05","slug":"kasutatud-kirjandus","status":"publish","type":"page","link":"https:\/\/sisu.ut.ee\/mineraalid-ja-kivimid\/kasutatud-kirjandus\/","title":{"rendered":"Kasutatud kirjandus"},"content":{"rendered":"<p>\n\t<b>Kalm, V., Kirs, J., Kirsim\u00e4e, K., Kurvits, T.<\/b>\u00a01999. Mineraalid ja kivimid. Tartu, 96 lk.\n<\/p>\n<p>\n\t<b>Klaamann, E., M\u00fc\u00fcrisepp, K., Viiding, H.<\/b>\u00a01980. Eesti maavarad, kivimid ja kivistised. Abimaterjal \u00f5petajale. Tallinn, 67 lk.\n<\/p>\n<p>\n\t<b>R\u00f5\u00f5musoks, A., Viiding, H.<\/b>\u00a01962. \u00dcldine geoloogia. I. Tartu, 165 lk.\n<\/p>\n<p>\n\t<b>Viiding, H.<\/b>\u00a01984. Eesti kivimid ja mineraalid. Valgus, Tallinn, 248 lk.<\/p>\n","protected":false},"excerpt":{"rendered":"<p>Kalm, V., Kirs, J., Kirsim\u00e4e, K., Kurvits, T.\u00a01999. Mineraalid ja kivimid. Tartu, 96 lk. Klaamann, E., M\u00fc\u00fcrisepp, K., Viiding, H.\u00a01980. Eesti maavarad, kivimid ja kivistised. Abimaterjal \u00f5petajale. Tallinn, 67 lk. R\u00f5\u00f5musoks, A., Viiding, H.\u00a01962. \u00dcldine geoloogia. I. Tartu, 165 lk. &#8230;<\/p>\n","protected":false},"author":226,"featured_media":0,"parent":0,"menu_order":0,"comment_status":"closed","ping_status":"closed","template":"","meta":{"_acf_changed":false,"inline_featured_image":false,"footnotes":""},"class_list":["post-72","page","type-page","status-publish","hentry"],"acf":[],"_links":{"self":[{"href":"https:\/\/sisu.ut.ee\/mineraalid-ja-kivimid\/wp-json\/wp\/v2\/pages\/72","targetHints":{"allow":["GET"]}}],"collection":[{"href":"https:\/\/sisu.ut.ee\/mineraalid-ja-kivimid\/wp-json\/wp\/v2\/pages"}],"about":[{"href":"https:\/\/sisu.ut.ee\/mineraalid-ja-kivimid\/wp-json\/wp\/v2\/types\/page"}],"author":[{"embeddable":true,"href":"https:\/\/sisu.ut.ee\/mineraalid-ja-kivimid\/wp-json\/wp\/v2\/users\/226"}],"replies":[{"embeddable":true,"href":"https:\/\/sisu.ut.ee\/mineraalid-ja-kivimid\/wp-json\/wp\/v2\/comments?post=72"}],"version-history":[{"count":1,"href":"https:\/\/sisu.ut.ee\/mineraalid-ja-kivimid\/wp-json\/wp\/v2\/pages\/72\/revisions"}],"predecessor-version":[{"id":781,"href":"https:\/\/sisu.ut.ee\/mineraalid-ja-kivimid\/wp-json\/wp\/v2\/pages\/72\/revisions\/781"}],"wp:attachment":[{"href":"https:\/\/sisu.ut.ee\/mineraalid-ja-kivimid\/wp-json\/wp\/v2\/media?parent=72"}],"curies":[{"name":"wp","href":"https:\/\/api.w.org\/{rel}","templated":true}]}}