{"id":71,"date":"2024-04-04T06:11:41","date_gmt":"2024-04-04T03:11:41","guid":{"rendered":"https:\/\/sisu.ut.ee\/mineraalid-ja-kivimid\/symmeetriakeskus\/"},"modified":"2024-04-04T06:13:05","modified_gmt":"2024-04-04T03:13:05","slug":"symmeetriakeskus","status":"publish","type":"page","link":"https:\/\/sisu.ut.ee\/mineraalid-ja-kivimid\/symmeetriakeskus\/","title":{"rendered":"S\u00fcmmeetriakeskus"},"content":{"rendered":"<p>\n\t<b>S\u00fcmmeetriakeskuseks<\/b>\u00a0nimetatakse punkti kristallis, kus l\u00f5ikuvad ja poolituvad sirgl\u00f5igud, mis \u00fchendavad vastastikku asetsevaid v\u00f5rdseid kristalli osi.\n<\/p>\n<p>\n\t<b>S\u00fcmmeetriakese<\/b>\u00a0jagab pooleks suvalise teda l\u00e4biva kristallisisese sirge.<\/p>\n","protected":false},"excerpt":{"rendered":"<p>S\u00fcmmeetriakeskuseks\u00a0nimetatakse punkti kristallis, kus l\u00f5ikuvad ja poolituvad sirgl\u00f5igud, mis \u00fchendavad vastastikku asetsevaid v\u00f5rdseid kristalli osi. S\u00fcmmeetriakese\u00a0jagab pooleks suvalise teda l\u00e4biva kristallisisese sirge.<\/p>\n","protected":false},"author":226,"featured_media":0,"parent":0,"menu_order":0,"comment_status":"closed","ping_status":"closed","template":"","meta":{"_acf_changed":false,"inline_featured_image":false,"footnotes":""},"class_list":["post-71","page","type-page","status-publish","hentry"],"acf":[],"_links":{"self":[{"href":"https:\/\/sisu.ut.ee\/mineraalid-ja-kivimid\/wp-json\/wp\/v2\/pages\/71","targetHints":{"allow":["GET"]}}],"collection":[{"href":"https:\/\/sisu.ut.ee\/mineraalid-ja-kivimid\/wp-json\/wp\/v2\/pages"}],"about":[{"href":"https:\/\/sisu.ut.ee\/mineraalid-ja-kivimid\/wp-json\/wp\/v2\/types\/page"}],"author":[{"embeddable":true,"href":"https:\/\/sisu.ut.ee\/mineraalid-ja-kivimid\/wp-json\/wp\/v2\/users\/226"}],"replies":[{"embeddable":true,"href":"https:\/\/sisu.ut.ee\/mineraalid-ja-kivimid\/wp-json\/wp\/v2\/comments?post=71"}],"version-history":[{"count":1,"href":"https:\/\/sisu.ut.ee\/mineraalid-ja-kivimid\/wp-json\/wp\/v2\/pages\/71\/revisions"}],"predecessor-version":[{"id":780,"href":"https:\/\/sisu.ut.ee\/mineraalid-ja-kivimid\/wp-json\/wp\/v2\/pages\/71\/revisions\/780"}],"wp:attachment":[{"href":"https:\/\/sisu.ut.ee\/mineraalid-ja-kivimid\/wp-json\/wp\/v2\/media?parent=71"}],"curies":[{"name":"wp","href":"https:\/\/api.w.org\/{rel}","templated":true}]}}