{"id":69,"date":"2024-04-04T06:11:41","date_gmt":"2024-04-04T03:11:41","guid":{"rendered":"https:\/\/sisu.ut.ee\/mineraalid-ja-kivimid\/symmeetriatelg\/"},"modified":"2024-04-04T06:13:05","modified_gmt":"2024-04-04T03:13:05","slug":"symmeetriatelg","status":"publish","type":"page","link":"https:\/\/sisu.ut.ee\/mineraalid-ja-kivimid\/symmeetriatelg\/","title":{"rendered":"S\u00fcmmeetriatelg"},"content":{"rendered":"<p>\n\t<b>S\u00fcmmeetriateljeks<\/b>\u00a0loetakse telge, mille \u00fcmber eset p\u00f6\u00f6rates kattuvad \u00fcksteisega analoogilised kristalli elemendid (tahud, servad, nurgad). S\u00fcmmeetriatelgi v\u00f5ib olla \u00fchel kristallil mitu.\n<\/p>\n<p>\n\tKui p\u00f6\u00f6rata kuupi \u00fcmber telje, milline on risti tahuga, millele vaatame, kordub sarnane asend neli korda \u2013 tegemist on neljakordse\u00a0<b>s\u00fcmmeetriateljega<\/b>.<\/p>\n","protected":false},"excerpt":{"rendered":"<p>S\u00fcmmeetriateljeks\u00a0loetakse telge, mille \u00fcmber eset p\u00f6\u00f6rates kattuvad \u00fcksteisega analoogilised kristalli elemendid (tahud, servad, nurgad). S\u00fcmmeetriatelgi v\u00f5ib olla \u00fchel kristallil mitu. Kui p\u00f6\u00f6rata kuupi \u00fcmber telje, milline on risti tahuga, millele vaatame, kordub sarnane asend neli korda \u2013 tegemist on neljakordse\u00a0s\u00fcmmeetriateljega.<\/p>\n","protected":false},"author":226,"featured_media":0,"parent":0,"menu_order":0,"comment_status":"closed","ping_status":"closed","template":"","meta":{"_acf_changed":false,"inline_featured_image":false,"footnotes":""},"class_list":["post-69","page","type-page","status-publish","hentry"],"acf":[],"_links":{"self":[{"href":"https:\/\/sisu.ut.ee\/mineraalid-ja-kivimid\/wp-json\/wp\/v2\/pages\/69","targetHints":{"allow":["GET"]}}],"collection":[{"href":"https:\/\/sisu.ut.ee\/mineraalid-ja-kivimid\/wp-json\/wp\/v2\/pages"}],"about":[{"href":"https:\/\/sisu.ut.ee\/mineraalid-ja-kivimid\/wp-json\/wp\/v2\/types\/page"}],"author":[{"embeddable":true,"href":"https:\/\/sisu.ut.ee\/mineraalid-ja-kivimid\/wp-json\/wp\/v2\/users\/226"}],"replies":[{"embeddable":true,"href":"https:\/\/sisu.ut.ee\/mineraalid-ja-kivimid\/wp-json\/wp\/v2\/comments?post=69"}],"version-history":[{"count":1,"href":"https:\/\/sisu.ut.ee\/mineraalid-ja-kivimid\/wp-json\/wp\/v2\/pages\/69\/revisions"}],"predecessor-version":[{"id":778,"href":"https:\/\/sisu.ut.ee\/mineraalid-ja-kivimid\/wp-json\/wp\/v2\/pages\/69\/revisions\/778"}],"wp:attachment":[{"href":"https:\/\/sisu.ut.ee\/mineraalid-ja-kivimid\/wp-json\/wp\/v2\/media?parent=69"}],"curies":[{"name":"wp","href":"https:\/\/api.w.org\/{rel}","templated":true}]}}