{"id":64,"date":"2024-04-04T06:11:40","date_gmt":"2024-04-04T03:11:40","guid":{"rendered":"https:\/\/sisu.ut.ee\/mineraalid-ja-kivimid\/graniitporfuurid\/"},"modified":"2024-04-04T06:13:06","modified_gmt":"2024-04-04T03:13:06","slug":"graniitporfuurid","status":"publish","type":"page","link":"https:\/\/sisu.ut.ee\/mineraalid-ja-kivimid\/graniitporfuurid\/","title":{"rendered":"Graniitporf\u00fc\u00fcrid"},"content":{"rendered":"<p>\n\t<font face=\"Arial\"><font style=\"medium;font-style:normal;font-weight:400;letter-spacing:normal;text-align:start;text-indent:0px;text-transform:none\"><b>Graniitporf\u00fc\u00fcrideks<\/b>\u00a0nimetatakse pools\u00fcvakivimeid, mille peeneteralises p\u00f5himassis esinevad suured, kuni mitme cm l\u00e4bim\u00f5\u00f5duga\u00a0<\/font><\/font><a data-url=\"https:\/\/sisu.ut.ee\/mineraalid-ja-kivimid\/p2evakivid\" href=\"https:\/\/sisu.ut.ee\/mineraalid-ja-kivimid\/p2evakivid\" target=\"_blank\" title=\"\" rel=\"noopener\">p\u00e4evakivi<\/a><font face=\"Arial\"><font style=\"medium;font-style:normal;font-weight:400;letter-spacing:normal;text-align:start;text-indent:0px;text-transform:none\">\u00a0(kaaliump\u00e4evakivi v\u00f5i plagioklassi) kristallid.<\/font><\/font>\n<\/p>\n<p>\n\t<font face=\"Arial\">Graniitporf\u00fc\u00fcrid on meie r\u00e4ndkivide hulgas tagasihoidlikult esindatud.<\/font>\n<\/p>\n<p>\n\t<img loading=\"lazy\" decoding=\"async\" width=\"120\" height=\"74\" class=\"alignnone wp-image-289\" src=\"https:\/\/sisu.ut.ee\/wp-content\/uploads\/sites\/431\/gran_porf1a.jpg\" title=\"gran_porf1a.jpg\" alt=\"graniitporf\u00fc\u00fcr\"><br><font face=\"Arial\">Foto 1. Mikkeli-Heinola graniitporf\u00fc\u00fcr, Tartu<\/font>\n<\/p>\n<p style=\"text-align:start\">\n\t<br><span><span style=\"color:#000000\"><span><span style=\"font-style:normal\"><span><span><span style=\"font-weight:400\"><span style=\"letter-spacing:normal\"><span><span style=\"text-transform:none\"><span><span><span><span><span>Koostanud ja fotografeerinud \u00a9 2003 Mare Isakar<\/span><\/span><\/span><\/span><\/span><\/span><\/span><\/span><\/span><\/span><\/span><\/span><\/span><\/span><\/span><\/p>\n","protected":false},"excerpt":{"rendered":"<p>Graniitporf\u00fc\u00fcrideks\u00a0nimetatakse pools\u00fcvakivimeid, mille peeneteralises p\u00f5himassis esinevad suured, kuni mitme cm l\u00e4bim\u00f5\u00f5duga\u00a0p\u00e4evakivi\u00a0(kaaliump\u00e4evakivi v\u00f5i plagioklassi) kristallid. Graniitporf\u00fc\u00fcrid on meie r\u00e4ndkivide hulgas tagasihoidlikult esindatud. Foto 1. Mikkeli-Heinola graniitporf\u00fc\u00fcr, Tartu Koostanud ja fotografeerinud \u00a9 2003 Mare Isakar<\/p>\n","protected":false},"author":226,"featured_media":0,"parent":0,"menu_order":0,"comment_status":"closed","ping_status":"closed","template":"","meta":{"_acf_changed":false,"inline_featured_image":false,"footnotes":""},"class_list":["post-64","page","type-page","status-publish","hentry"],"acf":[],"_links":{"self":[{"href":"https:\/\/sisu.ut.ee\/mineraalid-ja-kivimid\/wp-json\/wp\/v2\/pages\/64","targetHints":{"allow":["GET"]}}],"collection":[{"href":"https:\/\/sisu.ut.ee\/mineraalid-ja-kivimid\/wp-json\/wp\/v2\/pages"}],"about":[{"href":"https:\/\/sisu.ut.ee\/mineraalid-ja-kivimid\/wp-json\/wp\/v2\/types\/page"}],"author":[{"embeddable":true,"href":"https:\/\/sisu.ut.ee\/mineraalid-ja-kivimid\/wp-json\/wp\/v2\/users\/226"}],"replies":[{"embeddable":true,"href":"https:\/\/sisu.ut.ee\/mineraalid-ja-kivimid\/wp-json\/wp\/v2\/comments?post=64"}],"version-history":[{"count":1,"href":"https:\/\/sisu.ut.ee\/mineraalid-ja-kivimid\/wp-json\/wp\/v2\/pages\/64\/revisions"}],"predecessor-version":[{"id":793,"href":"https:\/\/sisu.ut.ee\/mineraalid-ja-kivimid\/wp-json\/wp\/v2\/pages\/64\/revisions\/793"}],"wp:attachment":[{"href":"https:\/\/sisu.ut.ee\/mineraalid-ja-kivimid\/wp-json\/wp\/v2\/media?parent=64"}],"curies":[{"name":"wp","href":"https:\/\/api.w.org\/{rel}","templated":true}]}}