{"id":62,"date":"2024-04-04T06:11:40","date_gmt":"2024-04-04T03:11:40","guid":{"rendered":"https:\/\/sisu.ut.ee\/mineraalid-ja-kivimid\/tardkivimid\/"},"modified":"2024-04-16T14:10:37","modified_gmt":"2024-04-16T11:10:37","slug":"tardkivimid","status":"publish","type":"page","link":"https:\/\/sisu.ut.ee\/mineraalid-ja-kivimid\/tardkivimid\/","title":{"rendered":"Tard- ehk magmakivimid"},"content":{"rendered":"<p style=\"text-align: start;\"><span style=\"color: #000000;\"><span style=\"font-style: normal;\"><span style=\"font-weight: 400;\"><span style=\"letter-spacing: normal;\"><span style=\"text-transform: none;\"><b>Tardkivimid<\/b>\u00a0on tekkinud tulivedela massi \u2013 magma \u2013 tardumisel nii maap\u00f5ues (intrusiivsed kivimid) kui maapinnal (vulkaanilised kivimid). Tardkivimite ehk magamkivimite koostis ja ehitus s\u00f5ltub magma koostisest, gaasisisaldusest ja tardumiskiirusest. Maapinnale v\u00e4ljavoolanud magmat nimetatakse\u00a0<b>laavaks<\/b>.<\/span><\/span><\/span><\/span><\/span><\/p>\n<p style=\"text-align: start;\"><span style=\"color: #000000;\"><span style=\"font-style: normal;\"><span style=\"font-weight: 400;\"><span style=\"letter-spacing: normal;\"><span style=\"text-transform: none;\">Neid eristatakse tardumiss\u00fcgavuse j\u00e4rgi:<\/span><\/span><\/span><\/span><\/span><\/p>\n<p style=\"text-align: start;\">\n<\/p><ul style=\"color: #000000; font-style: normal; font-weight: 400; letter-spacing: normal; text-align: start; text-transform: none; background-color: #ffffcc;\">\n<li><a title=\"\" href=\"https:\/\/sisu.ut.ee\/mineraalid-ja-kivimid\/suvakivimid\/\" target=\"_blank\" rel=\"noopener\" data-url=\"https:\/\/sisu.ut.ee\/mineraalid-ja-kivimid\/s%C3%BCvakivimid\">intrusiivsed ehk suvakivimid<\/a><\/li>\n<li><a title=\"\" href=\"https:\/\/sisu.ut.ee\/mineraalid-ja-kivimid\/vulkaanilised-kivimid\" target=\"_blank\" rel=\"noopener\" data-url=\"https:\/\/sisu.ut.ee\/mineraalid-ja-kivimid\/vulkaanilised-kivimid\">vulkaanilised ehk purskekivimid<\/a><\/li>\n<\/ul>\n<p style=\"text-align: start;\"><span style=\"color: #000000;\"><span style=\"font-style: normal;\"><span style=\"font-weight: 400;\"><span style=\"letter-spacing: normal;\"><span style=\"text-transform: none;\">Tardkivimite koostises on \u00fclekaalus silikaatsed mineraalid.<\/span><\/span><\/span><\/span><\/span><\/p>\n<p style=\"text-align: start;\"><span style=\"color: #000000;\"><span style=\"font-style: normal;\"><span style=\"font-weight: 400;\"><span style=\"letter-spacing: normal;\"><span style=\"text-transform: none;\">T\u00fc\u00fcpilisteks tardkivimiteks on\u00a0<\/span><\/span><\/span><\/span><\/span><a title=\"\" href=\"https:\/\/sisu.ut.ee\/mineraalid-ja-kivimid\/graniit\" target=\"_blank\" rel=\"noopener\" data-url=\"https:\/\/sisu.ut.ee\/mineraalid-ja-kivimid\/graniit\">graniidid<\/a><span style=\"color: #000000;\"><span style=\"font-style: normal;\"><span style=\"font-weight: 400;\"><span style=\"letter-spacing: normal;\"><span style=\"text-transform: none;\">,\u00a0<\/span><\/span><\/span><\/span><\/span><a title=\"\" href=\"https:\/\/sisu.ut.ee\/mineraalid-ja-kivimid\/granodioriidid\" target=\"_blank\" rel=\"noopener\" data-url=\"https:\/\/sisu.ut.ee\/mineraalid-ja-kivimid\/granodioriidid\">granodioriidid<\/a><span style=\"color: #000000;\"><span style=\"font-style: normal;\"><span style=\"font-weight: 400;\"><span style=\"letter-spacing: normal;\"><span style=\"text-transform: none;\">,\u00a0<\/span><\/span><\/span><\/span><\/span><a title=\"\" href=\"https:\/\/sisu.ut.ee\/mineraalid-ja-kivimid\/graniitporf%C3%BC%C3%BCrid\" target=\"_blank\" rel=\"noopener\" data-url=\"https:\/\/sisu.ut.ee\/mineraalid-ja-kivimid\/graniitporf%C3%BC%C3%BCrid\">graniitporfuurid<\/a><span style=\"color: #000000;\"><span style=\"font-style: normal;\"><span style=\"font-weight: 400;\"><span style=\"letter-spacing: normal;\"><span style=\"text-transform: none;\">,\u00a0<\/span><\/span><\/span><\/span><\/span><a title=\"\" href=\"https:\/\/sisu.ut.ee\/mineraalid-ja-kivimid\/pegmatiit\" target=\"_blank\" rel=\"noopener\" data-url=\"https:\/\/sisu.ut.ee\/mineraalid-ja-kivimid\/pegmatiit\">pegmatiidid<\/a><span style=\"color: #000000;\"><span style=\"font-style: normal;\"><span style=\"font-weight: 400;\"><span style=\"letter-spacing: normal;\"><span style=\"text-transform: none;\">,\u00a0<\/span><\/span><\/span><\/span><\/span><a title=\"\" href=\"https:\/\/sisu.ut.ee\/mineraalid-ja-kivimid\/syeniit\" target=\"_blank\" rel=\"noopener\" data-url=\"https:\/\/sisu.ut.ee\/mineraalid-ja-kivimid\/syeniit\">s\u00fceniidid<\/a><span style=\"color: #000000;\"><span style=\"font-style: normal;\"><span style=\"font-weight: 400;\"><span style=\"letter-spacing: normal;\"><span style=\"text-transform: none;\">,\u00a0<\/span><\/span><\/span><\/span><\/span><a title=\"\" href=\"https:\/\/sisu.ut.ee\/mineraalid-ja-kivimid\/dioriit\" target=\"_blank\" rel=\"noopener\" data-url=\"https:\/\/sisu.ut.ee\/mineraalid-ja-kivimid\/dioriit\">dioriidid<\/a><span style=\"color: #000000;\"><span style=\"font-style: normal;\"><span style=\"font-weight: 400;\"><span style=\"letter-spacing: normal;\"><span style=\"text-transform: none;\">.<\/span><\/span><\/span><\/span><\/span><\/p>\n<p style=\"text-align: start;\">\n<\/p><h4><span style=\"font-family: Arial;\"><b>Tardkivimite levik Eestis<\/b><\/span><\/h4>\n<p><span style=\"font-family: Arial;\"><span style=\"arial;medium;font-style: normal; font-weight: 400; letter-spacing: normal; text-align: start; text-indent: 0px; text-transform: none;\">Maapinnal v\u00f5ib tardkivimeid Eestis kohata vaid mandrij\u00e4\u00e4ga Skandinaaviast ja Soomest siia toodud r\u00e4ndkivide hulgas. Kivimiliselt valdavad\u00a0<\/span><\/span><a title=\"\" href=\"https:\/\/sisu.ut.ee\/mineraalid-ja-kivimid\/graniit\" target=\"_blank\" rel=\"noopener\" data-url=\"https:\/\/sisu.ut.ee\/mineraalid-ja-kivimid\/graniit\">graniidid<\/a><span style=\"font-family: Arial;\"><span style=\"arial;medium;font-style: normal; font-weight: 400; letter-spacing: normal; text-align: start; text-indent: 0px; text-transform: none;\">, kuid v\u00f5ib kohata ka\u00a0<\/span><\/span><a title=\"\" href=\"https:\/\/sisu.ut.ee\/mineraalid-ja-kivimid\/gabro\" target=\"_blank\" rel=\"noopener\" data-url=\"https:\/\/sisu.ut.ee\/mineraalid-ja-kivimid\/gabro\">gabrot<\/a><span style=\"font-family: Arial;\"><span style=\"arial;medium;font-style: normal; font-weight: 400; letter-spacing: normal; text-align: start; text-indent: 0px; text-transform: none;\">,\u00a0<\/span><\/span><a title=\"\" href=\"https:\/\/sisu.ut.ee\/mineraalid-ja-kivimid\/dioriit\" target=\"_blank\" rel=\"noopener\" data-url=\"https:\/\/sisu.ut.ee\/mineraalid-ja-kivimid\/dioriit\">dioriiti<\/a><span style=\"font-family: Arial;\"><span style=\"arial;medium;font-style: normal; font-weight: 400; letter-spacing: normal; text-align: start; text-indent: 0px; text-transform: none;\">\u00a0ja ka purskekivimeid.<\/span><\/span><\/p>\n<p><span style=\"font-family: Arial;\">S\u00fcgaval levivad tardkivimid asuvad 100 \u2013 700 meetri s\u00fcgavusel, ja on kaetud settekivimitega. Enamasti on tegu graniitsete intrusiividega.<\/span><\/p>\n","protected":false},"excerpt":{"rendered":"<p>Tardkivimid\u00a0on tekkinud tulivedela massi \u2013 magma \u2013 tardumisel nii maap\u00f5ues (intrusiivsed kivimid) kui maapinnal (vulkaanilised kivimid). Tardkivimite ehk magamkivimite koostis ja ehitus s\u00f5ltub magma koostisest, gaasisisaldusest ja tardumiskiirusest. Maapinnale v\u00e4ljavoolanud magmat nimetatakse\u00a0laavaks. Neid eristatakse tardumiss\u00fcgavuse j\u00e4rgi: intrusiivsed ehk suvakivimid vulkaanilised &#8230;<\/p>\n","protected":false},"author":226,"featured_media":0,"parent":0,"menu_order":0,"comment_status":"closed","ping_status":"closed","template":"","meta":{"_acf_changed":false,"inline_featured_image":false,"footnotes":""},"class_list":["post-62","page","type-page","status-publish","hentry"],"acf":[],"_links":{"self":[{"href":"https:\/\/sisu.ut.ee\/mineraalid-ja-kivimid\/wp-json\/wp\/v2\/pages\/62","targetHints":{"allow":["GET"]}}],"collection":[{"href":"https:\/\/sisu.ut.ee\/mineraalid-ja-kivimid\/wp-json\/wp\/v2\/pages"}],"about":[{"href":"https:\/\/sisu.ut.ee\/mineraalid-ja-kivimid\/wp-json\/wp\/v2\/types\/page"}],"author":[{"embeddable":true,"href":"https:\/\/sisu.ut.ee\/mineraalid-ja-kivimid\/wp-json\/wp\/v2\/users\/226"}],"replies":[{"embeddable":true,"href":"https:\/\/sisu.ut.ee\/mineraalid-ja-kivimid\/wp-json\/wp\/v2\/comments?post=62"}],"version-history":[{"count":2,"href":"https:\/\/sisu.ut.ee\/mineraalid-ja-kivimid\/wp-json\/wp\/v2\/pages\/62\/revisions"}],"predecessor-version":[{"id":889,"href":"https:\/\/sisu.ut.ee\/mineraalid-ja-kivimid\/wp-json\/wp\/v2\/pages\/62\/revisions\/889"}],"wp:attachment":[{"href":"https:\/\/sisu.ut.ee\/mineraalid-ja-kivimid\/wp-json\/wp\/v2\/media?parent=62"}],"curies":[{"name":"wp","href":"https:\/\/api.w.org\/{rel}","templated":true}]}}