{"id":61,"date":"2024-04-04T06:11:40","date_gmt":"2024-04-04T03:11:40","guid":{"rendered":"https:\/\/sisu.ut.ee\/mineraalid-ja-kivimid\/silikaadid\/"},"modified":"2024-04-04T06:13:06","modified_gmt":"2024-04-04T03:13:06","slug":"silikaadid","status":"publish","type":"page","link":"https:\/\/sisu.ut.ee\/mineraalid-ja-kivimid\/silikaadid\/","title":{"rendered":"Kivimeid moodustavad mineraalid"},"content":{"rendered":"<p>\n\t<font face=\"Arial\"><font style=\"medium;font-style:normal;font-weight:400;letter-spacing:normal;text-align:start;text-indent:0px;text-transform:none\">Maakoores enam levinud mineraalid on\u00a0<\/font><\/font><a data-url=\"https:\/\/sisu.ut.ee\/mineraalid-ja-kivimid\/kvarts\" href=\"https:\/\/sisu.ut.ee\/mineraalid-ja-kivimid\/kvarts\" target=\"_blank\" title=\"\" rel=\"noopener\">kvarts<\/a><font face=\"Arial\"><font style=\"medium;font-style:normal;font-weight:400;letter-spacing:normal;text-align:start;text-indent:0px;text-transform:none\">,\u00a0<\/font><\/font><a data-url=\"https:\/\/sisu.ut.ee\/mineraalid-ja-kivimid\/p2evakivid\" href=\"https:\/\/sisu.ut.ee\/mineraalid-ja-kivimid\/p2evakivid\" target=\"_blank\" title=\"\" rel=\"noopener\">p\u00e4evakivid<\/a><font face=\"Arial\"><font style=\"medium;font-style:normal;font-weight:400;letter-spacing:normal;text-align:start;text-indent:0px;text-transform:none\">,\u00a0<\/font><\/font><a data-url=\"https:\/\/sisu.ut.ee\/mineraalid-ja-kivimid\/vilgud\" href=\"https:\/\/sisu.ut.ee\/mineraalid-ja-kivimid\/vilgud\" target=\"_blank\" title=\"\" rel=\"noopener\">vilgud<\/a><font face=\"Arial\"><font style=\"medium;font-style:normal;font-weight:400;letter-spacing:normal;text-align:start;text-indent:0px;text-transform:none\">,\u00a0<\/font><\/font><a data-url=\"https:\/\/sisu.ut.ee\/mineraalid-ja-kivimid\/pyrokseenid\" href=\"https:\/\/sisu.ut.ee\/mineraalid-ja-kivimid\/pyrokseenid\" target=\"_blank\" title=\"\" rel=\"noopener\">p\u00fcrokseenid<\/a><font face=\"Arial\"><font style=\"medium;font-style:normal;font-weight:400;letter-spacing:normal;text-align:start;text-indent:0px;text-transform:none\">,\u00a0<\/font><\/font><a data-url=\"https:\/\/sisu.ut.ee\/mineraalid-ja-kivimid\/kaltsiit\" href=\"https:\/\/sisu.ut.ee\/mineraalid-ja-kivimid\/kaltsiit\" target=\"_blank\" title=\"\" rel=\"noopener\">kaltsiit<\/a><font face=\"Arial\"><font style=\"medium;font-style:normal;font-weight:400;letter-spacing:normal;text-align:start;text-indent:0px;text-transform:none\">\u00a0ja\u00a0<\/font><\/font><a data-url=\"https:\/\/sisu.ut.ee\/mineraalid-ja-kivimid\/savimineraalid\" href=\"https:\/\/sisu.ut.ee\/mineraalid-ja-kivimid\/savimineraalid\" target=\"_blank\" title=\"\" rel=\"noopener\">savimineraalid<\/a><font face=\"Arial\"><font style=\"medium;font-style:normal;font-weight:400;letter-spacing:normal;text-align:start;text-indent:0px;text-transform:none\">. Kui neile lisada veel\u00a0<\/font><\/font><a data-url=\"https:\/\/sisu.ut.ee\/mineraalid-ja-kivimid\/dolomiit-0\" href=\"https:\/\/sisu.ut.ee\/mineraalid-ja-kivimid\/dolomiit-0\" target=\"_blank\" title=\"\" rel=\"noopener\">dolomiit<\/a><font face=\"Arial\"><font style=\"medium;font-style:normal;font-weight:400;letter-spacing:normal;text-align:start;text-indent:0px;text-transform:none\">,\u00a0<\/font><\/font><a data-url=\"https:\/\/sisu.ut.ee\/mineraalid-ja-kivimid\/pyriit\" href=\"https:\/\/sisu.ut.ee\/mineraalid-ja-kivimid\/pyriit\" target=\"_blank\" title=\"\" rel=\"noopener\">p\u00fcriit<\/a><font face=\"Arial\"><font style=\"medium;font-style:normal;font-weight:400;letter-spacing:normal;text-align:start;text-indent:0px;text-transform:none\">,\u00a0<\/font><\/font><a data-url=\"https:\/\/sisu.ut.ee\/mineraalid-ja-kivimid\/glaukoniit\" href=\"https:\/\/sisu.ut.ee\/mineraalid-ja-kivimid\/glaukoniit\" target=\"_blank\" title=\"\" rel=\"noopener\">glaukoniit<\/a><font face=\"Arial\"><font style=\"medium;font-style:normal;font-weight:400;letter-spacing:normal;text-align:start;text-indent:0px;text-transform:none\">\u00a0ja\u00a0<\/font><\/font><a data-url=\"https:\/\/sisu.ut.ee\/mineraalid-ja-kivimid\/kaltsedon\" href=\"https:\/\/sisu.ut.ee\/mineraalid-ja-kivimid\/kaltsedon\" target=\"_blank\" title=\"\" rel=\"noopener\">kaltsedon<\/a><font face=\"Arial\"><font style=\"medium;font-style:normal;font-weight:400;letter-spacing:normal;text-align:start;text-indent:0px;text-transform:none\">, olemegi saanud peaaegu t\u00e4ieliku loendi ka Eestis sagedamini esinevatest mineraalidest.\u00a0<b>Kaheksa elementi \u2013 hapnik, r\u00e4ni, alumiinium, raud, kaltsium, naatrium, kaalium ja magneesium \u2013 moodustavad ligikaudu 98% maakoorest<\/b>\u00a0(skeem 1). Need ja teised elemendid annavad omavahel kombineerudes erinevaid mineraale.<\/font><\/font>\n<\/p>\n<p>\n\t<font face=\"Arial\">Mineraalide seas on enamlevinumaiks\u00a0<b>silikaadid<\/b>, mis praktiliselt moodustavadki k\u00f5iki tuntumaid\u00a0<\/font><a data-url=\"https:\/\/sisu.ut.ee\/mineraalid-ja-kivimid\/tardkivimid\" href=\"https:\/\/sisu.ut.ee\/mineraalid-ja-kivimid\/tardkivimid\" target=\"_blank\" title=\"\" rel=\"noopener\">magma<\/a><font face=\"Arial\">\u2013\u00a0ja\u00a0<\/font><a data-url=\"https:\/\/sisu.ut.ee\/mineraalid-ja-kivimid\/moondekivimid\" href=\"https:\/\/sisu.ut.ee\/mineraalid-ja-kivimid\/moondekivimid\" target=\"_blank\" title=\"\" rel=\"noopener\">moondekivimeid<\/a><font face=\"Arial\">. Ka p\u00f5hilistes\u00a0<\/font><a data-url=\"https:\/\/sisu.ut.ee\/mineraalid-ja-kivimid\/setend\" href=\"https:\/\/sisu.ut.ee\/mineraalid-ja-kivimid\/setend\" target=\"_blank\" title=\"\" rel=\"noopener\">setendeis<\/a><font face=\"Arial\">\u00a0(va karbonaatkivimid ja soolad) on silikaadid esikohal.<\/font>\n<\/p>\n<p>\n\t\u00a0\n<\/p>\n<p>\n\t\t<a data-url=\"https:\/\/sisu.ut.ee\/mineraalid-ja-kivimid\/silikaatseid\" href=\"https:\/\/sisu.ut.ee\/mineraalid-ja-kivimid\/silikaatseid\" target=\"_blank\" title=\"\" rel=\"noopener\">Silikaatseid kivimeid moodustavad mineraalid<\/a>\n\t<\/p>\n<p>\n\t\t<a data-url=\"https:\/\/sisu.ut.ee\/mineraalid-ja-kivimid\/karb\" href=\"https:\/\/sisu.ut.ee\/mineraalid-ja-kivimid\/karb\" target=\"_blank\" title=\"\" rel=\"noopener\">Teised kivimeid moodustavad mineraalid<\/a>\n\t<\/p>\n<p>\n\t\t\u00a0\n\t<\/p>\n<p><img loading=\"lazy\" decoding=\"async\" width=\"336\" height=\"349\" class=\"alignnone wp-image-288\" src=\"https:\/\/sisu.ut.ee\/wp-content\/uploads\/sites\/431\/kompon.jpg\" title=\"kompon.jpg\" alt=\"komponendid\" srcset=\"https:\/\/sisu.ut.ee\/wp-content\/uploads\/sites\/431\/kompon.jpg 336w, https:\/\/sisu.ut.ee\/wp-content\/uploads\/sites\/431\/kompon-289x300.jpg 289w\" sizes=\"auto, (max-width: 336px) 100vw, 336px\"><br><font face=\"Arial\">Skeem 1. Maakoore keskmine keemiline koostis (elementide esinemine massiprotsentides): 1 \u2013\u00a0<b>hapnik<\/b>\u00a0(46,6); 2 \u2013\u00a0<b>r\u00e4ni<\/b>\u00a0(27,7); 3 \u2013\u00a0<b>alumiinium<\/b>\u00a0(8,1); 4 \u2013\u00a0<b>raud<\/b>\u00a0(5,0); 5 \u2013\u00a0<b>kaltsium<\/b>\u00a0(3,6); 6 \u2013\u00a0<b>naatrium<\/b>\u00a0(2,8); 7 \u2013\u00a0<b>kaalium<\/b>\u00a0(2,6); 8 \u2013\u00a0<b>magneesium<\/b>\u00a0(2,1); 9 \u2013\u00a0<b>k\u00f5ik \u00fclej\u00e4\u00e4nud elemendid<\/b>\u00a0(1,4).<\/font><\/p>\n","protected":false},"excerpt":{"rendered":"<p>Maakoores enam levinud mineraalid on\u00a0kvarts,\u00a0p\u00e4evakivid,\u00a0vilgud,\u00a0p\u00fcrokseenid,\u00a0kaltsiit\u00a0ja\u00a0savimineraalid. Kui neile lisada veel\u00a0dolomiit,\u00a0p\u00fcriit,\u00a0glaukoniit\u00a0ja\u00a0kaltsedon, olemegi saanud peaaegu t\u00e4ieliku loendi ka Eestis sagedamini esinevatest mineraalidest.\u00a0Kaheksa elementi \u2013 hapnik, r\u00e4ni, alumiinium, raud, kaltsium, naatrium, kaalium ja magneesium \u2013 moodustavad ligikaudu 98% maakoorest\u00a0(skeem 1). Need ja teised elemendid &#8230;<\/p>\n","protected":false},"author":226,"featured_media":0,"parent":0,"menu_order":0,"comment_status":"closed","ping_status":"closed","template":"","meta":{"_acf_changed":false,"inline_featured_image":false,"footnotes":""},"class_list":["post-61","page","type-page","status-publish","hentry"],"acf":[],"_links":{"self":[{"href":"https:\/\/sisu.ut.ee\/mineraalid-ja-kivimid\/wp-json\/wp\/v2\/pages\/61","targetHints":{"allow":["GET"]}}],"collection":[{"href":"https:\/\/sisu.ut.ee\/mineraalid-ja-kivimid\/wp-json\/wp\/v2\/pages"}],"about":[{"href":"https:\/\/sisu.ut.ee\/mineraalid-ja-kivimid\/wp-json\/wp\/v2\/types\/page"}],"author":[{"embeddable":true,"href":"https:\/\/sisu.ut.ee\/mineraalid-ja-kivimid\/wp-json\/wp\/v2\/users\/226"}],"replies":[{"embeddable":true,"href":"https:\/\/sisu.ut.ee\/mineraalid-ja-kivimid\/wp-json\/wp\/v2\/comments?post=61"}],"version-history":[{"count":1,"href":"https:\/\/sisu.ut.ee\/mineraalid-ja-kivimid\/wp-json\/wp\/v2\/pages\/61\/revisions"}],"predecessor-version":[{"id":790,"href":"https:\/\/sisu.ut.ee\/mineraalid-ja-kivimid\/wp-json\/wp\/v2\/pages\/61\/revisions\/790"}],"wp:attachment":[{"href":"https:\/\/sisu.ut.ee\/mineraalid-ja-kivimid\/wp-json\/wp\/v2\/media?parent=61"}],"curies":[{"name":"wp","href":"https:\/\/api.w.org\/{rel}","templated":true}]}}