{"id":60,"date":"2024-04-04T06:11:40","date_gmt":"2024-04-04T03:11:40","guid":{"rendered":"https:\/\/sisu.ut.ee\/mineraalid-ja-kivimid\/sulfiidid-ja-nende-analoogid\/"},"modified":"2024-04-04T06:13:06","modified_gmt":"2024-04-04T03:13:06","slug":"sulfiidid-ja-nende-analoogid","status":"publish","type":"page","link":"https:\/\/sisu.ut.ee\/mineraalid-ja-kivimid\/sulfiidid-ja-nende-analoogid\/","title":{"rendered":"Sulfiidid ja nende analoogid"},"content":{"rendered":"<p>Sulfiidid on enamasti metallide \u00fchendid v\u00e4\u00e4vliga. K\u00f5ige laiemalt levinud sulfiid on\u00a0<a data-url=\"https:\/\/sisu.ut.ee\/mineraalid-ja-kivimid\/pyriit\" href=\"https:\/\/sisu.ut.ee\/mineraalid-ja-kivimid\/pyriit\" target=\"_blank\" title=\"\" rel=\"noopener\">p\u00fcriit<\/a>, mida leidub sageli ka Eesti kivimites. Lubjakivi l\u00f5hedes esineb p\u00fcriit koos teiste sulfiidide \u2013\u00a0<a data-url=\"https:\/\/sisu.ut.ee\/mineraalid-ja-kivimid\/galeniit\" href=\"https:\/\/sisu.ut.ee\/mineraalid-ja-kivimid\/galeniit\" target=\"_blank\" title=\"\" rel=\"noopener\">galeniidi<\/a>\u00a0ja\u00a0<a data-url=\"https:\/\/sisu.ut.ee\/mineraalid-ja-kivimid\/sfaleriit\" href=\"https:\/\/sisu.ut.ee\/mineraalid-ja-kivimid\/sfaleriit\" target=\"_blank\" title=\"\" rel=\"noopener\">sfaleriidiga<\/a>.<\/p>\n","protected":false},"excerpt":{"rendered":"<p>Sulfiidid on enamasti metallide \u00fchendid v\u00e4\u00e4vliga. K\u00f5ige laiemalt levinud sulfiid on\u00a0p\u00fcriit, mida leidub sageli ka Eesti kivimites. Lubjakivi l\u00f5hedes esineb p\u00fcriit koos teiste sulfiidide \u2013\u00a0galeniidi\u00a0ja\u00a0sfaleriidiga.<\/p>\n","protected":false},"author":226,"featured_media":0,"parent":0,"menu_order":0,"comment_status":"closed","ping_status":"closed","template":"","meta":{"_acf_changed":false,"inline_featured_image":false,"footnotes":""},"class_list":["post-60","page","type-page","status-publish","hentry"],"acf":[],"_links":{"self":[{"href":"https:\/\/sisu.ut.ee\/mineraalid-ja-kivimid\/wp-json\/wp\/v2\/pages\/60","targetHints":{"allow":["GET"]}}],"collection":[{"href":"https:\/\/sisu.ut.ee\/mineraalid-ja-kivimid\/wp-json\/wp\/v2\/pages"}],"about":[{"href":"https:\/\/sisu.ut.ee\/mineraalid-ja-kivimid\/wp-json\/wp\/v2\/types\/page"}],"author":[{"embeddable":true,"href":"https:\/\/sisu.ut.ee\/mineraalid-ja-kivimid\/wp-json\/wp\/v2\/users\/226"}],"replies":[{"embeddable":true,"href":"https:\/\/sisu.ut.ee\/mineraalid-ja-kivimid\/wp-json\/wp\/v2\/comments?post=60"}],"version-history":[{"count":1,"href":"https:\/\/sisu.ut.ee\/mineraalid-ja-kivimid\/wp-json\/wp\/v2\/pages\/60\/revisions"}],"predecessor-version":[{"id":789,"href":"https:\/\/sisu.ut.ee\/mineraalid-ja-kivimid\/wp-json\/wp\/v2\/pages\/60\/revisions\/789"}],"wp:attachment":[{"href":"https:\/\/sisu.ut.ee\/mineraalid-ja-kivimid\/wp-json\/wp\/v2\/media?parent=60"}],"curies":[{"name":"wp","href":"https:\/\/api.w.org\/{rel}","templated":true}]}}