{"id":58,"date":"2024-04-04T06:11:40","date_gmt":"2024-04-04T03:11:40","guid":{"rendered":"https:\/\/sisu.ut.ee\/mineraalid-ja-kivimid\/mineraalide-klassifitseerimine\/"},"modified":"2024-04-04T06:13:06","modified_gmt":"2024-04-04T03:13:06","slug":"mineraalide-klassifitseerimine","status":"publish","type":"page","link":"https:\/\/sisu.ut.ee\/mineraalid-ja-kivimid\/mineraalide-klassifitseerimine\/","title":{"rendered":"Mineraalide klassifitseerimine"},"content":{"rendered":"<p>\n\t<font face=\"Arial\"><font style=\"medium;font-style:normal;font-weight:400;letter-spacing:normal;text-align:start;text-indent:0px;text-transform:none\">\u00dcheks levinumaks mineraalide klassifitseerimise aluseks on nende keemiline koostis.\u00a0<b>Keemilise klassifikatsiooni<\/b>\u00a0j\u00e4rgi eristatakse nelja t\u00fc\u00fcpi mineraale:<\/font><\/font>\n<\/p>\n<p>\n\t\u00a0\n<\/p>\n<ul>\n<li>\n<p>\n\t\t\t<a data-url=\"https:\/\/sisu.ut.ee\/mineraalid-ja-kivimid\/lihtained\" href=\"https:\/\/sisu.ut.ee\/mineraalid-ja-kivimid\/lihtained\" target=\"_blank\" title=\"\" rel=\"noopener\">lihtained ja neile l\u00e4hedased \u00fchendid<\/a>\n\t\t<\/p>\n<\/li>\n<li>\n<p>\n\t\t\t<a data-url=\"https:\/\/sisu.ut.ee\/mineraalid-ja-kivimid\/sulfiidid-ja-nende-analoogid\" href=\"https:\/\/sisu.ut.ee\/mineraalid-ja-kivimid\/sulfiidid-ja-nende-analoogid\" target=\"_blank\" title=\"\" rel=\"noopener\">sulfiidid ja nende analoogid<\/a>\n\t\t<\/p>\n<\/li>\n<li>\n<p>\n\t\t\t<a data-url=\"https:\/\/sisu.ut.ee\/mineraalid-ja-kivimid\/halogeniidid\" href=\"https:\/\/sisu.ut.ee\/mineraalid-ja-kivimid\/halogeniidid\" target=\"_blank\" title=\"\" rel=\"noopener\">halogeniidid<\/a>\n\t\t<\/p>\n<\/li>\n<li>\n<p>\n\t\t\t<a data-url=\"https:\/\/sisu.ut.ee\/mineraalid-ja-kivimid\/hapnikulised-%C3%BChendid\" href=\"https:\/\/sisu.ut.ee\/mineraalid-ja-kivimid\/hapnikulised-%C3%BChendid\" target=\"_blank\" title=\"\" rel=\"noopener\">hapnikulised \u00fchendid<\/a>\n\t\t<\/p>\n<\/li>\n<\/ul>\n<p style=\"text-align:start\">\n\t<br><span><span style=\"color:#000000\"><span><span style=\"font-style:normal\"><span><span><span style=\"font-weight:400\"><span style=\"letter-spacing:normal\"><span><span style=\"text-transform:none\"><span><span><span><span><span>Koostanud \u00a9 2003 Mare Isakar<\/span><\/span><\/span><\/span><\/span><\/span><\/span><\/span><\/span><\/span><\/span><\/span><\/span><\/span><\/span><\/p>\n","protected":false},"excerpt":{"rendered":"<p>\u00dcheks levinumaks mineraalide klassifitseerimise aluseks on nende keemiline koostis.\u00a0Keemilise klassifikatsiooni\u00a0j\u00e4rgi eristatakse nelja t\u00fc\u00fcpi mineraale: \u00a0 lihtained ja neile l\u00e4hedased \u00fchendid sulfiidid ja nende analoogid halogeniidid hapnikulised \u00fchendid Koostanud \u00a9 2003 Mare Isakar<\/p>\n","protected":false},"author":226,"featured_media":0,"parent":0,"menu_order":0,"comment_status":"closed","ping_status":"closed","template":"","meta":{"_acf_changed":false,"inline_featured_image":false,"footnotes":""},"class_list":["post-58","page","type-page","status-publish","hentry"],"acf":[],"_links":{"self":[{"href":"https:\/\/sisu.ut.ee\/mineraalid-ja-kivimid\/wp-json\/wp\/v2\/pages\/58","targetHints":{"allow":["GET"]}}],"collection":[{"href":"https:\/\/sisu.ut.ee\/mineraalid-ja-kivimid\/wp-json\/wp\/v2\/pages"}],"about":[{"href":"https:\/\/sisu.ut.ee\/mineraalid-ja-kivimid\/wp-json\/wp\/v2\/types\/page"}],"author":[{"embeddable":true,"href":"https:\/\/sisu.ut.ee\/mineraalid-ja-kivimid\/wp-json\/wp\/v2\/users\/226"}],"replies":[{"embeddable":true,"href":"https:\/\/sisu.ut.ee\/mineraalid-ja-kivimid\/wp-json\/wp\/v2\/comments?post=58"}],"version-history":[{"count":1,"href":"https:\/\/sisu.ut.ee\/mineraalid-ja-kivimid\/wp-json\/wp\/v2\/pages\/58\/revisions"}],"predecessor-version":[{"id":787,"href":"https:\/\/sisu.ut.ee\/mineraalid-ja-kivimid\/wp-json\/wp\/v2\/pages\/58\/revisions\/787"}],"wp:attachment":[{"href":"https:\/\/sisu.ut.ee\/mineraalid-ja-kivimid\/wp-json\/wp\/v2\/media?parent=58"}],"curies":[{"name":"wp","href":"https:\/\/api.w.org\/{rel}","templated":true}]}}