{"id":56,"date":"2024-04-04T06:11:40","date_gmt":"2024-04-04T03:11:40","guid":{"rendered":"https:\/\/sisu.ut.ee\/mineraalid-ja-kivimid\/mineraalid\/"},"modified":"2024-04-04T06:13:05","modified_gmt":"2024-04-04T03:13:05","slug":"mineraalid","status":"publish","type":"page","link":"https:\/\/sisu.ut.ee\/mineraalid-ja-kivimid\/mineraalid\/","title":{"rendered":"Mineraalid"},"content":{"rendered":"<p>\n\t<b>Mineraalidel<\/b>\u00a0on enam-v\u00e4hem p\u00fcsiv koostis, kindel kristallikuju, v\u00e4rvus, tihedus ja muud tunnused. T\u00e4nap\u00e4eval tuntakse ligikaudu 5000 erinevat tahket mineraali. Valdav osa neist on aga v\u00e4ga haruldased. Tavaliselt kuulub kivimi koosseisu 1-5 mineraali. Mineraale, mis on mingi kivimi olulised koostisosad, nimetatakse\u00a0<b>kivimit moodustavateks mineraalideks<\/b>. Neid on kokku umbes 50. Enamasti on mineraalikristalli l\u00e4bim\u00f5\u00f5t kuni m\u00f5ni sentimeeter, kuid m\u00f5nedes kivimites, n\u00e4iteks tihedas\u00a0<a data-url=\"https:\/\/sisu.ut.ee\/mineraalid-ja-kivimid\/lbjk_4-jpg\" href=\"https:\/\/sisu.ut.ee\/mineraalid-ja-kivimid\/lbjk_4-jpg\" target=\"_blank\" title=\"\" rel=\"noopener\">lubjakivis<\/a>\u00a0ja\u00a0<a data-url=\"https:\/\/sisu.ut.ee\/mineraalid-ja-kivimid\/diabaas\" href=\"https:\/\/sisu.ut.ee\/mineraalid-ja-kivimid\/diabaas\" target=\"_blank\" title=\"\" rel=\"noopener\">diabaasis<\/a>, on mineraaliterad nii v\u00e4ikesed, et neid v\u00f5ib eristada vaid mikroskoobi abil. Sellised kivimid n\u00e4ivad \u00fchtlase, tiheda massina.\n<\/p>\n<p>\n\t\t<a data-url=\"https:\/\/sisu.ut.ee\/mineraalid-ja-kivimid\/mineraalide-klassifitseerimine\" href=\"https:\/\/sisu.ut.ee\/mineraalid-ja-kivimid\/mineraalide-klassifitseerimine\" target=\"_blank\" title=\"\" rel=\"noopener\">Mineraalide klassifitseerimine<\/a>\n\t<\/p>\n<p>\n\t\t<a data-url=\"https:\/\/sisu.ut.ee\/mineraalid-ja-kivimid\/silikaadid\" href=\"https:\/\/sisu.ut.ee\/mineraalid-ja-kivimid\/silikaadid\" target=\"_blank\" title=\"\" rel=\"noopener\">Kivimeid moodustavad mineraalid<\/a>\n\t<\/p>\n<p>\n\t\t<a data-url=\"https:\/\/sisu.ut.ee\/mineraalid-ja-kivimid\/struktuur\" href=\"https:\/\/sisu.ut.ee\/mineraalid-ja-kivimid\/struktuur\" target=\"_blank\" title=\"\" rel=\"noopener\">Mineraalide struktuur ja v\u00e4liskuju<\/a>\n\t<\/p>\n<p>\n\t\t<a data-url=\"https:\/\/sisu.ut.ee\/mineraalid-ja-kivimid\/mineraalide-fyysikalised-omadused\" href=\"https:\/\/sisu.ut.ee\/mineraalid-ja-kivimid\/mineraalide-fyysikalised-omadused\" target=\"_blank\" title=\"\" rel=\"noopener\">Mineraalide f\u00fc\u00fcsikalised omadused<\/a>\n\t<\/p>\n","protected":false},"excerpt":{"rendered":"<p>Mineraalidel\u00a0on enam-v\u00e4hem p\u00fcsiv koostis, kindel kristallikuju, v\u00e4rvus, tihedus ja muud tunnused. T\u00e4nap\u00e4eval tuntakse ligikaudu 5000 erinevat tahket mineraali. Valdav osa neist on aga v\u00e4ga haruldased. Tavaliselt kuulub kivimi koosseisu 1-5 mineraali. Mineraale, mis on mingi kivimi olulised koostisosad, nimetatakse\u00a0kivimit moodustavateks &#8230;<\/p>\n","protected":false},"author":226,"featured_media":0,"parent":0,"menu_order":0,"comment_status":"closed","ping_status":"closed","template":"","meta":{"_acf_changed":false,"inline_featured_image":false,"footnotes":""},"class_list":["post-56","page","type-page","status-publish","hentry"],"acf":[],"_links":{"self":[{"href":"https:\/\/sisu.ut.ee\/mineraalid-ja-kivimid\/wp-json\/wp\/v2\/pages\/56","targetHints":{"allow":["GET"]}}],"collection":[{"href":"https:\/\/sisu.ut.ee\/mineraalid-ja-kivimid\/wp-json\/wp\/v2\/pages"}],"about":[{"href":"https:\/\/sisu.ut.ee\/mineraalid-ja-kivimid\/wp-json\/wp\/v2\/types\/page"}],"author":[{"embeddable":true,"href":"https:\/\/sisu.ut.ee\/mineraalid-ja-kivimid\/wp-json\/wp\/v2\/users\/226"}],"replies":[{"embeddable":true,"href":"https:\/\/sisu.ut.ee\/mineraalid-ja-kivimid\/wp-json\/wp\/v2\/comments?post=56"}],"version-history":[{"count":1,"href":"https:\/\/sisu.ut.ee\/mineraalid-ja-kivimid\/wp-json\/wp\/v2\/pages\/56\/revisions"}],"predecessor-version":[{"id":785,"href":"https:\/\/sisu.ut.ee\/mineraalid-ja-kivimid\/wp-json\/wp\/v2\/pages\/56\/revisions\/785"}],"wp:attachment":[{"href":"https:\/\/sisu.ut.ee\/mineraalid-ja-kivimid\/wp-json\/wp\/v2\/media?parent=56"}],"curies":[{"name":"wp","href":"https:\/\/api.w.org\/{rel}","templated":true}]}}