{"id":55,"date":"2024-04-04T06:11:39","date_gmt":"2024-04-04T03:11:39","guid":{"rendered":"https:\/\/sisu.ut.ee\/mineraalid-ja-kivimid\/vaavel\/"},"modified":"2024-04-04T06:13:06","modified_gmt":"2024-04-04T03:13:06","slug":"vaavel","status":"publish","type":"page","link":"https:\/\/sisu.ut.ee\/mineraalid-ja-kivimid\/vaavel\/","title":{"rendered":"V\u00e4\u00e4vel"},"content":{"rendered":"<p>\n\t<font face=\"Arial\"><font style=\"medium;font-style:normal;font-weight:400;letter-spacing:normal;text-align:start;text-indent:0px;text-transform:none\"><b>V\u00e4\u00e4vel<\/b>\u00a0\u2013 S. Iseloomulik kollast v\u00e4rvi ehe element (foto 1, 2, 3), s\u00fcttib kergesti. Tekib kipsi ja teiste v\u00e4\u00e4vli\u00fchendite lagunemisel ning vulkaanide kraatrites.<\/font><\/font>\n<\/p>\n<p>\n\t<font face=\"Arial\"><b>K\u00f5vadus 1-2<\/b><\/font>\n<\/p>\n<p>\n\t\u00a0\n<\/p>\n<p>\n\t<img loading=\"lazy\" decoding=\"async\" width=\"120\" height=\"92\" class=\"alignnone wp-image-283\" src=\"https:\/\/sisu.ut.ee\/wp-content\/uploads\/sites\/431\/vaavel2a_01.jpg\" title=\"vaavel2a_01.jpg\" alt=\"vaavel\">\u00a0<img loading=\"lazy\" decoding=\"async\" width=\"120\" height=\"87\" class=\"alignnone wp-image-284\" src=\"https:\/\/sisu.ut.ee\/wp-content\/uploads\/sites\/431\/vaavel1a.jpg\" title=\"vaavel1a.jpg\" alt=\"vaavel2\"><br><font face=\"Arial\">Foto 1, 2. V\u00e4\u00e4vli kristallid, Itaalia, Sitsiilia, Girgenti<\/font>\n<\/p>\n<p>\n\t<img loading=\"lazy\" decoding=\"async\" width=\"120\" height=\"100\" class=\"alignnone wp-image-285\" src=\"https:\/\/sisu.ut.ee\/wp-content\/uploads\/sites\/431\/vaavel4a.jpg\" title=\"vaavel4a.jpg\" alt=\"vaavel3\">\u00a0<img loading=\"lazy\" decoding=\"async\" width=\"98\" height=\"120\" class=\"alignnone wp-image-286\" src=\"https:\/\/sisu.ut.ee\/wp-content\/uploads\/sites\/431\/vaavel3a.jpg\" title=\"vaavel3a.jpg\" alt=\"vaavel4\"><br><font face=\"Arial\">Foto 3. V\u00e4\u00e4vel, Kamtchatka<\/font>\n<\/p>\n<p style=\"text-align:start\">\n\t<br><span><span style=\"color:#000000\"><span><span style=\"font-style:normal\"><span><span><span style=\"font-weight:400\"><span style=\"letter-spacing:normal\"><span><span style=\"text-transform:none\"><span><span><span><span><span>Koostanud ja fotografeerinud \u00a9 2003 Mare Isakar<\/span><\/span><\/span><\/span><\/span><\/span><\/span><\/span><\/span><\/span><\/span><\/span><\/span><\/span><\/span><\/p>\n","protected":false},"excerpt":{"rendered":"<p>V\u00e4\u00e4vel\u00a0\u2013 S. Iseloomulik kollast v\u00e4rvi ehe element (foto 1, 2, 3), s\u00fcttib kergesti. Tekib kipsi ja teiste v\u00e4\u00e4vli\u00fchendite lagunemisel ning vulkaanide kraatrites. K\u00f5vadus 1-2 \u00a0 \u00a0Foto 1, 2. V\u00e4\u00e4vli kristallid, Itaalia, Sitsiilia, Girgenti \u00a0Foto 3. V\u00e4\u00e4vel, Kamtchatka Koostanud ja fotografeerinud &#8230;<\/p>\n","protected":false},"author":226,"featured_media":0,"parent":0,"menu_order":0,"comment_status":"closed","ping_status":"closed","template":"","meta":{"_acf_changed":false,"inline_featured_image":false,"footnotes":""},"class_list":["post-55","page","type-page","status-publish","hentry"],"acf":[],"_links":{"self":[{"href":"https:\/\/sisu.ut.ee\/mineraalid-ja-kivimid\/wp-json\/wp\/v2\/pages\/55","targetHints":{"allow":["GET"]}}],"collection":[{"href":"https:\/\/sisu.ut.ee\/mineraalid-ja-kivimid\/wp-json\/wp\/v2\/pages"}],"about":[{"href":"https:\/\/sisu.ut.ee\/mineraalid-ja-kivimid\/wp-json\/wp\/v2\/types\/page"}],"author":[{"embeddable":true,"href":"https:\/\/sisu.ut.ee\/mineraalid-ja-kivimid\/wp-json\/wp\/v2\/users\/226"}],"replies":[{"embeddable":true,"href":"https:\/\/sisu.ut.ee\/mineraalid-ja-kivimid\/wp-json\/wp\/v2\/comments?post=55"}],"version-history":[{"count":1,"href":"https:\/\/sisu.ut.ee\/mineraalid-ja-kivimid\/wp-json\/wp\/v2\/pages\/55\/revisions"}],"predecessor-version":[{"id":802,"href":"https:\/\/sisu.ut.ee\/mineraalid-ja-kivimid\/wp-json\/wp\/v2\/pages\/55\/revisions\/802"}],"wp:attachment":[{"href":"https:\/\/sisu.ut.ee\/mineraalid-ja-kivimid\/wp-json\/wp\/v2\/media?parent=55"}],"curies":[{"name":"wp","href":"https:\/\/api.w.org\/{rel}","templated":true}]}}