{"id":54,"date":"2024-04-04T06:11:39","date_gmt":"2024-04-04T03:11:39","guid":{"rendered":"https:\/\/sisu.ut.ee\/mineraalid-ja-kivimid\/vask\/"},"modified":"2024-04-04T06:13:06","modified_gmt":"2024-04-04T03:13:06","slug":"vask","status":"publish","type":"page","link":"https:\/\/sisu.ut.ee\/mineraalid-ja-kivimid\/vask\/","title":{"rendered":"Vask"},"content":{"rendered":"<p>\n\t<font face=\"Arial\"><font style=\"medium;font-style:normal;font-weight:400;letter-spacing:normal;text-align:start;text-indent:0px;text-transform:none\"><b>Vask<\/b>\u00a0\u2013 Cu. Vask on h\u00e4sti sepistatav ja valtsitav punakas metall, hea soojus- ja elektrijuht. V\u00f5ib esineda puuoksi meenutavate dendriitidena (foto 1). Niiskes \u00f5hus kattub pind algul pruunika, seej\u00e4rel roheka paatinakihiga. Vaske peetakse vanimaks teada olevaks metalliks, vanimad arheoloogilised leiud arvatkse p\u00e4rinevat ajast 9000 \u2013 10 000 aastat e. Kr.<\/font><\/font>\n<\/p>\n<p>\n\t\u00a0\n<\/p>\n<p>\n\t<img loading=\"lazy\" decoding=\"async\" width=\"120\" height=\"112\" class=\"alignnone wp-image-282\" src=\"https:\/\/sisu.ut.ee\/wp-content\/uploads\/sites\/431\/vask1a.jpg\" title=\"vask1a.jpg\" alt=\"vask\">\n<\/p>\n<p>\n\t<font face=\"Arial\">Foto 1. Vask<\/font>\n<\/p>\n<p style=\"text-align:start\">\n\t<br><span><span style=\"color:#000000\"><span><span style=\"font-style:normal\"><span><span><span style=\"font-weight:400\"><span style=\"letter-spacing:normal\"><span><span style=\"text-transform:none\"><span><span><span><span><span>Koostanud ja fotografeerinud \u00a9 2003 Mare Isakar<\/span><\/span><\/span><\/span><\/span><\/span><\/span><\/span><\/span><\/span><\/span><\/span><\/span><\/span><\/span><\/p>\n","protected":false},"excerpt":{"rendered":"<p>Vask\u00a0\u2013 Cu. Vask on h\u00e4sti sepistatav ja valtsitav punakas metall, hea soojus- ja elektrijuht. V\u00f5ib esineda puuoksi meenutavate dendriitidena (foto 1). Niiskes \u00f5hus kattub pind algul pruunika, seej\u00e4rel roheka paatinakihiga. Vaske peetakse vanimaks teada olevaks metalliks, vanimad arheoloogilised leiud arvatkse &#8230;<\/p>\n","protected":false},"author":226,"featured_media":0,"parent":0,"menu_order":0,"comment_status":"closed","ping_status":"closed","template":"","meta":{"_acf_changed":false,"inline_featured_image":false,"footnotes":""},"class_list":["post-54","page","type-page","status-publish","hentry"],"acf":[],"_links":{"self":[{"href":"https:\/\/sisu.ut.ee\/mineraalid-ja-kivimid\/wp-json\/wp\/v2\/pages\/54","targetHints":{"allow":["GET"]}}],"collection":[{"href":"https:\/\/sisu.ut.ee\/mineraalid-ja-kivimid\/wp-json\/wp\/v2\/pages"}],"about":[{"href":"https:\/\/sisu.ut.ee\/mineraalid-ja-kivimid\/wp-json\/wp\/v2\/types\/page"}],"author":[{"embeddable":true,"href":"https:\/\/sisu.ut.ee\/mineraalid-ja-kivimid\/wp-json\/wp\/v2\/users\/226"}],"replies":[{"embeddable":true,"href":"https:\/\/sisu.ut.ee\/mineraalid-ja-kivimid\/wp-json\/wp\/v2\/comments?post=54"}],"version-history":[{"count":1,"href":"https:\/\/sisu.ut.ee\/mineraalid-ja-kivimid\/wp-json\/wp\/v2\/pages\/54\/revisions"}],"predecessor-version":[{"id":801,"href":"https:\/\/sisu.ut.ee\/mineraalid-ja-kivimid\/wp-json\/wp\/v2\/pages\/54\/revisions\/801"}],"wp:attachment":[{"href":"https:\/\/sisu.ut.ee\/mineraalid-ja-kivimid\/wp-json\/wp\/v2\/media?parent=54"}],"curies":[{"name":"wp","href":"https:\/\/api.w.org\/{rel}","templated":true}]}}