{"id":53,"date":"2024-04-04T06:11:39","date_gmt":"2024-04-04T03:11:39","guid":{"rendered":"https:\/\/sisu.ut.ee\/mineraalid-ja-kivimid\/syeniit\/"},"modified":"2024-04-04T06:13:06","modified_gmt":"2024-04-04T03:13:06","slug":"syeniit","status":"publish","type":"page","link":"https:\/\/sisu.ut.ee\/mineraalid-ja-kivimid\/syeniit\/","title":{"rendered":"S\u00fceniit"},"content":{"rendered":"<p>\n\t<font face=\"Arial\"><font style=\"medium;font-style:normal;font-weight:400;letter-spacing:normal;text-align:start;text-indent:0px;text-transform:none\"><b>S\u00fceniidid<\/b>\u00a0on v\u00f5rdteralised, harvem porf\u00fc\u00fcritaolised kivimid, milles peamisteks mineraalideks on\u00a0<\/font><\/font><a data-url=\"https:\/\/sisu.ut.ee\/mineraalid-ja-kivimid\/p2evakivid\" href=\"https:\/\/sisu.ut.ee\/mineraalid-ja-kivimid\/p2evakivid\" target=\"_blank\" title=\"\" rel=\"noopener\">p\u00e4evakivid<\/a><font face=\"Arial\"><font style=\"medium;font-style:normal;font-weight:400;letter-spacing:normal;text-align:start;text-indent:0px;text-transform:none\">\u00a0\u2013\u00a0<a href=\"http:\/\/www.ut.ee\/BGGM\/miner\/ortokl3-jpg\">kaaliump\u00e4evakivi<\/a>\u00a0ja\u00a0<\/font><\/font><a data-url=\"https:\/\/sisu.ut.ee\/mineraalid-ja-kivimid\/albiit1-jpg\" href=\"https:\/\/sisu.ut.ee\/mineraalid-ja-kivimid\/albiit1-jpg\" target=\"_blank\" title=\"\" rel=\"noopener\">naatriumplagioklass<\/a><font face=\"Arial\"><font style=\"medium;font-style:normal;font-weight:400;letter-spacing:normal;text-align:start;text-indent:0px;text-transform:none\">. Tumedaid mineraale \u2013\u00a0<\/font><\/font><a data-url=\"https:\/\/sisu.ut.ee\/mineraalid-ja-kivimid\/biotiit1-jpg\" href=\"https:\/\/sisu.ut.ee\/mineraalid-ja-kivimid\/biotiit1-jpg\" target=\"_blank\" title=\"\" rel=\"noopener\">biotiiti<\/a><font face=\"Arial\"><font style=\"medium;font-style:normal;font-weight:400;letter-spacing:normal;text-align:start;text-indent:0px;text-transform:none\">,\u00a0<\/font><\/font><a data-url=\"https:\/\/sisu.ut.ee\/mineraalid-ja-kivimid\/kyynek1-jpg\" href=\"https:\/\/sisu.ut.ee\/mineraalid-ja-kivimid\/kyynek1-jpg\" target=\"_blank\" title=\"\" rel=\"noopener\">amfiboole<\/a><font face=\"Arial\"><font style=\"medium;font-style:normal;font-weight:400;letter-spacing:normal;text-align:start;text-indent:0px;text-transform:none\">\u00a0ja\u00a0<\/font><\/font><a data-url=\"https:\/\/sisu.ut.ee\/mineraalid-ja-kivimid\/ortokl3-jpg\" href=\"https:\/\/sisu.ut.ee\/mineraalid-ja-kivimid\/ortokl3-jpg\" target=\"_blank\" title=\"\" rel=\"noopener\">p\u00fcrokseene<\/a><font face=\"Arial\"><font style=\"medium;font-style:normal;font-weight:400;letter-spacing:normal;text-align:start;text-indent:0px;text-transform:none\">\u00a0esineb v\u00e4hesel hulgal.\u00a0<\/font><\/font><a data-url=\"https:\/\/sisu.ut.ee\/mineraalid-ja-kivimid\/maekrist3-jpg\" href=\"https:\/\/sisu.ut.ee\/mineraalid-ja-kivimid\/maekrist3-jpg\" target=\"_blank\" title=\"\" rel=\"noopener\">Kvarts<\/a><font face=\"Arial\"><font style=\"medium;font-style:normal;font-weight:400;letter-spacing:normal;text-align:start;text-indent:0px;text-transform:none\">\u00a0esineb kas teisej\u00e4rgulise mineraalina v\u00f5i hoopis puudub. V\u00e4rvuselt sarnanevad s\u00fceniidid graniitidele.<\/font><\/font>\n<\/p>\n<p>\n\t<font face=\"Arial\">S\u00fceniite esineb meie r\u00e4ndkivide hulgas harva \u00fcksikute rahnudena.<\/font>\n<\/p>\n<p>\n\t<img loading=\"lazy\" decoding=\"async\" width=\"120\" height=\"92\" class=\"alignnone wp-image-281\" src=\"https:\/\/sisu.ut.ee\/wp-content\/uploads\/sites\/431\/syeniit1a.jpg\" title=\"syeniit1a.jpg\" alt=\"syeniit\"><br><font face=\"Arial\">Foto 1. S\u00fceniit, Plauenschen Grund<\/font>\n<\/p>\n<p style=\"text-align:start\">\n\t<br><span><span style=\"color:#000000\"><span><span style=\"font-style:normal\"><span><span><span style=\"font-weight:400\"><span style=\"letter-spacing:normal\"><span><span style=\"text-transform:none\"><span><span><span><span><span>Koostanud ja fotografeerinud \u00a9 2003 Mare Isakar<\/span><\/span><\/span><\/span><\/span><\/span><\/span><\/span><\/span><\/span><\/span><\/span><\/span><\/span><\/span><\/p>\n","protected":false},"excerpt":{"rendered":"<p>S\u00fceniidid\u00a0on v\u00f5rdteralised, harvem porf\u00fc\u00fcritaolised kivimid, milles peamisteks mineraalideks on\u00a0p\u00e4evakivid\u00a0\u2013\u00a0kaaliump\u00e4evakivi\u00a0ja\u00a0naatriumplagioklass. Tumedaid mineraale \u2013\u00a0biotiiti,\u00a0amfiboole\u00a0ja\u00a0p\u00fcrokseene\u00a0esineb v\u00e4hesel hulgal.\u00a0Kvarts\u00a0esineb kas teisej\u00e4rgulise mineraalina v\u00f5i hoopis puudub. V\u00e4rvuselt sarnanevad s\u00fceniidid graniitidele. S\u00fceniite esineb meie r\u00e4ndkivide hulgas harva \u00fcksikute rahnudena. Foto 1. S\u00fceniit, Plauenschen Grund Koostanud ja fotografeerinud &#8230;<\/p>\n","protected":false},"author":226,"featured_media":0,"parent":0,"menu_order":0,"comment_status":"closed","ping_status":"closed","template":"","meta":{"_acf_changed":false,"inline_featured_image":false,"footnotes":""},"class_list":["post-53","page","type-page","status-publish","hentry"],"acf":[],"_links":{"self":[{"href":"https:\/\/sisu.ut.ee\/mineraalid-ja-kivimid\/wp-json\/wp\/v2\/pages\/53","targetHints":{"allow":["GET"]}}],"collection":[{"href":"https:\/\/sisu.ut.ee\/mineraalid-ja-kivimid\/wp-json\/wp\/v2\/pages"}],"about":[{"href":"https:\/\/sisu.ut.ee\/mineraalid-ja-kivimid\/wp-json\/wp\/v2\/types\/page"}],"author":[{"embeddable":true,"href":"https:\/\/sisu.ut.ee\/mineraalid-ja-kivimid\/wp-json\/wp\/v2\/users\/226"}],"replies":[{"embeddable":true,"href":"https:\/\/sisu.ut.ee\/mineraalid-ja-kivimid\/wp-json\/wp\/v2\/comments?post=53"}],"version-history":[{"count":1,"href":"https:\/\/sisu.ut.ee\/mineraalid-ja-kivimid\/wp-json\/wp\/v2\/pages\/53\/revisions"}],"predecessor-version":[{"id":800,"href":"https:\/\/sisu.ut.ee\/mineraalid-ja-kivimid\/wp-json\/wp\/v2\/pages\/53\/revisions\/800"}],"wp:attachment":[{"href":"https:\/\/sisu.ut.ee\/mineraalid-ja-kivimid\/wp-json\/wp\/v2\/media?parent=53"}],"curies":[{"name":"wp","href":"https:\/\/api.w.org\/{rel}","templated":true}]}}