{"id":52,"date":"2024-04-04T06:11:39","date_gmt":"2024-04-04T03:11:39","guid":{"rendered":"https:\/\/sisu.ut.ee\/mineraalid-ja-kivimid\/stalaktiit\/"},"modified":"2024-04-04T06:13:06","modified_gmt":"2024-04-04T03:13:06","slug":"stalaktiit","status":"publish","type":"page","link":"https:\/\/sisu.ut.ee\/mineraalid-ja-kivimid\/stalaktiit\/","title":{"rendered":"Stalaktiit"},"content":{"rendered":"<p>\n\t<font face=\"Arial\"><font style=\"medium;font-style:normal;font-weight:400;letter-spacing:normal;text-align:start;text-indent:0px;text-transform:none\"><b>Stalaktiit<\/b>\u00a0on karstikoopa laest rippuv j\u00e4\u00e4purikataoline, torujas v\u00f5i narmasjas tilkekivi (foto 1). Stalaktiidid tekivad harilikult koopa laest tilkuvast veest v\u00e4ljasadestunud lubisooladest, kipsi- ja kivisoolakoopais laes rippuvate veetilkade aurumise tagaj\u00e4rjel.<\/font><\/font>\n<\/p>\n<p>\n\t<font face=\"Arial\"><b>Stalagmiit<\/b>\u00a0on karstikoopa p\u00f5randalt aeglaselt \u00fclespoolepikenev koonusjas v\u00f5i sambakujuline tilkekivi.<\/font>\n<\/p>\n<p>\n\t<img loading=\"lazy\" decoding=\"async\" width=\"66\" height=\"120\" class=\"alignnone wp-image-280\" src=\"https:\/\/sisu.ut.ee\/wp-content\/uploads\/sites\/431\/stalaktiit1a.jpg\" title=\"stalaktiit1a.jpg\" alt=\"stalaktiit\"><br><font face=\"Arial\">Foto 1. Stalaktiit<\/font>\n<\/p>\n<p style=\"text-align:start\">\n\t<br><span><span style=\"color:#000000\"><span><span style=\"font-style:normal\"><span><span><span style=\"font-weight:400\"><span style=\"letter-spacing:normal\"><span><span style=\"text-transform:none\"><span><span><span><span><span>Koostanud ja fotografeerinud \u00a9 2003 Mare Isakar<\/span><\/span><\/span><\/span><\/span><\/span><\/span><\/span><\/span><\/span><\/span><\/span><\/span><\/span><\/span><\/p>\n","protected":false},"excerpt":{"rendered":"<p>Stalaktiit\u00a0on karstikoopa laest rippuv j\u00e4\u00e4purikataoline, torujas v\u00f5i narmasjas tilkekivi (foto 1). Stalaktiidid tekivad harilikult koopa laest tilkuvast veest v\u00e4ljasadestunud lubisooladest, kipsi- ja kivisoolakoopais laes rippuvate veetilkade aurumise tagaj\u00e4rjel. Stalagmiit\u00a0on karstikoopa p\u00f5randalt aeglaselt \u00fclespoolepikenev koonusjas v\u00f5i sambakujuline tilkekivi. Foto 1. Stalaktiit &#8230;<\/p>\n","protected":false},"author":226,"featured_media":0,"parent":0,"menu_order":0,"comment_status":"closed","ping_status":"closed","template":"","meta":{"_acf_changed":false,"inline_featured_image":false,"footnotes":""},"class_list":["post-52","page","type-page","status-publish","hentry"],"acf":[],"_links":{"self":[{"href":"https:\/\/sisu.ut.ee\/mineraalid-ja-kivimid\/wp-json\/wp\/v2\/pages\/52","targetHints":{"allow":["GET"]}}],"collection":[{"href":"https:\/\/sisu.ut.ee\/mineraalid-ja-kivimid\/wp-json\/wp\/v2\/pages"}],"about":[{"href":"https:\/\/sisu.ut.ee\/mineraalid-ja-kivimid\/wp-json\/wp\/v2\/types\/page"}],"author":[{"embeddable":true,"href":"https:\/\/sisu.ut.ee\/mineraalid-ja-kivimid\/wp-json\/wp\/v2\/users\/226"}],"replies":[{"embeddable":true,"href":"https:\/\/sisu.ut.ee\/mineraalid-ja-kivimid\/wp-json\/wp\/v2\/comments?post=52"}],"version-history":[{"count":1,"href":"https:\/\/sisu.ut.ee\/mineraalid-ja-kivimid\/wp-json\/wp\/v2\/pages\/52\/revisions"}],"predecessor-version":[{"id":799,"href":"https:\/\/sisu.ut.ee\/mineraalid-ja-kivimid\/wp-json\/wp\/v2\/pages\/52\/revisions\/799"}],"wp:attachment":[{"href":"https:\/\/sisu.ut.ee\/mineraalid-ja-kivimid\/wp-json\/wp\/v2\/media?parent=52"}],"curies":[{"name":"wp","href":"https:\/\/api.w.org\/{rel}","templated":true}]}}