{"id":51,"date":"2024-04-04T06:11:39","date_gmt":"2024-04-04T03:11:39","guid":{"rendered":"https:\/\/sisu.ut.ee\/mineraalid-ja-kivimid\/soonkivimid\/"},"modified":"2024-04-04T06:13:06","modified_gmt":"2024-04-04T03:13:06","slug":"soonkivimid","status":"publish","type":"page","link":"https:\/\/sisu.ut.ee\/mineraalid-ja-kivimid\/soonkivimid\/","title":{"rendered":"Soonkivimid"},"content":{"rendered":"<p>\n\t<font face=\"Arial\"><font style=\"medium;font-style:normal;font-weight:400;letter-spacing:normal;text-align:start;text-indent:0px;text-transform:none\"><b>Soonkivimid<\/b>\u00a0on kujunenud l\u00f5hedes magma j\u00e4\u00e4klahustest ja nad erinevad teistest s\u00fcvakivimitest suurte kristallide poolest. Suure- v\u00f5i hiidkristallilise ehitusega soonkivimeid nimetatakse\u00a0<\/font><\/font><a data-url=\"https:\/\/sisu.ut.ee\/mineraalid-ja-kivimid\/pegmatiit\" href=\"https:\/\/sisu.ut.ee\/mineraalid-ja-kivimid\/pegmatiit\" target=\"_blank\" title=\"\" rel=\"noopener\">pegmatiitideks<\/a><font face=\"Arial\"><font style=\"medium;font-style:normal;font-weight:400;letter-spacing:normal;text-align:start;text-indent:0px;text-transform:none\">.<\/font><\/font>\n<\/p>\n<p>\n\t\u00a0\n<\/p>\n<p style=\"text-align:start\">\n\t<img loading=\"lazy\" decoding=\"async\" width=\"120\" height=\"101\" class=\"alignnone wp-image-278\" src=\"https:\/\/sisu.ut.ee\/wp-content\/uploads\/sites\/431\/soon_diabaas1a.jpg\" title=\"soon_diabaas1a.jpg\" alt=\"soon_diabaas\">\u00a0<img loading=\"lazy\" decoding=\"async\" width=\"120\" height=\"90\" class=\"alignnone wp-image-279\" src=\"https:\/\/sisu.ut.ee\/wp-content\/uploads\/sites\/431\/soon_diabaas2a.jpg\" title=\"soon_diabaas2a.jpg\" alt=\"soon_diabaas\"><br><span><span style=\"color:#000000\"><span><span style=\"font-style:normal\"><span><span><span style=\"font-weight:400\"><span style=\"letter-spacing:normal\"><span><span style=\"text-transform:none\"><span><span><span><span><span><font face=\"Arial\">Foto 1. Soon-diabaas<\/font><\/span><\/span><\/span><\/span><\/span><\/span><\/span><\/span><\/span><\/span><\/span><\/span><\/span><\/span><\/span>\n<\/p>\n<p style=\"text-align:start\">\n\t<br><span><span style=\"color:#000000\"><span><span style=\"font-style:normal\"><span><span><span style=\"font-weight:400\"><span style=\"letter-spacing:normal\"><span><span style=\"text-transform:none\"><span><span><span><span><span>Koostanud ja fotografeerinud \u00a9 2003 Mare Isakar<\/span><\/span><\/span><\/span><\/span><\/span><\/span><\/span><\/span><\/span><\/span><\/span><\/span><\/span><\/span><\/p>\n","protected":false},"excerpt":{"rendered":"<p>Soonkivimid\u00a0on kujunenud l\u00f5hedes magma j\u00e4\u00e4klahustest ja nad erinevad teistest s\u00fcvakivimitest suurte kristallide poolest. Suure- v\u00f5i hiidkristallilise ehitusega soonkivimeid nimetatakse\u00a0pegmatiitideks. \u00a0 \u00a0Foto 1. Soon-diabaas Koostanud ja fotografeerinud \u00a9 2003 Mare Isakar<\/p>\n","protected":false},"author":226,"featured_media":0,"parent":0,"menu_order":0,"comment_status":"closed","ping_status":"closed","template":"","meta":{"_acf_changed":false,"inline_featured_image":false,"footnotes":""},"class_list":["post-51","page","type-page","status-publish","hentry"],"acf":[],"_links":{"self":[{"href":"https:\/\/sisu.ut.ee\/mineraalid-ja-kivimid\/wp-json\/wp\/v2\/pages\/51","targetHints":{"allow":["GET"]}}],"collection":[{"href":"https:\/\/sisu.ut.ee\/mineraalid-ja-kivimid\/wp-json\/wp\/v2\/pages"}],"about":[{"href":"https:\/\/sisu.ut.ee\/mineraalid-ja-kivimid\/wp-json\/wp\/v2\/types\/page"}],"author":[{"embeddable":true,"href":"https:\/\/sisu.ut.ee\/mineraalid-ja-kivimid\/wp-json\/wp\/v2\/users\/226"}],"replies":[{"embeddable":true,"href":"https:\/\/sisu.ut.ee\/mineraalid-ja-kivimid\/wp-json\/wp\/v2\/comments?post=51"}],"version-history":[{"count":1,"href":"https:\/\/sisu.ut.ee\/mineraalid-ja-kivimid\/wp-json\/wp\/v2\/pages\/51\/revisions"}],"predecessor-version":[{"id":798,"href":"https:\/\/sisu.ut.ee\/mineraalid-ja-kivimid\/wp-json\/wp\/v2\/pages\/51\/revisions\/798"}],"wp:attachment":[{"href":"https:\/\/sisu.ut.ee\/mineraalid-ja-kivimid\/wp-json\/wp\/v2\/media?parent=51"}],"curies":[{"name":"wp","href":"https:\/\/api.w.org\/{rel}","templated":true}]}}