{"id":5,"date":"2024-04-04T06:11:34","date_gmt":"2024-04-04T03:11:34","guid":{"rendered":"https:\/\/sisu.ut.ee\/mineraalid-ja-kivimid\/sete\/"},"modified":"2024-04-04T06:13:08","modified_gmt":"2024-04-04T03:13:08","slug":"sete","status":"publish","type":"page","link":"https:\/\/sisu.ut.ee\/mineraalid-ja-kivimid\/sete\/","title":{"rendered":"Sete"},"content":{"rendered":"<p>\n\t<font face=\"Arial\"><font style=\"medium;font-style:normal;font-weight:400;letter-spacing:normal;text-align:start;text-indent:0px;text-transform:none\"><b>Sete<\/b>\u00a0on kivimite murendist, vulkaanide purskeainesest, kosmilisest tolmust v\u00f5i organismide j\u00e4\u00e4nustest koosnev, maismaal v\u00f5i veekogus kuhjunud pude aines (nt liiv ja savi, fotod 1 ja 2). Sette kivistumisel tekib\u00a0<\/font><\/font><a data-url=\"https:\/\/sisu.ut.ee\/mineraalid-ja-kivimid\/settekivimid\" href=\"https:\/\/sisu.ut.ee\/mineraalid-ja-kivimid\/settekivimid\" target=\"_blank\" title=\"\" rel=\"noopener\">settekivim<\/a><font face=\"Arial\"><font style=\"medium;font-style:normal;font-weight:400;letter-spacing:normal;text-align:start;text-indent:0px;text-transform:none\">.<\/font><\/font>\n<\/p>\n<p>\n\t<img loading=\"lazy\" decoding=\"async\" width=\"120\" height=\"90\" class=\"alignnone wp-image-176\" src=\"https:\/\/sisu.ut.ee\/wp-content\/uploads\/sites\/431\/liiv1a.jpg\" title=\"liiv1a.jpg\" alt=\"liiv\"><br><font face=\"Arial\">Foto 1. Peeneteraline sete: liiv<\/font>\n<\/p>\n<p>\n\t<img loading=\"lazy\" decoding=\"async\" width=\"120\" height=\"90\" class=\"alignnone wp-image-177\" src=\"https:\/\/sisu.ut.ee\/wp-content\/uploads\/sites\/431\/kruus1a.jpg\" title=\"kruus1a.jpg\" alt=\"kruus\"><br><font face=\"Arial\">Foto 2. J\u00e4medateraline sete: kruus ja munakad<\/font>\n<\/p>\n<p style=\"text-align:start\">\n\t<span><span style=\"color:#000000\"><span><span style=\"font-style:normal\"><span><span><span style=\"font-weight:400\"><span style=\"letter-spacing:normal\"><span><span style=\"text-transform:none\"><span><span><span><span><span>Koostanud ja fotografeerinud \u00a9 2003 Mare Isakar<\/span><\/span><\/span><\/span><\/span><\/span><\/span><\/span><\/span><\/span><\/span><\/span><\/span><\/span><\/span><\/p>\n","protected":false},"excerpt":{"rendered":"<p>Sete\u00a0on kivimite murendist, vulkaanide purskeainesest, kosmilisest tolmust v\u00f5i organismide j\u00e4\u00e4nustest koosnev, maismaal v\u00f5i veekogus kuhjunud pude aines (nt liiv ja savi, fotod 1 ja 2). Sette kivistumisel tekib\u00a0settekivim. Foto 1. Peeneteraline sete: liiv Foto 2. J\u00e4medateraline sete: kruus ja munakad &#8230;<\/p>\n","protected":false},"author":226,"featured_media":0,"parent":0,"menu_order":0,"comment_status":"closed","ping_status":"closed","template":"","meta":{"_acf_changed":false,"inline_featured_image":false,"footnotes":""},"class_list":["post-5","page","type-page","status-publish","hentry"],"acf":[],"_links":{"self":[{"href":"https:\/\/sisu.ut.ee\/mineraalid-ja-kivimid\/wp-json\/wp\/v2\/pages\/5","targetHints":{"allow":["GET"]}}],"collection":[{"href":"https:\/\/sisu.ut.ee\/mineraalid-ja-kivimid\/wp-json\/wp\/v2\/pages"}],"about":[{"href":"https:\/\/sisu.ut.ee\/mineraalid-ja-kivimid\/wp-json\/wp\/v2\/types\/page"}],"author":[{"embeddable":true,"href":"https:\/\/sisu.ut.ee\/mineraalid-ja-kivimid\/wp-json\/wp\/v2\/users\/226"}],"replies":[{"embeddable":true,"href":"https:\/\/sisu.ut.ee\/mineraalid-ja-kivimid\/wp-json\/wp\/v2\/comments?post=5"}],"version-history":[{"count":1,"href":"https:\/\/sisu.ut.ee\/mineraalid-ja-kivimid\/wp-json\/wp\/v2\/pages\/5\/revisions"}],"predecessor-version":[{"id":847,"href":"https:\/\/sisu.ut.ee\/mineraalid-ja-kivimid\/wp-json\/wp\/v2\/pages\/5\/revisions\/847"}],"wp:attachment":[{"href":"https:\/\/sisu.ut.ee\/mineraalid-ja-kivimid\/wp-json\/wp\/v2\/media?parent=5"}],"curies":[{"name":"wp","href":"https:\/\/api.w.org\/{rel}","templated":true}]}}