{"id":49,"date":"2024-04-04T06:11:39","date_gmt":"2024-04-04T03:11:39","guid":{"rendered":"https:\/\/sisu.ut.ee\/mineraalid-ja-kivimid\/skarn\/"},"modified":"2024-04-04T06:13:06","modified_gmt":"2024-04-04T03:13:06","slug":"skarn","status":"publish","type":"page","link":"https:\/\/sisu.ut.ee\/mineraalid-ja-kivimid\/skarn\/","title":{"rendered":"Skarn"},"content":{"rendered":"<p>\n\t<font face=\"Arial\"><font style=\"medium;font-style:normal;font-weight:400;letter-spacing:normal;text-align:start;text-indent:0px;text-transform:none\"><b>Skarn<\/b>\u00a0on tard- ja karbonaatkivimite moondel tekkinud kivim, milles peamisteks mineraalideks on\u00a0<\/font><\/font><a data-url=\"https:\/\/sisu.ut.ee\/mineraalid-ja-kivimid\/pyrokseenid\" href=\"https:\/\/sisu.ut.ee\/mineraalid-ja-kivimid\/pyrokseenid\" target=\"_blank\" title=\"\" rel=\"noopener\">p\u00fcrokseen (diopsiid)<\/a><font face=\"Arial\"><font style=\"medium;font-style:normal;font-weight:400;letter-spacing:normal;text-align:start;text-indent:0px;text-transform:none\">,\u00a0<\/font><\/font><a data-url=\"https:\/\/sisu.ut.ee\/mineraalid-ja-kivimid\/kyynekivi\" href=\"https:\/\/sisu.ut.ee\/mineraalid-ja-kivimid\/kyynekivi\" target=\"_blank\" title=\"\" rel=\"noopener\">k\u00fc\u00fcnekivi<\/a><font face=\"Arial\"><font style=\"medium;font-style:normal;font-weight:400;letter-spacing:normal;text-align:start;text-indent:0px;text-transform:none\">\u00a0ja\u00a0<\/font><\/font><a data-url=\"https:\/\/sisu.ut.ee\/mineraalid-ja-kivimid\/albiit1-jpg\" href=\"https:\/\/sisu.ut.ee\/mineraalid-ja-kivimid\/albiit1-jpg\" target=\"_blank\" title=\"\" rel=\"noopener\">grossulaari- v\u00f5i andradiidirikkast granaadist<\/a><font face=\"Arial\"><font style=\"medium;font-style:normal;font-weight:400;letter-spacing:normal;text-align:start;text-indent:0px;text-transform:none\">. Skarn on enamasti j\u00e4medateraline kivim (foto 1).<\/font><\/font>\n<\/p>\n<p>\n\t<font face=\"Arial\">Skarni esineb meil \u00fcksikute r\u00e4ndkividena Tartu, Tapa ja J\u00f5geva \u00fcmbruses.<\/font>\n<\/p>\n<p>\n\t<img loading=\"lazy\" decoding=\"async\" width=\"120\" height=\"57\" class=\"alignnone wp-image-276\" src=\"https:\/\/sisu.ut.ee\/wp-content\/uploads\/sites\/431\/skarn1a_01.jpg\" title=\"skarn1a_01.jpg\" alt=\"skarn\"><br><font face=\"Arial\">Foto 1. Skarn<\/font>\n<\/p>\n<p style=\"text-align:start\">\n\t<br><span><span style=\"color:#000000\"><span><span style=\"font-style:normal\"><span><span><span style=\"font-weight:400\"><span style=\"letter-spacing:normal\"><span><span style=\"text-transform:none\"><span><span><span><span><span>Koostanud ja fotografeerinud \u00a9 2003 Mare Isakar<\/span><\/span><\/span><\/span><\/span><\/span><\/span><\/span><\/span><\/span><\/span><\/span><\/span><\/span><\/span><\/p>\n","protected":false},"excerpt":{"rendered":"<p>Skarn\u00a0on tard- ja karbonaatkivimite moondel tekkinud kivim, milles peamisteks mineraalideks on\u00a0p\u00fcrokseen (diopsiid),\u00a0k\u00fc\u00fcnekivi\u00a0ja\u00a0grossulaari- v\u00f5i andradiidirikkast granaadist. Skarn on enamasti j\u00e4medateraline kivim (foto 1). Skarni esineb meil \u00fcksikute r\u00e4ndkividena Tartu, Tapa ja J\u00f5geva \u00fcmbruses. Foto 1. Skarn Koostanud ja fotografeerinud \u00a9 2003 &#8230;<\/p>\n","protected":false},"author":226,"featured_media":0,"parent":0,"menu_order":0,"comment_status":"closed","ping_status":"closed","template":"","meta":{"_acf_changed":false,"inline_featured_image":false,"footnotes":""},"class_list":["post-49","page","type-page","status-publish","hentry"],"acf":[],"_links":{"self":[{"href":"https:\/\/sisu.ut.ee\/mineraalid-ja-kivimid\/wp-json\/wp\/v2\/pages\/49","targetHints":{"allow":["GET"]}}],"collection":[{"href":"https:\/\/sisu.ut.ee\/mineraalid-ja-kivimid\/wp-json\/wp\/v2\/pages"}],"about":[{"href":"https:\/\/sisu.ut.ee\/mineraalid-ja-kivimid\/wp-json\/wp\/v2\/types\/page"}],"author":[{"embeddable":true,"href":"https:\/\/sisu.ut.ee\/mineraalid-ja-kivimid\/wp-json\/wp\/v2\/users\/226"}],"replies":[{"embeddable":true,"href":"https:\/\/sisu.ut.ee\/mineraalid-ja-kivimid\/wp-json\/wp\/v2\/comments?post=49"}],"version-history":[{"count":1,"href":"https:\/\/sisu.ut.ee\/mineraalid-ja-kivimid\/wp-json\/wp\/v2\/pages\/49\/revisions"}],"predecessor-version":[{"id":796,"href":"https:\/\/sisu.ut.ee\/mineraalid-ja-kivimid\/wp-json\/wp\/v2\/pages\/49\/revisions\/796"}],"wp:attachment":[{"href":"https:\/\/sisu.ut.ee\/mineraalid-ja-kivimid\/wp-json\/wp\/v2\/media?parent=49"}],"curies":[{"name":"wp","href":"https:\/\/api.w.org\/{rel}","templated":true}]}}