{"id":48,"date":"2024-04-04T06:11:39","date_gmt":"2024-04-04T03:11:39","guid":{"rendered":"https:\/\/sisu.ut.ee\/mineraalid-ja-kivimid\/sfaleriit\/"},"modified":"2024-04-04T06:13:06","modified_gmt":"2024-04-04T03:13:06","slug":"sfaleriit","status":"publish","type":"page","link":"https:\/\/sisu.ut.ee\/mineraalid-ja-kivimid\/sfaleriit\/","title":{"rendered":"Sfaleriit"},"content":{"rendered":"<p>\n\t<font face=\"Arial\"><font style=\"medium;font-style:normal;font-weight:400;letter-spacing:normal;text-align:start;text-indent:0px;text-transform:none\"><b>Sfaleriit<\/b>\u00a0\u2013 ZnS. Esineb tetraeedriliste kristallidena v\u00f5i tihedate peitkristalsete agregaatidena. V\u00e4rvus muutub meekollasest mustani raua sisalduse suurenedes. L\u00f5henevus t\u00e4iuslik.<\/font><\/font>\n<\/p>\n<p>\n\t<font face=\"Arial\"><b>K\u00f5vadus 3,5 \u2013 4<\/b><\/font>\n<\/p>\n<p>\n\t<img loading=\"lazy\" decoding=\"async\" width=\"120\" height=\"115\" class=\"alignnone wp-image-271\" src=\"https:\/\/sisu.ut.ee\/wp-content\/uploads\/sites\/431\/sfaleriit1a.jpg\" title=\"sfaleriit1a.jpg\" alt=\"sfaleriit\"><br><font face=\"Arial\">Foto 1. Sfaleriit, Selbach<\/font>\n<\/p>\n<p>\n\t<img loading=\"lazy\" decoding=\"async\" width=\"120\" height=\"107\" class=\"alignnone wp-image-272\" src=\"https:\/\/sisu.ut.ee\/wp-content\/uploads\/sites\/431\/sfaleriit2a.jpg\" title=\"sfaleriit2a.jpg\" alt=\"sfaleriit\">\u00a0<img loading=\"lazy\" decoding=\"async\" width=\"91\" height=\"120\" class=\"alignnone wp-image-273\" src=\"https:\/\/sisu.ut.ee\/wp-content\/uploads\/sites\/431\/sfaleriit3a.jpg\" title=\"sfaleriit3a.jpg\" alt=\"sfaleriit\"><br><font face=\"Arial\">Foto 2. Sfaleriit, Ungari<\/font>\n<\/p>\n<p>\n\t<img loading=\"lazy\" decoding=\"async\" width=\"120\" height=\"116\" class=\"alignnone wp-image-274\" src=\"https:\/\/sisu.ut.ee\/wp-content\/uploads\/sites\/431\/sfaleriit_dol1a.jpg\" title=\"sfaleriit_dol1a.jpg\" alt=\"sfaleriit_dol\">\u00a0<img loading=\"lazy\" decoding=\"async\" width=\"120\" height=\"83\" class=\"alignnone wp-image-275\" src=\"https:\/\/sisu.ut.ee\/wp-content\/uploads\/sites\/431\/sfaleriit_dol2a.jpg\" title=\"sfaleriit_dol2a.jpg\" alt=\"sfaleriit_dol\"><br><font face=\"Arial\">Foto 3. Sfaleriit (tume kera) dolomiidil, Navesti<\/font>\n<\/p>\n<p style=\"text-align:start\">\n\t<br><span><span style=\"color:#000000\"><span><span style=\"font-style:normal\"><span><span><span style=\"font-weight:400\"><span style=\"letter-spacing:normal\"><span><span style=\"text-transform:none\"><span><span><span><span><span>Koostanud ja fotografeerinud \u00a9 2003 Mare Isakar<\/span><\/span><\/span><\/span><\/span><\/span><\/span><\/span><\/span><\/span><\/span><\/span><\/span><\/span><\/span><\/p>\n","protected":false},"excerpt":{"rendered":"<p>Sfaleriit\u00a0\u2013 ZnS. Esineb tetraeedriliste kristallidena v\u00f5i tihedate peitkristalsete agregaatidena. V\u00e4rvus muutub meekollasest mustani raua sisalduse suurenedes. L\u00f5henevus t\u00e4iuslik. K\u00f5vadus 3,5 \u2013 4 Foto 1. Sfaleriit, Selbach \u00a0Foto 2. Sfaleriit, Ungari \u00a0Foto 3. Sfaleriit (tume kera) dolomiidil, Navesti Koostanud ja fotografeerinud &#8230;<\/p>\n","protected":false},"author":226,"featured_media":0,"parent":0,"menu_order":0,"comment_status":"closed","ping_status":"closed","template":"","meta":{"_acf_changed":false,"inline_featured_image":false,"footnotes":""},"class_list":["post-48","page","type-page","status-publish","hentry"],"acf":[],"_links":{"self":[{"href":"https:\/\/sisu.ut.ee\/mineraalid-ja-kivimid\/wp-json\/wp\/v2\/pages\/48","targetHints":{"allow":["GET"]}}],"collection":[{"href":"https:\/\/sisu.ut.ee\/mineraalid-ja-kivimid\/wp-json\/wp\/v2\/pages"}],"about":[{"href":"https:\/\/sisu.ut.ee\/mineraalid-ja-kivimid\/wp-json\/wp\/v2\/types\/page"}],"author":[{"embeddable":true,"href":"https:\/\/sisu.ut.ee\/mineraalid-ja-kivimid\/wp-json\/wp\/v2\/users\/226"}],"replies":[{"embeddable":true,"href":"https:\/\/sisu.ut.ee\/mineraalid-ja-kivimid\/wp-json\/wp\/v2\/comments?post=48"}],"version-history":[{"count":1,"href":"https:\/\/sisu.ut.ee\/mineraalid-ja-kivimid\/wp-json\/wp\/v2\/pages\/48\/revisions"}],"predecessor-version":[{"id":795,"href":"https:\/\/sisu.ut.ee\/mineraalid-ja-kivimid\/wp-json\/wp\/v2\/pages\/48\/revisions\/795"}],"wp:attachment":[{"href":"https:\/\/sisu.ut.ee\/mineraalid-ja-kivimid\/wp-json\/wp\/v2\/media?parent=48"}],"curies":[{"name":"wp","href":"https:\/\/api.w.org\/{rel}","templated":true}]}}